{"id":1020,"date":"2018-02-25T20:23:40","date_gmt":"2018-02-25T19:23:40","guid":{"rendered":"http:\/\/www.amicale-du-chien.com\/?page_id=1020"},"modified":"2018-02-25T20:25:01","modified_gmt":"2018-02-25T19:25:01","slug":"concours-ipo-fci-2018","status":"publish","type":"page","link":"http:\/\/www.amicale-du-chien.com\/?page_id=1020","title":{"rendered":"Concours IPO et FCI 2018"},"content":{"rendered":"<p><a href=\"http:\/\/www.amicale-du-chien.com\/wp-content\/uploads\/2013\/07\/logo_amicale.jpg\"><img loading=\"lazy\" decoding=\"async\" class=\"alignleft\" src=\"http:\/\/www.amicale-du-chien.com\/wp-content\/uploads\/2013\/07\/logo_amicale.jpg\" alt=\"Logo de l'amicale du chien de Haguenau\" width=\"125\" height=\"81\" \/><\/a>L&rsquo;amicale du chien de Haguenau a organis\u00e9, les 24 &amp; 25 f\u00e9vrier 2018, son <strong>quatorzi\u00e8me concours canin FCI de pistage et IPO\u00a0<\/strong>sur son terrain, route de Marienthal.<\/p>\n<p>Les concurrents se sont oppos\u00e9s dans les \u00e9preuves <strong>FCI de pistage et RCI <\/strong>tout au long de ce dimanche\u00a0glacial.<\/p>\n<table width=\"867\">\n<tbody>\n<tr>\n<td colspan=\"9\" width=\"793\">\u00a0<strong>CSAU<\/strong><\/td>\n<\/tr>\n<tr>\n<td><strong>Propri\u00e9taire<\/strong><\/td>\n<td><strong>CHIEN<\/strong><\/td>\n<td><strong>CLUB<\/strong><\/td>\n<td><strong>RACE<\/strong><\/td>\n<td><strong>SEXE<\/strong><\/td>\n<td colspan=\"3\"><strong>POINTAGE (ABC)<\/strong><\/td>\n<td><strong>CLASST<\/strong><\/td>\n<\/tr>\n<tr>\n<td>SCHUNCK Jacques<\/td>\n<td>KUEENIE Vom Schoenen Blick<\/td>\n<td>SCBA Haguenau<\/td>\n<td>Berger Allemand<\/td>\n<td>F<\/td>\n<td colspan=\"3\">Excellent<\/td>\n<td><\/td>\n<\/tr>\n<tr>\n<td><\/td>\n<td><\/td>\n<td><\/td>\n<td><\/td>\n<td><\/td>\n<td><\/td>\n<td><\/td>\n<td><\/td>\n<td><\/td>\n<\/tr>\n<tr>\n<td colspan=\"9\"><strong>\u00a0IPO 1\u00a0<\/strong><\/td>\n<\/tr>\n<tr>\n<td><strong>CONDUCTEUR<\/strong><\/td>\n<td><strong>CHIEN<\/strong><\/td>\n<td><strong>CLUB<\/strong><\/td>\n<td><strong>RACE<\/strong><\/td>\n<td><strong>SEXE<\/strong><\/td>\n<td colspan=\"3\"><strong>POINTAGE (ABC)<\/strong><\/td>\n<td><strong>CLASST<\/strong><\/td>\n<\/tr>\n<tr>\n<td>BREFFA Jean-Paul<\/td>\n<td>LAGO<\/td>\n<td>Vendenheim<\/td>\n<td>Berger Allemand<\/td>\n<td>M<\/td>\n<td>85<\/td>\n<td>85<\/td>\n<td>72<\/td>\n<td>1<\/td>\n<\/tr>\n<tr>\n<td><\/td>\n<td><\/td>\n<td><\/td>\n<td><\/td>\n<td><\/td>\n<td><\/td>\n<td><\/td>\n<td><\/td>\n<td><\/td>\n<\/tr>\n<tr>\n<td colspan=\"9\">\u00a0<strong>IPO 2\u00a0<\/strong><\/td>\n<\/tr>\n<tr>\n<td><strong>CONDUCTEUR<\/strong><\/td>\n<td><strong>CHIEN<\/strong><\/td>\n<td><strong>CLUB<\/strong><\/td>\n<td><strong>RACE<\/strong><\/td>\n<td><strong>SEXE<\/strong><\/td>\n<td colspan=\"3\"><strong>POINTAGE (ABC)<\/strong><\/td>\n<td><strong>CLASST<\/strong><\/td>\n<\/tr>\n<tr>\n<td>WENDLING Jacky<\/td>\n<td>PITT<\/td>\n<td>CC Haguenau<\/td>\n<td>BA<\/td>\n<td>M<\/td>\n<td>72<\/td>\n<td>81<\/td>\n<td>90<\/td>\n<td>1<\/td>\n<\/tr>\n<tr>\n<td><\/td>\n<td><\/td>\n<td><\/td>\n<td><\/td>\n<td><\/td>\n<td><\/td>\n<td><\/td>\n<td><\/td>\n<td><\/td>\n<\/tr>\n<tr>\n<td colspan=\"9\">\u00a0<strong>IPO 3\u00a0<\/strong><\/td>\n<\/tr>\n<tr>\n<td><strong>CONDUCTEUR<\/strong><\/td>\n<td><strong>CHIEN<\/strong><\/td>\n<td><strong>CLUB<\/strong><\/td>\n<td><strong>RACE<\/strong><\/td>\n<td><strong>SEXE<\/strong><\/td>\n<td colspan=\"3\"><strong>POINTAGE (ABC)<\/strong><\/td>\n<td><strong>CLASST<\/strong><\/td>\n<\/tr>\n<tr>\n<td>LAUBACHER Patrick<\/td>\n<td>IRON<\/td>\n<td>AC Haguenau<\/td>\n<td>BA<\/td>\n<td>M<\/td>\n<td>92<\/td>\n<td>86<\/td>\n<td>92<\/td>\n<td>1<\/td>\n<\/tr>\n<tr>\n<td>GERBER Antoine<\/td>\n<td>EMI<\/td>\n<td>ACD Mothern<\/td>\n<td>BA<\/td>\n<td>F<\/td>\n<td>82<\/td>\n<td>88<\/td>\n<td>93<\/td>\n<td>2<\/td>\n<\/tr>\n<tr>\n<td><\/td>\n<td><\/td>\n<td><\/td>\n<td><\/td>\n<td><\/td>\n<td><\/td>\n<td><\/td>\n<td><\/td>\n<td><\/td>\n<\/tr>\n<tr>\n<td colspan=\"9\">\u00a0<strong>FCI 1\u00a0<\/strong><\/td>\n<\/tr>\n<tr>\n<td><strong>CONDUCTEUR<\/strong><\/td>\n<td><strong>CHIEN<\/strong><\/td>\n<td><strong>CLUB<\/strong><\/td>\n<td><strong>RACE<\/strong><\/td>\n<td><strong>SEXE<\/strong><\/td>\n<td colspan=\"3\"><strong>POINTAGE<\/strong><\/td>\n<td><strong>CLASST<\/strong><\/td>\n<\/tr>\n<tr>\n<td>SEEL Jo\u00ebl<\/td>\n<td>JULIUS<\/td>\n<td>CC Haguenau<\/td>\n<td>BA<\/td>\n<td>M<\/td>\n<td>5<\/td>\n<td><\/td>\n<td><\/td>\n<td>1<\/td>\n<\/tr>\n<tr>\n<td><\/td>\n<td><\/td>\n<td><\/td>\n<td><\/td>\n<td><\/td>\n<td><\/td>\n<td><\/td>\n<td><\/td>\n<td><\/td>\n<\/tr>\n<tr>\n<td colspan=\"9\"><strong>\u00a0FCI 2\u00a0<\/strong><\/td>\n<\/tr>\n<tr>\n<td><strong>CONDUCTEUR<\/strong><\/td>\n<td><strong>CHIEN<\/strong><\/td>\n<td><strong>CLUB<\/strong><\/td>\n<td><strong>RACE<\/strong><\/td>\n<td><strong>SEXE<\/strong><\/td>\n<td colspan=\"3\"><strong>POINTAGE<\/strong><\/td>\n<td><strong>CLASST<\/strong><\/td>\n<\/tr>\n<tr>\n<td>DREYER Alphonse<\/td>\n<td>FLO<\/td>\n<td>TC Vall\u00e9e de la Bruche<\/td>\n<td>Berger Allemand<\/td>\n<td>F<\/td>\n<td>82<\/td>\n<td><\/td>\n<td><\/td>\n<td>1<\/td>\n<\/tr>\n<tr>\n<td>WIMMER Jean-Paul<\/td>\n<td>GINNY<\/td>\n<td>ACIG<\/td>\n<td>Border Collie<\/td>\n<td>F<\/td>\n<td>22<\/td>\n<td><\/td>\n<td><\/td>\n<td>2<\/td>\n<\/tr>\n<tr>\n<td><\/td>\n<td><\/td>\n<td><\/td>\n<td><\/td>\n<td><\/td>\n<td><\/td>\n<td><\/td>\n<td><\/td>\n<td><\/td>\n<\/tr>\n<tr>\n<td colspan=\"9\"><strong>\u00a0FCI 3\u00a0<\/strong><\/td>\n<\/tr>\n<tr>\n<td><strong>CONDUCTEUR<\/strong><\/td>\n<td><strong>CHIEN<\/strong><\/td>\n<td><strong>CLUB<\/strong><\/td>\n<td><strong>RACE<\/strong><\/td>\n<td><strong>SEXE<\/strong><\/td>\n<td colspan=\"3\"><strong>POINTAGE<\/strong><\/td>\n<td><strong>CLASST<\/strong><\/td>\n<\/tr>\n<tr>\n<td>SITTER Fr\u00e9d\u00e9ric<\/td>\n<td>INDRA<\/td>\n<td>TCC Betschdorf<\/td>\n<td>BA<\/td>\n<td>F<\/td>\n<td>91<\/td>\n<td><\/td>\n<td><\/td>\n<td>1<\/td>\n<\/tr>\n<tr>\n<td>ROTH Jacqui<\/td>\n<td>TARA<\/td>\n<td>ACIG<\/td>\n<td>BA<\/td>\n<td>F<\/td>\n<td>90<\/td>\n<td><\/td>\n<td><\/td>\n<td>2<\/td>\n<\/tr>\n<tr>\n<td>FINK Jean-Luc<\/td>\n<td>DAYKA<\/td>\n<td>CU du Coin Frontalier<\/td>\n<td>BA<\/td>\n<td>F<\/td>\n<td>77<\/td>\n<td><\/td>\n<td><\/td>\n<td>3<\/td>\n<\/tr>\n<tr>\n<td>JAMING Jean-Luc<\/td>\n<td>JO<\/td>\n<td>TC Vall\u00e9e de la Bruche<\/td>\n<td>BA<\/td>\n<td>M<\/td>\n<td>65<\/td>\n<td><\/td>\n<td><\/td>\n<td>4<\/td>\n<\/tr>\n<tr>\n<td>BLANDIN Robert<\/td>\n<td>HOOPER<\/td>\n<td>TCC Betschdorf<\/td>\n<td>BA<\/td>\n<td>M<\/td>\n<td>22<\/td>\n<td><\/td>\n<td><\/td>\n<td>5<\/td>\n<\/tr>\n<tr>\n<td>MAES Yves<\/td>\n<td>GAIA<\/td>\n<td>ACD Vendenheim<\/td>\n<td>Beauceron<\/td>\n<td>F<\/td>\n<td>17<\/td>\n<td><\/td>\n<td><\/td>\n<td>6<\/td>\n<\/tr>\n<tr>\n<td>MEYER Claude<\/td>\n<td>LASKO<\/td>\n<td>SCBA Haguenau<\/td>\n<td>BA<\/td>\n<td>M<\/td>\n<td>17<\/td>\n<td><\/td>\n<td><\/td>\n<td>6<\/td>\n<\/tr>\n<\/tbody>\n<\/table>\n<p>L&rsquo;<strong>amicale du chien de Haguenau<\/strong>, pr\u00e9sid\u00e9 par <strong>Jean-Pierre Kost<\/strong>, tient \u00e0 remercier tous les participants, le juge\u00a0<strong>M. Jean-Luc BERNARD<\/strong>, les traceurs <strong>M. Jean-Claude ADELHELM<\/strong>, <strong>M. Andr\u00e9 PFLEGER, M. Patrick BERLING et\u00a0M. Yannick KIEFER<\/strong> ainsi que la \u00ab\u00a0Femme assistante\u00a0\u00bb <strong>Mme\u00a0Gabrielle FREYMANN<\/strong><strong>\u00a0<\/strong>et vous donne rendez-vous l&rsquo;ann\u00e9e prochaine.<\/p>\n","protected":false},"excerpt":{"rendered":"<p>L&rsquo;amicale du chien de Haguenau a organis\u00e9, les 24 &amp; 25 f\u00e9vrier 2018, son quatorzi\u00e8me concours canin FCI de pistage et IPO\u00a0sur son terrain, route de Marienthal. Les concurrents se sont oppos\u00e9s dans les \u00e9preuves FCI de pistage et RCI tout au long de ce dimanche\u00a0glacial. \u00a0CSAU Propri\u00e9taire CHIEN CLUB RACE SEXE POINTAGE (ABC) CLASST [&hellip;]<\/p>\n","protected":false},"author":1,"featured_media":0,"parent":88,"menu_order":0,"comment_status":"closed","ping_status":"closed","template":"","meta":{"footnotes":""},"class_list":["post-1020","page","type-page","status-publish","hentry"],"_links":{"self":[{"href":"http:\/\/www.amicale-du-chien.com\/index.php?rest_route=\/wp\/v2\/pages\/1020","targetHints":{"allow":["GET"]}}],"collection":[{"href":"http:\/\/www.amicale-du-chien.com\/index.php?rest_route=\/wp\/v2\/pages"}],"about":[{"href":"http:\/\/www.amicale-du-chien.com\/index.php?rest_route=\/wp\/v2\/types\/page"}],"author":[{"embeddable":true,"href":"http:\/\/www.amicale-du-chien.com\/index.php?rest_route=\/wp\/v2\/users\/1"}],"replies":[{"embeddable":true,"href":"http:\/\/www.amicale-du-chien.com\/index.php?rest_route=%2Fwp%2Fv2%2Fcomments&post=1020"}],"version-history":[{"count":2,"href":"http:\/\/www.amicale-du-chien.com\/index.php?rest_route=\/wp\/v2\/pages\/1020\/revisions"}],"predecessor-version":[{"id":1023,"href":"http:\/\/www.amicale-du-chien.com\/index.php?rest_route=\/wp\/v2\/pages\/1020\/revisions\/1023"}],"up":[{"embeddable":true,"href":"http:\/\/www.amicale-du-chien.com\/index.php?rest_route=\/wp\/v2\/pages\/88"}],"wp:attachment":[{"href":"http:\/\/www.amicale-du-chien.com\/index.php?rest_route=%2Fwp%2Fv2%2Fmedia&parent=1020"}],"curies":[{"name":"wp","href":"https:\/\/api.w.org\/{rel}","templated":true}]}}