{"id":1044,"date":"2018-06-26T20:25:06","date_gmt":"2018-06-26T19:25:06","guid":{"rendered":"http:\/\/www.amicale-du-chien.com\/?page_id=1044"},"modified":"2018-06-26T20:42:22","modified_gmt":"2018-06-26T19:42:22","slug":"olympiades-2018","status":"publish","type":"page","link":"http:\/\/www.amicale-du-chien.com\/?page_id=1044","title":{"rendered":"Olympiades 2018"},"content":{"rendered":"<p>Les 3\u00e8mes Olympiades canines organis\u00e9es par l&rsquo;Amicale du Chien se sont d\u00e9roul\u00e9es le dimanche 24 juin 2018.\u00a0Les b\u00e9n\u00e9voles, sous la houlette de leur Pr\u00e9sident\u00a0Jean-Pierre KOST, avaient tout pr\u00e9par\u00e9 la veille pour que cette journ\u00e9e soit un moment de d\u00e9tente, d&rsquo;amusement et d&rsquo;\u00e9changes pour tous, chiens comme ma\u00eetres.<\/p>\n<p><u><img loading=\"lazy\" decoding=\"async\" class=\"alignleft wp-image-1047 size-large\" src=\"http:\/\/www.amicale-du-chien.com\/wp-content\/uploads\/2018\/06\/IMG_6026-1024x683.jpg\" alt=\"\" width=\"630\" height=\"420\" srcset=\"http:\/\/www.amicale-du-chien.com\/wp-content\/uploads\/2018\/06\/IMG_6026-1024x683.jpg 1024w, http:\/\/www.amicale-du-chien.com\/wp-content\/uploads\/2018\/06\/IMG_6026-300x200.jpg 300w, http:\/\/www.amicale-du-chien.com\/wp-content\/uploads\/2018\/06\/IMG_6026-768x512.jpg 768w\" sizes=\"auto, (max-width: 630px) 100vw, 630px\" \/><\/u>A 10h le coup d&rsquo;envoi de ces Olympiades a \u00e9t\u00e9 donn\u00e9 par les ma\u00eetres de c\u00e9r\u00e9monie Cindy et Jean-Pierre. Apr\u00e8s quelques consignes et la formation des \u00e9quipes, 6 au total compos\u00e9es chacune de 5 duos ma\u00eetre-chien, la \u00ab\u00a0comp\u00e9tition\u00a0\u00bb pouvait commencer. Cindy et Adrien avaient en effet concoct\u00e9 12 jeux diff\u00e9rents pour \u00e9gayer cette journ\u00e9e : course de trottinette, cani-cross, l&rsquo;\u0153uf, parcours chiots, la brouette, le cache-cache, les chercheurs d&rsquo;eau, le cerceau musical, le labyrinthe aveugle, chercher ton ma\u00eetre, odorat\u00a0et l&rsquo;incontournable 1, 2, 3 soleil.<\/p>\n<p><img loading=\"lazy\" decoding=\"async\" class=\"alignleft size-large wp-image-1048\" src=\"http:\/\/www.amicale-du-chien.com\/wp-content\/uploads\/2018\/06\/IMG_6086-1024x683.jpg\" alt=\"\" width=\"630\" height=\"420\" srcset=\"http:\/\/www.amicale-du-chien.com\/wp-content\/uploads\/2018\/06\/IMG_6086-1024x683.jpg 1024w, http:\/\/www.amicale-du-chien.com\/wp-content\/uploads\/2018\/06\/IMG_6086-300x200.jpg 300w, http:\/\/www.amicale-du-chien.com\/wp-content\/uploads\/2018\/06\/IMG_6086-768x512.jpg 768w\" sizes=\"auto, (max-width: 630px) 100vw, 630px\" \/>Les \u00e9preuves se sont enchain\u00e9es toute la matin\u00e9e dans une ambiance joyeuse et conviviale. Patrick au micro ne manquait pas une occasion pour titiller les participants et rendre les jeux encore plus ludiques. Lors de la pause d\u00e9jeuner les participants ont pu d\u00e9guster un sanglier \u00e0 la broche pr\u00e9par\u00e9 par les cuisiniers du club, Pierre, Jean-Pierre et Fran\u00e7ois.<\/p>\n<p><img loading=\"lazy\" decoding=\"async\" class=\"alignleft size-large wp-image-1049\" src=\"http:\/\/www.amicale-du-chien.com\/wp-content\/uploads\/2018\/06\/IMG_6669-1024x683.jpg\" alt=\"\" width=\"630\" height=\"420\" srcset=\"http:\/\/www.amicale-du-chien.com\/wp-content\/uploads\/2018\/06\/IMG_6669-1024x683.jpg 1024w, http:\/\/www.amicale-du-chien.com\/wp-content\/uploads\/2018\/06\/IMG_6669-300x200.jpg 300w, http:\/\/www.amicale-du-chien.com\/wp-content\/uploads\/2018\/06\/IMG_6669-768x512.jpg 768w\" sizes=\"auto, (max-width: 630px) 100vw, 630px\" \/>L&rsquo;apr\u00e8s-midi les jeux ont repris de plus belle. Le cerceau musical a \u00e9t\u00e9 cette ann\u00e9e remani\u00e9 avec des duos ma\u00eetres-chiens tr\u00e8s originaux&#8230;\u00a0 et le jeu 1, 2, 3 soleil a \u00e9t\u00e9 un moment de rigolade extr\u00eame puisque les maitres et les chiens devaient effectuer les m\u00eames positions lors de l&rsquo;arr\u00eat (assis, couch\u00e9 ou debout).<\/p>\n<p>Pour terminer cette journ\u00e9e une remise de prix a \u00e9t\u00e9 organis\u00e9e pour r\u00e9compenser les \u00e9quipes qui ont bien entendu toutes gagn\u00e9es et pu profiter d&rsquo;une journ\u00e9e pleine de rires et de partages.<\/p>\n<p>A l&rsquo;ann\u00e9e prochaine !<\/p>\n<p>&nbsp;<\/p>\n<p>Retrouvez toutes les photos de cette journ\u00e9e ici :<\/p>\n<ul>\n<li>Olympiades 2018 1\u00e8re partie : <a href=\"https:\/\/photos.app.goo.gl\/TK2pKbHE3uThex2q7\">https:\/\/photos.app.goo.gl\/TK2pKbHE3uThex2q7<\/a><\/li>\n<li>Olympiades 2018 2\u00e8me partie : <a href=\"https:\/\/photos.app.goo.gl\/eHrtfg2uh5pcRPLc6\">https:\/\/photos.app.goo.gl\/eHrtfg2uh5pcRPLc6<\/a><\/li>\n<\/ul>\n<p>&nbsp;<\/p>\n<p>&nbsp;<\/p>\n","protected":false},"excerpt":{"rendered":"<p>Les 3\u00e8mes Olympiades canines organis\u00e9es par l&rsquo;Amicale du Chien se sont d\u00e9roul\u00e9es le dimanche 24 juin 2018.\u00a0Les b\u00e9n\u00e9voles, sous la houlette de leur Pr\u00e9sident\u00a0Jean-Pierre KOST, avaient tout pr\u00e9par\u00e9 la veille pour que cette journ\u00e9e soit un moment de d\u00e9tente, d&rsquo;amusement et d&rsquo;\u00e9changes pour tous, chiens comme ma\u00eetres. A 10h le coup d&rsquo;envoi de ces Olympiades [&hellip;]<\/p>\n","protected":false},"author":1,"featured_media":0,"parent":774,"menu_order":0,"comment_status":"closed","ping_status":"closed","template":"","meta":{"footnotes":""},"class_list":["post-1044","page","type-page","status-publish","hentry"],"_links":{"self":[{"href":"http:\/\/www.amicale-du-chien.com\/index.php?rest_route=\/wp\/v2\/pages\/1044","targetHints":{"allow":["GET"]}}],"collection":[{"href":"http:\/\/www.amicale-du-chien.com\/index.php?rest_route=\/wp\/v2\/pages"}],"about":[{"href":"http:\/\/www.amicale-du-chien.com\/index.php?rest_route=\/wp\/v2\/types\/page"}],"author":[{"embeddable":true,"href":"http:\/\/www.amicale-du-chien.com\/index.php?rest_route=\/wp\/v2\/users\/1"}],"replies":[{"embeddable":true,"href":"http:\/\/www.amicale-du-chien.com\/index.php?rest_route=%2Fwp%2Fv2%2Fcomments&post=1044"}],"version-history":[{"count":3,"href":"http:\/\/www.amicale-du-chien.com\/index.php?rest_route=\/wp\/v2\/pages\/1044\/revisions"}],"predecessor-version":[{"id":1050,"href":"http:\/\/www.amicale-du-chien.com\/index.php?rest_route=\/wp\/v2\/pages\/1044\/revisions\/1050"}],"up":[{"embeddable":true,"href":"http:\/\/www.amicale-du-chien.com\/index.php?rest_route=\/wp\/v2\/pages\/774"}],"wp:attachment":[{"href":"http:\/\/www.amicale-du-chien.com\/index.php?rest_route=%2Fwp%2Fv2%2Fmedia&parent=1044"}],"curies":[{"name":"wp","href":"https:\/\/api.w.org\/{rel}","templated":true}]}}