{"id":1086,"date":"2018-12-24T10:43:53","date_gmt":"2018-12-24T09:43:53","guid":{"rendered":"http:\/\/www.amicale-du-chien.com\/?page_id=1086"},"modified":"2019-01-05T13:01:40","modified_gmt":"2019-01-05T12:01:40","slug":"championnat-dalsace-ifh-2","status":"publish","type":"page","link":"http:\/\/www.amicale-du-chien.com\/?page_id=1086","title":{"rendered":"Championnat d&rsquo;Alsace IFH 2"},"content":{"rendered":"<p><img loading=\"lazy\" decoding=\"async\" class=\"size-medium wp-image-1105 alignright\" src=\"http:\/\/www.amicale-du-chien.com\/wp-content\/uploads\/2019\/01\/affiche_championnatAlsace-IFH-2019-212x300.jpg\" alt=\"\" width=\"212\" height=\"300\" srcset=\"http:\/\/www.amicale-du-chien.com\/wp-content\/uploads\/2019\/01\/affiche_championnatAlsace-IFH-2019-212x300.jpg 212w, http:\/\/www.amicale-du-chien.com\/wp-content\/uploads\/2019\/01\/affiche_championnatAlsace-IFH-2019-768x1086.jpg 768w, http:\/\/www.amicale-du-chien.com\/wp-content\/uploads\/2019\/01\/affiche_championnatAlsace-IFH-2019-724x1024.jpg 724w, http:\/\/www.amicale-du-chien.com\/wp-content\/uploads\/2019\/01\/affiche_championnatAlsace-IFH-2019.jpg 1754w\" sizes=\"auto, (max-width: 212px) 100vw, 212px\" \/><\/p>\n<p>L\u2019Amicale du chien, sous le patronage de la F\u00e9d\u00e9ration Canine d\u2019Alsace et de la Canine du Bas-Rhin, a\u00a0cette ann\u00e9e l\u2019honneur d\u2019organiser le <strong>Championnat d\u2019Alsace IFH 2 (anciennement FCI)\u00a0<\/strong><strong>les\u00a02 &amp; 3 f\u00e9vrier\u00a02019<\/strong> sur le terrain 110 a route de Marienthal.<\/p>\n<p>Cette \u00e9v\u00e8nement rassemblera \u00e0 Haguenau les meilleurs chiens\u00a0de la discipline\u00a0de toute la r\u00e9gion. A l&rsquo;issue de ce week-end le champion d&rsquo;Alsace IFH 2 sera d\u00e9sign\u00e9.<\/p>\n<p><!--<strong>Au programme d<\/strong><b>imanche 30 octobre :<\/b>\n\n\n<ul>\n \t\n\n<li>Accueil des concurrents, des juges et des officiels \u00e0 partir de 6 h 30 au club house.<\/li>\n\n\n \t\n\n<li>Petit d\u00e9jeuner offert par le club.<\/li>\n\n\n \t\n\n<li>Tirage au sort \u00e0 7 h.<\/li>\n\n\n \t\n\n<li>D\u00e9but du concours \u00e0 8 h.<\/li>\n\n\n \t\n\n<li>Epreuves d\u2019ob\u00e9issance sur le terrain \u00e0 partir de 8 h.<\/li>\n\n\n \t\n\n<li>D\u00e9part de la navette vers les pistes \u00e0 8 h.<\/li>\n\n\n \t\n\n<li>D\u00e9but des \u00e9preuves de pistage \u00e0 9 h.<\/li>\n\n\n \t\n\n<li>D\u00e9jeuner \u00e0 partir de 12 h.<\/li>\n\n\n \t\n\n<li>Petite restauration sur les pistes.<\/li>\n\n\n \t\n\n<li>Proclamation des r\u00e9sultats et remise des prix vers 16 h 30.<\/li>\n\n\n<\/ul>\n\n\n--><\/p>\n<p><a href=\"http:\/\/www.amicale-du-chien.com\/wp-content\/uploads\/2013\/12\/FCI_hiver.jpg\"><img loading=\"lazy\" decoding=\"async\" class=\"alignleft wp-image-442\" src=\"http:\/\/www.amicale-du-chien.com\/wp-content\/uploads\/2013\/12\/FCI_hiver.jpg\" alt=\"FCI_hiver\" width=\"166\" height=\"250\" srcset=\"http:\/\/www.amicale-du-chien.com\/wp-content\/uploads\/2013\/12\/FCI_hiver.jpg 332w, http:\/\/www.amicale-du-chien.com\/wp-content\/uploads\/2013\/12\/FCI_hiver-199x300.jpg 199w\" sizes=\"auto, (max-width: 166px) 100vw, 166px\" \/><\/a>Les juges de l\u2019\u00e9preuve sont\u00a0<strong>M. Alain MULLER et M. Jean Bernard FLAMENT<\/strong>.<\/p>\n<p>Les demandes d\u2019engagement accompagn\u00e9es d\u2019une photocopie du certificat de vaccination antirabique \u00e0 jour, de 3 \u00e9tiquettes \u00ab\u00a0licence\u00a0\u00bb, de la copie de la d\u00e9claration en Mairie pour les chiens de 2\u00e8me cat\u00e9gorie,<strong> une copie du carnet de travail (attestant des concours n\u00e9cessaires), d&rsquo;une copie de la carte de membre de la CBR ou la LCHR de l&rsquo;ann\u00e9e 2019<\/strong>\u00a0et d\u2019un ch\u00e8que pour les droits d\u2019inscription libell\u00e9 \u00e0 l\u2019ordre de l\u2019Amicale du chien seront \u00e0 envoyer \u00e0 :<br \/>\nM. Fran\u00e7ois WIDUSCHEK<br \/>\n95, route de Forstheim<br \/>\n67500 Haguenau<\/p>\n<p><strong>T\u00e9l\u00e9chargez la demande d\u2019<a href=\"http:\/\/www.amicale-du-chien.com\/wp-content\/uploads\/2018\/12\/Formulaire_engagement_IFH_2019.pdf\">Engagemant championnat d&rsquo;Alsace IFH 2019<\/a><\/strong><\/p>\n<p><a href=\"http:\/\/www.amicale-du-chien.com\/wp-content\/uploads\/2019\/01\/Reservation-repas.pdf\">R\u00e9servation des repas et de la soir\u00e9e de Gala<\/a><\/p>\n<p>Merci \u00e9galement du nous faire parvenir par mail \u00e0 contact@amicale-du-chien.com une photo (format .JPG)\u00a0du conducteur avec son chien\u00a0pour int\u00e9grer dans le catalogue de l&rsquo;\u00e9v\u00e8nement.<\/p>\n<p><em>Cl\u00f4ture des engagements :\u00a0<strong>13\u00a0janvier 2019<\/strong><\/em><\/p>\n<p><!--<strong>Les objets<\/strong>\n\n<img loading=\"lazy\" decoding=\"async\" class=\"wp-image-812 alignleft\" src=\"http:\/\/www.amicale-du-chien.com\/wp-content\/uploads\/2016\/07\/objets.jpeg\" alt=\"objets\" width=\"400\" height=\"300\" srcset=\"http:\/\/www.amicale-du-chien.com\/wp-content\/uploads\/2016\/07\/objets.jpeg 720w, http:\/\/www.amicale-du-chien.com\/wp-content\/uploads\/2016\/07\/objets-300x225.jpeg 300w\" sizes=\"auto, (max-width: 400px) 100vw, 400px\" \/>\n\n&nbsp;\n\n&nbsp;\n\n&nbsp;\n\n&nbsp;\n\n&nbsp;\n\n&nbsp;\n\n&nbsp;\n\n&nbsp;\n\n<strong>Les pistes<\/strong>\n\n<img loading=\"lazy\" decoding=\"async\" class=\"alignleft size-medium wp-image-487\" src=\"http:\/\/www.amicale-du-chien.com\/wp-content\/uploads\/2013\/12\/pisteHerbe-300x225.jpg\" alt=\"pisteHerbe\" width=\"300\" height=\"225\" srcset=\"http:\/\/www.amicale-du-chien.com\/wp-content\/uploads\/2013\/12\/pisteHerbe-300x225.jpg 300w, http:\/\/www.amicale-du-chien.com\/wp-content\/uploads\/2013\/12\/pisteHerbe.jpg 820w\" sizes=\"auto, (max-width: 300px) 100vw, 300px\" \/>\n\n&nbsp;\n\n&nbsp;\n\n&nbsp;\n\n&nbsp;\n\n&nbsp;\n\n&nbsp;\n\n<strong>Les concurrents<\/strong>\n\n\n<table width=\"856\">\n\n\n<tbody>\n\n\n<tr>\n\n\n<td rowspan=\"2\" width=\"158\"><strong>Conducteur<\/strong><\/td>\n\n\n\n\n<td rowspan=\"2\" width=\"80\"><strong>Chien <\/strong><\/td>\n\n\n\n\n<td rowspan=\"2\" width=\"193\"><strong>Race<\/strong><\/td>\n\n\n\n\n<td rowspan=\"2\" width=\"169\"><strong>Club<\/strong><\/td>\n\n\n\n\n<td rowspan=\"2\" width=\"80\"><strong>R\u00e9gionale<\/strong><\/td>\n\n\n\n\n<td colspan=\"4\" width=\"176\"><strong>Pointage<\/strong><\/td>\n\n\n<\/tr>\n\n\n\n\n<tr>\n\n\n<td><strong>A<\/strong><\/td>\n\n\n\n\n<td><strong>B<\/strong><\/td>\n\n\n\n\n<td><strong>C<\/strong><\/td>\n\n\n\n\n<td><strong>Total<\/strong><\/td>\n\n\n<\/tr>\n\n\n\n\n<tr>\n\n\n<td>ACHOUR Mahmoud<\/td>\n\n\n\n\n<td>URAN<\/td>\n\n\n\n\n<td>Berger Belge Malinois<\/td>\n\n\n\n\n<td>ACD MOTHERN<\/td>\n\n\n\n\n<td>BAS-RHIN<\/td>\n\n\n\n\n<td>\u00a0100<\/td>\n\n\n\n\n<td>\u00a080<\/td>\n\n\n\n\n<td>\u00a097<\/td>\n\n\n\n\n<td>\u00a0277<\/td>\n\n\n<\/tr>\n\n\n\n\n<tr>\n\n\n<td>ALBRECHT Gilbert<\/td>\n\n\n\n\n<td>FURIO<\/td>\n\n\n\n\n<td>Berger Allemand<\/td>\n\n\n\n\n<td>TTC BEINHEIM<\/td>\n\n\n\n\n<td>BAS-RHIN<\/td>\n\n\n\n\n<td>\u00a089<\/td>\n\n\n\n\n<td>\u00a085<\/td>\n\n\n\n\n<td>\u00a085<\/td>\n\n\n\n\n<td>\u00a0259<\/td>\n\n\n<\/tr>\n\n\n\n\n<tr>\n\n\n<td>BECK Denis<\/td>\n\n\n\n\n<td>JAX<\/td>\n\n\n\n\n<td>Berger Allemand<\/td>\n\n\n\n\n<td>TCC ERSTEIN<\/td>\n\n\n\n\n<td>BAS-RHIN<\/td>\n\n\n\n\n<td>\u00a089<\/td>\n\n\n\n\n<td>\u00a083<\/td>\n\n\n\n\n<td>\u00a079<\/td>\n\n\n\n\n<td>\u00a0251<\/td>\n\n\n<\/tr>\n\n\n\n\n<tr>\n\n\n<td>BRAUN L\u00e9a<\/td>\n\n\n\n\n<td>HEAVY<\/td>\n\n\n\n\n<td>Berger Hollandais \u00e0 Poil Court<\/td>\n\n\n\n\n<td>ACD VENDENHEIM<\/td>\n\n\n\n\n<td>BAS-RHIN<\/td>\n\n\n\n\n<td>\u00a094<\/td>\n\n\n\n\n<td>\u00a084<\/td>\n\n\n\n\n<td>\u00a080<\/td>\n\n\n\n\n<td>\u00a0258<\/td>\n\n\n<\/tr>\n\n\n\n\n<tr>\n\n\n<td>FLAMENT Pascale<\/td>\n\n\n\n\n<td>HONIX<\/td>\n\n\n\n\n<td>Berger Belge Malinois<\/td>\n\n\n\n\n<td>TCC BETSCHDORF<\/td>\n\n\n\n\n<td>BAS-RHIN<\/td>\n\n\n\n\n<td>\u00a095<\/td>\n\n\n\n\n<td>\u00a078<\/td>\n\n\n\n\n<td>\u00a086<\/td>\n\n\n\n\n<td>\u00a0259<\/td>\n\n\n<\/tr>\n\n\n\n\n<tr>\n\n\n<td>GEISS Laura<\/td>\n\n\n\n\n<td>GRISOU<\/td>\n\n\n\n\n<td>Berger Allemand<\/td>\n\n\n\n\n<td>CUC DU COIN FRONTALIER<\/td>\n\n\n\n\n<td>HAUT-RHIN<\/td>\n\n\n\n\n<td>\u00a085<\/td>\n\n\n\n\n<td>\u00a075<\/td>\n\n\n\n\n<td>\u00a094<\/td>\n\n\n\n\n<td>\u00a0254<\/td>\n\n\n<\/tr>\n\n\n\n\n<tr>\n\n\n<td>GEISS Olivier<\/td>\n\n\n\n\n<td>GANJA<\/td>\n\n\n\n\n<td>Berger Allemand<\/td>\n\n\n\n\n<td>CUC DU COIN FRONTALIER<\/td>\n\n\n\n\n<td>HAUT-RHIN<\/td>\n\n\n\n\n<td>\u00a090<\/td>\n\n\n\n\n<td>\u00a083<\/td>\n\n\n\n\n<td>\u00a094<\/td>\n\n\n\n\n<td>\u00a0267<\/td>\n\n\n<\/tr>\n\n\n\n\n<tr>\n\n\n<td>GERBER Antoine<\/td>\n\n\n\n\n<td>EMI<\/td>\n\n\n\n\n<td>Berger Allemand<\/td>\n\n\n\n\n<td>ACD MOTHERN<\/td>\n\n\n\n\n<td>BAS-RHIN<\/td>\n\n\n\n\n<td>\u00a099<\/td>\n\n\n\n\n<td>\u00a086<\/td>\n\n\n\n\n<td>\u00a090<\/td>\n\n\n\n\n<td>\u00a0275<\/td>\n\n\n<\/tr>\n\n\n\n\n<tr>\n\n\n<td>GSOEDL Thierry<\/td>\n\n\n\n\n<td>ENZA<\/td>\n\n\n\n\n<td>Berger Allemand<\/td>\n\n\n\n\n<td>ACD MOTHERN<\/td>\n\n\n\n\n<td>BAS-RHIN<\/td>\n\n\n\n\n<td>\u00a070<\/td>\n\n\n\n\n<td>\u00a081<\/td>\n\n\n\n\n<td>\u00a080<\/td>\n\n\n\n\n<td>\u00a0231<\/td>\n\n\n<\/tr>\n\n\n\n\n<tr>\n\n\n<td>JOERGER Patrick<\/td>\n\n\n\n\n<td>FALCO<\/td>\n\n\n\n\n<td>Berger Belge Malinois<\/td>\n\n\n\n\n<td>ACD MOTHERN<\/td>\n\n\n\n\n<td>BAS-RHIN<\/td>\n\n\n\n\n<td>\u00a098<\/td>\n\n\n\n\n<td>\u00a086<\/td>\n\n\n\n\n<td>\u00a096<\/td>\n\n\n\n\n<td>\u00a0280<\/td>\n\n\n<\/tr>\n\n\n\n\n<tr>\n\n\n<td>KLEINMANN Charles<\/td>\n\n\n\n\n<td>URBO<\/td>\n\n\n\n\n<td>Berger Allemand<\/td>\n\n\n\n\n<td>ACD VENDENHEIM<\/td>\n\n\n\n\n<td>BAS-RHIN<\/td>\n\n\n\n\n<td>\u00a075<\/td>\n\n\n\n\n<td>\u00a077<\/td>\n\n\n\n\n<td>\u00a076<\/td>\n\n\n\n\n<td>\u00a0228<\/td>\n\n\n<\/tr>\n\n\n\n\n<tr>\n\n\n<td>LAUBACHER Patrick<\/td>\n\n\n\n\n<td>IRON<\/td>\n\n\n\n\n<td>Berger Allemand<\/td>\n\n\n\n\n<td>AC HAGUENAU<\/td>\n\n\n\n\n<td>BAS-RHIN<\/td>\n\n\n\n\n<td>\u00a088<\/td>\n\n\n\n\n<td>\u00a087<\/td>\n\n\n\n\n<td>\u00a092<\/td>\n\n\n\n\n<td>\u00a0267<\/td>\n\n\n<\/tr>\n\n\n\n\n<tr>\n\n\n<td>MARCHAL Daniel<\/td>\n\n\n\n\n<td>FICO<\/td>\n\n\n\n\n<td>Berger Belge Malinois<\/td>\n\n\n\n\n<td>TCC ERSTEIN<\/td>\n\n\n\n\n<td>BAS-RHIN<\/td>\n\n\n\n\n<td>\u00a095<\/td>\n\n\n\n\n<td>\u00a086<\/td>\n\n\n\n\n<td>\u00a098<\/td>\n\n\n\n\n<td>\u00a0279<\/td>\n\n\n<\/tr>\n\n\n\n\n<tr>\n\n\n<td>NEUMEYER Yannick<\/td>\n\n\n\n\n<td>FENG<\/td>\n\n\n\n\n<td>Berger Allemand<\/td>\n\n\n\n\n<td>TCC BETSCHDORF<\/td>\n\n\n\n\n<td>BAS-RHIN<\/td>\n\n\n\n\n<td>\u00a074<\/td>\n\n\n\n\n<td>\u00a072<\/td>\n\n\n\n\n<td>\u00a084<\/td>\n\n\n\n\n<td>\u00a0230<\/td>\n\n\n<\/tr>\n\n\n\n\n<tr>\n\n\n<td>RADJA Etienne<\/td>\n\n\n\n\n<td>HAGRID<\/td>\n\n\n\n\n<td>Berger Belge Malinois<\/td>\n\n\n\n\n<td>CUC DU COIN FRONTALIER<\/td>\n\n\n\n\n<td>HAUT-RHIN<\/td>\n\n\n\n\n<td>\u00a091<\/td>\n\n\n\n\n<td>\u00a087<\/td>\n\n\n\n\n<td>\u00a0100<\/td>\n\n\n\n\n<td>\u00a0278<\/td>\n\n\n<\/tr>\n\n\n\n\n<tr>\n\n\n<td>RISCHMANN Dominique<\/td>\n\n\n\n\n<td>IRCO<\/td>\n\n\n\n\n<td>Berger Allemand<\/td>\n\n\n\n\n<td>SCBA CC HAGUENAU<\/td>\n\n\n\n\n<td>BAS-RHIN<\/td>\n\n\n\n\n<td>\u00a012<\/td>\n\n\n\n\n<td>\u00a085<\/td>\n\n\n\n\n<td>\u00a094<\/td>\n\n\n\n\n<td>\u00a0228<\/td>\n\n\n<\/tr>\n\n\n\n\n<tr>\n\n\n<td>ROHMER Jean-Marie<\/td>\n\n\n\n\n<td>DONN<\/td>\n\n\n\n\n<td>Berger Allemand<\/td>\n\n\n\n\n<td>TCC ERSTEIN<\/td>\n\n\n\n\n<td>BAS-RHIN<\/td>\n\n\n\n\n<td>\u00a097<\/td>\n\n\n\n\n<td>\u00a081<\/td>\n\n\n\n\n<td>\u00a077<\/td>\n\n\n\n\n<td>\u00a0255<\/td>\n\n\n<\/tr>\n\n\n\n\n<tr>\n\n\n<td>VOGT Freddy<\/td>\n\n\n\n\n<td>IOSCHY<\/td>\n\n\n\n\n<td>Berger Allemand<\/td>\n\n\n\n\n<td>AC HAGUENAU<\/td>\n\n\n\n\n<td>BAS-RHIN<\/td>\n\n\n\n\n<td>\u00a090<\/td>\n\n\n\n\n<td>\u00a086<\/td>\n\n\n\n\n<td>\u00a089<\/td>\n\n\n\n\n<td>\u00a0265<\/td>\n\n\n<\/tr>\n\n\n<\/tbody>\n\n\n<\/table>\n\n\nCette comp\u00e9tition est l'occasion de d\u00e9couvrir cette discipline et de pouvoir \u00e9changer entre passionn\u00e9s. Rendez-vous <strong>dimanche\u00a030\u00a0octobre <\/strong>sur le terrain 110a route de Marienthal pour d\u00e9couvrir cette discipline et encourager les concurrents.\n\nRetrouvez toutes les photos du Championnat ici : <a href=\"https:\/\/goo.gl\/photos\/xKTByWtgmg8RnsuP6\">https:\/\/goo.gl\/photos\/xKTByWtgmg8RnsuP6<\/a>--><\/p>\n","protected":false},"excerpt":{"rendered":"<p>L\u2019Amicale du chien, sous le patronage de la F\u00e9d\u00e9ration Canine d\u2019Alsace et de la Canine du Bas-Rhin, a\u00a0cette ann\u00e9e l\u2019honneur d\u2019organiser le Championnat d\u2019Alsace IFH 2 (anciennement FCI)\u00a0les\u00a02 &amp; 3 f\u00e9vrier\u00a02019 sur le terrain 110 a route de Marienthal. Cette \u00e9v\u00e8nement rassemblera \u00e0 Haguenau les meilleurs chiens\u00a0de la discipline\u00a0de toute la r\u00e9gion. A l&rsquo;issue de [&hellip;]<\/p>\n","protected":false},"author":1,"featured_media":0,"parent":0,"menu_order":0,"comment_status":"closed","ping_status":"closed","template":"","meta":{"footnotes":""},"class_list":["post-1086","page","type-page","status-publish","hentry"],"_links":{"self":[{"href":"http:\/\/www.amicale-du-chien.com\/index.php?rest_route=\/wp\/v2\/pages\/1086","targetHints":{"allow":["GET"]}}],"collection":[{"href":"http:\/\/www.amicale-du-chien.com\/index.php?rest_route=\/wp\/v2\/pages"}],"about":[{"href":"http:\/\/www.amicale-du-chien.com\/index.php?rest_route=\/wp\/v2\/types\/page"}],"author":[{"embeddable":true,"href":"http:\/\/www.amicale-du-chien.com\/index.php?rest_route=\/wp\/v2\/users\/1"}],"replies":[{"embeddable":true,"href":"http:\/\/www.amicale-du-chien.com\/index.php?rest_route=%2Fwp%2Fv2%2Fcomments&post=1086"}],"version-history":[{"count":4,"href":"http:\/\/www.amicale-du-chien.com\/index.php?rest_route=\/wp\/v2\/pages\/1086\/revisions"}],"predecessor-version":[{"id":1126,"href":"http:\/\/www.amicale-du-chien.com\/index.php?rest_route=\/wp\/v2\/pages\/1086\/revisions\/1126"}],"wp:attachment":[{"href":"http:\/\/www.amicale-du-chien.com\/index.php?rest_route=%2Fwp%2Fv2%2Fmedia&parent=1086"}],"curies":[{"name":"wp","href":"https:\/\/api.w.org\/{rel}","templated":true}]}}