{"id":1170,"date":"2020-01-26T13:52:01","date_gmt":"2020-01-26T12:52:01","guid":{"rendered":"http:\/\/www.amicale-du-chien.com\/?page_id=1170"},"modified":"2020-03-11T23:35:11","modified_gmt":"2020-03-11T22:35:11","slug":"championnat-de-france-fh-2020","status":"publish","type":"page","link":"http:\/\/www.amicale-du-chien.com\/?page_id=1170","title":{"rendered":"Championnat de France FH 2020"},"content":{"rendered":"<p><a href=\"http:\/\/www.amicale-du-chien.com\/wp-content\/uploads\/2020\/02\/championnat-franceIFH2020_w.jpg\"><img loading=\"lazy\" decoding=\"async\" class=\"alignright size-medium wp-image-1190\" src=\"http:\/\/www.amicale-du-chien.com\/wp-content\/uploads\/2020\/02\/championnat-franceIFH2020_w-212x300.jpg\" alt=\"\" width=\"212\" height=\"300\" srcset=\"http:\/\/www.amicale-du-chien.com\/wp-content\/uploads\/2020\/02\/championnat-franceIFH2020_w-212x300.jpg 212w, http:\/\/www.amicale-du-chien.com\/wp-content\/uploads\/2020\/02\/championnat-franceIFH2020_w.jpg 595w\" sizes=\"auto, (max-width: 212px) 100vw, 212px\" \/><\/a>L\u2019Amicale du chien, sous le patronage de la soci\u00e9t\u00e9 Canine du Bas-Rhin, a cette ann\u00e9e l\u2019honneur d\u2019organiser la<strong> Finale du championnat de France de Pistage FH<\/strong>, <strong>les 7 et 8 mars 2020<\/strong> sur le terrain 110 a route de Marienthal.<\/p>\n<p>Cette coupe a rassembl\u00e9 \u00e0 Haguenau les meilleurs chiens de pistage FH de toute la France. Les deux premiers de la coupe de France repr\u00e9senteront la France dans les coupes d&rsquo;Europe et du Monde de cette discipline.<\/p>\n<h3>\u00a0<\/h3>\n\n\n<h2 class=\"wp-block-heading\"><strong>Coupe de France<\/strong> 7&amp;8 mars 2020<\/h2>\n\n\n\n<figure class=\"wp-block-table\"><table class=\"\"><tbody><tr><td><strong>Classt<\/strong><\/td><td><strong>Chien<\/strong><\/td><td><strong>Race<\/strong><\/td><td><strong>Piste 1<\/strong><\/td><td><strong>Piste 2<\/strong><\/td><td><strong>Total<\/strong><\/td><td><strong>Qualif.<\/strong><\/td><td><strong>Conducteur<\/strong><\/td><td><strong>Club<\/strong><\/td><\/tr><tr><td>&nbsp;1 er <\/td><td>ZOE&nbsp; VOM PRALATENWALD<\/td><td>Berger Allemand<\/td><td>98<\/td><td>90<\/td><td>188<\/td><td>T.B.<\/td><td>ROTH Jacqui<\/td><td>ASSOCIATION\n  CANINE D&rsquo;ILLKIRCH-GRAFFENSTADEN<\/td><\/tr><tr><td>&nbsp;2 \u00e8me<\/td><td>TARA VOM\n  PRALATENWALD<\/td><td>Berger Allemand<\/td><td>94<\/td><td>87<\/td><td>181<\/td><td>T.B.<\/td><td>ROTH Jacqui<\/td><td>ASSOCIATION\n  CANINE D&rsquo;ILLKIRCH-GRAFFENSTADEN<\/td><\/tr><tr><td>&nbsp;3 \u00e8me<\/td><td>TIGRAY DU HAUT\n  DES MONTS<\/td><td>Berger des\n  Pyr\u00e9n\u00e9es<\/td><td>97<\/td><td>83<\/td><td>180<\/td><td>T.B.<\/td><td>GABRIEL&nbsp; Yves<\/td><td>CLUB CANIN DU\n  SUNDGAU DE BLOTZHEIM<\/td><\/tr><tr><td>&nbsp;4 \u00e8me<\/td><td>LASKA DU\n  KAISERKELLER<\/td><td>Berger Allemand<\/td><td>85<\/td><td>95<\/td><td>180<\/td><td>T.B.<\/td><td>IUNG Alain<\/td><td>ESC CHALON\n  GIVRY<\/td><\/tr><tr><td>&nbsp;4 \u00e8me<\/td><td>I DARLING&nbsp; DE LA TOUR DE BABEL<\/td><td>Berger Blanc\n  Suisse<\/td><td>93<\/td><td>87<\/td><td>180<\/td><td>T.B.<\/td><td>CIRIMBELLI&nbsp; Corinne<\/td><td>CC ST AVE<\/td><\/tr><tr><td>&nbsp;6 \u00e8me<\/td><td>AMY VOM HAUS\n  ITEN<\/td><td>Berger Allemand<\/td><td>95<\/td><td>81<\/td><td>176<\/td><td>B.<\/td><td>PATZEN Erwin<\/td><td>AC VAL D&rsquo;ORAIN<\/td><\/tr><tr><td>&nbsp;7 \u00e8me<\/td><td>CRACK VON DER\n  SILBERTATZE<\/td><td>Berger Belge\n  Tervueren<\/td><td>75<\/td><td>82<\/td><td>157<\/td><td>Suff.<\/td><td>BONNEFOI Christophe<\/td><td>CC VOREPPE<\/td><\/tr><tr><td>NC<\/td><td>EYK&nbsp; DE L&rsquo;ERKADYL<\/td><td>Berger Allemand<\/td><td>91<\/td><td>40<\/td><td>131<\/td><td>Insuff.<\/td><td>VACHER Jacques<\/td><td>CC PERIGORD\n  NOIR<\/td><\/tr><tr><td>NC<\/td><td>JO DU DOMAINE\n  SAINT-LOUP<\/td><td>Berger Allemand<\/td><td>93<\/td><td>30<\/td><td>123<\/td><td>Insuff.<\/td><td>JAMING Jean-Luc<\/td><td>TRAINING CLUB\n  CANIN DE LA VALLEE DE LA BRUCHE<\/td><\/tr><tr><td>NC<\/td><td>IZARA DE L&rsquo;OREE\n  DE BILIAIRE<\/td><td>Berger Belge\n  Malinois<\/td><td>86<\/td><td>13<\/td><td>99<\/td><td>Insuff.<\/td><td>ANDRE Michel<\/td><td>TREGUEUX SPORT\n  CANIN<\/td><\/tr><tr><td>NC<\/td><td>ICKX&nbsp; DE LA CROISEE DES LOUPS<\/td><td>Berger Belge\n  Malinois<\/td><td>89<\/td><td>10<\/td><td>99<\/td><td>Insuff.<\/td><td>AMPOULANGE Jacques<\/td><td>AMBES SPORT\n  CANIN<\/td><\/tr><tr><td>NC<\/td><td>CO-GUN VOM\n  TEURITZER ECK<\/td><td>Berger Allemand<\/td><td>19<\/td><td>70<\/td><td>89<\/td><td>Insuff.<\/td><td>CASTELLANO&nbsp; Didier<\/td><td>CC PERIGORD\n  NOIR<\/td><\/tr><\/tbody><\/table><\/figure>\n\n\n\n<p><\/p>\n\n\n\n<h2 class=\"wp-block-heading\"><strong>Championnat de France <\/strong>SAISON 2019 &#8211; 2020<\/h2>\n\n\n\n<figure class=\"wp-block-table\"><table class=\"\"><tbody><tr><td><strong>Chien<\/strong><\/td><td><strong>Race<\/strong><\/td><td><strong>Conducteur<\/strong><\/td><td><strong>Club<\/strong><\/td><td><strong>Championnat<br>     de France<\/strong><\/td><td class=\"has-text-align-center\" data-align=\"center\"><strong>Classement     CHAMPIONNAT<\/strong><\/td><\/tr><tr><td>ZOE VOM\n  PRALATENWALD<\/td><td>BA<\/td><td>ROTH JACQUI<\/td><td>BA DE GRAFFENSTADEN<\/td><td>95,25<\/td><td class=\"has-text-align-center\" data-align=\"center\">1er<\/td><\/tr><tr><td>TARA VOM\n  PRALATENWALD<\/td><td>BA<\/td><td>ROTH JACQUI<\/td><td>BA DE GRAFFENSTADEN<\/td><td>93,75<\/td><td class=\"has-text-align-center\" data-align=\"center\">2\u00e8me<\/td><\/tr><tr><td>LASKA DU\n  KAISERKELLER<\/td><td>BA<\/td><td>IUNG ALAIN<\/td><td>ESC CHALON GIVRY<\/td><td>92,25<\/td><td class=\"has-text-align-center\" data-align=\"center\">3\u00e8me<\/td><\/tr><tr><td>AMY VOM HAUS\n  ITEN<\/td><td>BA<\/td><td>PATZEN ERWIN<\/td><td>AC VAL D ORAIN<\/td><td>92,25<\/td><td class=\"has-text-align-center\" data-align=\"center\">4\u00e8me<\/td><\/tr><tr><td>I DARLING DE\n  LA TOUR DE BABEL<\/td><td>BBS<\/td><td>CIRIMBELLI CORINNE<\/td><td>CC ST AVE<\/td><td>92,00<\/td><td class=\"has-text-align-center\" data-align=\"center\">5\u00e8me<\/td><\/tr><tr><td>TIGRAY DU\n  HAUT DES MONTS<\/td><td>B PYRENEES<\/td><td>GABRIEL YVES<\/td><td>CC SUNDGAU<\/td><td>91,50<\/td><td class=\"has-text-align-center\" data-align=\"center\">6\u00e8me<\/td><\/tr><tr><td>CRACK VON DER\n  SILBERTATZE<\/td><td>BBT<\/td><td>BONNEFOI CHRISTOPHE<\/td><td>VOREPPE<\/td><td>86,00<\/td><td class=\"has-text-align-center\" data-align=\"center\">7\u00e8me<\/td><\/tr><tr><td>EYK DE L\n  ERKADYL<\/td><td>BA<\/td><td>VACHER JACQUES<\/td><td>CC PERIGORD NOIR<\/td><td>79,25<\/td><td class=\"has-text-align-center\" data-align=\"center\">8\u00e8me<\/td><\/tr><tr><td>JO DU DOMAINE\n  ST LOUP<\/td><td>BA<\/td><td>JAMING JEAN-LUC<\/td><td>TCC VALLE DE LA\n  BRUCHE<\/td><td>77,75<\/td><td class=\"has-text-align-center\" data-align=\"center\">9\u00e8me<\/td><\/tr><tr><td>IZARA DE\n  L&rsquo;OREE DE BILIAIRE<\/td><td>BBM<\/td><td>ANDRE MICHEL<\/td><td>TREGUEUX<\/td><td>72,00<\/td><td class=\"has-text-align-center\" data-align=\"center\">10\u00e8me<\/td><\/tr><tr><td>ICKX DE LA\n  CROISEE DES LOUPS<\/td><td>BBM<\/td><td>AMPOULANGE JACQUES<\/td><td>AMBES<\/td><td>70,25<\/td><td class=\"has-text-align-center\" data-align=\"center\">11\u00e8me<\/td><\/tr><tr><td>CO-GUN VOM\n  TEURITZER ECK<\/td><td>BA<\/td><td>CASTELLANO DIDIER<\/td><td>PERIGORD NOIR<\/td><td>69,00<\/td><td class=\"has-text-align-center\" data-align=\"center\">12\u00e8me<\/td><\/tr><\/tbody><\/table><\/figure>\n\n\n\n<p>Retrouvez toutes les photos de la Finale du championnat de France IFH 2020 ici : <a href=\"https:\/\/photos.app.goo.gl\/pTryyyFMBqdWQXBE9\">https:\/\/photos.app.goo.gl\/pTryyyFMBqdWQXBE9<\/a><\/p>\n\n\n\n<p><\/p>\n","protected":false},"excerpt":{"rendered":"<p>L\u2019Amicale du chien, sous le patronage de la soci\u00e9t\u00e9 Canine du Bas-Rhin, a cette ann\u00e9e l\u2019honneur d\u2019organiser la Finale du championnat de France de Pistage FH, les 7 et 8 mars 2020 sur le terrain 110 a route de Marienthal. Cette coupe a rassembl\u00e9 \u00e0 Haguenau les meilleurs chiens de pistage FH de toute la [&hellip;]<\/p>\n","protected":false},"author":1,"featured_media":0,"parent":80,"menu_order":0,"comment_status":"closed","ping_status":"closed","template":"","meta":{"footnotes":""},"class_list":["post-1170","page","type-page","status-publish","hentry"],"_links":{"self":[{"href":"http:\/\/www.amicale-du-chien.com\/index.php?rest_route=\/wp\/v2\/pages\/1170","targetHints":{"allow":["GET"]}}],"collection":[{"href":"http:\/\/www.amicale-du-chien.com\/index.php?rest_route=\/wp\/v2\/pages"}],"about":[{"href":"http:\/\/www.amicale-du-chien.com\/index.php?rest_route=\/wp\/v2\/types\/page"}],"author":[{"embeddable":true,"href":"http:\/\/www.amicale-du-chien.com\/index.php?rest_route=\/wp\/v2\/users\/1"}],"replies":[{"embeddable":true,"href":"http:\/\/www.amicale-du-chien.com\/index.php?rest_route=%2Fwp%2Fv2%2Fcomments&post=1170"}],"version-history":[{"count":19,"href":"http:\/\/www.amicale-du-chien.com\/index.php?rest_route=\/wp\/v2\/pages\/1170\/revisions"}],"predecessor-version":[{"id":1209,"href":"http:\/\/www.amicale-du-chien.com\/index.php?rest_route=\/wp\/v2\/pages\/1170\/revisions\/1209"}],"up":[{"embeddable":true,"href":"http:\/\/www.amicale-du-chien.com\/index.php?rest_route=\/wp\/v2\/pages\/80"}],"wp:attachment":[{"href":"http:\/\/www.amicale-du-chien.com\/index.php?rest_route=%2Fwp%2Fv2%2Fmedia&parent=1170"}],"curies":[{"name":"wp","href":"https:\/\/api.w.org\/{rel}","templated":true}]}}