{"id":118,"date":"2013-07-17T16:05:43","date_gmt":"2013-07-17T15:05:43","guid":{"rendered":"http:\/\/www.amicale-du-chien.com\/?page_id=118"},"modified":"2023-03-05T11:22:13","modified_gmt":"2023-03-05T10:22:13","slug":"rci","status":"publish","type":"page","link":"http:\/\/www.amicale-du-chien.com\/?page_id=118","title":{"rendered":"IGP"},"content":{"rendered":"<p>Le RCI est une discipline mondiale, dont les fondamentaux ont vu le jour outre-Rhin sous l&rsquo;appellation de Schutzhund. En France, elle se pratique dans la plupart des clubs et entre dans de nombreux programmes de s\u00e9lection des races autoris\u00e9es \u00e0 pratiquer des \u00e9preuves de mordant. <strong>En 2019, le RCI est devenu IGP.<\/strong><\/p>\n<p>Le <strong>RCI<\/strong> (R\u00e8glement du Concours International) est une discipline d\u00b4inspiration germanique qui comporte des exercices d&rsquo;assouplissement, de d\u00e9fense et de pistage. Elabor\u00e9 par des \u00e9leveurs pour l\u00b4am\u00e9lioration de leurs races. Il a rapidement s\u00e9duit d\u00b4autres pays.<\/p>\n<p>Il d\u00e9veloppe les qualit\u00e9s des chiens dans trois domaines :<br \/>\n&#8211; (A) Les sens et l\u00b4odorat gr\u00e2ce au pistage.<br \/>\n&#8211; (B) L\u00b4Ob\u00e9issance et la sociabilit\u00e9.<br \/>\n&#8211; (C) Le courage et la ma\u00eetrise de soi avec le mordant.<\/p>\n<p>L\u00b4encadrement est assur\u00e9 par des moniteurs ayant le certificat de capacit\u00e9 d\u00e9livr\u00e9 par la pr\u00e9fecture.<\/p>\n<p><strong>Cette discipline est ouverte aux chiens inscrits L.O.F et les races autoris\u00e9es \u00e0 la pratique du mordant.<\/strong><\/p>\n<blockquote>\n<p align=\"center\"><strong>Horaires d\u2019entra\u00eenement : Ob\u00e9issance et d\u00e9fense IGP<\/strong><br \/>\nDimanche de 10h00 \u00e0 12h00<\/p>\n<p align=\"center\"><strong>Horaires d\u2019entra\u00eenement : pistage FCI<br \/>\n<\/strong>\u00a0Dimanche de 8h30 \u00e0 10h00 (RDV au Club House)<\/p>\n<\/blockquote>\n","protected":false},"excerpt":{"rendered":"<p>Le RCI est une discipline mondiale, dont les fondamentaux ont vu le jour outre-Rhin sous l&rsquo;appellation de Schutzhund. En France, elle se pratique dans la plupart des clubs et entre dans de nombreux programmes de s\u00e9lection des races autoris\u00e9es \u00e0 pratiquer des \u00e9preuves de mordant. En 2019, le RCI est devenu IGP. Le RCI (R\u00e8glement [&hellip;]<\/p>\n","protected":false},"author":1,"featured_media":0,"parent":94,"menu_order":0,"comment_status":"closed","ping_status":"open","template":"","meta":{"footnotes":""},"class_list":["post-118","page","type-page","status-publish","hentry"],"_links":{"self":[{"href":"http:\/\/www.amicale-du-chien.com\/index.php?rest_route=\/wp\/v2\/pages\/118","targetHints":{"allow":["GET"]}}],"collection":[{"href":"http:\/\/www.amicale-du-chien.com\/index.php?rest_route=\/wp\/v2\/pages"}],"about":[{"href":"http:\/\/www.amicale-du-chien.com\/index.php?rest_route=\/wp\/v2\/types\/page"}],"author":[{"embeddable":true,"href":"http:\/\/www.amicale-du-chien.com\/index.php?rest_route=\/wp\/v2\/users\/1"}],"replies":[{"embeddable":true,"href":"http:\/\/www.amicale-du-chien.com\/index.php?rest_route=%2Fwp%2Fv2%2Fcomments&post=118"}],"version-history":[{"count":7,"href":"http:\/\/www.amicale-du-chien.com\/index.php?rest_route=\/wp\/v2\/pages\/118\/revisions"}],"predecessor-version":[{"id":1527,"href":"http:\/\/www.amicale-du-chien.com\/index.php?rest_route=\/wp\/v2\/pages\/118\/revisions\/1527"}],"up":[{"embeddable":true,"href":"http:\/\/www.amicale-du-chien.com\/index.php?rest_route=\/wp\/v2\/pages\/94"}],"wp:attachment":[{"href":"http:\/\/www.amicale-du-chien.com\/index.php?rest_route=%2Fwp%2Fv2%2Fmedia&parent=118"}],"curies":[{"name":"wp","href":"https:\/\/api.w.org\/{rel}","templated":true}]}}