{"id":12,"date":"2013-07-17T10:37:25","date_gmt":"2013-07-17T09:37:25","guid":{"rendered":"http:\/\/www.amicale-du-chien.com\/?page_id=12"},"modified":"2013-11-13T14:34:55","modified_gmt":"2013-11-13T13:34:55","slug":"historique","status":"publish","type":"page","link":"http:\/\/www.amicale-du-chien.com\/?page_id=12","title":{"rendered":"L&rsquo;amicale"},"content":{"rendered":"<p align=\"justify\"><a href=\"http:\/\/www.amicale-du-chien.com\/wp-content\/uploads\/2013\/07\/logo_amicale.jpg\"><img loading=\"lazy\" decoding=\"async\" class=\"alignleft size-full wp-image-31\" alt=\"Logo de l'amicale du chien de Haguenau\" src=\"http:\/\/www.amicale-du-chien.com\/wp-content\/uploads\/2013\/07\/logo_amicale.jpg\" width=\"125\" height=\"81\" \/><\/a>L&rsquo;Amicale du chien de Haguenau a \u00e9t\u00e9 cr\u00e9\u00e9e en <strong>1979<\/strong>, sous le nom de <strong>Amicale du Chien de Police et de Sauvetage de Haguenau<\/strong>. <strong>Le 7 octobre 1989<\/strong> a eu lieu l&rsquo;inauguration du terrain et du Club-House de cette Amicale du Chien de Police et de Sauvetage de Haguenau.<\/p>\n<p align=\"justify\">Cette association comptait \u00e0 l&rsquo;\u00e9poque 44 membres actifs et 58 membres passifs. Etaient pr\u00e9sents \u00e0 cette inauguration, Monsieur le D\u00e9put\u00e9 Schreiner Bernard, Monsieur le Conseiller g\u00e9n\u00e9ral et r\u00e9gional Wirth Jean-Paul, Monsieur le maire de Haguenau Heinrich Alphonse, ainsi que bon nombre de membres de l&rsquo;association : Krill Raymond (pr\u00e9sident), Ott Raymond (vice-pr\u00e9sident), Widuschek Fran\u00e7ois (secr\u00e9taire), Oppermann Jean-Jacques (secr\u00e9taire-adjoint), Christmann Lucien (tr\u00e9sorier) et Herrmann D\u00e9sir\u00e9 (tr\u00e9sorier-adjoint).<\/p>\n<div align=\"center\">\u00a0<a href=\"http:\/\/www.amicale-du-chien.com\/wp-content\/uploads\/2013\/07\/terrain.jpg\"><img loading=\"lazy\" decoding=\"async\" class=\"alignnone size-full wp-image-27\" alt=\"Terrain de l'amicale du chien de Haguenau\" src=\"http:\/\/www.amicale-du-chien.com\/wp-content\/uploads\/2013\/07\/terrain.jpg\" width=\"350\" height=\"211\" srcset=\"http:\/\/www.amicale-du-chien.com\/wp-content\/uploads\/2013\/07\/terrain.jpg 350w, http:\/\/www.amicale-du-chien.com\/wp-content\/uploads\/2013\/07\/terrain-300x180.jpg 300w\" sizes=\"auto, (max-width: 350px) 100vw, 350px\" \/><\/a><br \/> <strong><em>Le terrain aujourd&rsquo;hui<\/em><\/strong><\/div>\n","protected":false},"excerpt":{"rendered":"<p>L&rsquo;Amicale du chien de Haguenau a \u00e9t\u00e9 cr\u00e9\u00e9e en 1979, sous le nom de Amicale du Chien de Police et de Sauvetage de Haguenau. Le 7 octobre 1989 a eu lieu l&rsquo;inauguration du terrain et du Club-House de cette Amicale du Chien de Police et de Sauvetage de Haguenau. Cette association comptait \u00e0 l&rsquo;\u00e9poque 44 [&hellip;]<\/p>\n","protected":false},"author":1,"featured_media":0,"parent":0,"menu_order":0,"comment_status":"closed","ping_status":"open","template":"","meta":{"footnotes":""},"class_list":["post-12","page","type-page","status-publish","hentry"],"_links":{"self":[{"href":"http:\/\/www.amicale-du-chien.com\/index.php?rest_route=\/wp\/v2\/pages\/12","targetHints":{"allow":["GET"]}}],"collection":[{"href":"http:\/\/www.amicale-du-chien.com\/index.php?rest_route=\/wp\/v2\/pages"}],"about":[{"href":"http:\/\/www.amicale-du-chien.com\/index.php?rest_route=\/wp\/v2\/types\/page"}],"author":[{"embeddable":true,"href":"http:\/\/www.amicale-du-chien.com\/index.php?rest_route=\/wp\/v2\/users\/1"}],"replies":[{"embeddable":true,"href":"http:\/\/www.amicale-du-chien.com\/index.php?rest_route=%2Fwp%2Fv2%2Fcomments&post=12"}],"version-history":[{"count":7,"href":"http:\/\/www.amicale-du-chien.com\/index.php?rest_route=\/wp\/v2\/pages\/12\/revisions"}],"predecessor-version":[{"id":415,"href":"http:\/\/www.amicale-du-chien.com\/index.php?rest_route=\/wp\/v2\/pages\/12\/revisions\/415"}],"wp:attachment":[{"href":"http:\/\/www.amicale-du-chien.com\/index.php?rest_route=%2Fwp%2Fv2%2Fmedia&parent=12"}],"curies":[{"name":"wp","href":"https:\/\/api.w.org\/{rel}","templated":true}]}}