{"id":130,"date":"2013-07-17T16:12:56","date_gmt":"2013-07-17T15:12:56","guid":{"rendered":"http:\/\/www.amicale-du-chien.com\/?page_id=130"},"modified":"2023-03-05T11:25:32","modified_gmt":"2023-03-05T10:25:32","slug":"les-moniteurs-rci","status":"publish","type":"page","link":"http:\/\/www.amicale-du-chien.com\/?page_id=130","title":{"rendered":"Les moniteurs IGP"},"content":{"rendered":"<div><strong>Marc SPANGENBERGER<\/strong><br \/>\nMoniteur 2\u00e8me degr\u00e9<\/div>\n<div><\/div>\n<div><strong><strong>Patrick<\/strong> LAUBACHER <\/strong><br \/>\nMoniteur 2\u00e8me degr\u00e9, homme assistant<\/div>\n<div><\/div>\n<div><strong>Freddy VOGT<\/strong><br \/>\nMoniteur 2\u00e8me degr\u00e9<\/div>\n<div><\/div>\n<div><strong>Andr\u00e9 DUCHENE<\/strong><\/div>\n<div>Moniteur 2\u00e8me degr\u00e9<\/div>\n<div>\n<div><\/div>\n<div><strong>Yannick NEUMEYER<\/strong><br \/>\nMoniteur 2\u00e8me degr\u00e9<\/div>\n<\/div>\n<div><\/div>\n<div><strong>Tristan SCHLICK<\/strong><br \/>\nHomme assistant<\/div>\n<blockquote>\n<p align=\"center\"><strong>Horaires d\u2019entra\u00eenement : Ob\u00e9issance et d\u00e9fense IGP<\/strong><br \/>\nDimanche de 10h00 \u00e0 12h00<\/p>\n<p align=\"center\"><strong>Horaires d\u2019entra\u00eenement : pistage FCI<br \/>\n<\/strong>\u00a0Dimanche de 8h30 \u00e0 10h00 (RDV au Club House)<\/p>\n<\/blockquote>\n","protected":false},"excerpt":{"rendered":"<p>Marc SPANGENBERGER Moniteur 2\u00e8me degr\u00e9 Patrick LAUBACHER Moniteur 2\u00e8me degr\u00e9, homme assistant Freddy VOGT Moniteur 2\u00e8me degr\u00e9 Andr\u00e9 DUCHENE Moniteur 2\u00e8me degr\u00e9 Yannick NEUMEYER Moniteur 2\u00e8me degr\u00e9 Tristan SCHLICK Homme assistant Horaires d\u2019entra\u00eenement : Ob\u00e9issance et d\u00e9fense IGP Dimanche de 10h00 \u00e0 12h00 Horaires d\u2019entra\u00eenement : pistage FCI \u00a0Dimanche de 8h30 \u00e0 10h00 (RDV au [&hellip;]<\/p>\n","protected":false},"author":1,"featured_media":0,"parent":123,"menu_order":0,"comment_status":"closed","ping_status":"open","template":"","meta":{"footnotes":""},"class_list":["post-130","page","type-page","status-publish","hentry"],"_links":{"self":[{"href":"http:\/\/www.amicale-du-chien.com\/index.php?rest_route=\/wp\/v2\/pages\/130","targetHints":{"allow":["GET"]}}],"collection":[{"href":"http:\/\/www.amicale-du-chien.com\/index.php?rest_route=\/wp\/v2\/pages"}],"about":[{"href":"http:\/\/www.amicale-du-chien.com\/index.php?rest_route=\/wp\/v2\/types\/page"}],"author":[{"embeddable":true,"href":"http:\/\/www.amicale-du-chien.com\/index.php?rest_route=\/wp\/v2\/users\/1"}],"replies":[{"embeddable":true,"href":"http:\/\/www.amicale-du-chien.com\/index.php?rest_route=%2Fwp%2Fv2%2Fcomments&post=130"}],"version-history":[{"count":7,"href":"http:\/\/www.amicale-du-chien.com\/index.php?rest_route=\/wp\/v2\/pages\/130\/revisions"}],"predecessor-version":[{"id":1529,"href":"http:\/\/www.amicale-du-chien.com\/index.php?rest_route=\/wp\/v2\/pages\/130\/revisions\/1529"}],"up":[{"embeddable":true,"href":"http:\/\/www.amicale-du-chien.com\/index.php?rest_route=\/wp\/v2\/pages\/123"}],"wp:attachment":[{"href":"http:\/\/www.amicale-du-chien.com\/index.php?rest_route=%2Fwp%2Fv2%2Fmedia&parent=130"}],"curies":[{"name":"wp","href":"https:\/\/api.w.org\/{rel}","templated":true}]}}