{"id":146,"date":"2013-07-18T10:33:53","date_gmt":"2013-07-18T09:33:53","guid":{"rendered":"http:\/\/www.amicale-du-chien.com\/?page_id=146"},"modified":"2013-07-18T10:33:53","modified_gmt":"2013-07-18T09:33:53","slug":"1er-selectif-rci-2011","status":"publish","type":"page","link":"http:\/\/www.amicale-du-chien.com\/?page_id=146","title":{"rendered":"1er S\u00e9lectif RCI 2011"},"content":{"rendered":"<p>L&rsquo;Amicale du chien, sous le patronnage de la F\u00e9d\u00e9ration Canine d&rsquo;Alsace et de la soci\u00e9t\u00e9 Canine du Bas-Rhin, a cette ann\u00e9e l&rsquo;honneur d&rsquo;organiser le<strong> 1er S\u00e9lectif RCI<\/strong>, <strong>les 29 et 30 octobre 2011<\/strong> sur le terrain 110 a route de Marienthal.<\/p>\n<p>Ce s\u00e9lectif, sans omettre l&rsquo;importance de celui-ci, puisqu&rsquo;il est une \u00e9tape de qualification pour la finale au championnat de France de la discipline, doit aussi \u00eatre un moment de reconnaissance du travail quotidien et par tous les temps r\u00e9alis\u00e9 par les concurrents et leurs chiens.<\/p>\n<p>Les juges de l&rsquo;\u00e9preuve sont <strong>M. ROSER Bernard<\/strong>, <strong>M. SIONNIERE Daniel<\/strong> et <strong>M. BARRERE Robert<\/strong>.<br \/>\nLes hommes assistants sont M. MAREAU J\u00e9r\u00e9my, M. NAVEL Nicolas et M. BICLOT Eric <em>(suppl\u00e9ant)<\/em>.<\/p>\n<p>La partie pistage sera sur terrain : Herbe<\/p>\n<p>Une Buvette et la restauration seront assur\u00e9s sur place. Repas concurent : <strong>8 \u20ac<\/strong> &#8211; Repas accompagnant : <strong>10 \u20ac<\/strong><\/p>\n<p>D\u00e9couvez les r\u00e9sultats de ce 1er S\u00e9lectif RCI\u00a0<a href=\"http:\/\/www.chienplus.com\/selectifs-RCI-2011-2012\/1er-selectif-rci-2011-2012.htm\">cliquez ici<\/a><\/p>\n<p><em>Cette comp\u00e9tition \u00e9tant l&rsquo;occasion de rencontres et d&rsquo;\u00e9changes entre passionn\u00e9s, n&rsquo;h\u00e9sitez pas \u00e0 venir encourager tous les concurrents durant tout le WE autour du terrain et des pistes !!<\/em><\/p>\n<p><strong>Photos du samedi 29 octobre 2011<\/strong><\/p>\n<p><object width=\"600\" height=\"400\" classid=\"clsid:d27cdb6e-ae6d-11cf-96b8-444553540000\" codebase=\"http:\/\/download.macromedia.com\/pub\/shockwave\/cabs\/flash\/swflash.cab#version=6,0,40,0\"><param name=\"src\" value=\"https:\/\/picasaweb.google.com\/s\/c\/bin\/slideshow.swf\" \/><param name=\"flashvars\" value=\"host=picasaweb.google.com&amp;hl=fr&amp;feat=flashalbum&amp;RGB=0x000000&amp;feed=https%3A%2F%2Fpicasaweb.google.com%2Fdata%2Ffeed%2Fapi%2Fuser%2F106692801449000757257%2Falbumid%2F5668938832648238977%3Falt%3Drss%26kind%3Dphoto%26authkey%3DGv1sRgCI7c4NfWudGPugE%26hl%3Dfr\" \/><param name=\"pluginspage\" value=\"http:\/\/www.macromedia.com\/go\/getflashplayer\" \/><embed width=\"600\" height=\"400\" type=\"application\/x-shockwave-flash\" src=\"https:\/\/picasaweb.google.com\/s\/c\/bin\/slideshow.swf\" flashvars=\"host=picasaweb.google.com&amp;hl=fr&amp;feat=flashalbum&amp;RGB=0x000000&amp;feed=https%3A%2F%2Fpicasaweb.google.com%2Fdata%2Ffeed%2Fapi%2Fuser%2F106692801449000757257%2Falbumid%2F5668938832648238977%3Falt%3Drss%26kind%3Dphoto%26authkey%3DGv1sRgCI7c4NfWudGPugE%26hl%3Dfr\" pluginspage=\"http:\/\/www.macromedia.com\/go\/getflashplayer\" \/><\/object><\/p>\n<p><strong>Photos du dimanche 30 octobre 2011<\/strong><\/p>\n<p><object width=\"600\" height=\"400\" classid=\"clsid:d27cdb6e-ae6d-11cf-96b8-444553540000\" codebase=\"http:\/\/download.macromedia.com\/pub\/shockwave\/cabs\/flash\/swflash.cab#version=6,0,40,0\"><param name=\"src\" value=\"https:\/\/picasaweb.google.com\/s\/c\/bin\/slideshow.swf\" \/><param name=\"flashvars\" value=\"host=picasaweb.google.com&amp;hl=fr&amp;feat=flashalbum&amp;RGB=0x000000&amp;feed=https%3A%2F%2Fpicasaweb.google.com%2Fdata%2Ffeed%2Fapi%2Fuser%2F106692801449000757257%2Falbumid%2F5669342070625511521%3Falt%3Drss%26kind%3Dphoto%26authkey%3DGv1sRgCI6kjfXczJe1MA%26hl%3Dfr\" \/><param name=\"pluginspage\" value=\"http:\/\/www.macromedia.com\/go\/getflashplayer\" \/><embed width=\"600\" height=\"400\" type=\"application\/x-shockwave-flash\" src=\"https:\/\/picasaweb.google.com\/s\/c\/bin\/slideshow.swf\" flashvars=\"host=picasaweb.google.com&amp;hl=fr&amp;feat=flashalbum&amp;RGB=0x000000&amp;feed=https%3A%2F%2Fpicasaweb.google.com%2Fdata%2Ffeed%2Fapi%2Fuser%2F106692801449000757257%2Falbumid%2F5669342070625511521%3Falt%3Drss%26kind%3Dphoto%26authkey%3DGv1sRgCI6kjfXczJe1MA%26hl%3Dfr\" pluginspage=\"http:\/\/www.macromedia.com\/go\/getflashplayer\" \/><\/object><br \/>\n<strong>Quelques vid\u00e9os :<\/strong><\/p>\n<p><a href=\"https:\/\/picasaweb.google.com\/lh\/photo\/s3wSMCl009spAx-GM7_mVonyejhaBFANnUTGMLXrLFE?feat=embedwebsite\" target=\"_blank\"><img loading=\"lazy\" decoding=\"async\" alt=\"\" src=\"https:\/\/lh6.googleusercontent.com\/-I_Y7LYitoKs\/Tq2hc5SRtAI\/AAAAAAAAAVQ\/NUxcisaW4E0\/s400\/00005.MTS.jpg\" width=\"500\" height=\"281\" \/><\/a><\/p>\n<p><a href=\"https:\/\/picasaweb.google.com\/lh\/photo\/URk4A0234skWx587rSqrkInyejhaBFANnUTGMLXrLFE?feat=embedwebsite\" target=\"_blank\"><img loading=\"lazy\" decoding=\"async\" alt=\"\" src=\"https:\/\/lh5.googleusercontent.com\/-G6YT1EyaBY4\/Tq2rc9R032I\/AAAAAAAAAVc\/2GuF0Gj39U0\/s400\/00006.MTS.jpg\" width=\"500\" height=\"281\" \/><\/a><\/p>\n<p><a href=\"https:\/\/picasaweb.google.com\/lh\/photo\/eVTvoqFdmRZ8M3VhCfpWlInyejhaBFANnUTGMLXrLFE?feat=embedwebsite\"><img loading=\"lazy\" decoding=\"async\" alt=\"\" src=\"https:\/\/lh5.googleusercontent.com\/-nCv8OTOvjsc\/Tq5p3yq_RiI\/AAAAAAAAAVw\/3aj5oKICPfY\/s144\/00007.MTS.jpg\" width=\"500\" height=\"281\" \/><\/a><\/p>\n<p><a href=\"https:\/\/picasaweb.google.com\/lh\/photo\/jZWe5QSg28uKccg0zf0KZ4nyejhaBFANnUTGMLXrLFE?feat=embedwebsite\"><img loading=\"lazy\" decoding=\"async\" alt=\"\" src=\"https:\/\/lh5.googleusercontent.com\/-9tp7JFTfRKw\/Tq5sxvHMbrI\/AAAAAAAAAV8\/Qgon4S4Fq5w\/s144\/00008.MTS.jpg\" width=\"500\" height=\"281\" \/><\/a><\/p>\n<p><a href=\"https:\/\/picasaweb.google.com\/lh\/photo\/PUAg-brTMJbLxhSJIE0Er4nyejhaBFANnUTGMLXrLFE?feat=embedwebsite\"><img loading=\"lazy\" decoding=\"async\" alt=\"\" src=\"https:\/\/lh5.googleusercontent.com\/-tyTnq3Pes_w\/Tq5zlPc2m6I\/AAAAAAAAAWI\/BAOIrCXR2jo\/s144\/00009.MTS.jpg\" width=\"500\" height=\"281\" \/><\/a><\/p>\n<p><a href=\"https:\/\/picasaweb.google.com\/lh\/photo\/HSPgMTYoBJUpbCfMsUCx7onyejhaBFANnUTGMLXrLFE?feat=embedwebsite\"><img loading=\"lazy\" decoding=\"async\" alt=\"\" src=\"https:\/\/lh4.googleusercontent.com\/-qG7_PWU0AgY\/Tq54vQDAB_I\/AAAAAAAAAWU\/yA293XFeAfM\/s144\/00010.MTS.jpg\" width=\"500\" height=\"281\" \/><\/a><\/p>\n<p>L&rsquo;<strong>amicale du chien de Haguenau<\/strong>, pr\u00e9sid\u00e9 par <strong>Jean-Pierre Kost<\/strong>, tient \u00e0 remercier tous les participants venus de toute la France, les trois juges <strong>M. Bernard ROSER, M. Daniel SIONNIERE<\/strong> et <strong>M. Robert BARRERE<\/strong>, les traceurs <strong>M. Jean-Claude ADELHELM<\/strong>, <strong>M. Antoine GERBER, <strong>M. Yannick KIEFFER et M. Marc CARRERE<\/strong><\/strong>, ainsi que les hommes assistants <strong>M. Nicolas NAVEL, J\u00e9r\u00e9my MAREAU et M. Eric BICLOT<\/strong> et vous donne rendez-vous l&rsquo;ann\u00e9e prochaine pour un prochain concours RCI.<\/p>\n","protected":false},"excerpt":{"rendered":"<p>L&rsquo;Amicale du chien, sous le patronnage de la F\u00e9d\u00e9ration Canine d&rsquo;Alsace et de la soci\u00e9t\u00e9 Canine du Bas-Rhin, a cette ann\u00e9e l&rsquo;honneur d&rsquo;organiser le 1er S\u00e9lectif RCI, les 29 et 30 octobre 2011 sur le terrain 110 a route de Marienthal. Ce s\u00e9lectif, sans omettre l&rsquo;importance de celui-ci, puisqu&rsquo;il est une \u00e9tape de qualification pour [&hellip;]<\/p>\n","protected":false},"author":1,"featured_media":0,"parent":80,"menu_order":0,"comment_status":"open","ping_status":"open","template":"","meta":{"footnotes":""},"class_list":["post-146","page","type-page","status-publish","hentry"],"_links":{"self":[{"href":"http:\/\/www.amicale-du-chien.com\/index.php?rest_route=\/wp\/v2\/pages\/146","targetHints":{"allow":["GET"]}}],"collection":[{"href":"http:\/\/www.amicale-du-chien.com\/index.php?rest_route=\/wp\/v2\/pages"}],"about":[{"href":"http:\/\/www.amicale-du-chien.com\/index.php?rest_route=\/wp\/v2\/types\/page"}],"author":[{"embeddable":true,"href":"http:\/\/www.amicale-du-chien.com\/index.php?rest_route=\/wp\/v2\/users\/1"}],"replies":[{"embeddable":true,"href":"http:\/\/www.amicale-du-chien.com\/index.php?rest_route=%2Fwp%2Fv2%2Fcomments&post=146"}],"version-history":[{"count":2,"href":"http:\/\/www.amicale-du-chien.com\/index.php?rest_route=\/wp\/v2\/pages\/146\/revisions"}],"predecessor-version":[{"id":148,"href":"http:\/\/www.amicale-du-chien.com\/index.php?rest_route=\/wp\/v2\/pages\/146\/revisions\/148"}],"up":[{"embeddable":true,"href":"http:\/\/www.amicale-du-chien.com\/index.php?rest_route=\/wp\/v2\/pages\/80"}],"wp:attachment":[{"href":"http:\/\/www.amicale-du-chien.com\/index.php?rest_route=%2Fwp%2Fv2%2Fmedia&parent=146"}],"curies":[{"name":"wp","href":"https:\/\/api.w.org\/{rel}","templated":true}]}}