{"id":149,"date":"2013-07-18T10:39:50","date_gmt":"2013-07-18T09:39:50","guid":{"rendered":"http:\/\/www.amicale-du-chien.com\/?page_id=149"},"modified":"2013-07-22T15:11:58","modified_gmt":"2013-07-22T14:11:58","slug":"1er-selectif-fci-2010","status":"publish","type":"page","link":"http:\/\/www.amicale-du-chien.com\/?page_id=149","title":{"rendered":"1er S\u00e9lectif FCI 2010"},"content":{"rendered":"<p>L&rsquo;Amicale du chien, sous le patronnage de la F\u00e9d\u00e9ration Canine d&rsquo;Alsace et de la soci\u00e9t\u00e9 Canine du Bas-Rhin, a eu cette ann\u00e9e l&rsquo;honneur d&rsquo;organiser le<strong> 1er S\u00e9lectif de Pistage FCI<\/strong>, <strong>les 30 et 31 octobre 2010<\/strong> sur le terrain 110 a route de Marienthal.<\/p>\n<p>Ce s\u00e9lectif, sans omettre l&rsquo;importance de celui-ci, puisqu&rsquo;il est une \u00e9tape de qualification pour la finale, doit aussi \u00eatre un moment de reconnaissance du travail quotidien et par tous les temps r\u00e9alis\u00e9 par les concurrents et leurs chiens.<\/p>\n<p>Les juges de l&rsquo;\u00e9preuve sont <strong>Mme MARCY Evelyne<\/strong> et <strong>M. REUTHER Francis<\/strong>.<\/p>\n<p>Cette comp\u00e9tition \u00e9tant l&rsquo;occasion de rencontres et d&rsquo;\u00e9changes entre passionn\u00e9s, n&rsquo;h\u00e9sitez pas \u00e0 venir encourager tous les concurrents durant tout le WE autour du terrain et des pistes !!<\/p>\n<p>19 participants se sont finalement oppos\u00e9s dans les \u00e9preuves <strong>FCI de pistage<\/strong> qui se sont d\u00e9roul\u00e9es samedi et dimanche.<\/p>\n<p><strong>R\u00e9sultats FCI 3<\/strong><\/p>\n<table border=\"0\" cellspacing=\"0\" cellpadding=\"0\">\n<tbody>\n<tr bgcolor=\"#d6d6d6\">\n<td><span style=\"color: #000000;\">Chien<\/span><\/td>\n<td><span style=\"color: #000000;\">Conducteur<\/span><\/td>\n<td><span style=\"color: #000000;\">Race<\/span><\/td>\n<td><span style=\"color: #000000;\">Club<\/span><\/td>\n<td><span style=\"color: #000000;\">Piste A<\/span><\/td>\n<td><span style=\"color: #000000;\">Piste B<\/span><\/td>\n<td><span style=\"color: #000000;\">Total<\/span><\/td>\n<td><span style=\"color: #000000;\">Mention<\/span><\/td>\n<\/tr>\n<tr bgcolor=\"#3b4d86\">\n<td bgcolor=\"#f09338\"><span style=\"color: #000000;\">URFEE<\/span><\/td>\n<td bgcolor=\"#f09338\"><span style=\"color: #000000;\">SORIANO Annick<\/span><\/td>\n<td bgcolor=\"#f09338\"><span style=\"color: #000000;\">Hovawart<\/span><\/td>\n<td bgcolor=\"#f09338\"><span style=\"color: #000000;\">SC Pyr\u00e9n\u00e9es Catalanes<\/span><\/td>\n<td bgcolor=\"#f09338\"><span style=\"color: #000000;\">NC<\/span><\/td>\n<td bgcolor=\"#f09338\"><span style=\"color: #000000;\">60<\/span><\/td>\n<td bgcolor=\"#f09338\"><span style=\"color: #000000;\">60 PTS<\/span><\/td>\n<td bgcolor=\"#f09338\"><span style=\"color: #000000;\">NC<\/span><\/td>\n<\/tr>\n<tr>\n<td><span style=\"color: #000000;\">VIONA<\/span><\/td>\n<td><span style=\"color: #000000;\">CAMPILLO Marie-France<\/span><\/td>\n<td><span style=\"color: #000000;\">B.A<\/span><\/td>\n<td><span style=\"color: #000000;\">TC Pfaffenheim<\/span><\/td>\n<td><span style=\"color: #000000;\">NC<\/span><\/td>\n<td><span style=\"color: #000000;\">97<\/span><\/td>\n<td><span style=\"color: #000000;\">97 PTS<\/span><\/td>\n<td><span style=\"color: #000000;\">NC<\/span><\/td>\n<\/tr>\n<tr bgcolor=\"#f09338\">\n<td><span style=\"color: #000000;\">TITUS<\/span><\/td>\n<td><span style=\"color: #000000;\">LENGERT Yves<\/span><\/td>\n<td><span style=\"color: #000000;\">B.A<\/span><\/td>\n<td><span style=\"color: #000000;\">TCC Sarrewerden<\/span><\/td>\n<td><span style=\"color: #000000;\">99<\/span><\/td>\n<td><span style=\"color: #000000;\">92<\/span><\/td>\n<td><span style=\"color: #000000;\">191 PTS<\/span><\/td>\n<td><span style=\"color: #000000;\">TB (2\u00e8me)<\/span><\/td>\n<\/tr>\n<tr>\n<td><span style=\"color: #000000;\">HERA<\/span><\/td>\n<td><span style=\"color: #000000;\">SITTER Fr\u00e9d\u00e9ric<\/span><\/td>\n<td><span style=\"color: #000000;\">B.A<\/span><\/td>\n<td><span style=\"color: #000000;\">TCC de Betschdorf<\/span><\/td>\n<td><span style=\"color: #000000;\">85<\/span><\/td>\n<td><span style=\"color: #000000;\">96<\/span><\/td>\n<td><span style=\"color: #000000;\">181 PTS<\/span><\/td>\n<td><span style=\"color: #000000;\">TB (6\u00e8me)<\/span><\/td>\n<\/tr>\n<tr bgcolor=\"#f09338\">\n<td><span style=\"color: #000000;\">UCO<\/span><\/td>\n<td><span style=\"color: #000000;\">TAGLANG Jean-Ren\u00e9<\/span><\/td>\n<td><span style=\"color: #000000;\">B.A<\/span><\/td>\n<td><span style=\"color: #000000;\">TCC Stiring-Forbach<\/span><\/td>\n<td><span style=\"color: #000000;\">94<\/span><\/td>\n<td><span style=\"color: #000000;\">NC<\/span><\/td>\n<td><span style=\"color: #000000;\">94 PTS<\/span><\/td>\n<td><span style=\"color: #000000;\">NC<\/span><\/td>\n<\/tr>\n<tr>\n<td><span style=\"color: #000000;\">VICKIE<\/span><\/td>\n<td><span style=\"color: #000000;\">LEVELEUX Bernard<\/span><\/td>\n<td><span style=\"color: #000000;\">B.A<\/span><\/td>\n<td><span style=\"color: #000000;\">SC Pyr\u00e9n\u00e9es Catalanes<\/span><\/td>\n<td><span style=\"color: #000000;\">81<\/span><\/td>\n<td><span style=\"color: #000000;\">78<\/span><\/td>\n<td><span style=\"color: #000000;\">159 PTS<\/span><\/td>\n<td><span style=\"color: #000000;\">B (12\u00e8me)<\/span><\/td>\n<\/tr>\n<tr bgcolor=\"#f09338\">\n<td><span style=\"color: #000000;\">ROCK<\/span><\/td>\n<td><span style=\"color: #000000;\">ELCHINGER Gilbert<\/span><\/td>\n<td><span style=\"color: #000000;\">B.A<\/span><\/td>\n<td><span style=\"color: #000000;\">CC de Haguenau<\/span><\/td>\n<td><span style=\"color: #000000;\">89<\/span><\/td>\n<td><span style=\"color: #000000;\">NC<\/span><\/td>\n<td><span style=\"color: #000000;\">89 PTS<\/span><\/td>\n<td><span style=\"color: #000000;\">NC<\/span><\/td>\n<\/tr>\n<tr>\n<td><span style=\"color: #000000;\">ALLO<\/span><\/td>\n<td><span style=\"color: #000000;\">CARRERE Marc<\/span><\/td>\n<td><span style=\"color: #000000;\">B.A<\/span><\/td>\n<td><span style=\"color: #000000;\">AC Haguenau<\/span><\/td>\n<td><span style=\"color: #000000;\">89<\/span><\/td>\n<td><span style=\"color: #000000;\">77<\/span><\/td>\n<td><span style=\"color: #000000;\">166 PTS<\/span><\/td>\n<td><span style=\"color: #000000;\">AB (11\u00e8me)<\/span><\/td>\n<\/tr>\n<tr bgcolor=\"#f09338\">\n<td><span style=\"color: #000000;\">VANGA<\/span><\/td>\n<td><span style=\"color: #000000;\">CAMPILLO Marie-France<\/span><\/td>\n<td><span style=\"color: #000000;\">B.A<\/span><\/td>\n<td><span style=\"color: #000000;\">TC Pfaffenheim<\/span><\/td>\n<td><span style=\"color: #000000;\">90<\/span><\/td>\n<td><span style=\"color: #000000;\">94<\/span><\/td>\n<td><span style=\"color: #000000;\">184 PTS<\/span><\/td>\n<td><span style=\"color: #000000;\">TB (3\u00e8me)<\/span><\/td>\n<\/tr>\n<tr>\n<td><span style=\"color: #000000;\">TIMON<\/span><\/td>\n<td><span style=\"color: #000000;\">CRIQUI Jean-Paul<\/span><\/td>\n<td><span style=\"color: #000000;\">B.A<\/span><\/td>\n<td><span style=\"color: #000000;\">TCC de Betschdorf<\/span><\/td>\n<td><span style=\"color: #000000;\">87<\/span><\/td>\n<td><span style=\"color: #000000;\">96<\/span><\/td>\n<td><span style=\"color: #000000;\">183 PTS<\/span><\/td>\n<td><span style=\"color: #000000;\">TB (4\u00e8me)<\/span><\/td>\n<\/tr>\n<tr bgcolor=\"#f09338\">\n<td><span style=\"color: #000000;\">SHAYA<\/span><\/td>\n<td><span style=\"color: #000000;\">MAES Yves<\/span><\/td>\n<td><span style=\"color: #000000;\">Berger de Beauce<\/span><\/td>\n<td><span style=\"color: #000000;\">CD Westhoffen<\/span><\/td>\n<td><span style=\"color: #000000;\">NC<\/span><\/td>\n<td><span style=\"color: #000000;\">82<\/span><\/td>\n<td><span style=\"color: #000000;\">82 PTS<\/span><\/td>\n<td><span style=\"color: #000000;\">NC<\/span><\/td>\n<\/tr>\n<tr>\n<td><span style=\"color: #000000;\">HEICKO<\/span><\/td>\n<td><span style=\"color: #000000;\">BRICKA Ren\u00e9<\/span><\/td>\n<td><span style=\"color: #000000;\">B.A<\/span><\/td>\n<td><span style=\"color: #000000;\">TCC Sarrewerden<\/span><\/td>\n<td><span style=\"color: #000000;\">90<\/span><\/td>\n<td><span style=\"color: #000000;\">92<\/span><\/td>\n<td><span style=\"color: #000000;\">182 PTS<\/span><\/td>\n<td><span style=\"color: #000000;\">TB (5\u00e8me)<\/span><\/td>\n<\/tr>\n<tr bgcolor=\"#f09338\">\n<td><span style=\"color: #000000;\">ACE<\/span><\/td>\n<td><span style=\"color: #000000;\">CAILLEAU Jean-Marc<\/span><\/td>\n<td><span style=\"color: #000000;\">B.A<\/span><\/td>\n<td><span style=\"color: #000000;\">ESC de Chalon sur Saone<\/span><\/td>\n<td><span style=\"color: #000000;\">NC<\/span><\/td>\n<td><span style=\"color: #000000;\">NC<\/span><\/td>\n<td><span style=\"color: #000000;\">NC<\/span><\/td>\n<td><span style=\"color: #000000;\">NC<\/span><\/td>\n<\/tr>\n<tr>\n<td><span style=\"color: #000000;\">QUELLE<\/span><\/td>\n<td><span style=\"color: #000000;\">KREMER Guy<\/span><\/td>\n<td><span style=\"color: #000000;\">Airedale Terrier<\/span><\/td>\n<td><span style=\"color: #000000;\">CC Creutzwald<\/span><\/td>\n<td><span style=\"color: #000000;\">87<\/span><\/td>\n<td><span style=\"color: #000000;\">81<\/span><\/td>\n<td><span style=\"color: #000000;\">168 PTS<\/span><\/td>\n<td><span style=\"color: #000000;\">AB (10\u00e8me)<\/span><\/td>\n<\/tr>\n<tr bgcolor=\"#3b4d86\">\n<td bgcolor=\"#f09338\"><span style=\"color: #000000;\">BASKO<\/span><\/td>\n<td bgcolor=\"#f09338\"><span style=\"color: #000000;\">KANZLER Adrien<\/span><\/td>\n<td bgcolor=\"#f09338\"><span style=\"color: #000000;\">B.A<\/span><\/td>\n<td bgcolor=\"#f09338\"><span style=\"color: #000000;\">CC de Pettite Rosselle<\/span><\/td>\n<td bgcolor=\"#f09338\"><span style=\"color: #000000;\">99<\/span><\/td>\n<td bgcolor=\"#f09338\"><span style=\"color: #000000;\">97<\/span><\/td>\n<td bgcolor=\"#f09338\"><span style=\"color: #000000;\">196 PTS<\/span><\/td>\n<td bgcolor=\"#f09338\"><span style=\"color: #000000;\">EXC (1er)<\/span><\/td>\n<\/tr>\n<tr>\n<td><span style=\"color: #000000;\">BASKO<\/span><\/td>\n<td><span style=\"color: #000000;\">HERVE Daniel<\/span><\/td>\n<td><span style=\"color: #000000;\">B.A<\/span><\/td>\n<td><span style=\"color: #000000;\">TCC de Beinheim<\/span><\/td>\n<td><span style=\"color: #000000;\">83<\/span><\/td>\n<td><span style=\"color: #000000;\">88<\/span><\/td>\n<td><span style=\"color: #000000;\">171 PTS<\/span><\/td>\n<td><span style=\"color: #000000;\">AB (8\u00e8me)<\/span><\/td>\n<\/tr>\n<tr bgcolor=\"#f09338\">\n<td bgcolor=\"#f09338\"><span style=\"color: #000000;\">HALK<\/span><\/td>\n<td><span style=\"color: #000000;\">LAUBACHER Patrick<\/span><\/td>\n<td><span style=\"color: #000000;\">B.A<\/span><\/td>\n<td><span style=\"color: #000000;\">AC Haguenau<\/span><\/td>\n<td><span style=\"color: #000000;\">90<\/span><\/td>\n<td><span style=\"color: #000000;\">NC<\/span><\/td>\n<td><span style=\"color: #000000;\">NC<\/span><\/td>\n<td><span style=\"color: #000000;\">NC<\/span><\/td>\n<\/tr>\n<tr>\n<td><span style=\"color: #000000;\">BUCK<\/span><\/td>\n<td><span style=\"color: #000000;\">ROTH Jacqui<\/span><\/td>\n<td><span style=\"color: #000000;\">B.A<\/span><\/td>\n<td><span style=\"color: #000000;\">CD Westhoffen<\/span><\/td>\n<td><span style=\"color: #000000;\">88<\/span><\/td>\n<td><span style=\"color: #000000;\">83<\/span><\/td>\n<td><span style=\"color: #000000;\">171 PTS<\/span><\/td>\n<td><span style=\"color: #000000;\">AB (8\u00e8me)<\/span><\/td>\n<\/tr>\n<tr bgcolor=\"#f09338\">\n<td><span style=\"color: #000000;\">ATHOS II<\/span><\/td>\n<td><span style=\"color: #000000;\">BLANDIN Robert<\/span><\/td>\n<td><span style=\"color: #000000;\">B.A<\/span><\/td>\n<td><span style=\"color: #000000;\">TCC de Betschdorf<\/span><\/td>\n<td><span style=\"color: #000000;\">88<\/span><\/td>\n<td><span style=\"color: #000000;\">84<\/span><\/td>\n<td><span style=\"color: #000000;\">172 PTS<\/span><\/td>\n<td><span style=\"color: #000000;\">AB (7\u00e8me)<\/span><\/td>\n<\/tr>\n<\/tbody>\n<\/table>\n<p><a href=\"http:\/\/www.amicale-du-chien.com\/wp-content\/uploads\/2013\/07\/selectifFCI-groupe.jpg\"><img loading=\"lazy\" decoding=\"async\" class=\"size-full wp-image-150 alignleft\" alt=\"selectifFCI-groupe\" src=\"http:\/\/www.amicale-du-chien.com\/wp-content\/uploads\/2013\/07\/selectifFCI-groupe.jpg\" width=\"378\" height=\"283\" srcset=\"http:\/\/www.amicale-du-chien.com\/wp-content\/uploads\/2013\/07\/selectifFCI-groupe.jpg 378w, http:\/\/www.amicale-du-chien.com\/wp-content\/uploads\/2013\/07\/selectifFCI-groupe-300x224.jpg 300w\" sizes=\"auto, (max-width: 378px) 100vw, 378px\" \/><\/a><\/p>\n<p><a href=\"http:\/\/www.amicale-du-chien.com\/wp-content\/uploads\/2013\/07\/selectifFCI-podium.jpg\"><img loading=\"lazy\" decoding=\"async\" class=\" wp-image-151 alignnone\" alt=\"selectifFCI-podium\" src=\"http:\/\/www.amicale-du-chien.com\/wp-content\/uploads\/2013\/07\/selectifFCI-podium.jpg\" width=\"213\" height=\"283\" srcset=\"http:\/\/www.amicale-du-chien.com\/wp-content\/uploads\/2013\/07\/selectifFCI-podium.jpg 319w, http:\/\/www.amicale-du-chien.com\/wp-content\/uploads\/2013\/07\/selectifFCI-podium-225x300.jpg 225w\" sizes=\"auto, (max-width: 213px) 100vw, 213px\" \/><\/a><\/p>\n<p>L&rsquo;<strong>Amicale du chien de Haguenau<\/strong>, pr\u00e9sid\u00e9 par <strong>Jean-Pierre Kost<\/strong>, tient \u00e0 remercier tous les participants, les deux juges <strong>Mme MARCY Evelyne<\/strong> et<strong> M. REUTHER Francis<\/strong>, les chefs de pistes : Andr\u00e9 PFLEGER ; Adjoint Roland MEYER et Gilbert MULLER ; Adjoint Freddy VOGT, les traceurs : Jean-Luc RUCH \u2013 Patrick BERLING \u2013 Yannick KIEFFER \u2013 Andr\u00e9 PFLEGER \u2013 Denis QUERCY \u2013 Jean-Claude ADELHELM, les faux traceurs : Lucien CHRISTMANN \u2013 Marc SPANGENBERGER \u2013 Sylvie LADENBURGER \u2013 Aline SPANGENBERGER \u2013 Michel RIEHL, ainsi que toute l&rsquo;\u00e9quipe de b\u00e9n\u00e9voles de l&rsquo;Amicale du chien qui s\u2019est investie sans compter pour assurer la meilleure organisation possible.<\/p>\n<p>Un grand merci tout particulier \u00e0 <strong>Andr\u00e9 PFLEGER<\/strong> pour son investissement sans faille lors de l&rsquo;organisation de ce s\u00e9lectif.<\/p>\n","protected":false},"excerpt":{"rendered":"<p>L&rsquo;Amicale du chien, sous le patronnage de la F\u00e9d\u00e9ration Canine d&rsquo;Alsace et de la soci\u00e9t\u00e9 Canine du Bas-Rhin, a eu cette ann\u00e9e l&rsquo;honneur d&rsquo;organiser le 1er S\u00e9lectif de Pistage FCI, les 30 et 31 octobre 2010 sur le terrain 110 a route de Marienthal. Ce s\u00e9lectif, sans omettre l&rsquo;importance de celui-ci, puisqu&rsquo;il est une \u00e9tape [&hellip;]<\/p>\n","protected":false},"author":1,"featured_media":0,"parent":80,"menu_order":0,"comment_status":"open","ping_status":"open","template":"","meta":{"footnotes":""},"class_list":["post-149","page","type-page","status-publish","hentry"],"_links":{"self":[{"href":"http:\/\/www.amicale-du-chien.com\/index.php?rest_route=\/wp\/v2\/pages\/149","targetHints":{"allow":["GET"]}}],"collection":[{"href":"http:\/\/www.amicale-du-chien.com\/index.php?rest_route=\/wp\/v2\/pages"}],"about":[{"href":"http:\/\/www.amicale-du-chien.com\/index.php?rest_route=\/wp\/v2\/types\/page"}],"author":[{"embeddable":true,"href":"http:\/\/www.amicale-du-chien.com\/index.php?rest_route=\/wp\/v2\/users\/1"}],"replies":[{"embeddable":true,"href":"http:\/\/www.amicale-du-chien.com\/index.php?rest_route=%2Fwp%2Fv2%2Fcomments&post=149"}],"version-history":[{"count":8,"href":"http:\/\/www.amicale-du-chien.com\/index.php?rest_route=\/wp\/v2\/pages\/149\/revisions"}],"predecessor-version":[{"id":303,"href":"http:\/\/www.amicale-du-chien.com\/index.php?rest_route=\/wp\/v2\/pages\/149\/revisions\/303"}],"up":[{"embeddable":true,"href":"http:\/\/www.amicale-du-chien.com\/index.php?rest_route=\/wp\/v2\/pages\/80"}],"wp:attachment":[{"href":"http:\/\/www.amicale-du-chien.com\/index.php?rest_route=%2Fwp%2Fv2%2Fmedia&parent=149"}],"curies":[{"name":"wp","href":"https:\/\/api.w.org\/{rel}","templated":true}]}}