{"id":158,"date":"2013-07-18T10:49:15","date_gmt":"2013-07-18T09:49:15","guid":{"rendered":"http:\/\/www.amicale-du-chien.com\/?page_id=158"},"modified":"2013-11-13T14:34:55","modified_gmt":"2013-11-13T13:34:55","slug":"rallye-wrc","status":"publish","type":"page","link":"http:\/\/www.amicale-du-chien.com\/?page_id=158","title":{"rendered":"Rallye WRC"},"content":{"rendered":"<p>L&rsquo;Amicale du chien de Haguenau se mobilise, pour la quatri\u00e8me ann\u00e9e cons\u00e9cutive, le <strong>dimanche 6 octobre 2013<\/strong> pour soutenir S\u00e9bastien Loeb lors de son dernier passage \u00e0 Haguenau pour le compte du rallye de France-Alsace WRC. En effet, notre association tiendra un stand buvette-restauration devant <strong>la M\u00e9diath\u00e8que<\/strong> de Haguenau, o\u00f9 vous pourrez d\u00e9guster de d\u00e9licieux sandwichs et vous d\u00e9salt\u00e9rer tout au long de la journ\u00e9e.<\/p>\n<p><a href=\"http:\/\/www.amicale-du-chien.com\/wp-content\/uploads\/2013\/07\/4x3-entrees-de-ville-haguenau.jpg\"><img loading=\"lazy\" decoding=\"async\" class=\"alignleft size-medium wp-image-381\" alt=\"4x3-entrees-de-ville-haguenau\" src=\"http:\/\/www.amicale-du-chien.com\/wp-content\/uploads\/2013\/07\/4x3-entrees-de-ville-haguenau-300x224.jpg\" width=\"300\" height=\"224\" srcset=\"http:\/\/www.amicale-du-chien.com\/wp-content\/uploads\/2013\/07\/4x3-entrees-de-ville-haguenau-300x224.jpg 300w, http:\/\/www.amicale-du-chien.com\/wp-content\/uploads\/2013\/07\/4x3-entrees-de-ville-haguenau-1024x767.jpg 1024w, http:\/\/www.amicale-du-chien.com\/wp-content\/uploads\/2013\/07\/4x3-entrees-de-ville-haguenau.jpg 1134w\" sizes=\"auto, (max-width: 300px) 100vw, 300px\" \/><\/a><\/p>\n<p>Venez donc nombreux encourager notre champion du monde local qui effectuera son dernier rallye\u00a0au c\u0153ur de la Ville de Haguenau.<\/p>\n<p>N&rsquo;h\u00e9sitez pas \u00e0 venir nombreux accompagn\u00e9s de votre famille partager ce moment avec nous !<\/p>\n<p>Plus de d\u00e9tails sur : <a href=\"http:\/\/www.ville-haguenau.fr\/rallye-2013-1\">http:\/\/www.ville-haguenau.fr\/rallye-2013-1<\/a><\/p>\n<p>&nbsp;<\/p>\n<p><strong>BRAVO \u00e0 tous<\/strong> les membres pour votre implication durant les 3 derni\u00e8res ann\u00e9es de cette manifestation exceptionnelle !!<\/p>\n<p>D\u00e9couvrez la vid\u00e9o du dimanche 2 octobre 2011 :<\/p>\n<p><object width=\"560\" height=\"315\" classid=\"clsid:d27cdb6e-ae6d-11cf-96b8-444553540000\" codebase=\"http:\/\/download.macromedia.com\/pub\/shockwave\/cabs\/flash\/swflash.cab#version=6,0,40,0\"><param name=\"allowFullScreen\" value=\"true\" \/><param name=\"allowscriptaccess\" value=\"always\" \/><param name=\"src\" value=\"http:\/\/www.youtube.com\/v\/jX83SLqiP-g?version=3&amp;hl=fr_FR&amp;rel=0\" \/><param name=\"allowfullscreen\" value=\"true\" \/><embed width=\"560\" height=\"315\" type=\"application\/x-shockwave-flash\" src=\"http:\/\/www.youtube.com\/v\/jX83SLqiP-g?version=3&amp;hl=fr_FR&amp;rel=0\" allowFullScreen=\"true\" allowscriptaccess=\"always\" allowfullscreen=\"true\" \/><\/object><\/p>\n<p>et quelques photos du dimanche 3 octobre 2010.<\/p>\n\n\t\t<style type=\"text\/css\">\n\t\t\t#gallery-1 {\n\t\t\t\tmargin: auto;\n\t\t\t}\n\t\t\t#gallery-1 .gallery-item {\n\t\t\t\tfloat: left;\n\t\t\t\tmargin-top: 10px;\n\t\t\t\ttext-align: center;\n\t\t\t\twidth: 25%;\n\t\t\t}\n\t\t\t#gallery-1 img {\n\t\t\t\tborder: 2px solid #cfcfcf;\n\t\t\t}\n\t\t\t#gallery-1 .gallery-caption {\n\t\t\t\tmargin-left: 0;\n\t\t\t}\n\t\t\t\/* see gallery_shortcode() in wp-includes\/media.php *\/\n\t\t<\/style>\n\t\t<div id='gallery-1' class='gallery galleryid-158 gallery-columns-4 gallery-size-thumbnail'><dl class='gallery-item'>\n\t\t\t<dt class='gallery-icon landscape'>\n\t\t\t\t<a href='http:\/\/www.amicale-du-chien.com\/wp-content\/uploads\/2013\/07\/p1040251_003.jpg'><img loading=\"lazy\" decoding=\"async\" width=\"150\" height=\"150\" src=\"http:\/\/www.amicale-du-chien.com\/wp-content\/uploads\/2013\/07\/p1040251_003-150x150.jpg\" class=\"attachment-thumbnail size-thumbnail\" alt=\"\" \/><\/a>\n\t\t\t<\/dt><\/dl><dl class='gallery-item'>\n\t\t\t<dt class='gallery-icon landscape'>\n\t\t\t\t<a href='http:\/\/www.amicale-du-chien.com\/wp-content\/uploads\/2013\/07\/p1040253.jpg'><img loading=\"lazy\" decoding=\"async\" width=\"150\" height=\"150\" src=\"http:\/\/www.amicale-du-chien.com\/wp-content\/uploads\/2013\/07\/p1040253-150x150.jpg\" class=\"attachment-thumbnail size-thumbnail\" alt=\"\" \/><\/a>\n\t\t\t<\/dt><\/dl><dl class='gallery-item'>\n\t\t\t<dt class='gallery-icon landscape'>\n\t\t\t\t<a href='http:\/\/www.amicale-du-chien.com\/wp-content\/uploads\/2013\/07\/p1040254.jpg'><img loading=\"lazy\" decoding=\"async\" width=\"150\" height=\"150\" src=\"http:\/\/www.amicale-du-chien.com\/wp-content\/uploads\/2013\/07\/p1040254-150x150.jpg\" class=\"attachment-thumbnail size-thumbnail\" alt=\"\" \/><\/a>\n\t\t\t<\/dt><\/dl><dl class='gallery-item'>\n\t\t\t<dt class='gallery-icon landscape'>\n\t\t\t\t<a href='http:\/\/www.amicale-du-chien.com\/wp-content\/uploads\/2013\/07\/p1040256.jpg'><img loading=\"lazy\" decoding=\"async\" width=\"150\" height=\"150\" src=\"http:\/\/www.amicale-du-chien.com\/wp-content\/uploads\/2013\/07\/p1040256-150x150.jpg\" class=\"attachment-thumbnail size-thumbnail\" alt=\"\" \/><\/a>\n\t\t\t<\/dt><\/dl><br style=\"clear: both\" \/><dl class='gallery-item'>\n\t\t\t<dt class='gallery-icon landscape'>\n\t\t\t\t<a href='http:\/\/www.amicale-du-chien.com\/wp-content\/uploads\/2013\/07\/p1040257.jpg'><img loading=\"lazy\" decoding=\"async\" width=\"150\" height=\"150\" src=\"http:\/\/www.amicale-du-chien.com\/wp-content\/uploads\/2013\/07\/p1040257-150x150.jpg\" class=\"attachment-thumbnail size-thumbnail\" alt=\"\" \/><\/a>\n\t\t\t<\/dt><\/dl><dl class='gallery-item'>\n\t\t\t<dt class='gallery-icon landscape'>\n\t\t\t\t<a href='http:\/\/www.amicale-du-chien.com\/wp-content\/uploads\/2013\/07\/p1040258.jpg'><img loading=\"lazy\" decoding=\"async\" width=\"150\" height=\"150\" src=\"http:\/\/www.amicale-du-chien.com\/wp-content\/uploads\/2013\/07\/p1040258-150x150.jpg\" class=\"attachment-thumbnail size-thumbnail\" alt=\"\" \/><\/a>\n\t\t\t<\/dt><\/dl><dl class='gallery-item'>\n\t\t\t<dt class='gallery-icon landscape'>\n\t\t\t\t<a href='http:\/\/www.amicale-du-chien.com\/wp-content\/uploads\/2013\/07\/p1040259.jpg'><img loading=\"lazy\" decoding=\"async\" width=\"150\" height=\"150\" src=\"http:\/\/www.amicale-du-chien.com\/wp-content\/uploads\/2013\/07\/p1040259-150x150.jpg\" class=\"attachment-thumbnail size-thumbnail\" alt=\"\" \/><\/a>\n\t\t\t<\/dt><\/dl><dl class='gallery-item'>\n\t\t\t<dt class='gallery-icon landscape'>\n\t\t\t\t<a href='http:\/\/www.amicale-du-chien.com\/wp-content\/uploads\/2013\/07\/p1040260_001.jpg'><img loading=\"lazy\" decoding=\"async\" width=\"150\" height=\"150\" src=\"http:\/\/www.amicale-du-chien.com\/wp-content\/uploads\/2013\/07\/p1040260_001-150x150.jpg\" class=\"attachment-thumbnail size-thumbnail\" alt=\"\" \/><\/a>\n\t\t\t<\/dt><\/dl><br style=\"clear: both\" \/><dl class='gallery-item'>\n\t\t\t<dt class='gallery-icon landscape'>\n\t\t\t\t<a href='http:\/\/www.amicale-du-chien.com\/wp-content\/uploads\/2013\/07\/p1040262_001.jpg'><img loading=\"lazy\" decoding=\"async\" width=\"150\" height=\"150\" src=\"http:\/\/www.amicale-du-chien.com\/wp-content\/uploads\/2013\/07\/p1040262_001-150x150.jpg\" class=\"attachment-thumbnail size-thumbnail\" alt=\"\" \/><\/a>\n\t\t\t<\/dt><\/dl><dl class='gallery-item'>\n\t\t\t<dt class='gallery-icon landscape'>\n\t\t\t\t<a href='http:\/\/www.amicale-du-chien.com\/wp-content\/uploads\/2013\/07\/p1040263.jpg'><img loading=\"lazy\" decoding=\"async\" width=\"150\" height=\"150\" src=\"http:\/\/www.amicale-du-chien.com\/wp-content\/uploads\/2013\/07\/p1040263-150x150.jpg\" class=\"attachment-thumbnail size-thumbnail\" alt=\"\" \/><\/a>\n\t\t\t<\/dt><\/dl>\n\t\t\t<br style='clear: both' \/>\n\t\t<\/div>\n\n","protected":false},"excerpt":{"rendered":"<p>L&rsquo;Amicale du chien de Haguenau se mobilise, pour la quatri\u00e8me ann\u00e9e cons\u00e9cutive, le dimanche 6 octobre 2013 pour soutenir S\u00e9bastien Loeb lors de son dernier passage \u00e0 Haguenau pour le compte du rallye de France-Alsace WRC. En effet, notre association tiendra un stand buvette-restauration devant la M\u00e9diath\u00e8que de Haguenau, o\u00f9 vous pourrez d\u00e9guster de d\u00e9licieux [&hellip;]<\/p>\n","protected":false},"author":1,"featured_media":0,"parent":80,"menu_order":0,"comment_status":"closed","ping_status":"open","template":"","meta":{"footnotes":""},"class_list":["post-158","page","type-page","status-publish","hentry"],"_links":{"self":[{"href":"http:\/\/www.amicale-du-chien.com\/index.php?rest_route=\/wp\/v2\/pages\/158","targetHints":{"allow":["GET"]}}],"collection":[{"href":"http:\/\/www.amicale-du-chien.com\/index.php?rest_route=\/wp\/v2\/pages"}],"about":[{"href":"http:\/\/www.amicale-du-chien.com\/index.php?rest_route=\/wp\/v2\/types\/page"}],"author":[{"embeddable":true,"href":"http:\/\/www.amicale-du-chien.com\/index.php?rest_route=\/wp\/v2\/users\/1"}],"replies":[{"embeddable":true,"href":"http:\/\/www.amicale-du-chien.com\/index.php?rest_route=%2Fwp%2Fv2%2Fcomments&post=158"}],"version-history":[{"count":6,"href":"http:\/\/www.amicale-du-chien.com\/index.php?rest_route=\/wp\/v2\/pages\/158\/revisions"}],"predecessor-version":[{"id":385,"href":"http:\/\/www.amicale-du-chien.com\/index.php?rest_route=\/wp\/v2\/pages\/158\/revisions\/385"}],"up":[{"embeddable":true,"href":"http:\/\/www.amicale-du-chien.com\/index.php?rest_route=\/wp\/v2\/pages\/80"}],"wp:attachment":[{"href":"http:\/\/www.amicale-du-chien.com\/index.php?rest_route=%2Fwp%2Fv2%2Fmedia&parent=158"}],"curies":[{"name":"wp","href":"https:\/\/api.w.org\/{rel}","templated":true}]}}