{"id":179,"date":"2013-07-18T10:56:33","date_gmt":"2013-07-18T09:56:33","guid":{"rendered":"http:\/\/www.amicale-du-chien.com\/?page_id=179"},"modified":"2019-01-05T09:48:34","modified_gmt":"2019-01-05T08:48:34","slug":"assemblee-generale","status":"publish","type":"page","link":"http:\/\/www.amicale-du-chien.com\/?page_id=179","title":{"rendered":"Assembl\u00e9e g\u00e9n\u00e9rale"},"content":{"rendered":"<p>L&rsquo;Amicale du chien de Haguenau organise comme chaque ann\u00e9e son Assembl\u00e9e G\u00e9n\u00e9rale, elle aura lieu le<strong> dimanche\u00a027\u00a0janvier 2019<\/strong> <strong>\u00e0 9h30<\/strong> au Club House du terrain d&rsquo;entra\u00eenement.<\/p>\n<p>Nous comptons sur la pr\u00e9sence de l&rsquo;ensemble des membres pour faire le bilan de l&rsquo;ann\u00e9e \u00e9coul\u00e9e et s&rsquo;engager dans cette nouvelle ann\u00e9e pleine de projets et riche en \u00e9motions cynophiles.<\/p>\n<p><!--Pour \u00eatre \u00e9lecteur le jour de l'assembl\u00e9e g\u00e9n\u00e9rale il faut \u00eatre \u00e0 jour de cotisation pour l'ann\u00e9e en cours, c'est pourquoi cette ann\u00e9e vous devez renouveler votre adh\u00e9sion \u00e0 l'association, en payant la cotisation 2018 <strong>avant<\/strong> l'assembl\u00e9e g\u00e9n\u00e9rale. Le comit\u00e9 a donc d\u00e9cid\u00e9 de permettre aux membres de payer leur cotisation durant le mois de janvier 2018.\n\n<span style=\"color: #ff0000;\"><em><strong>Vous avez <u>jusqu'au mercredi 31 janvier 2018<\/u> pour payer la cotisation 2018.<\/strong><\/em><\/span>\n\n<strong>ORDRE DU JOUR<\/strong>\n\n&gt; D\u00e9claration d\u2019ouverture de l\u2019assembl\u00e9e g\u00e9n\u00e9rale et cr\u00e9ation du bureau de vote\n&gt; Salutations des membres et retrospectives de l'ann\u00e9e 2017.\n&gt; Lecture du PV de l'assembl\u00e9e g\u00e9n\u00e9rale 2017.\n&gt; D\u00e9charge du PV de l'assembl\u00e9e g\u00e9n\u00e9rale 2017.\n&gt; Rapport financier de l'ann\u00e9e \u00e9coul\u00e9e.\n&gt; Rapport des v\u00e9rificateurs aux comptes.\n&gt; D\u00e9charge du rapport des v\u00e9rificateurs aux comptes.\n&gt; D\u00e9signation des v\u00e9rificateurs aux comptes.\n&gt; Election des membres du comit\u00e9.\n&gt; Rapport des 2 responsables de sections (RCI - Ob\u00e9issance).\n&gt; Cotisations 2018.\n&gt; Remise de m\u00e9dailles.\n&gt; Perspectives pour 2018.\n&gt; Divers.\n&gt; R\u00e9sultats des \u00e9lections.\n\n<span style=\"color: #ff0000;\"--><br \/>\n<strong>ORDRE DU JOUR<\/strong><br \/>\n&gt; Salutations des membres et r\u00e9trospective de l&rsquo;ann\u00e9e 2018<br \/>\n&gt; Lecture du PV de l&rsquo;assembl\u00e9e g\u00e9n\u00e9rale 2018<br \/>\n&gt; D\u00e9charge du PV de l&rsquo;assembl\u00e9e g\u00e9n\u00e9rale 2018<br \/>\n&gt; Rapport financier de l&rsquo;ann\u00e9e \u00e9coul\u00e9e<br \/>\n&gt; Rapport des v\u00e9rificateurs aux comptes<br \/>\n&gt; D\u00e9charge du rapport des v\u00e9rificateurs aux comptes<br \/>\n&gt; D\u00e9signation des v\u00e9rificateurs aux comptes<br \/>\n&gt; Cooptation de M. Schneider H\u00e9ribert<br \/>\n&gt; Rapport des 2 responsables de sections (RCI &#8211; Ob\u00e9issance)<br \/>\n&gt; Cotisations 2019<br \/>\n&gt; Remise de m\u00e9dailles<br \/>\n&gt; Perspectives pour 2019<br \/>\n&gt; Divers<\/p>\n<p><span style=\"color: #ff0000;\"><em><strong>Les cartes de membres sont renouvelables ce jour-l\u00e0.<\/strong><\/em><\/span><\/p>\n","protected":false},"excerpt":{"rendered":"<p>L&rsquo;Amicale du chien de Haguenau organise comme chaque ann\u00e9e son Assembl\u00e9e G\u00e9n\u00e9rale, elle aura lieu le dimanche\u00a027\u00a0janvier 2019 \u00e0 9h30 au Club House du terrain d&rsquo;entra\u00eenement. Nous comptons sur la pr\u00e9sence de l&rsquo;ensemble des membres pour faire le bilan de l&rsquo;ann\u00e9e \u00e9coul\u00e9e et s&rsquo;engager dans cette nouvelle ann\u00e9e pleine de projets et riche en \u00e9motions [&hellip;]<\/p>\n","protected":false},"author":1,"featured_media":0,"parent":80,"menu_order":0,"comment_status":"closed","ping_status":"open","template":"","meta":{"footnotes":""},"class_list":["post-179","page","type-page","status-publish","hentry"],"_links":{"self":[{"href":"http:\/\/www.amicale-du-chien.com\/index.php?rest_route=\/wp\/v2\/pages\/179","targetHints":{"allow":["GET"]}}],"collection":[{"href":"http:\/\/www.amicale-du-chien.com\/index.php?rest_route=\/wp\/v2\/pages"}],"about":[{"href":"http:\/\/www.amicale-du-chien.com\/index.php?rest_route=\/wp\/v2\/types\/page"}],"author":[{"embeddable":true,"href":"http:\/\/www.amicale-du-chien.com\/index.php?rest_route=\/wp\/v2\/users\/1"}],"replies":[{"embeddable":true,"href":"http:\/\/www.amicale-du-chien.com\/index.php?rest_route=%2Fwp%2Fv2%2Fcomments&post=179"}],"version-history":[{"count":15,"href":"http:\/\/www.amicale-du-chien.com\/index.php?rest_route=\/wp\/v2\/pages\/179\/revisions"}],"predecessor-version":[{"id":1114,"href":"http:\/\/www.amicale-du-chien.com\/index.php?rest_route=\/wp\/v2\/pages\/179\/revisions\/1114"}],"up":[{"embeddable":true,"href":"http:\/\/www.amicale-du-chien.com\/index.php?rest_route=\/wp\/v2\/pages\/80"}],"wp:attachment":[{"href":"http:\/\/www.amicale-du-chien.com\/index.php?rest_route=%2Fwp%2Fv2%2Fmedia&parent=179"}],"curies":[{"name":"wp","href":"https:\/\/api.w.org\/{rel}","templated":true}]}}