{"id":191,"date":"2013-07-18T16:18:19","date_gmt":"2013-07-18T15:18:19","guid":{"rendered":"http:\/\/www.amicale-du-chien.com\/?page_id=191"},"modified":"2017-07-10T14:22:44","modified_gmt":"2017-07-10T13:22:44","slug":"les-liens","status":"publish","type":"page","link":"http:\/\/www.amicale-du-chien.com\/?page_id=191","title":{"rendered":"Les liens"},"content":{"rendered":"<table border=\"0\" width=\"98%\" cellspacing=\"0\" cellpadding=\"0\">\n<tbody>\n<tr>\n<td align=\"center\" width=\"50%\"><a href=\"http:\/\/www.amicale-du-chien.com\/wp-content\/uploads\/2013\/07\/chienplus.gif\"><img loading=\"lazy\" decoding=\"async\" class=\"alignleft wp-image-193\" src=\"http:\/\/www.amicale-du-chien.com\/wp-content\/uploads\/2013\/07\/chienplus.gif\" alt=\"chienplus\" width=\"330\" height=\"60\" \/><\/a><\/td>\n<td width=\"54%\"><span style=\"font-family: Verdana;\"><b><a href=\"http:\/\/www.chienplus.com\/\" target=\"_blank\" rel=\"noopener\">Le chien, et le sport canin<\/a><\/b><\/span><\/td>\n<\/tr>\n<tr>\n<td colspan=\"2\"><\/td>\n<\/tr>\n<tr>\n<td align=\"center\" width=\"50%\"><a href=\"http:\/\/www.frenchtoutou.com\" target=\"_blank\" rel=\"noopener\"><img decoding=\"async\" src=\"http:\/\/banniere.frenchtoutou.com\/outils\/affichee.php?idban=3&amp;c=0\" alt=\"Frenchtoutou le site qui a du chien !\" border=\"0\" \/><\/a><\/td>\n<td width=\"54%\"><span style=\"font-family: Verdana;\"><b><a href=\"http:\/\/www.frenchtoutou.com\" target=\"_blank\" rel=\"noopener\">Frenchtoutou le site qui a du chien !<\/a><\/b><\/span><\/td>\n<\/tr>\n<tr>\n<td colspan=\"2\"><\/td>\n<\/tr>\n<tr>\n<td align=\"center\" width=\"50%\"><a href=\"http:\/\/www.amicale-du-chien.com\/wp-content\/uploads\/2013\/07\/logoCBR.jpg\"><img loading=\"lazy\" decoding=\"async\" class=\"aligncenter wp-image-924\" src=\"http:\/\/www.amicale-du-chien.com\/wp-content\/uploads\/2013\/07\/logoCBR-150x150.jpg\" alt=\"\" width=\"100\" height=\"98\" srcset=\"http:\/\/www.amicale-du-chien.com\/wp-content\/uploads\/2013\/07\/logoCBR-300x294.jpg 300w, http:\/\/www.amicale-du-chien.com\/wp-content\/uploads\/2013\/07\/logoCBR.jpg 317w\" sizes=\"auto, (max-width: 100px) 100vw, 100px\" \/><\/a><\/td>\n<td width=\"54%\"><span style=\"font-family: Verdana;\"><b><a href=\"http:\/\/www.scbr.asso.fr\/\" target=\"_blank\" rel=\"noopener\">Soci\u00e9t\u00e9 canine du Bas-Rhin<\/a><\/b><\/span><\/td>\n<\/tr>\n<tr>\n<td colspan=\"2\"><\/td>\n<\/tr>\n<tr>\n<td align=\"center\" width=\"50%\"><a href=\"http:\/\/www.scc.asso.fr\/\"><img loading=\"lazy\" decoding=\"async\" class=\"aligncenter wp-image-928\" src=\"http:\/\/www.amicale-du-chien.com\/wp-content\/uploads\/2013\/07\/LOGO_SCC_POSITIF-RVB-150x150.jpg\" alt=\"\" width=\"100\" height=\"100\" srcset=\"http:\/\/www.amicale-du-chien.com\/wp-content\/uploads\/2013\/07\/LOGO_SCC_POSITIF-RVB-150x150.jpg 150w, http:\/\/www.amicale-du-chien.com\/wp-content\/uploads\/2013\/07\/LOGO_SCC_POSITIF-RVB-300x300.jpg 300w, http:\/\/www.amicale-du-chien.com\/wp-content\/uploads\/2013\/07\/LOGO_SCC_POSITIF-RVB.jpg 477w\" sizes=\"auto, (max-width: 100px) 100vw, 100px\" \/><\/a><\/td>\n<td width=\"54%\"><span style=\"font-family: Verdana;\"><b><a href=\"http:\/\/www.scc.asso.fr\/\" target=\"_blank\" rel=\"noopener\">Soci\u00e9t\u00e9 centrale\u00a0canine<\/a><\/b><\/span><\/td>\n<\/tr>\n<tr>\n<td colspan=\"2\"><\/td>\n<\/tr>\n<\/tbody>\n<\/table>\n<p>&nbsp;<\/p>\n","protected":false},"excerpt":{"rendered":"<p>Le chien, et le sport canin Frenchtoutou le site qui a du chien ! Soci\u00e9t\u00e9 canine du Bas-Rhin Soci\u00e9t\u00e9 centrale\u00a0canine &nbsp;<\/p>\n","protected":false},"author":1,"featured_media":0,"parent":12,"menu_order":0,"comment_status":"closed","ping_status":"open","template":"","meta":{"footnotes":""},"class_list":["post-191","page","type-page","status-publish","hentry"],"_links":{"self":[{"href":"http:\/\/www.amicale-du-chien.com\/index.php?rest_route=\/wp\/v2\/pages\/191","targetHints":{"allow":["GET"]}}],"collection":[{"href":"http:\/\/www.amicale-du-chien.com\/index.php?rest_route=\/wp\/v2\/pages"}],"about":[{"href":"http:\/\/www.amicale-du-chien.com\/index.php?rest_route=\/wp\/v2\/types\/page"}],"author":[{"embeddable":true,"href":"http:\/\/www.amicale-du-chien.com\/index.php?rest_route=\/wp\/v2\/users\/1"}],"replies":[{"embeddable":true,"href":"http:\/\/www.amicale-du-chien.com\/index.php?rest_route=%2Fwp%2Fv2%2Fcomments&post=191"}],"version-history":[{"count":8,"href":"http:\/\/www.amicale-du-chien.com\/index.php?rest_route=\/wp\/v2\/pages\/191\/revisions"}],"predecessor-version":[{"id":929,"href":"http:\/\/www.amicale-du-chien.com\/index.php?rest_route=\/wp\/v2\/pages\/191\/revisions\/929"}],"up":[{"embeddable":true,"href":"http:\/\/www.amicale-du-chien.com\/index.php?rest_route=\/wp\/v2\/pages\/12"}],"wp:attachment":[{"href":"http:\/\/www.amicale-du-chien.com\/index.php?rest_route=%2Fwp%2Fv2%2Fmedia&parent=191"}],"curies":[{"name":"wp","href":"https:\/\/api.w.org\/{rel}","templated":true}]}}