{"id":203,"date":"2013-07-21T09:08:05","date_gmt":"2013-07-21T08:08:05","guid":{"rendered":"http:\/\/www.amicale-du-chien.com\/?page_id=203"},"modified":"2013-07-21T09:08:05","modified_gmt":"2013-07-21T08:08:05","slug":"concours-rci-et-fci-2012","status":"publish","type":"page","link":"http:\/\/www.amicale-du-chien.com\/?page_id=203","title":{"rendered":"Concours RCI et FCI 2012"},"content":{"rendered":"<p>L&rsquo;amicale du chien de Haguenau a organis\u00e9, le week-end des 14 et 15 janvier 2012, son <strong>huiti\u00e8me concours canin FCI de pistage et RCI<\/strong> sur son terrain, route de Marienthal.<\/p>\n<p>14 participants se sont finalement oppos\u00e9s dans les \u00e9preuves <strong>FCI de pistage<\/strong> qui se sont d\u00e9roul\u00e9es samedi et dimanche.<br \/>\n<object width=\"600\" height=\"400\" classid=\"clsid:d27cdb6e-ae6d-11cf-96b8-444553540000\" codebase=\"http:\/\/download.macromedia.com\/pub\/shockwave\/cabs\/flash\/swflash.cab#version=6,0,40,0\"><param name=\"src\" value=\"https:\/\/picasaweb.google.com\/s\/c\/bin\/slideshow.swf\" \/><param name=\"flashvars\" value=\"host=picasaweb.google.com&amp;hl=fr&amp;feat=flashalbum&amp;RGB=0x000000&amp;feed=https%3A%2F%2Fpicasaweb.google.com%2Fdata%2Ffeed%2Fapi%2Fuser%2F106692801449000757257%2Falbumid%2F5699661982080417393%3Falt%3Drss%26kind%3Dphoto%26authkey%3DGv1sRgCL-018aT86PeHA%26hl%3Dfr\" \/><param name=\"pluginspage\" value=\"http:\/\/www.macromedia.com\/go\/getflashplayer\" \/><embed width=\"600\" height=\"400\" type=\"application\/x-shockwave-flash\" src=\"https:\/\/picasaweb.google.com\/s\/c\/bin\/slideshow.swf\" flashvars=\"host=picasaweb.google.com&amp;hl=fr&amp;feat=flashalbum&amp;RGB=0x000000&amp;feed=https%3A%2F%2Fpicasaweb.google.com%2Fdata%2Ffeed%2Fapi%2Fuser%2F106692801449000757257%2Falbumid%2F5699661982080417393%3Falt%3Drss%26kind%3Dphoto%26authkey%3DGv1sRgCL-018aT86PeHA%26hl%3Dfr\" pluginspage=\"http:\/\/www.macromedia.com\/go\/getflashplayer\" \/><\/object><\/p>\n<p><!--table width=\"98%\" border=\"0\">\n\n\n<tr>\n\n\n<td>\n\n\n<div align=\"center\"><img loading=\"lazy\" decoding=\"async\" src=\"..\/img\/concours\/rci\/janvier2006\/FCI1.gif\" width=\"250\" height=\"163\"><\/div>\n\n<\/td>\n\n\n\n\n<td>&nbsp;<\/td>\n\n\n\n\n<td>\n\n\n<div align=\"center\"><img loading=\"lazy\" decoding=\"async\" src=\"..\/img\/concours\/rci\/janvier2006\/FCI2.gif\" width=\"250\" height=\"163\"><\/div>\n\n<\/td>\n\n\n<\/tr>\n\n\n<\/table--><strong>R\u00e9sultats de samedi 14 janvier<\/strong><\/p>\n<p><strong>R\u00e9sultats CSAU<\/strong><\/p>\n<table width=\"620\" border=\"0\" cellspacing=\"0\" cellpadding=\"0\">\n<tbody>\n<tr bgcolor=\"#d6d6d6\">\n<td width=\"14%\">\u00a0Chien<\/td>\n<td width=\"28%\">\u00a0Conducteur<\/td>\n<td width=\"10%\">\u00a0Race<\/td>\n<td width=\"23%\">\u00a0Club<\/td>\n<td width=\"13%\">\u00a0Mention<\/td>\n<\/tr>\n<tr bgcolor=\"#3b4d86\">\n<td bgcolor=\"#f09338\">\u00a0TARA<\/td>\n<td bgcolor=\"#f09338\">\u00a0ROTH Jacqui<\/td>\n<td bgcolor=\"#f09338\">\u00a0B.A<\/td>\n<td bgcolor=\"#f09338\">\u00a0ABAG Graffenstaden<\/td>\n<td bgcolor=\"#f09338\">\u00a0EXC.<\/td>\n<\/tr>\n<\/tbody>\n<\/table>\n<p><strong>R\u00e9sultats FCI Brevet<\/strong><\/p>\n<table width=\"620\" border=\"0\" cellspacing=\"0\" cellpadding=\"0\">\n<tbody>\n<tr bgcolor=\"#d6d6d6\">\n<td width=\"14%\">\u00a0Chien<\/td>\n<td width=\"28%\">\u00a0Conducteur<\/td>\n<td width=\"10%\">\u00a0Race<\/td>\n<td width=\"23%\">\u00a0Club<\/td>\n<td width=\"12%\">\u00a0Total<\/td>\n<td width=\"13%\">\u00a0Mention<\/td>\n<\/tr>\n<tr bgcolor=\"#3b4d86\">\n<td bgcolor=\"#f09338\">\u00a0TARA<\/td>\n<td bgcolor=\"#f09338\">\u00a0ROTH Jacqui<\/td>\n<td bgcolor=\"#f09338\">\u00a0B.A<\/td>\n<td bgcolor=\"#f09338\">\u00a0ABAG Graffenstaden<\/td>\n<td bgcolor=\"#f09338\">\u00a098 PTS<\/td>\n<td bgcolor=\"#f09338\">\u00a0EXC.<\/td>\n<\/tr>\n<\/tbody>\n<\/table>\n<p><strong>R\u00e9sultats FCI 3<\/strong><\/p>\n<table width=\"620\" border=\"0\" cellspacing=\"0\" cellpadding=\"0\">\n<tbody>\n<tr bgcolor=\"#d6d6d6\">\n<td width=\"14%\">\u00a0Chien<\/td>\n<td width=\"28%\">\u00a0Conducteur<\/td>\n<td width=\"10%\">\u00a0Race<\/td>\n<td width=\"23%\">\u00a0Club<\/td>\n<td width=\"12%\">\u00a0Total<\/td>\n<td width=\"13%\">\u00a0Mention<\/td>\n<\/tr>\n<tr bgcolor=\"#3b4d86\">\n<td bgcolor=\"#f09338\">\u00a0YASSO<\/td>\n<td bgcolor=\"#f09338\">\u00a0BRICKA Ren\u00e9<\/td>\n<td bgcolor=\"#f09338\">\u00a0B.A<\/td>\n<td bgcolor=\"#f09338\">\u00a0TCC Sarrewerden<\/td>\n<td bgcolor=\"#f09338\">\u00a098 PTS<\/td>\n<td bgcolor=\"#f09338\">\u00a0EXC.<\/td>\n<\/tr>\n<tr bgcolor=\"#f09338\">\n<td bgcolor=\"#3b4d86\">\u00a0UCO<\/td>\n<td bgcolor=\"#3b4d86\">\u00a0TAGLANG Jean-Ren\u00e9<\/td>\n<td bgcolor=\"#3b4d86\">\u00a0B.A<\/td>\n<td bgcolor=\"#3b4d86\">\u00a0TCC Stiring-Forbach<\/td>\n<td bgcolor=\"#3b4d86\">\u00a098 PTS<\/td>\n<td bgcolor=\"#3b4d86\">\u00a0EXC..<\/td>\n<\/tr>\n<tr bgcolor=\"#f09338\">\n<td>\u00a0ATHOS II<\/td>\n<td>\u00a0BLANDIN Robert<\/td>\n<td>\u00a0B.A<\/td>\n<td>\u00a0TCC Betschdorf<\/td>\n<td width=\"12%\">\u00a097 PTS<\/td>\n<td width=\"13%\">\u00a0EXC.<\/td>\n<\/tr>\n<tr bgcolor=\"#f09338\">\n<td bgcolor=\"#3b4d86\">\u00a0VANGA<\/td>\n<td bgcolor=\"#3b4d86\">\u00a0CAMPILLO Marie-France<\/td>\n<td bgcolor=\"#3b4d86\">\u00a0B.A<\/td>\n<td bgcolor=\"#3b4d86\">\u00a0TC Pfaffenheim<\/td>\n<td bgcolor=\"#3b4d86\" width=\"12%\">\u00a097 PTS<\/td>\n<td bgcolor=\"#3b4d86\" width=\"13%\">\u00a0EXC.<\/td>\n<\/tr>\n<tr bgcolor=\"#f09338\">\n<td bgcolor=\"#f09338\">\u00a0ALLO<\/td>\n<td bgcolor=\"#f09338\">\u00a0CARRERE Marc<\/td>\n<td bgcolor=\"#f09338\">\u00a0B.A<\/td>\n<td bgcolor=\"#f09338\">\u00a0AC Haguenau<\/td>\n<td bgcolor=\"#f09338\">\u00a095 PTS<\/td>\n<td bgcolor=\"#f09338\">\u00a0T.B..<\/td>\n<\/tr>\n<tr bgcolor=\"#f09338\">\n<td bgcolor=\"#3b4d86\">\u00a0HERA<\/td>\n<td bgcolor=\"#3b4d86\">\u00a0SITTER Fr\u00e9d\u00e9ric<\/td>\n<td bgcolor=\"#3b4d86\">\u00a0B.A<\/td>\n<td bgcolor=\"#3b4d86\">\u00a0TCC Betschdorf<\/td>\n<td bgcolor=\"#3b4d86\" width=\"12%\">\u00a095 PTS<\/td>\n<td bgcolor=\"#3b4d86\" width=\"13%\">\u00a0T.B.<\/td>\n<\/tr>\n<tr bgcolor=\"#f09338\">\n<td bgcolor=\"#f09338\">\u00a0BUCK<\/td>\n<td bgcolor=\"#f09338\">\u00a0BERLING Patrick<\/td>\n<td bgcolor=\"#f09338\">\u00a0\u00a0BB M<\/td>\n<td bgcolor=\"#f09338\">\u00a0ACD Mothern<\/td>\n<td bgcolor=\"#f09338\">\u00a094 PTS<\/td>\n<td bgcolor=\"#f09338\">\u00a0T.B.<\/td>\n<\/tr>\n<tr bgcolor=\"#3b4d86\">\n<td>\u00a0BASKO<\/td>\n<td>\u00a0HERVE Daniel<\/td>\n<td>\u00a0B.A<\/td>\n<td>\u00a0TCC Beinheim<\/td>\n<td>\u00a094 PTS<\/td>\n<td>\u00a0T.B.<\/td>\n<\/tr>\n<tr bgcolor=\"#f09338\">\n<td>\u00a0AMOS<\/td>\n<td>\u00a0DOMAGE Michel<\/td>\n<td>\u00a0BB M<\/td>\n<td>\u00a0CC pays du Grand Lac<\/td>\n<td>\u00a093 PTS<\/td>\n<td>\u00a0T.B.<\/td>\n<\/tr>\n<\/tbody>\n<\/table>\n<p>&nbsp;<\/p>\n<p><strong>R\u00e9sultats de dimanche 15 janvier<\/strong><\/p>\n<p><strong>R\u00e9sultats FCI 3<\/strong><\/p>\n<table width=\"620\" border=\"0\" cellspacing=\"0\" cellpadding=\"0\">\n<tbody>\n<tr bgcolor=\"#d6d6d6\">\n<td width=\"14%\">\u00a0Chien<\/td>\n<td width=\"28%\">\u00a0Conducteur<\/td>\n<td width=\"10%\">\u00a0Race<\/td>\n<td width=\"23%\">\u00a0Club<\/td>\n<td width=\"12%\">\u00a0Total<\/td>\n<td width=\"13%\">\u00a0Mention<\/td>\n<\/tr>\n<tr bgcolor=\"#3b4d86\">\n<td bgcolor=\"#f09338\">\u00a0DIVX<\/td>\n<td bgcolor=\"#f09338\">\u00a0BOUR Val\u00e9rie<\/td>\n<td bgcolor=\"#f09338\">\u00a0B.A<\/td>\n<td bgcolor=\"#f09338\">\u00a0CC Enchenberg<\/td>\n<td bgcolor=\"#f09338\">\u00a098 PTS<\/td>\n<td bgcolor=\"#f09338\">\u00a0EXC.<\/td>\n<\/tr>\n<tr bgcolor=\"#f09338\">\n<td bgcolor=\"#3b4d86\">\u00a0BENYA<\/td>\n<td bgcolor=\"#3b4d86\">\u00a0NAWURTSCH Jutta<\/td>\n<td bgcolor=\"#3b4d86\">\u00a0B.Blanc<\/td>\n<td bgcolor=\"#3b4d86\">\u00a0TCC Betschdorf<\/td>\n<td bgcolor=\"#3b4d86\">\u00a095 PTS<\/td>\n<td bgcolor=\"#3b4d86\">\u00a0T.B.<\/td>\n<\/tr>\n<tr bgcolor=\"#f09338\">\n<td bgcolor=\"#f09338\">\u00a0T&rsquo;PLATIN<\/td>\n<td bgcolor=\"#f09338\">\u00a0NAWURTSCH Jutta<\/td>\n<td bgcolor=\"#f09338\">\u00a0B.Blanc<\/td>\n<td bgcolor=\"#f09338\">\u00a0TCC Betschdorf<\/td>\n<td bgcolor=\"#f09338\">\u00a093 PTS<\/td>\n<td bgcolor=\"#f09338\">\u00a0T.B..<\/td>\n<\/tr>\n<tr bgcolor=\"#f09338\">\n<td bgcolor=\"#3b4d86\" width=\"14%\">\u00a0BETTY<\/td>\n<td bgcolor=\"#3b4d86\" width=\"28%\">\u00a0BAUDRY No\u00ebl<\/td>\n<td bgcolor=\"#3b4d86\" width=\"10%\">\u00a0Labrador<\/td>\n<td bgcolor=\"#3b4d86\" width=\"23%\">\u00a0TCC Dannemarie<\/td>\n<td bgcolor=\"#3b4d86\" width=\"12%\">\u00a090 PTS<\/td>\n<td bgcolor=\"#3b4d86\" width=\"13%\">\u00a0B.<\/td>\n<\/tr>\n<tr bgcolor=\"#f09338\">\n<td bgcolor=\"#f09338\">\u00a0BALTO<\/td>\n<td bgcolor=\"#f09338\">\u00a0SCHWOB Andr\u00e9<\/td>\n<td bgcolor=\"#f09338\">\u00a0B.A<\/td>\n<td bgcolor=\"#f09338\">\u00a0TCC Dannemarie<\/td>\n<td bgcolor=\"#f09338\">\u00a0NC<\/td>\n<td bgcolor=\"#f09338\">\u00a0NC<\/td>\n<\/tr>\n<\/tbody>\n<\/table>\n<p>Dimanche, se sont 8 concurrents qui ont particip\u00e9s aux \u00e9preuves <strong>RCI<\/strong>. Dans le cadre de cette comp\u00e9tition en trois manches, les concurrents doivent effectuer une \u00e9preuve de pistage, d&rsquo;ob\u00e9issance et de d\u00e9fense encore appel\u00e9e mordant.<\/p>\n<p>&nbsp;<\/p>\n<p><strong>R\u00e9sultats CSAU<\/strong><\/p>\n<table width=\"620\" border=\"0\" cellspacing=\"0\" cellpadding=\"0\">\n<tbody>\n<tr bgcolor=\"#d6d6d6\">\n<td width=\"14%\">\u00a0Chien<\/td>\n<td width=\"28%\">\u00a0Conducteur<\/td>\n<td width=\"10%\">\u00a0Race<\/td>\n<td width=\"23%\">\u00a0Club<\/td>\n<td width=\"13%\">\u00a0Mention<\/td>\n<\/tr>\n<tr bgcolor=\"#3b4d86\">\n<td bgcolor=\"#f09338\">\u00a0GOLDEN EYE<\/td>\n<td bgcolor=\"#f09338\">\u00a0FETTIG Cathie<\/td>\n<td bgcolor=\"#f09338\">\u00a0B.Aust.<\/td>\n<td bgcolor=\"#f09338\">\u00a0TCC S\u00e9lestat<\/td>\n<td bgcolor=\"#f09338\">\u00a0EXC.<\/td>\n<\/tr>\n<tr bgcolor=\"#3b4d86\">\n<td bgcolor=\"#3b4d86\">\u00a0FLAMME<\/td>\n<td bgcolor=\"#3b4d86\">\u00a0 OTT Claude<\/td>\n<td bgcolor=\"#3b4d86\">\u00a0 B.A<\/td>\n<td bgcolor=\"#3b4d86\">\u00a0TCC S\u00e9lestat<\/td>\n<td bgcolor=\"#3b4d86\">\u00a0EXC.<\/td>\n<\/tr>\n<tr bgcolor=\"#3b4d86\">\n<td bgcolor=\"#f09338\">\u00a0BALOU<\/td>\n<td bgcolor=\"#f09338\">\u00a0PELLETIER Corinne<\/td>\n<td bgcolor=\"#f09338\">\u00a0Hovawart<\/td>\n<td bgcolor=\"#f09338\">\u00a0AC Haguenau<\/td>\n<td bgcolor=\"#f09338\">\u00a0EXC.<\/td>\n<\/tr>\n<\/tbody>\n<\/table>\n<p><strong>R\u00e9sultats RCI Certificat<\/strong><\/p>\n<table width=\"620\" border=\"0\" cellspacing=\"0\" cellpadding=\"0\">\n<tbody>\n<tr bgcolor=\"#d6d6d6\">\n<td width=\"14%\">\u00a0Chien<\/td>\n<td width=\"28%\">\u00a0Conducteur<\/td>\n<td width=\"11%\">\u00a0Race<\/td>\n<td width=\"27%\">\u00a0Club<\/td>\n<td width=\"11%\">\u00a0Total<\/td>\n<td width=\"9%\">\u00a0Mention<\/td>\n<\/tr>\n<tr bgcolor=\"#f09338\">\n<td bgcolor=\"#f09338\">\u00a0EOS<\/td>\n<td>\u00a0SPANGENBERGER Aline<\/td>\n<td>\u00a0B.A<\/td>\n<td>\u00a0AC Haguenau<\/td>\n<td>\u00a0285 PTS<\/td>\n<td>\u00a0TB.<\/td>\n<\/tr>\n<\/tbody>\n<\/table>\n<p><strong>R\u00e9sultats RCI 2<\/strong><\/p>\n<table width=\"620\" border=\"0\" cellspacing=\"0\" cellpadding=\"0\">\n<tbody>\n<tr bgcolor=\"#d6d6d6\">\n<td width=\"14%\">\u00a0Chien<\/td>\n<td width=\"28%\">\u00a0Conducteur<\/td>\n<td width=\"10%\">\u00a0Race<\/td>\n<td width=\"27%\">\u00a0Club<\/td>\n<td width=\"11%\">\u00a0Total<\/td>\n<td width=\"10%\">\u00a0Mention<\/td>\n<\/tr>\n<tr bgcolor=\"#f09338\">\n<td bgcolor=\"#f09338\" width=\"14%\">\u00a0CALVA<\/td>\n<td width=\"28%\">\u00a0GERBER Francis<\/td>\n<td width=\"10%\">\u00a0B.A<\/td>\n<td width=\"27%\">\u00a0TCC Sarrewerden<\/td>\n<td bgcolor=\"#f09338\" width=\"11%\">\u00a0250 PTS<\/td>\n<td width=\"10%\">\u00a0NC<\/td>\n<\/tr>\n<\/tbody>\n<\/table>\n<p><strong>R\u00e9sultats RCI 3<\/strong><\/p>\n<table width=\"620\" border=\"0\" cellspacing=\"0\" cellpadding=\"0\">\n<tbody>\n<tr bgcolor=\"#d6d6d6\">\n<td width=\"24%\">\u00a0Chien<\/td>\n<td width=\"22%\">\u00a0Conducteur<\/td>\n<td width=\"6%\">\u00a0Race<\/td>\n<td width=\"27%\">\u00a0Club<\/td>\n<td width=\"11%\">\u00a0Total<\/td>\n<td width=\"10%\">\u00a0Mention<\/td>\n<\/tr>\n<tr bgcolor=\"#f09338\">\n<td bgcolor=\"#f09338\">\u00a0DAYA<\/td>\n<td>\u00a0MATHIS Gilles<\/td>\n<td>\u00a0\u00a0Malinois<\/td>\n<td>\u00a0TCC Saverne<\/td>\n<td>\u00a0284 PTS<\/td>\n<td>\u00a0T.B.<\/td>\n<\/tr>\n<tr bgcolor=\"#f09338\">\n<td bgcolor=\"#3b4d86\">\u00a0COBRA<\/td>\n<td bgcolor=\"#3b4d86\">\u00a0LEROUX Patrick<\/td>\n<td bgcolor=\"#3b4d86\">\u00a0B.A<\/td>\n<td bgcolor=\"#3b4d86\">\u00a0TCC Stiring-Forbach<\/td>\n<td bgcolor=\"#3b4d86\">\u00a0273 PTS<\/td>\n<td bgcolor=\"#3b4d86\">\u00a0T.B.<\/td>\n<\/tr>\n<tr bgcolor=\"#f09338\">\n<td bgcolor=\"#f09338\">\u00a0BUCK<\/td>\n<td>\u00a0BERLING Patrick<\/td>\n<td>\u00a0\u00a0Malinois<\/td>\n<td>\u00a0ACD Vendenheim<\/td>\n<td>\u00a0273 PTS<\/td>\n<td>\u00a0T.B.<\/td>\n<\/tr>\n<tr bgcolor=\"#f09338\">\n<td bgcolor=\"#3b4d86\">\u00a0AYCKA<\/td>\n<td bgcolor=\"#3b4d86\">\u00a0WENDLING Georges<\/td>\n<td bgcolor=\"#3b4d86\">\u00a0B.A<\/td>\n<td bgcolor=\"#3b4d86\">\u00a0SCD Reichshoffen<\/td>\n<td bgcolor=\"#3b4d86\">\u00a0257 PTS<\/td>\n<td bgcolor=\"#3b4d86\">\u00a0B.<\/td>\n<\/tr>\n<tr bgcolor=\"#f09338\">\n<td bgcolor=\"#f09338\" width=\"24%\">\u00a0VASCO<\/td>\n<td width=\"22%\">\u00a0BEYHURST Thierry<\/td>\n<td width=\"6%\">\u00a0\u00a0R<\/td>\n<td width=\"27%\">\u00a0ACD Mothern<\/td>\n<td width=\"11%\">\u00a0254 PTS<\/td>\n<td width=\"10%\">\u00a0B.<\/td>\n<\/tr>\n<tr bgcolor=\"#3b4d86\">\n<td bgcolor=\"#3b4d86\" width=\"24%\">\u00a0CROSS<\/td>\n<td width=\"22%\">\u00a0PETITJEAN Alain<\/td>\n<td width=\"6%\">\u00a0Malinois<\/td>\n<td width=\"27%\">\u00a0CU Dambenois<\/td>\n<td width=\"11%\">\u00a0250 PTS<\/td>\n<td width=\"10%\">\u00a0B.<\/td>\n<\/tr>\n<\/tbody>\n<\/table>\n<p>L&rsquo;<strong>amicale du chien de Haguenau<\/strong>, pr\u00e9sid\u00e9 par <strong>Jean-Pierre Kost<\/strong>, tient \u00e0 remercier tous les participants, les deux juges <strong>M. Francis HOF<\/strong> et <strong>M. Roland MEYER<\/strong>, les traceurs <strong>M. Jean-Claude ADELHELM<\/strong>, <strong>M. Andr\u00e9 PFLEGER et <strong>M. Yannick KIEFFER<\/strong><\/strong>, ainsi que l&rsquo;homme assistant <strong>M. Cl\u00e9ment LOEHR<\/strong> et vous donne rendez-vous l&rsquo;ann\u00e9e prochaine.<\/p>\n","protected":false},"excerpt":{"rendered":"<p>L&rsquo;amicale du chien de Haguenau a organis\u00e9, le week-end des 14 et 15 janvier 2012, son huiti\u00e8me concours canin FCI de pistage et RCI sur son terrain, route de Marienthal. 14 participants se sont finalement oppos\u00e9s dans les \u00e9preuves FCI de pistage qui se sont d\u00e9roul\u00e9es samedi et dimanche. R\u00e9sultats de samedi 14 janvier R\u00e9sultats [&hellip;]<\/p>\n","protected":false},"author":1,"featured_media":0,"parent":88,"menu_order":0,"comment_status":"open","ping_status":"open","template":"","meta":{"footnotes":""},"class_list":["post-203","page","type-page","status-publish","hentry"],"_links":{"self":[{"href":"http:\/\/www.amicale-du-chien.com\/index.php?rest_route=\/wp\/v2\/pages\/203","targetHints":{"allow":["GET"]}}],"collection":[{"href":"http:\/\/www.amicale-du-chien.com\/index.php?rest_route=\/wp\/v2\/pages"}],"about":[{"href":"http:\/\/www.amicale-du-chien.com\/index.php?rest_route=\/wp\/v2\/types\/page"}],"author":[{"embeddable":true,"href":"http:\/\/www.amicale-du-chien.com\/index.php?rest_route=\/wp\/v2\/users\/1"}],"replies":[{"embeddable":true,"href":"http:\/\/www.amicale-du-chien.com\/index.php?rest_route=%2Fwp%2Fv2%2Fcomments&post=203"}],"version-history":[{"count":1,"href":"http:\/\/www.amicale-du-chien.com\/index.php?rest_route=\/wp\/v2\/pages\/203\/revisions"}],"predecessor-version":[{"id":204,"href":"http:\/\/www.amicale-du-chien.com\/index.php?rest_route=\/wp\/v2\/pages\/203\/revisions\/204"}],"up":[{"embeddable":true,"href":"http:\/\/www.amicale-du-chien.com\/index.php?rest_route=\/wp\/v2\/pages\/88"}],"wp:attachment":[{"href":"http:\/\/www.amicale-du-chien.com\/index.php?rest_route=%2Fwp%2Fv2%2Fmedia&parent=203"}],"curies":[{"name":"wp","href":"https:\/\/api.w.org\/{rel}","templated":true}]}}