{"id":210,"date":"2013-07-21T09:13:55","date_gmt":"2013-07-21T08:13:55","guid":{"rendered":"http:\/\/www.amicale-du-chien.com\/?page_id=210"},"modified":"2013-07-21T09:13:55","modified_gmt":"2013-07-21T08:13:55","slug":"concours-rci-et-fci-2009","status":"publish","type":"page","link":"http:\/\/www.amicale-du-chien.com\/?page_id=210","title":{"rendered":"Concours RCI et FCI 2009"},"content":{"rendered":"<p>L&rsquo;amicale du chien de Haguenau a organis\u00e9, le week-end des 17 et 18 janvier 2009, son <strong>cinqui\u00e8me concours canin FCI de pistage et RCI<\/strong> sur son terrain, route de Marienthal.<\/p>\n<p>Malgr\u00e9 des conditions m\u00e9t\u00e9os difficiles (terrains gel\u00e9s puis pluie), les cynophiles venus essentiellement de la r\u00e9gion ont r\u00e9pondu pr\u00e9sent pour ce premier \u00e9v\u00e8nement de l&rsquo;ann\u00e9e, qui augure d&rsquo;une bonne saison 2009.<\/p>\n<p>10 participants se sont oppos\u00e9s dans les \u00e9preuves <strong>FCI de pistage<\/strong> qui se sont d\u00e9roul\u00e9es samedi.<\/p>\n<p><strong><br \/>\nR\u00e9sultats FCI Brevet<\/strong><\/p>\n<table width=\"620\" border=\"0\" cellspacing=\"0\" cellpadding=\"0\">\n<tbody>\n<tr bgcolor=\"#d6d6d6\">\n<td width=\"14%\">\u00a0Chien<\/td>\n<td width=\"29%\">\u00a0Conducteur<\/td>\n<td width=\"11%\">\u00a0Race<\/td>\n<td width=\"26%\">\u00a0Club<\/td>\n<td width=\"10%\">\u00a0Total<\/td>\n<td width=\"10%\">\u00a0Mention<\/td>\n<\/tr>\n<tr bgcolor=\"#f09338\">\n<td bgcolor=\"#f09338\" width=\"14%\">\u00a0TYSON<\/td>\n<td width=\"29%\">\u00a0GILGERT Daniel<\/td>\n<td width=\"11%\">\u00a0Boxer<\/td>\n<td width=\"26%\">\u00a0TCC Sarrewerden<\/td>\n<td width=\"10%\">\u00a096 PTS<\/td>\n<td width=\"10%\">\u00a0EXC.<\/td>\n<\/tr>\n<tr bgcolor=\"#3b4d86\">\n<td width=\"14%\">\u00a0AXE<\/td>\n<td width=\"29%\">\u00a0BARBIER Armand<\/td>\n<td width=\"11%\">\u00a0Beauceron<\/td>\n<td width=\"26%\">\u00a0SCD Reichshoffen<\/td>\n<td width=\"10%\">\u00a090 PTS<\/td>\n<td width=\"10%\">\u00a0T.B.<\/td>\n<\/tr>\n<\/tbody>\n<\/table>\n<p><strong><br \/>\nR\u00e9sultats FCI 1<\/strong><\/p>\n<table width=\"620\" border=\"0\" cellspacing=\"0\" cellpadding=\"0\">\n<tbody>\n<tr bgcolor=\"#d6d6d6\">\n<td width=\"14%\">\u00a0Chien<\/td>\n<td width=\"29%\">\u00a0Conducteur<\/td>\n<td width=\"11%\">\u00a0Race<\/td>\n<td width=\"26%\">\u00a0Club<\/td>\n<td width=\"10%\">\u00a0Total<\/td>\n<td width=\"10%\">\u00a0Mention<\/td>\n<\/tr>\n<tr bgcolor=\"#f09338\">\n<td>\u00a0BASKO<\/td>\n<td>\u00a0HERVE Daniel<\/td>\n<td>\u00a0B.A<\/td>\n<td>\u00a0TCC Beinheim<\/td>\n<td>\u00a096 PTS<\/td>\n<td>\u00a0EXC.<\/td>\n<\/tr>\n<tr bgcolor=\"#3b4d86\">\n<td>\u00a0AIKA<\/td>\n<td>\u00a0BILDSTEIN Jeannine<\/td>\n<td>\u00a0B.A<\/td>\n<td>\u00a0TCC Beinheim<\/td>\n<td>\u00a095 PTS<\/td>\n<td>\u00a0T.B.<\/td>\n<\/tr>\n<tr bgcolor=\"#3b4d86\">\n<td bgcolor=\"#f09338\">\u00a0HALK<\/td>\n<td bgcolor=\"#f09338\">\u00a0LAUBACHER Patrick<\/td>\n<td bgcolor=\"#f09338\">\u00a0B.A<\/td>\n<td bgcolor=\"#f09338\">\u00a0AC HAGUENAU<\/td>\n<td bgcolor=\"#f09338\">\u00a095 PTS<\/td>\n<td bgcolor=\"#f09338\">\u00a0T.\u00a0B.<\/td>\n<\/tr>\n<\/tbody>\n<\/table>\n<p><strong>R\u00e9sultats FCI 3<\/strong><\/p>\n<table width=\"620\" border=\"0\" cellspacing=\"0\" cellpadding=\"0\">\n<tbody>\n<tr bgcolor=\"#d6d6d6\">\n<td width=\"14%\">\u00a0Chien<\/td>\n<td width=\"28%\">\u00a0Conducteur<\/td>\n<td width=\"10%\">\u00a0Race<\/td>\n<td width=\"23%\">\u00a0Club<\/td>\n<td width=\"12%\">\u00a0Total<\/td>\n<td width=\"13%\">\u00a0Mention<\/td>\n<\/tr>\n<tr bgcolor=\"#3b4d86\">\n<td bgcolor=\"#f09338\">\u00a0HEICKO<\/td>\n<td bgcolor=\"#f09338\">\u00a0BRICKA Ren\u00e9<\/td>\n<td bgcolor=\"#f09338\">\u00a0B.A<\/td>\n<td bgcolor=\"#f09338\">\u00a0TCC Sarrewerden<\/td>\n<td bgcolor=\"#f09338\">\u00a098 PTS<\/td>\n<td bgcolor=\"#f09338\">\u00a0EXC.<\/td>\n<\/tr>\n<tr bgcolor=\"#3b4d86\">\n<td bgcolor=\"#3b4d86\">\u00a0BUCK<\/td>\n<td>\u00a0ROTH Jacqui<\/td>\n<td>\u00a0B.A<\/td>\n<td>\u00a0CD Westhoffen<\/td>\n<td>\u00a097 PTS<\/td>\n<td>\u00a0EXC..<\/td>\n<\/tr>\n<tr bgcolor=\"#f09338\">\n<td bgcolor=\"#f09338\" width=\"14%\">\u00a0FAUST<\/td>\n<td width=\"28%\">\u00a0VOGT Freddy<\/td>\n<td width=\"10%\">\u00a0B.A<\/td>\n<td width=\"23%\">\u00a0CC Haguenau<\/td>\n<td width=\"12%\">\u00a097 PTS<\/td>\n<td width=\"13%\">\u00a0EXC.<\/td>\n<\/tr>\n<tr bgcolor=\"#f09338\">\n<td bgcolor=\"#3b4d86\">\u00a0ALLO<\/td>\n<td bgcolor=\"#3b4d86\">\u00a0CARRERE Marc<\/td>\n<td bgcolor=\"#3b4d86\">\u00a0B.A<\/td>\n<td bgcolor=\"#3b4d86\">\u00a0AC Haguenau<\/td>\n<td bgcolor=\"#3b4d86\">\u00a095 PTS<\/td>\n<td bgcolor=\"#3b4d86\">\u00a0T.B.<\/td>\n<\/tr>\n<tr bgcolor=\"#f09338\">\n<td bgcolor=\"#f09338\">\u00a0ROCK<\/td>\n<td>\u00a0ELCHINGER Gilbert<\/td>\n<td>\u00a0B.A<\/td>\n<td>\u00a0CC Haguenau<\/td>\n<td>\u00a090 PTS<\/td>\n<td>\u00a0T.B.<\/td>\n<\/tr>\n<\/tbody>\n<\/table>\n<p>Dimanche, se sont 11 concurrents qui ont anim\u00e9s la journ\u00e9e, en participant aux \u00e9preuves <strong>RCI<\/strong>. Dans le cadre de cette comp\u00e9tition en trois manches, les concurrents doivent subir une \u00e9preuve de pistage, d&rsquo;ob\u00e9issance et de d\u00e9fense encore appel\u00e9e mordant.<\/p>\n<p><!--table width=\"98%\" border=\"0\">\n\n\n<tr>\n\n\n<td>\n\n\n<div align=\"center\"><img loading=\"lazy\" decoding=\"async\" src=\"..\/img\/concours\/rci\/janvier2007\/groupe.jpg\" width=\"250\" height=\"188\"><\/div>\n\n<\/td>\n\n\n\n\n<td>&nbsp;<\/td>\n\n\n\n\n<td>\n\n\n<div align=\"center\"><img loading=\"lazy\" decoding=\"async\" src=\"..\/img\/concours\/rci\/janvier2007\/ecoute.jpg\" width=\"250\" height=\"188\"><\/div>\n\n<\/td>\n\n\n<\/tr>\n\n\n<\/table-->\n<strong>R\u00e9sultats CSAU<\/strong><\/p>\n<table width=\"620\" border=\"0\" cellspacing=\"0\" cellpadding=\"0\">\n<tbody>\n<tr bgcolor=\"#d6d6d6\">\n<td width=\"14%\">\u00a0Chien<\/td>\n<td width=\"29%\">\u00a0Conducteur<\/td>\n<td width=\"11%\">\u00a0Race<\/td>\n<td width=\"26%\">\u00a0Club<\/td>\n<td width=\"10%\">\u00a0Mention<\/td>\n<\/tr>\n<tr bgcolor=\"#3b4d86\">\n<td bgcolor=\"#f09338\" width=\"14%\">\u00a0CAMUS<\/td>\n<td bgcolor=\"#f09338\" width=\"29%\">\u00a0LERGENMULLER Francis<\/td>\n<td bgcolor=\"#f09338\" width=\"11%\">\u00a0Boxer<\/td>\n<td bgcolor=\"#f09338\" width=\"26%\">\u00a0SCD Reichshoffen<\/td>\n<td bgcolor=\"#f09338\" width=\"10%\">\u00a0EXC.<\/td>\n<\/tr>\n<\/tbody>\n<\/table>\n<p><strong>R\u00e9sultats Certificat<\/strong><\/p>\n<table width=\"620\" border=\"0\" cellspacing=\"0\" cellpadding=\"0\">\n<tbody>\n<tr bgcolor=\"#d6d6d6\">\n<td width=\"14%\">\u00a0Chien<\/td>\n<td width=\"29%\">\u00a0Conducteur<\/td>\n<td width=\"11%\">\u00a0Race<\/td>\n<td width=\"26%\">\u00a0Club<\/td>\n<td width=\"10%\">\u00a0Total<\/td>\n<td width=\"10%\">\u00a0Mention<\/td>\n<\/tr>\n<tr bgcolor=\"#f09338\">\n<td bgcolor=\"#f09338\" width=\"14%\">\u00a0BARY<\/td>\n<td width=\"29%\">\u00a0ROTT Gilbert<\/td>\n<td width=\"11%\">\u00a0B.A<\/td>\n<td width=\"26%\">\u00a0ACD Vendenheim<\/td>\n<td width=\"10%\">\u00a0 275 PTS<\/td>\n<td width=\"10%\">\u00a0T.B.<\/td>\n<\/tr>\n<\/tbody>\n<\/table>\n<p><strong>R\u00e9sultats RCI 1<\/strong><\/p>\n<table width=\"620\" border=\"0\" cellspacing=\"0\" cellpadding=\"0\">\n<tbody>\n<tr bgcolor=\"#d6d6d6\">\n<td width=\"14%\">\u00a0Chien<\/td>\n<td width=\"28%\">\u00a0Conducteur<\/td>\n<td width=\"11%\">\u00a0Race<\/td>\n<td width=\"27%\">\u00a0Club<\/td>\n<td width=\"11%\">\u00a0Total<\/td>\n<td width=\"9%\">\u00a0Mention<\/td>\n<\/tr>\n<tr bgcolor=\"#f09338\">\n<td bgcolor=\"#f09338\">\u00a0JASKA<\/td>\n<td>\u00a0ROUSSEL Lauriane<\/td>\n<td>\u00a0B.A<\/td>\n<td>\u00a0AC Haguenau<\/td>\n<td>\u00a0276 PTS<\/td>\n<td>\u00a0T.B.<\/td>\n<\/tr>\n<tr bgcolor=\"#3b4d86\">\n<td>\u00a0AXE<\/td>\n<td>\u00a0BARBIER Armand<\/td>\n<td>\u00a0Beauceron<\/td>\n<td>\u00a0SCD Reichshoffen<\/td>\n<td>\u00a0259 PTS<\/td>\n<td>\u00a0B.<\/td>\n<\/tr>\n<\/tbody>\n<\/table>\n<p><strong>R\u00e9sultats RCI 2<\/strong><\/p>\n<table width=\"620\" border=\"0\" cellspacing=\"0\" cellpadding=\"0\">\n<tbody>\n<tr bgcolor=\"#d6d6d6\">\n<td width=\"14%\">\u00a0Chien<\/td>\n<td width=\"28%\">\u00a0Conducteur<\/td>\n<td width=\"10%\">\u00a0Race<\/td>\n<td width=\"27%\">\u00a0Club<\/td>\n<td width=\"11%\">\u00a0Total<\/td>\n<td width=\"10%\">\u00a0Mention<\/td>\n<\/tr>\n<tr bgcolor=\"#f09338\">\n<td bgcolor=\"#f09338\" width=\"14%\">\u00a0VOSCO<\/td>\n<td width=\"28%\">\u00a0WALTHER Herv\u00e9<\/td>\n<td width=\"10%\">\u00a0Rottweiller<\/td>\n<td width=\"27%\">\u00a0SCD Reichshoffen<\/td>\n<td bgcolor=\"#f09338\" width=\"11%\">\u00a0261 PTS<\/td>\n<td width=\"10%\">\u00a0B.<\/td>\n<\/tr>\n<tr bgcolor=\"#3b4d86\">\n<td width=\"14%\">\u00a0CELLO<\/td>\n<td width=\"28%\">\u00a0KISTLER Thierry<\/td>\n<td width=\"10%\">\u00a0B.A.<\/td>\n<td width=\"27%\">\u00a0AC Haguenau<\/td>\n<td width=\"11%\">\u00a0250 PTS<\/td>\n<td width=\"10%\">\u00a0B.<\/td>\n<\/tr>\n<\/tbody>\n<\/table>\n<p><strong>R\u00e9sultats RCI 3<\/strong><\/p>\n<table width=\"620\" border=\"0\" cellspacing=\"0\" cellpadding=\"0\">\n<tbody>\n<tr bgcolor=\"#d6d6d6\">\n<td width=\"24%\">\u00a0Chien<\/td>\n<td width=\"22%\">\u00a0Conducteur<\/td>\n<td width=\"6%\">\u00a0Race<\/td>\n<td width=\"27%\">\u00a0Club<\/td>\n<td width=\"11%\">\u00a0Total<\/td>\n<td width=\"10%\">\u00a0Mention<\/td>\n<\/tr>\n<tr bgcolor=\"#f09338\">\n<td bgcolor=\"#f09338\" width=\"24%\">\u00a0VASCO<\/td>\n<td width=\"22%\">\u00a0BEYHURST Thierry<\/td>\n<td width=\"6%\">\u00a0Rottweiller<\/td>\n<td width=\"27%\">\u00a0TCC de Girlenhirsch<\/td>\n<td width=\"11%\">\u00a0282 PTS<\/td>\n<td width=\"10%\">\u00a0T.B.<\/td>\n<\/tr>\n<tr bgcolor=\"#3b4d86\">\n<td bgcolor=\"#3b4d86\" width=\"24%\">\u00a0FALCO<\/td>\n<td width=\"22%\">\u00a0WALTER Jean-Marie<\/td>\n<td width=\"6%\">\u00a0B.A<\/td>\n<td width=\"27%\">\u00a0CC Haguenau<\/td>\n<td width=\"11%\">\u00a0276 PTS<\/td>\n<td width=\"10%\">\u00a0T.B.<\/td>\n<\/tr>\n<tr bgcolor=\"#3b4d86\">\n<td bgcolor=\"#f09338\">\u00a0ALEX<\/td>\n<td bgcolor=\"#f09338\">\u00a0HALTER Michel<\/td>\n<td bgcolor=\"#f09338\">\u00a0B.A<\/td>\n<td bgcolor=\"#f09338\">\u00a0CC Haguenau<\/td>\n<td bgcolor=\"#f09338\">\u00a0274 PTS<\/td>\n<td bgcolor=\"#f09338\">\u00a0T.B.<\/td>\n<\/tr>\n<tr bgcolor=\"#3b4d86\">\n<td bgcolor=\"#3b4d86\">\u00a0\u00a0AYRTON<\/td>\n<td bgcolor=\"#3b4d86\">\u00a0NOE Michel<\/td>\n<td bgcolor=\"#3b4d86\">\u00a0B.A<\/td>\n<td bgcolor=\"#3b4d86\">\u00a0CC HAGUENAU<\/td>\n<td bgcolor=\"#3b4d86\">\u00a0263 PTS<\/td>\n<td bgcolor=\"#3b4d86\">\u00a0B.<\/td>\n<\/tr>\n<tr bgcolor=\"#f09338\">\n<td bgcolor=\"#f09338\">\u00a0URAS<\/td>\n<td>\u00a0BREFFA Jean-Paul<\/td>\n<td>\u00a0B.A<\/td>\n<td>\u00a0ACD Vendenheim<\/td>\n<td>\u00a0253 PTS<\/td>\n<td>\u00a0B.<\/td>\n<\/tr>\n<\/tbody>\n<\/table>\n<p>L&rsquo;<strong>amicale du chien de Haguenau<\/strong>, pr\u00e9sid\u00e9 par <strong>Jean-Pierre Kost<\/strong>, tient \u00e0 remercier tous les participants, les deux juges <strong>M. Roalnd MEYER<\/strong> et <strong>M. Francis STEINBERGER<\/strong>, les traceurs <strong>M. Jean-Claude ADELHELM<\/strong> et <strong>M. Andr\u00e9 PFLEGER<\/strong>, ainsi que les deux hommes assistants <strong>M. Thierry BEYHURST<\/strong> et <strong>M. Olivier JOERGER<\/strong> et vous donne rendez-vous l&rsquo;ann\u00e9e prochaine.<\/p>\n","protected":false},"excerpt":{"rendered":"<p>L&rsquo;amicale du chien de Haguenau a organis\u00e9, le week-end des 17 et 18 janvier 2009, son cinqui\u00e8me concours canin FCI de pistage et RCI sur son terrain, route de Marienthal. Malgr\u00e9 des conditions m\u00e9t\u00e9os difficiles (terrains gel\u00e9s puis pluie), les cynophiles venus essentiellement de la r\u00e9gion ont r\u00e9pondu pr\u00e9sent pour ce premier \u00e9v\u00e8nement de l&rsquo;ann\u00e9e, [&hellip;]<\/p>\n","protected":false},"author":1,"featured_media":0,"parent":88,"menu_order":0,"comment_status":"open","ping_status":"open","template":"","meta":{"footnotes":""},"class_list":["post-210","page","type-page","status-publish","hentry"],"_links":{"self":[{"href":"http:\/\/www.amicale-du-chien.com\/index.php?rest_route=\/wp\/v2\/pages\/210","targetHints":{"allow":["GET"]}}],"collection":[{"href":"http:\/\/www.amicale-du-chien.com\/index.php?rest_route=\/wp\/v2\/pages"}],"about":[{"href":"http:\/\/www.amicale-du-chien.com\/index.php?rest_route=\/wp\/v2\/types\/page"}],"author":[{"embeddable":true,"href":"http:\/\/www.amicale-du-chien.com\/index.php?rest_route=\/wp\/v2\/users\/1"}],"replies":[{"embeddable":true,"href":"http:\/\/www.amicale-du-chien.com\/index.php?rest_route=%2Fwp%2Fv2%2Fcomments&post=210"}],"version-history":[{"count":1,"href":"http:\/\/www.amicale-du-chien.com\/index.php?rest_route=\/wp\/v2\/pages\/210\/revisions"}],"predecessor-version":[{"id":211,"href":"http:\/\/www.amicale-du-chien.com\/index.php?rest_route=\/wp\/v2\/pages\/210\/revisions\/211"}],"up":[{"embeddable":true,"href":"http:\/\/www.amicale-du-chien.com\/index.php?rest_route=\/wp\/v2\/pages\/88"}],"wp:attachment":[{"href":"http:\/\/www.amicale-du-chien.com\/index.php?rest_route=%2Fwp%2Fv2%2Fmedia&parent=210"}],"curies":[{"name":"wp","href":"https:\/\/api.w.org\/{rel}","templated":true}]}}