{"id":212,"date":"2013-07-21T09:14:41","date_gmt":"2013-07-21T08:14:41","guid":{"rendered":"http:\/\/www.amicale-du-chien.com\/?page_id=212"},"modified":"2013-07-21T09:14:41","modified_gmt":"2013-07-21T08:14:41","slug":"concours-rci-et-fci-2008","status":"publish","type":"page","link":"http:\/\/www.amicale-du-chien.com\/?page_id=212","title":{"rendered":"Concours RCI et FCI 2008"},"content":{"rendered":"<p>L&rsquo;amicale du chien de Haguenau a organis\u00e9, ce week-end les 5 et 6 janvier 2008, son <strong>quatri\u00e8me concours canin FCI de pistage et RCI<\/strong> sur son terrain, route de Marienthal.<\/p>\n<p>Il y avait foule autour du terrain du club canin ce week-end et ce malgr\u00e9 la pluie tomb\u00e9e avec abondance samedi. Nombreux ont \u00e9t\u00e9 les spectateurs ravis et int\u00e9ress\u00e9s par les prestations des 30 concurrents participants aux \u00e9preuves.<\/p>\n<p align=\"center\"><!--img src=\"..\/img\/concours\/rci\/janvier2007\/foule.jpg\" width=\"250\" height=\"188\"--><\/p>\n<p>Malgr\u00e9 plusieurs changements de dates, les cynophiles venus essentiellement de la r\u00e9gion ont r\u00e9pondu pr\u00e9sent pour ce premier \u00e9v\u00e8n\u00e9m\u00e9nt de l&rsquo;ann\u00e9e.<br \/>\n18 participants se sont oppos\u00e9s dans les \u00e9preuves <strong>FCI de pistage<\/strong>.<\/p>\n<p><!--table width=\"98%\" border=\"0\">\n\n\n<tr>\n\n\n<td>\n\n\n<div align=\"center\"><img loading=\"lazy\" decoding=\"async\" src=\"..\/img\/concours\/rci\/janvier2006\/FCI1.gif\" width=\"250\" height=\"163\"><\/div>\n\n<\/td>\n\n\n\n\n<td>&nbsp;<\/td>\n\n\n\n\n<td>\n\n\n<div align=\"center\"><img loading=\"lazy\" decoding=\"async\" src=\"..\/img\/concours\/rci\/janvier2006\/FCI2.gif\" width=\"250\" height=\"163\"><\/div>\n\n<\/td>\n\n\n<\/tr>\n\n\n<\/table--><strong><br \/>\nR\u00e9sultats FCI Brevet<\/strong><\/p>\n<table width=\"620\" border=\"0\" cellspacing=\"0\" cellpadding=\"0\">\n<tbody>\n<tr bgcolor=\"#d6d6d6\">\n<td width=\"14%\">\u00a0Chien<\/td>\n<td width=\"29%\">\u00a0Conducteur<\/td>\n<td width=\"11%\">\u00a0Race<\/td>\n<td width=\"26%\">\u00a0Club<\/td>\n<td width=\"10%\">\u00a0Total<\/td>\n<td width=\"10%\">\u00a0Mention<\/td>\n<\/tr>\n<tr bgcolor=\"#f09338\">\n<td bgcolor=\"#f09338\" width=\"14%\">\u00a0VYK<\/td>\n<td width=\"29%\">\u00a0MOUSSA Laurence<\/td>\n<td width=\"11%\">\u00a0B.A<\/td>\n<td width=\"26%\">\u00a0TCC Strasbourg<\/td>\n<td width=\"10%\">\u00a098 PTS<\/td>\n<td width=\"10%\">\u00a0EXC.<\/td>\n<\/tr>\n<tr bgcolor=\"#3b4d86\">\n<td width=\"14%\">\u00a0GEROMINO<\/td>\n<td width=\"29%\">\u00a0MOUSSA Laurence<\/td>\n<td width=\"11%\">\u00a0B.A<\/td>\n<td width=\"26%\">\u00a0TCC Strasbourg<\/td>\n<td width=\"10%\">\u00a096 PTS<\/td>\n<td width=\"10%\">\u00a0EXC.<\/td>\n<\/tr>\n<tr bgcolor=\"#f09338\">\n<td width=\"14%\">\u00a0PLATO<\/td>\n<td width=\"29%\">\u00a0MULLER Christian<\/td>\n<td width=\"11%\">\u00a0B<\/td>\n<td width=\"26%\">\u00a0SCD Drusenheim<\/td>\n<td width=\"10%\">\u00a085 PTS<\/td>\n<td width=\"10%\">\u00a0B<\/td>\n<\/tr>\n<\/tbody>\n<\/table>\n<p><strong><br \/>\nR\u00e9sultats FCI 1<\/strong><\/p>\n<table width=\"620\" border=\"0\" cellspacing=\"0\" cellpadding=\"0\">\n<tbody>\n<tr bgcolor=\"#d6d6d6\">\n<td width=\"14%\">\u00a0Chien<\/td>\n<td width=\"29%\">\u00a0Conducteur<\/td>\n<td width=\"11%\">\u00a0Race<\/td>\n<td width=\"26%\">\u00a0Club<\/td>\n<td width=\"10%\">\u00a0Total<\/td>\n<td width=\"10%\">\u00a0Mention<\/td>\n<\/tr>\n<tr bgcolor=\"#f09338\">\n<td width=\"14%\">\u00a0ALLO<\/td>\n<td width=\"29%\">\u00a0CARRERE Marc<\/td>\n<td width=\"11%\">\u00a0B.A<\/td>\n<td width=\"26%\">\u00a0CC D&rsquo;Encherberg<\/td>\n<td width=\"10%\">\u00a093 PTS<\/td>\n<td width=\"10%\">\u00a0T.B.<\/td>\n<\/tr>\n<tr bgcolor=\"#3b4d86\">\n<td width=\"14%\">\u00a0ATHOS II<\/td>\n<td width=\"29%\">\u00a0BLANDIN Robert<\/td>\n<td width=\"11%\">\u00a0B.A<\/td>\n<td width=\"26%\">\u00a0TCC Betschdorf<\/td>\n<td width=\"10%\">\u00a092 PTS<\/td>\n<td width=\"10%\">\u00a0T.B.<\/td>\n<\/tr>\n<tr bgcolor=\"#f09338\">\n<td width=\"14%\">\u00a0BASKO<\/td>\n<td width=\"29%\">\u00a0HERVE Daniel<\/td>\n<td width=\"11%\">\u00a0B.A<\/td>\n<td width=\"26%\">\u00a0TCC Beinheim<\/td>\n<td width=\"10%\">\u00a089 PTS<\/td>\n<td width=\"10%\">\u00a0B<\/td>\n<\/tr>\n<tr bgcolor=\"#3b4d86\">\n<td width=\"14%\">\u00a0ETZEL<\/td>\n<td width=\"29%\">\u00a0STOLL Jean-Jacques<\/td>\n<td width=\"11%\">\u00a0B.A<\/td>\n<td width=\"26%\">\u00a0SCD Drusenheim<\/td>\n<td width=\"10%\">\u00a088 PTS<\/td>\n<td width=\"10%\">\u00a0B<\/td>\n<\/tr>\n<\/tbody>\n<\/table>\n<p><strong>R\u00e9sultats FCI 2<\/strong><\/p>\n<table width=\"620\" border=\"0\" cellspacing=\"0\" cellpadding=\"0\">\n<tbody>\n<tr bgcolor=\"#d6d6d6\">\n<td width=\"14%\">\u00a0Chien<\/td>\n<td width=\"28%\">\u00a0Conducteur<\/td>\n<td width=\"10%\">\u00a0Race<\/td>\n<td width=\"23%\">\u00a0Club<\/td>\n<td width=\"12%\">\u00a0Total<\/td>\n<td width=\"13%\">\u00a0Mention<\/td>\n<\/tr>\n<tr bgcolor=\"#f09338\">\n<td bgcolor=\"#f09338\" width=\"14%\">\u00a0ROCK<\/td>\n<td width=\"28%\">\u00a0ELCHINGER Gilbert<\/td>\n<td width=\"10%\">\u00a0B.A<\/td>\n<td width=\"23%\">\u00a0CC Haguenau<\/td>\n<td width=\"12%\">\u00a091 PTS<\/td>\n<td width=\"13%\">\u00a0T.B.<\/td>\n<\/tr>\n<tr bgcolor=\"#3b4d86\">\n<td width=\"14%\">\u00a0ROSCO<\/td>\n<td width=\"28%\">\u00a0DOTT Walter<\/td>\n<td width=\"10%\">\u00a0R<\/td>\n<td width=\"23%\">\u00a0SCD Drusenheim<\/td>\n<td width=\"12%\">\u00a091 PTS<\/td>\n<td width=\"13%\">\u00a0T.B.<\/td>\n<\/tr>\n<tr bgcolor=\"#f09338\">\n<td bgcolor=\"#f09338\" width=\"14%\">\u00a0HERA<\/td>\n<td width=\"28%\">\u00a0SITTER Fr\u00e9d\u00e9ric<\/td>\n<td width=\"10%\">\u00a0B.A<\/td>\n<td width=\"23%\">\u00a0TCC Betschdorf<\/td>\n<td width=\"12%\">\u00a052 PTS<\/td>\n<td width=\"13%\">\u00a0Insuffisant<\/td>\n<\/tr>\n<tr bgcolor=\"#3b4d86\">\n<td bgcolor=\"#3b4d86\" width=\"14%\">\u00a0SHAYA<\/td>\n<td width=\"28%\">\u00a0MAES Yves<\/td>\n<td width=\"10%\">\u00a0B.Beauce<\/td>\n<td width=\"23%\">\u00a0CD Westhoffen<\/td>\n<td width=\"12%\">\u00a050 PTS<\/td>\n<td width=\"13%\">\u00a0Insuffisant<\/td>\n<\/tr>\n<tr bgcolor=\"#f09338\">\n<td width=\"14%\">\u00a0ULY<\/td>\n<td width=\"28%\">\u00a0KAMPMANN Genevi\u00e8ve<\/td>\n<td width=\"10%\">\u00a0B.A<\/td>\n<td width=\"23%\">\u00a0AC Haguenau<\/td>\n<td width=\"12%\">\u00a045 PTS<\/td>\n<td width=\"13%\">\u00a0Insuffisant<\/td>\n<\/tr>\n<tr bgcolor=\"#3b4d86\">\n<td>\u00a0TESS<\/td>\n<td>\u00a0KAMPMANN Genevi\u00e8ve<\/td>\n<td>\u00a0S<\/td>\n<td>\u00a0AC Haguenau<\/td>\n<td>\u00a040 PTS<\/td>\n<td>\u00a0Insuffisant<\/td>\n<\/tr>\n<\/tbody>\n<\/table>\n<p><strong>R\u00e9sultats FCI 3<\/strong><\/p>\n<table width=\"620\" border=\"0\" cellspacing=\"0\" cellpadding=\"0\">\n<tbody>\n<tr bgcolor=\"#d6d6d6\">\n<td width=\"14%\">\u00a0Chien<\/td>\n<td width=\"28%\">\u00a0Conducteur<\/td>\n<td width=\"10%\">\u00a0Race<\/td>\n<td width=\"23%\">\u00a0Club<\/td>\n<td width=\"12%\">\u00a0Total<\/td>\n<td width=\"13%\">\u00a0Mention<\/td>\n<\/tr>\n<tr bgcolor=\"#f09338\">\n<td bgcolor=\"#f09338\" width=\"14%\">\u00a0FAUST<\/td>\n<td width=\"28%\">\u00a0VOGT Freddy<\/td>\n<td width=\"10%\">\u00a0B.A<\/td>\n<td width=\"23%\">\u00a0CC Haguenau<\/td>\n<td width=\"12%\">\u00a097 PTS<\/td>\n<td width=\"13%\">\u00a0EXC.<\/td>\n<\/tr>\n<tr bgcolor=\"#3b4d86\">\n<td bgcolor=\"#3b4d86\" width=\"14%\">\u00a0HEICKO<\/td>\n<td width=\"28%\">\u00a0BRICKA Ren\u00e9<\/td>\n<td width=\"10%\">\u00a0B.A<\/td>\n<td width=\"23%\">\u00a0TCC Sarrewerden<\/td>\n<td width=\"12%\">\u00a096 PTS<\/td>\n<td width=\"13%\">\u00a0EXC.<\/td>\n<\/tr>\n<tr bgcolor=\"#f09338\">\n<td bgcolor=\"#f09338\" width=\"14%\">\u00a0MATTEO<\/td>\n<td width=\"28%\">\u00a0HOF Francis<\/td>\n<td width=\"10%\">\u00a0B.A<\/td>\n<td width=\"23%\">\u00a0ACD Mothern<\/td>\n<td width=\"12%\">\u00a093 PTS<\/td>\n<td width=\"13%\">\u00a0T.B.<\/td>\n<\/tr>\n<tr bgcolor=\"#3b4d86\">\n<td width=\"14%\">\u00a0BUCK<\/td>\n<td width=\"28%\">\u00a0ROTH Jacqui<\/td>\n<td width=\"10%\">\u00a0B.A<\/td>\n<td width=\"23%\">\u00a0CD Westhoffen<\/td>\n<td width=\"12%\">\u00a092 PTS<\/td>\n<td width=\"13%\">\u00a0T.B.<\/td>\n<\/tr>\n<tr bgcolor=\"#3b4d86\">\n<td bgcolor=\"#f09338\">\u00a0SAMY<\/td>\n<td bgcolor=\"#f09338\">\u00a0BRAND Roger<\/td>\n<td bgcolor=\"#f09338\">\u00a0B.A<\/td>\n<td bgcolor=\"#f09338\">\u00a0TCC Cernay<\/td>\n<td bgcolor=\"#f09338\">\u00a040 PTS<\/td>\n<td bgcolor=\"#f09338\">\u00a0Insuffisant<\/td>\n<\/tr>\n<\/tbody>\n<\/table>\n<p>Samedi et dimanche, 14 concurrents ont particip\u00e9 aux \u00e9preuves <strong>RCI<\/strong>. Dans le cadre de cette comp\u00e9tition en trois manches, les concurrents doivent subir une \u00e9preuve de pistage, d&rsquo;ob\u00e9issance et de d\u00e9fense encore appel\u00e9e mordant.<\/p>\n<p>&nbsp;<\/p>\n<p><!--table width=\"98%\" border=\"0\">\n\n\n<tr>\n\n\n<td>\n\n\n<div align=\"center\"><img loading=\"lazy\" decoding=\"async\" src=\"..\/img\/concours\/rci\/janvier2007\/groupe.jpg\" width=\"250\" height=\"188\"><\/div>\n\n<\/td>\n\n\n\n\n<td>&nbsp;<\/td>\n\n\n\n\n<td>\n\n\n<div align=\"center\"><img loading=\"lazy\" decoding=\"async\" src=\"..\/img\/concours\/rci\/janvier2007\/ecoute.jpg\" width=\"250\" height=\"188\"><\/div>\n\n<\/td>\n\n\n<\/tr>\n\n\n<\/table-->\n<strong>R\u00e9sultats CSAU<\/strong><\/p>\n<table width=\"620\" border=\"0\" cellspacing=\"0\" cellpadding=\"0\">\n<tbody>\n<tr bgcolor=\"#d6d6d6\">\n<td width=\"14%\">\u00a0Chien<\/td>\n<td width=\"29%\">\u00a0Conducteur<\/td>\n<td width=\"11%\">\u00a0Race<\/td>\n<td width=\"26%\">\u00a0Club<\/td>\n<td width=\"10%\">\u00a0Mention<\/td>\n<\/tr>\n<tr bgcolor=\"#3b4d86\">\n<td width=\"14%\">\u00a0BRICK<\/td>\n<td width=\"29%\">\u00a0PFLEGER Andr\u00e9<\/td>\n<td width=\"11%\">\u00a0B.A<\/td>\n<td width=\"26%\">\u00a0AC Haguenau<\/td>\n<td width=\"10%\">\u00a0EXC.<\/td>\n<\/tr>\n<tr bgcolor=\"#3b4d86\">\n<td bgcolor=\"#f09338\">\u00a0ALONE<\/td>\n<td bgcolor=\"#f09338\">\u00a0FOLTZ Jean-Luc<\/td>\n<td bgcolor=\"#f09338\">\u00a0B.A<\/td>\n<td bgcolor=\"#f09338\">\u00a0TCC Beinheim<\/td>\n<td bgcolor=\"#f09338\">\u00a0EXC.<\/td>\n<\/tr>\n<\/tbody>\n<\/table>\n<p><strong>R\u00e9sultats Certificat<\/strong><\/p>\n<table width=\"620\" border=\"0\" cellspacing=\"0\" cellpadding=\"0\">\n<tbody>\n<tr bgcolor=\"#d6d6d6\">\n<td width=\"14%\">\u00a0Chien<\/td>\n<td width=\"29%\">\u00a0Conducteur<\/td>\n<td width=\"11%\">\u00a0Race<\/td>\n<td width=\"26%\">\u00a0Club<\/td>\n<td width=\"10%\">\u00a0Total<\/td>\n<td width=\"10%\">\u00a0Mention<\/td>\n<\/tr>\n<tr bgcolor=\"#f09338\">\n<td bgcolor=\"#f09338\" width=\"14%\">\u00a0ALEX<\/td>\n<td width=\"29%\">\u00a0LIEB Andr\u00e9<\/td>\n<td width=\"11%\">\u00a0B.A<\/td>\n<td width=\"26%\">\u00a0SCD Drusenheim<\/td>\n<td width=\"10%\">\u00a0285 PTS<\/td>\n<td width=\"10%\">\u00a0T.B.<\/td>\n<\/tr>\n<tr bgcolor=\"#3b4d86\">\n<td width=\"14%\">\u00a0ANDOR<\/td>\n<td width=\"29%\">\u00a0SPANGENBERGER Marc<\/td>\n<td width=\"11%\">\u00a0B.A<\/td>\n<td width=\"26%\">\u00a0AC HAGUENAU<\/td>\n<td width=\"10%\">\u00a0274 PTS<\/td>\n<td width=\"10%\">\u00a0T.B.<\/td>\n<\/tr>\n<tr bgcolor=\"#3b4d86\">\n<td bgcolor=\"#f09338\">\u00a0BIANCA<\/td>\n<td bgcolor=\"#f09338\">\u00a0KAMPMANN Fred<\/td>\n<td bgcolor=\"#f09338\">\u00a0B.A.<\/td>\n<td bgcolor=\"#f09338\">\u00a0AC Haguenau<\/td>\n<td bgcolor=\"#f09338\">\u00a0257 PTS<\/td>\n<td bgcolor=\"#f09338\">\u00a0B.<\/td>\n<\/tr>\n<\/tbody>\n<\/table>\n<p><strong>R\u00e9sultats RCI 1<\/strong><\/p>\n<table width=\"620\" border=\"0\" cellspacing=\"0\" cellpadding=\"0\">\n<tbody>\n<tr bgcolor=\"#d6d6d6\">\n<td width=\"14%\">\u00a0Chien<\/td>\n<td width=\"29%\">\u00a0Conducteur<\/td>\n<td width=\"8%\">\u00a0Race<\/td>\n<td width=\"29%\">\u00a0Club<\/td>\n<td width=\"10%\">\u00a0Total<\/td>\n<td width=\"10%\">\u00a0Mention<\/td>\n<\/tr>\n<tr bgcolor=\"#f09338\">\n<td bgcolor=\"#f09338\" width=\"14%\">\u00a0ALINA<\/td>\n<td width=\"29%\">\u00a0GRABER Richard<\/td>\n<td width=\"8%\">\u00a0B.A<\/td>\n<td width=\"29%\">\u00a0SCD Drusenheim<\/td>\n<td width=\"10%\">\u00a0244 PTS<\/td>\n<td width=\"10%\">\u00a0B.<\/td>\n<\/tr>\n<\/tbody>\n<\/table>\n<p><strong>R\u00e9sultats RCI 2<\/strong><\/p>\n<table width=\"620\" border=\"0\" cellspacing=\"0\" cellpadding=\"0\">\n<tbody>\n<tr bgcolor=\"#d6d6d6\">\n<td width=\"14%\">\u00a0Chien<\/td>\n<td width=\"28%\">\u00a0Conducteur<\/td>\n<td width=\"10%\">\u00a0Race<\/td>\n<td width=\"27%\">\u00a0Club<\/td>\n<td width=\"11%\">\u00a0Total<\/td>\n<td width=\"10%\">\u00a0Mention<\/td>\n<\/tr>\n<tr bgcolor=\"#f09338\">\n<td bgcolor=\"#f09338\" width=\"14%\">\u00a0AMIGO<\/td>\n<td width=\"28%\">\u00a0RIEHL Michel<\/td>\n<td width=\"10%\">\u00a0B.A<\/td>\n<td width=\"27%\">\u00a0CC Haguenau<\/td>\n<td bgcolor=\"#f09338\" width=\"11%\">\u00a0283 PTS<\/td>\n<td width=\"10%\">\u00a0T.B.<\/td>\n<\/tr>\n<tr bgcolor=\"#3b4d86\">\n<td width=\"14%\">\u00a0AYRTON<\/td>\n<td width=\"28%\">\u00a0NOE Michel<\/td>\n<td width=\"10%\">\u00a0B.A.<\/td>\n<td width=\"27%\">\u00a0CC Haguenau<\/td>\n<td width=\"11%\">\u00a0253 PTS<\/td>\n<td width=\"10%\">\u00a0B.<\/td>\n<\/tr>\n<tr bgcolor=\"#f09338\">\n<td width=\"14%\">\u00a0ALPHA<\/td>\n<td width=\"28%\">\u00a0MEYER Claude<\/td>\n<td width=\"10%\">\u00a0B.A<\/td>\n<td width=\"27%\">\u00a0CC Haguenau<\/td>\n<td width=\"11%\">\u00a0248 PTS<\/td>\n<td width=\"10%\">\u00a0B.<\/td>\n<\/tr>\n<\/tbody>\n<\/table>\n<p><strong>R\u00e9sultats RCI 3<\/strong><\/p>\n<table width=\"620\" border=\"0\" cellspacing=\"0\" cellpadding=\"0\">\n<tbody>\n<tr bgcolor=\"#d6d6d6\">\n<td width=\"24%\">\u00a0Chien<\/td>\n<td width=\"22%\">\u00a0Conducteur<\/td>\n<td width=\"6%\">\u00a0Race<\/td>\n<td width=\"27%\">\u00a0Club<\/td>\n<td width=\"11%\">\u00a0Total<\/td>\n<td width=\"10%\">\u00a0Mention<\/td>\n<\/tr>\n<tr bgcolor=\"#f09338\">\n<td bgcolor=\"#f09338\" width=\"24%\">\u00a0GARRY<\/td>\n<td width=\"22%\">\u00a0GRESS Joseph<\/td>\n<td width=\"6%\">\u00a0B.A<\/td>\n<td width=\"27%\">\u00a0CC HAGUENAU<\/td>\n<td width=\"11%\">\u00a0274 PTS<\/td>\n<td width=\"10%\">\u00a0T.B.<\/td>\n<\/tr>\n<tr bgcolor=\"#3b4d86\">\n<td bgcolor=\"#3b4d86\" width=\"24%\">\u00a0FALCO<\/td>\n<td width=\"22%\">\u00a0WALTER Jean-Marie<\/td>\n<td width=\"6%\">\u00a0B.A<\/td>\n<td width=\"27%\">\u00a0CC Haguenau<\/td>\n<td width=\"11%\">\u00a0271 PTS<\/td>\n<td width=\"10%\">\u00a0T.B.<\/td>\n<\/tr>\n<tr bgcolor=\"#3b4d86\">\n<td bgcolor=\"#f09338\">\u00a0FAX<\/td>\n<td bgcolor=\"#f09338\">\u00a0FRITSCH Ren\u00e9<\/td>\n<td bgcolor=\"#f09338\">\u00a0B.A<\/td>\n<td bgcolor=\"#f09338\">\u00a0TCC BETSCHDORF<\/td>\n<td bgcolor=\"#f09338\">\u00a0269 PTS<\/td>\n<td bgcolor=\"#f09338\">\u00a0B.<\/td>\n<\/tr>\n<tr bgcolor=\"#3b4d86\">\n<td bgcolor=\"#3b4d86\">\u00a0HALK<\/td>\n<td bgcolor=\"#3b4d86\">\u00a0LAUBACHER Patrick<\/td>\n<td bgcolor=\"#3b4d86\">\u00a0B.A<\/td>\n<td bgcolor=\"#3b4d86\">\u00a0AC HAGUENAU<\/td>\n<td bgcolor=\"#3b4d86\">\u00a0262 PTS<\/td>\n<td bgcolor=\"#3b4d86\">\u00a0B.<\/td>\n<\/tr>\n<tr bgcolor=\"#3b4d86\">\n<td bgcolor=\"#f09338\">\u00a0SHERLOCK HOLMES<\/td>\n<td bgcolor=\"#f09338\">\u00a0MUNCH Mathieu<\/td>\n<td bgcolor=\"#f09338\">\u00a0B.<\/td>\n<td bgcolor=\"#f09338\">\u00a0TCC BETSCHDORF<\/td>\n<td bgcolor=\"#f09338\">\u00a0249 PTS<\/td>\n<td bgcolor=\"#f09338\">\u00a0B.<\/td>\n<\/tr>\n<\/tbody>\n<\/table>\n<p>L&rsquo;<strong>amicale du chien de Haguenau<\/strong>, pr\u00e9sid\u00e9 par <strong>Jean-Pierre Kost<\/strong>, tient \u00e0 remercier tous les participants, les deux juges <strong>M. R\u00e9my SINGER<\/strong> et <strong>M. Francis STEINBERGER<\/strong> , ainsi que les deux hommes assistants <strong>M. Olivier GUNDY<\/strong> et <strong>M. Olivier JOERGER<\/strong> et vous donne rendez-vous l&rsquo;ann\u00e9e prochaine.<\/p>\n","protected":false},"excerpt":{"rendered":"<p>L&rsquo;amicale du chien de Haguenau a organis\u00e9, ce week-end les 5 et 6 janvier 2008, son quatri\u00e8me concours canin FCI de pistage et RCI sur son terrain, route de Marienthal. Il y avait foule autour du terrain du club canin ce week-end et ce malgr\u00e9 la pluie tomb\u00e9e avec abondance samedi. Nombreux ont \u00e9t\u00e9 les [&hellip;]<\/p>\n","protected":false},"author":1,"featured_media":0,"parent":88,"menu_order":0,"comment_status":"open","ping_status":"open","template":"","meta":{"footnotes":""},"class_list":["post-212","page","type-page","status-publish","hentry"],"_links":{"self":[{"href":"http:\/\/www.amicale-du-chien.com\/index.php?rest_route=\/wp\/v2\/pages\/212","targetHints":{"allow":["GET"]}}],"collection":[{"href":"http:\/\/www.amicale-du-chien.com\/index.php?rest_route=\/wp\/v2\/pages"}],"about":[{"href":"http:\/\/www.amicale-du-chien.com\/index.php?rest_route=\/wp\/v2\/types\/page"}],"author":[{"embeddable":true,"href":"http:\/\/www.amicale-du-chien.com\/index.php?rest_route=\/wp\/v2\/users\/1"}],"replies":[{"embeddable":true,"href":"http:\/\/www.amicale-du-chien.com\/index.php?rest_route=%2Fwp%2Fv2%2Fcomments&post=212"}],"version-history":[{"count":1,"href":"http:\/\/www.amicale-du-chien.com\/index.php?rest_route=\/wp\/v2\/pages\/212\/revisions"}],"predecessor-version":[{"id":213,"href":"http:\/\/www.amicale-du-chien.com\/index.php?rest_route=\/wp\/v2\/pages\/212\/revisions\/213"}],"up":[{"embeddable":true,"href":"http:\/\/www.amicale-du-chien.com\/index.php?rest_route=\/wp\/v2\/pages\/88"}],"wp:attachment":[{"href":"http:\/\/www.amicale-du-chien.com\/index.php?rest_route=%2Fwp%2Fv2%2Fmedia&parent=212"}],"curies":[{"name":"wp","href":"https:\/\/api.w.org\/{rel}","templated":true}]}}