{"id":218,"date":"2013-07-21T09:17:26","date_gmt":"2013-07-21T08:17:26","guid":{"rendered":"http:\/\/www.amicale-du-chien.com\/?page_id=218"},"modified":"2013-07-21T09:17:26","modified_gmt":"2013-07-21T08:17:26","slug":"concours-rci-et-fci-2006","status":"publish","type":"page","link":"http:\/\/www.amicale-du-chien.com\/?page_id=218","title":{"rendered":"Concours RCI et FCI 2006"},"content":{"rendered":"<p>L&rsquo;amicale du chien de Haguenau a organis\u00e9, ce week-end 21 et 22 janvier 2006, son <strong>deuxi\u00e8me concours canin FCI de pistage et RCI<\/strong> sur son terrain, route de Marienthal.<\/p>\n<p>Il y avait foule autour du terrain du club canin local ce week-end et ce malgr\u00e9 la m\u00e9t\u00e9o hivernale. Nombreux on \u00e9t\u00e9 les spectateurs ravis et int\u00e9ress\u00e9s par les prestations des 22 concurrents participants aux \u00e9preuves.<\/p>\n<p align=\"center\"><img loading=\"lazy\" decoding=\"async\" alt=\"\" src=\"http:\/\/www.caroweb.fr\/amicalechien1\/Pages\/img\/concours\/rci\/janvier2006\/tente.jpg\" width=\"250\" height=\"166\" \/><\/p>\n<p>Venus principalement de la r\u00e9gion, des cynophiles venus de la r\u00e9gion parisienne, de l&rsquo;Ain et du Puy-de-D\u00f4me ont \u00e9galement r\u00e9pondu \u00e0 l&rsquo;invitation du club haguenovien.<br \/>\nOnze participants se sont oppos\u00e9s dans les \u00e9preuves <strong>FCI de pistage<\/strong>.<\/p>\n<table width=\"98%\" border=\"0\">\n<tbody>\n<tr>\n<td>\n<div align=\"center\"><img loading=\"lazy\" decoding=\"async\" alt=\"\" src=\"http:\/\/www.caroweb.fr\/amicalechien1\/Pages\/img\/concours\/rci\/janvier2006\/FCI1.gif\" width=\"250\" height=\"163\" \/><\/div>\n<\/td>\n<td>\u00a0<\/td>\n<td>\n<div align=\"center\"><img loading=\"lazy\" decoding=\"async\" alt=\"\" src=\"http:\/\/www.caroweb.fr\/amicalechien1\/Pages\/img\/concours\/rci\/janvier2006\/FCI2.gif\" width=\"250\" height=\"163\" \/><\/div>\n<\/td>\n<\/tr>\n<\/tbody>\n<\/table>\n<p>Lors de ces \u00e9preuves, qui ont d\u00e9but\u00e9 samedi 21 janvier dans les pr\u00e9s entre Oberhoffen et Rohrwiller, les concurrents ont du suivre une piste trac\u00e9e par<strong> Yves Lengert et Claude Meyer<\/strong>, et retrouver divers objets diss\u00e9min\u00e9s sur le parcours. La longueur de la piste comme ses difficult\u00e9s sont progressives et fonction du niveau du chien. A noter que le champion de France en titre, <strong>Ren\u00e9 Bricka<\/strong>, a particip\u00e9 \u00e0 cette \u00e9preuve faisant avec son chien quasiment un sans faute.<\/p>\n<p>Dimanche, cinq concurrents ont particip\u00e9 aux \u00e9preuves <strong>RCI<\/strong>. Dans le cadre de cette comp\u00e9tition en trois manches, les concurrents doivent subir une \u00e9preuve de pistage, d&rsquo;ob\u00e9issance et de d\u00e9fense encore appel\u00e9e mordant.<\/p>\n<table width=\"98%\" border=\"0\" cellspacing=\"0\" cellpadding=\"0\">\n<tbody>\n<tr>\n<td>\n<div align=\"center\"><img loading=\"lazy\" decoding=\"async\" alt=\"\" src=\"http:\/\/www.caroweb.fr\/amicalechien1\/Pages\/img\/concoursRCI2006.jpg\" width=\"250\" height=\"163\" \/><br \/>\n<i>Charles Kleinmann avec Arko et Gilbert Elchinger entourant les deux juges.<br \/>\n(Photo DNA)<\/i><\/div>\n<div align=\"right\">\u00a0<\/div>\n<\/td>\n<\/tr>\n<\/tbody>\n<\/table>\n<p>Brevets d&rsquo;aptitude<\/p>\n<p>L&rsquo;\u00e9preuve d&rsquo;ob\u00e9issance a permis aux deux juges internationaux <strong>Francis Reuther et Francis Steinberger<\/strong> d&rsquo;\u00e9valuer chaque chien lors de divers exercices. Chaque chien, sur l&rsquo;ordre de son conducteur, a du marcher \u00e0 diff\u00e9rentes allures, sauter par-dessus divers obstacles et rapporter des objets.<\/p>\n<table width=\"98%\" border=\"0\">\n<tbody>\n<tr>\n<td>\n<div align=\"center\"><img loading=\"lazy\" decoding=\"async\" alt=\"\" src=\"http:\/\/www.caroweb.fr\/amicalechien1\/Pages\/img\/concours\/rci\/janvier2006\/RCI_groupe.jpg\" width=\"250\" height=\"163\" \/><\/div>\n<\/td>\n<td>\u00a0<\/td>\n<td><img loading=\"lazy\" decoding=\"async\" alt=\"\" src=\"http:\/\/www.caroweb.fr\/amicalechien1\/Pages\/img\/concours\/rci\/janvier2006\/RCI_saut2.jpg\" width=\"250\" height=\"163\" \/><\/td>\n<\/tr>\n<\/tbody>\n<\/table>\n<p>Enfin la d\u00e9fense, la derni\u00e8re des \u00e9preuves et aussi la plus spectaculaire, a cl\u00f4tur\u00e9 le concours. Il s&rsquo;agissait pour chaque chien de rechercher un malfaiteur dissimul\u00e9 sur le terrain et le neutraliser en respectant les consignes de son conducteur.<\/p>\n<p align=\"center\"><img decoding=\"async\" alt=\"\" src=\"http:\/\/www.caroweb.fr\/amicalechien1\/Pages\/img\/concours\/rci\/janvier2006\/RCI_mordant.jpg\" \/><\/p>\n<p>Cette manifestation aura \u00e9galement \u00e9t\u00e9 l&rsquo;occasion de remettre <strong>six brevets d&rsquo;aptitude<\/strong>. Ces brevets sont remis aux chiens apr\u00e8s \u00e9preuves o\u00f9 sont \u00e9valu\u00e9es l&rsquo;ob\u00e9issance et la sociabilit\u00e9.<\/p>\n<p>Pour l&rsquo;<strong>amicale du chien de Haguenau<\/strong>, pr\u00e9sid\u00e9 par <strong>Jean-Pierre Kost<\/strong>, ce deuxi\u00e8me concours est un v\u00e9ritable succ\u00e8s. Fort de sa cinquantaine de membres s&rsquo;adonnant \u00e0 l&rsquo;\u00e9ducation canine, le club a souhait\u00e9 non seulement participer mais aussi organiser diff\u00e9rentes \u00e9preuves, le pari est r\u00e9ussi et de fa\u00e7on exemplaire.<\/p>\n<p>Le 21 mai 2006, l&rsquo;amicale du chien de Haguenau organisera un concours d&rsquo;ob\u00e9issance r\u00e9gional sur son terrain, route de Marienthal. <strong>Renseignements T\u00e9l: 03 88 93 07 29<\/strong>.<\/p>\n","protected":false},"excerpt":{"rendered":"<p>L&rsquo;amicale du chien de Haguenau a organis\u00e9, ce week-end 21 et 22 janvier 2006, son deuxi\u00e8me concours canin FCI de pistage et RCI sur son terrain, route de Marienthal. Il y avait foule autour du terrain du club canin local ce week-end et ce malgr\u00e9 la m\u00e9t\u00e9o hivernale. Nombreux on \u00e9t\u00e9 les spectateurs ravis et [&hellip;]<\/p>\n","protected":false},"author":1,"featured_media":0,"parent":88,"menu_order":0,"comment_status":"open","ping_status":"open","template":"","meta":{"footnotes":""},"class_list":["post-218","page","type-page","status-publish","hentry"],"_links":{"self":[{"href":"http:\/\/www.amicale-du-chien.com\/index.php?rest_route=\/wp\/v2\/pages\/218","targetHints":{"allow":["GET"]}}],"collection":[{"href":"http:\/\/www.amicale-du-chien.com\/index.php?rest_route=\/wp\/v2\/pages"}],"about":[{"href":"http:\/\/www.amicale-du-chien.com\/index.php?rest_route=\/wp\/v2\/types\/page"}],"author":[{"embeddable":true,"href":"http:\/\/www.amicale-du-chien.com\/index.php?rest_route=\/wp\/v2\/users\/1"}],"replies":[{"embeddable":true,"href":"http:\/\/www.amicale-du-chien.com\/index.php?rest_route=%2Fwp%2Fv2%2Fcomments&post=218"}],"version-history":[{"count":1,"href":"http:\/\/www.amicale-du-chien.com\/index.php?rest_route=\/wp\/v2\/pages\/218\/revisions"}],"predecessor-version":[{"id":219,"href":"http:\/\/www.amicale-du-chien.com\/index.php?rest_route=\/wp\/v2\/pages\/218\/revisions\/219"}],"up":[{"embeddable":true,"href":"http:\/\/www.amicale-du-chien.com\/index.php?rest_route=\/wp\/v2\/pages\/88"}],"wp:attachment":[{"href":"http:\/\/www.amicale-du-chien.com\/index.php?rest_route=%2Fwp%2Fv2%2Fmedia&parent=218"}],"curies":[{"name":"wp","href":"https:\/\/api.w.org\/{rel}","templated":true}]}}