{"id":220,"date":"2013-07-21T09:18:56","date_gmt":"2013-07-21T08:18:56","guid":{"rendered":"http:\/\/www.amicale-du-chien.com\/?page_id=220"},"modified":"2013-07-21T09:18:56","modified_gmt":"2013-07-21T08:18:56","slug":"concours-rci-et-fci-2005","status":"publish","type":"page","link":"http:\/\/www.amicale-du-chien.com\/?page_id=220","title":{"rendered":"Concours RCI et FCI 2005"},"content":{"rendered":"<p>L&rsquo;amicale du chien de Haguenau organisait ce week-end 22 et 23 janvier 2005, sur son terrain de la route de Marienthal, <b>son premier concours canin<\/b>. Une comp\u00e9tition ou les chiens sont ob\u00e9issants et les ma\u00eetres responsables.<\/p>\n<p>Dimanche, 15 h. Sur le terrain de<b> l&rsquo;Amicale du chien de Haguenau<\/b>, l&rsquo;\u00e9preuve de d\u00e9fense a commenc\u00e9. Samedi, lors de la premi\u00e8re journ\u00e9e du premier (*) concours canin organis\u00e9 par les cynophiles haguenoviens, onze participants (dont certains venus de la r\u00e9gion parisienne) se sont oppos\u00e9s dans les \u00e9preuves \u00ab\u00a0FCI\u00a0\u00bb de pistage, o\u00f9 le chien doit retrouver, au flair, six objets sur un long parcours.<br \/>\nDimanche ont eu lieu pour six autres inscrits les \u00e9preuves \u00ab\u00a0RCI\u00a0\u00bb qui se d\u00e9roulent en trois \u00ab\u00a0manches\u00a0\u00bb : pistage (un peu plus court, avec seulement trois objets \u00e0 trouver), ob\u00e9issance (le chien doit r\u00e9pondre aux ordres de son ma\u00eetre) et d\u00e9fense (ou \u00ab\u00a0mordant\u00a0\u00bb).<\/p>\n<table width=\"80%\" border=\"0\" cellspacing=\"0\" cellpadding=\"0\">\n<tbody>\n<tr>\n<td>\n<div align=\"center\"><img loading=\"lazy\" decoding=\"async\" alt=\"\" src=\"http:\/\/www.caroweb.fr\/amicalechien1\/Pages\/img\/concours1.jpg\" width=\"249\" height=\"162\" \/><br \/>\n<i>Face \u00e0 l&rsquo;agresseur, le chien doit r\u00e9agir \u00e0 l&rsquo;ordre de son ma\u00eetre.<br \/>\n(Photo DNA)<\/i><\/div>\n<div align=\"right\">\u00a0<\/div>\n<\/td>\n<\/tr>\n<\/tbody>\n<\/table>\n<p><strong>Juguler l&rsquo;agressivit\u00e9<\/strong><\/p>\n<p>Un homme et un berger allemand s&rsquo;avancent sur le terrain. Au signal de son ma\u00eetre, le chien s&rsquo;\u00e9lance en direction d&rsquo;un obstacle qu&rsquo;il contourne, puis d&rsquo;un autre&#8230; jusqu&rsquo;\u00e0 arriver vers un danger potentiel en direction duquel il aboie. Un \u00ab\u00a0homme assistant\u00a0\u00bb fait son entr\u00e9e, portant des v\u00eatements de protection et une manchette sur le bras. Il se mue en agresseur, le chien doit se d\u00e9fendre.<br \/>\nL&rsquo;\u00e9preuve est termin\u00e9e : le \u00ab\u00a0couple\u00a0\u00bb obtient une bonne note qu&rsquo;il pourra porter au cr\u00e9dit de son carnet de travail, ce qui lui permettra peut-\u00eatre d&rsquo;\u00eatre s\u00e9lectionn\u00e9 pour des concours r\u00e9gionaux ou nationaux. La course \u00e9tait pr\u00e9cise, l&rsquo;aboiement assur\u00e9, la prise de gueule ferme et le chien s&rsquo;est arr\u00eat\u00e9 de mordre d\u00e8s que son ma\u00eetre lui en a intim\u00e9 l&rsquo;ordre.<br \/>\nLa d\u00e9monstration est impressionnante et pour un oeil \u00e9tranger, pas franchement rassurante. \u00ab\u00a0Les gens se disent qu&rsquo;on apprend aux chiens \u00e0 attaquer, et on souffre de cet amalgame. C&rsquo;est exactement le contraire, coupent en choeur Jean-Pierre Kost, pr\u00e9sident de l&rsquo;amicale du chien de Haguenau et Jean-Paul Petitdidier, vice-pr\u00e9sident de la Soci\u00e9t\u00e9 centrale canine. Aboyer et mordre, les chiens savent le faire ! On n&rsquo;a pas besoin de le leur apprendre. Ce qu&rsquo;on leur enseigne, c&rsquo;est \u00e0 ne jamais mordre sauf quand on le leur ordonne. Ce \u00e0 quoi le ma\u00eetre parvient, c&rsquo;est \u00e0 juguler l&rsquo;agressivit\u00e9 de son chien.\u00a0\u00bb<\/p>\n<p><strong>Comme un jeu<\/strong><\/p>\n<p>Le chien prend le \u00ab\u00a0travail\u00a0\u00bb des diff\u00e9rentes \u00e9preuves &#8211; plusieurs entra\u00eenements hebdomadaires sont n\u00e9cessaires avant de parvenir \u00e0 des r\u00e9sultats &#8211; comme un jeu, et une belle complicit\u00e9 s&rsquo;installe entre l&rsquo;homme et l&rsquo;animal. \u00ab\u00a0Notre but, par l&rsquo;animation des clubs canins et l&rsquo;organisation de concours, poursuit Jean-Pierre Kost, c&rsquo;est de former des ma\u00eetres responsables et d&rsquo;\u00e9liminer les \u00ab\u00a0chiens fous\u00a0\u00bb \u00e0 l&rsquo;agressivit\u00e9 anormale. Les chiens qui sont l\u00e0 aujourd&rsquo;hui [hier], si vous les rencontrez dans la rue avec leur ma\u00eetre, vous n&rsquo;avez rien \u00e0 craindre.\u00a0\u00bb<br \/>\n\u00ab\u00a0Quand des accidents se produisent, c&rsquo;est souvent parce que les ma\u00eetres ont une m\u00e9connaissance totale du fonctionnement de leur animal, regrette Jean-Pauk Petitdidier. Si on veut faire une comparaison, il y a des gens qui ne sont pas aptes \u00e0 conduire une Formule 1, et quelle que soit la voiture, il faut apprendre \u00e0 la ma\u00eetriser. Eh bien avec un chien, c&rsquo;est pareil.\u00a0\u00bb<\/p>\n<p>&nbsp;<\/p>\n<p><em>(*) L&rsquo;Amicale du chien est en cours d&rsquo;agr\u00e9ment \u00e0 la Soci\u00e9t\u00e9 centrale canine, ce qui lui permet d&rsquo;organiser des concours.<\/em><\/p>\n<p>&nbsp;<\/p>\n","protected":false},"excerpt":{"rendered":"<p>L&rsquo;amicale du chien de Haguenau organisait ce week-end 22 et 23 janvier 2005, sur son terrain de la route de Marienthal, son premier concours canin. Une comp\u00e9tition ou les chiens sont ob\u00e9issants et les ma\u00eetres responsables. Dimanche, 15 h. Sur le terrain de l&rsquo;Amicale du chien de Haguenau, l&rsquo;\u00e9preuve de d\u00e9fense a commenc\u00e9. Samedi, lors [&hellip;]<\/p>\n","protected":false},"author":1,"featured_media":0,"parent":88,"menu_order":0,"comment_status":"open","ping_status":"open","template":"","meta":{"footnotes":""},"class_list":["post-220","page","type-page","status-publish","hentry"],"_links":{"self":[{"href":"http:\/\/www.amicale-du-chien.com\/index.php?rest_route=\/wp\/v2\/pages\/220","targetHints":{"allow":["GET"]}}],"collection":[{"href":"http:\/\/www.amicale-du-chien.com\/index.php?rest_route=\/wp\/v2\/pages"}],"about":[{"href":"http:\/\/www.amicale-du-chien.com\/index.php?rest_route=\/wp\/v2\/types\/page"}],"author":[{"embeddable":true,"href":"http:\/\/www.amicale-du-chien.com\/index.php?rest_route=\/wp\/v2\/users\/1"}],"replies":[{"embeddable":true,"href":"http:\/\/www.amicale-du-chien.com\/index.php?rest_route=%2Fwp%2Fv2%2Fcomments&post=220"}],"version-history":[{"count":1,"href":"http:\/\/www.amicale-du-chien.com\/index.php?rest_route=\/wp\/v2\/pages\/220\/revisions"}],"predecessor-version":[{"id":221,"href":"http:\/\/www.amicale-du-chien.com\/index.php?rest_route=\/wp\/v2\/pages\/220\/revisions\/221"}],"up":[{"embeddable":true,"href":"http:\/\/www.amicale-du-chien.com\/index.php?rest_route=\/wp\/v2\/pages\/88"}],"wp:attachment":[{"href":"http:\/\/www.amicale-du-chien.com\/index.php?rest_route=%2Fwp%2Fv2%2Fmedia&parent=220"}],"curies":[{"name":"wp","href":"https:\/\/api.w.org\/{rel}","templated":true}]}}