{"id":222,"date":"2013-07-21T09:20:29","date_gmt":"2013-07-21T08:20:29","guid":{"rendered":"http:\/\/www.amicale-du-chien.com\/?page_id=222"},"modified":"2013-07-21T09:20:29","modified_gmt":"2013-07-21T08:20:29","slug":"concours-obeissance-2012","status":"publish","type":"page","link":"http:\/\/www.amicale-du-chien.com\/?page_id=222","title":{"rendered":"Concours Ob\u00e9issance 2012"},"content":{"rendered":"<p>L&rsquo;amicale du chien de Haguenau a organis\u00e9, le <strong>28 septembre 2012<\/strong>, son <b>septi\u00e8me concours canin d&rsquo;ob\u00e9issance<\/b> sur son terrain, route de Marienthal.<\/p>\n<p>Les spectateurs ont pu admirer les prestations des 28 concurrents sous le regard avis\u00e9 du juge M. BOCK Michel :<\/p>\n<p><object width=\"600\" height=\"400\" classid=\"clsid:d27cdb6e-ae6d-11cf-96b8-444553540000\" codebase=\"http:\/\/download.macromedia.com\/pub\/shockwave\/cabs\/flash\/swflash.cab#version=6,0,40,0\"><param name=\"src\" value=\"https:\/\/picasaweb.google.com\/s\/c\/bin\/slideshow.swf\" \/><param name=\"flashvars\" value=\"host=picasaweb.google.com&amp;hl=fr&amp;feat=flashalbum&amp;RGB=0x000000&amp;feed=https%3A%2F%2Fpicasaweb.google.com%2Fdata%2Ffeed%2Fapi%2Fuser%2F106692801449000757257%2Falbumid%2F5805785959145282001%3Falt%3Drss%26kind%3Dphoto%26authkey%3DGv1sRgCKXYwouM7Jrc_gE%26hl%3Dfr\" \/><param name=\"pluginspage\" value=\"http:\/\/www.macromedia.com\/go\/getflashplayer\" \/><embed width=\"600\" height=\"400\" type=\"application\/x-shockwave-flash\" src=\"https:\/\/picasaweb.google.com\/s\/c\/bin\/slideshow.swf\" flashvars=\"host=picasaweb.google.com&amp;hl=fr&amp;feat=flashalbum&amp;RGB=0x000000&amp;feed=https%3A%2F%2Fpicasaweb.google.com%2Fdata%2Ffeed%2Fapi%2Fuser%2F106692801449000757257%2Falbumid%2F5805785959145282001%3Falt%3Drss%26kind%3Dphoto%26authkey%3DGv1sRgCKXYwouM7Jrc_gE%26hl%3Dfr\" pluginspage=\"http:\/\/www.macromedia.com\/go\/getflashplayer\" \/><\/object><\/p>\n<p><!--p>\n\n\n<table cellspacing=\"0\" cellpadding=\"0\">\n\n\n<tr>\n\n\n<td colspan=\"5\" width=\"1101\" align=\"center\">&nbsp;CSAU&nbsp;<\/td>\n\n\n<\/tr>\n\n\n\n\n<tr bgcolor=\"D6D6D6\">\n\n\n<td>PROPRIETAIRE<\/td>\n\n\n\n\n<td>CHIEN<\/td>\n\n\n\n\n<td>CLUB<\/td>\n\n\n\n\n<td>RACE<\/td>\n\n\n\n\n<td>POINTAGE<\/td>\n\n\n<\/tr>\n\n\n\n\n<tr bgcolor=\"#F09338\">\n\n\n<td >REIFMAN Eve<\/td>\n\n\n\n\n<td >EIKO<\/td>\n\n\n\n\n<td >CC Schirrhein-Schirrhoffen<\/td>\n\n\n\n\n<td >Berger Blanc Suisse<\/td>\n\n\n\n\n<td >EXC<\/td>\n\n\n<\/tr>\n\n\n\n\n<tr>\n\n\n<td bgcolor=\"#3B4D86\"> REINBOLD Bernard<\/td>\n\n\n\n\n<td bgcolor=\"#3B4D86\"> Caline<\/td>\n\n\n\n\n<td bgcolor=\"#3B4D86\"> AC Haguenau<\/td>\n\n\n\n\n<td bgcolor=\"#3B4D86\"> Type Berger Allemand<\/td>\n\n\n\n\n<td bgcolor=\"#3B4D86\"> TB<\/td>\n\n\n<\/tr>\n\n\n\n\n<tr bgcolor=\"#F09338\">\n\n\n<td >WURTZ Rebecca<\/td>\n\n\n\n\n<td >EOWYN<\/td>\n\n\n\n\n<td >AC Haguenau<\/td>\n\n\n\n\n<td >Cocker<\/td>\n\n\n\n\n<td >EXC<\/td>\n\n\n<\/tr>\n\n\n\n\n<tr>\n\n\n<td bgcolor=\"#3B4D86\"> STROBEL Audrey<\/td>\n\n\n\n\n<td bgcolor=\"#3B4D86\"> FLY-TO-ETERNITY<\/td>\n\n\n\n\n<td bgcolor=\"#3B4D86\"> AC Haguenau<\/td>\n\n\n\n\n<td bgcolor=\"#3B4D86\"> Golden<\/td>\n\n\n\n\n<td bgcolor=\"#3B4D86\"> EXC<\/td>\n\n\n<\/tr>\n\n\n\n\n<tr bgcolor=\"#F09338\">\n\n\n<td >WEBER Philippe<\/td>\n\n\n\n\n<td >EDOUARD<\/td>\n\n\n\n\n<td >AC Haguenau<\/td>\n\n\n\n\n<td >Staffordshire<\/td>\n\n\n\n\n<td >BON<\/td>\n\n\n<\/tr>\n\n\n\n\n<tr>\n\n\n<td bgcolor=\"#3B4D86\"> NETH Sandrine<\/td>\n\n\n\n\n<td bgcolor=\"#3B4D86\"> FIBULE<\/td>\n\n\n\n\n<td bgcolor=\"#3B4D86\"> AC Haguenau<\/td>\n\n\n\n\n<td bgcolor=\"#3B4D86\"> Rottweiler<\/td>\n\n\n\n\n<td bgcolor=\"#3B4D86\"> BON<\/td>\n\n\n<\/tr>\n\n\n\n\n<tr bgcolor=\"#F09338\">\n\n\n<td >JAEHNEL Christiane<\/td>\n\n\n\n\n<td >FASCKO<\/td>\n\n\n\n\n<td >AC Haguenau<\/td>\n\n\n\n\n<td >Berger Allemand<\/td>\n\n\n\n\n<td >TB<\/td>\n\n\n<\/tr>\n\n\n\n\n<tr>\n\n\n<td bgcolor=\"#3B4D86\"> BAUER Patricia<\/td>\n\n\n\n\n<td bgcolor=\"#3B4D86\"> DOLLY<\/td>\n\n\n\n\n<td bgcolor=\"#3B4D86\"> AC Haguenau<\/td>\n\n\n\n\n<td bgcolor=\"#3B4D86\"> Golden<\/td>\n\n\n\n\n<td bgcolor=\"#3B4D86\"> EXC<\/td>\n\n\n<\/tr>\n\n\n\n\n<tr bgcolor=\"#F09338\">\n\n\n<td >STEINMETZ Philippe<\/td>\n\n\n\n\n<td >FALCO<\/td>\n\n\n\n\n<td >AC Haguenau<\/td>\n\n\n\n\n<td >Berger Allemand<\/td>\n\n\n\n\n<td >BON<\/td>\n\n\n<\/tr>\n\n\n\n\n<tr>\n\n\n<td bgcolor=\"#3B4D86\"> HOHNADEL Jean-Paul<\/td>\n\n\n\n\n<td bgcolor=\"#3B4D86\"> ELLIOT<\/td>\n\n\n\n\n<td bgcolor=\"#3B4D86\"> AC Haguenau<\/td>\n\n\n\n\n<td bgcolor=\"#3B4D86\"> Boxer<\/td>\n\n\n\n\n<td bgcolor=\"#3B4D86\"> EXC<\/td>\n\n\n<\/tr>\n\n\n\n\n<tr bgcolor=\"#F09338\">\n\n\n<td >STROBEL Audrey<\/td>\n\n\n\n\n<td >FOREST GUMP<\/td>\n\n\n\n\n<td >AC Haguenau<\/td>\n\n\n\n\n<td >Golden<\/td>\n\n\n\n\n<td >TB<\/td>\n\n\n<\/tr>\n\n\n\n\n<tr>\n\n\n<td bgcolor=\"#3B4D86\"> LAURAIN Armand<\/td>\n\n\n\n\n<td bgcolor=\"#3B4D86\"> FOREVER IN LOVE<\/td>\n\n\n\n\n<td bgcolor=\"#3B4D86\"> AC Haguenau<\/td>\n\n\n\n\n<td bgcolor=\"#3B4D86\"> Labrador<\/td>\n\n\n\n\n<td bgcolor=\"#3B4D86\"> EXC<\/td>\n\n\n<\/tr>\n\n\n\n\n<tr bgcolor=\"#F09338\">\n\n\n<td bgcolor=\"#F09338\" >JUND Marlyse<\/td>\n\n\n\n\n<td bgcolor=\"#F09338\" >LOLA<\/td>\n\n\n\n\n<td bgcolor=\"#F09338\" >AC Haguenau<\/td>\n\n\n\n\n<td bgcolor=\"#F09338\" >Schnauzer<\/td>\n\n\n\n\n<td bgcolor=\"#F09338\" >EXC<\/td>\n\n\n<\/tr>\n\n\n\n\n<tr>\n\n\n<td bgcolor=\"#3B4D86\"> SELUSKY Patrick<\/td>\n\n\n\n\n<td bgcolor=\"#3B4D86\"> ELFI<\/td>\n\n\n\n\n<td bgcolor=\"#3B4D86\"> AC Haguenau<\/td>\n\n\n\n\n<td bgcolor=\"#3B4D86\"> Berger Allemand<\/td>\n\n\n\n\n<td bgcolor=\"#3B4D86\"> EXC<\/td>\n\n\n<\/tr>\n\n\n\n\n<tr bgcolor=\"#F09338\">\n\n\n<td bgcolor=\"#F09338\" >MECKES Anabella<\/td>\n\n\n\n\n<td >FEAR FACTOR<\/td>\n\n\n\n\n<td >AC Haguenau<\/td>\n\n\n\n\n<td >Chien de cour Italien<\/td>\n\n\n\n\n<td >EXC<\/td>\n\n\n<\/tr>\n\n\n\n\n<tr>\n\n\n<td colspan=\"5\" align=\"center\">&nbsp;<\/td>\n\n\n<\/tr>\n\n\n\n\n<tr>\n\n\n<td colspan=\"5\" align=\"center\">BREVETS<\/td>\n\n\n<\/tr>\n\n\n\n\n<tr bgcolor=\"D6D6D6\">\n\n\n<td>PROPRI&Eacute;TAIRE<\/td>\n\n\n\n\n<td>CHIEN<\/td>\n\n\n\n\n<td>CLUB<\/td>\n\n\n\n\n<td>RACE<\/td>\n\n\n\n\n<td>POINTAGE<\/td>\n\n\n<\/tr>\n\n\n\n\n<tr>\n\n\n<td bgcolor=\"#F09338\" >BAUER Patricia<\/td>\n\n\n\n\n<td bgcolor=\"#F09338\" >DOLLY du Pied du Marlenberg<\/td>\n\n\n\n\n<td bgcolor=\"#F09338\" >AC Haguenau<\/td>\n\n\n\n\n<td bgcolor=\"#F09338\" >Golden<\/td>\n\n\n\n\n<td bgcolor=\"#F09338\" >83<\/td>\n\n\n<\/tr>\n\n\n\n\n<tr>\n\n\n<td bgcolor=\"#3B4D86\"> KLEIN Jean-Paul<\/td>\n\n\n\n\n<td bgcolor=\"#3B4D86\"> ASTUCE&nbsp;<\/td>\n\n\n\n\n<td bgcolor=\"#3B4D86\"> AC Haguenau<\/td>\n\n\n\n\n<td bgcolor=\"#3B4D86\"> Border Collie<\/td>\n\n\n\n\n<td bgcolor=\"#3B4D86\"> 81<\/td>\n\n\n<\/tr>\n\n\n\n\n<tr>\n\n\n<td colspan=\"5\" align=\"center\">&nbsp;<\/td>\n\n\n<\/tr>\n\n\n\n\n<tr>\n\n\n<td colspan=\"5\" align=\"center\">&nbsp;OBEISSANCE 1&nbsp;<\/td>\n\n\n<\/tr>\n\n\n\n\n<tr bgcolor=\"D6D6D6\">\n\n\n<td>Conducteur<\/td>\n\n\n\n\n<td>CHIEN<\/td>\n\n\n\n\n<td>CLUB<\/td>\n\n\n\n\n<td>RACE<\/td>\n\n\n\n\n<td>POINTAGE<\/td>\n\n\n<\/tr>\n\n\n\n\n<tr>\n\n\n<td bgcolor=\"#F09338\" >SOMMER Annick<\/td>\n\n\n\n\n<td bgcolor=\"#F09338\" >ENOKS de la plaine des Cheyennes<\/td>\n\n\n\n\n<td bgcolor=\"#F09338\" >TCC Strasbourg<\/td>\n\n\n\n\n<td bgcolor=\"#F09338\" >Berger Belge<\/td>\n\n\n\n\n<td bgcolor=\"#F09338\" >181,5<\/td>\n\n\n<\/tr>\n\n\n\n\n<tr>\n\n\n<td bgcolor=\"#3B4D86\"> MOUSSA Laurence<\/td>\n\n\n\n\n<td bgcolor=\"#3B4D86\"> VYK de Kantphania<\/td>\n\n\n\n\n<td bgcolor=\"#3B4D86\"> TCC Strasbourg<\/td>\n\n\n\n\n<td bgcolor=\"#3B4D86\"> BA<\/td>\n\n\n\n\n<td bgcolor=\"#3B4D86\"> 172<\/td>\n\n\n<\/tr>\n\n\n\n\n<tr>\n\n\n<td bgcolor=\"#F09338\" >REIFMAN Eve<\/td>\n\n\n\n\n<td bgcolor=\"#F09338\" >ELU&nbsp;<\/td>\n\n\n\n\n<td bgcolor=\"#F09338\" >CC Schirrhein-Schirrhoffen<\/td>\n\n\n\n\n<td bgcolor=\"#F09338\" >Berger Blanc Suisse<\/td>\n\n\n\n\n<td bgcolor=\"#F09338\" >166<\/td>\n\n\n<\/tr>\n\n\n\n\n<tr>\n\n\n<td bgcolor=\"#3B4D86\"> BURLETT Patricia<\/td>\n\n\n\n\n<td bgcolor=\"#3B4D86\"> EBONY PARKER de l'&icirc;le aux genets<\/td>\n\n\n\n\n<td bgcolor=\"#3B4D86\"> CC Schirrhein-Schirrhoffen<\/td>\n\n\n\n\n<td bgcolor=\"#3B4D86\"> Golden<\/td>\n\n\n\n\n<td bgcolor=\"#3B4D86\"> 164<\/td>\n\n\n<\/tr>\n\n\n\n\n<tr>\n\n\n<td bgcolor=\"#F09338\" >ROUSSEL Lauriane<\/td>\n\n\n\n\n<td bgcolor=\"#F09338\" >DERRY Del Gobbo<\/td>\n\n\n\n\n<td bgcolor=\"#F09338\" >AC Haguenau<\/td>\n\n\n\n\n<td bgcolor=\"#F09338\" >BA<\/td>\n\n\n\n\n<td bgcolor=\"#F09338\" >156<\/td>\n\n\n<\/tr>\n\n\n\n\n<tr>\n\n\n<td bgcolor=\"#3B4D86\"> BASTIAN Brigitte<\/td>\n\n\n\n\n<td bgcolor=\"#3B4D86\"> Anton&nbsp;<\/td>\n\n\n\n\n<td bgcolor=\"#3B4D86\"> AC Hagueanu<\/td>\n\n\n\n\n<td bgcolor=\"#3B4D86\"> Crois&eacute;<\/td>\n\n\n\n\n<td bgcolor=\"#3B4D86\"> 138,5<\/td>\n\n\n<\/tr>\n\n\n\n\n<tr>\n\n\n<td bgcolor=\"#F09338\" >KUHN Francine<\/td>\n\n\n\n\n<td bgcolor=\"#F09338\" >CENTAURE&nbsp;<\/td>\n\n\n\n\n<td bgcolor=\"#F09338\" >AC Haguenau<\/td>\n\n\n\n\n<td bgcolor=\"#F09338\" >Colley<\/td>\n\n\n\n\n<td bgcolor=\"#F09338\" >131<\/td>\n\n\n<\/tr>\n\n\n\n\n<tr>\n\n\n<td bgcolor=\"#3B4D86\"> HORNBERGER Kirsten<\/td>\n\n\n\n\n<td bgcolor=\"#3B4D86\"> URSUS vom Billberg<\/td>\n\n\n\n\n<td bgcolor=\"#3B4D86\"> AC Haguenau<\/td>\n\n\n\n\n<td bgcolor=\"#3B4D86\"> BA<\/td>\n\n\n\n\n<td bgcolor=\"#3B4D86\"> 119,5<\/td>\n\n\n<\/tr>\n\n\n\n\n<tr>\n\n\n<td bgcolor=\"#F09338\" >ROBERT Nadine<\/td>\n\n\n\n\n<td bgcolor=\"#F09338\" >CILENE Des lutins du Kemberg<\/td>\n\n\n\n\n<td bgcolor=\"#F09338\" >AC Haguenau<\/td>\n\n\n\n\n<td bgcolor=\"#F09338\" >Papillon<\/td>\n\n\n\n\n<td bgcolor=\"#F09338\" >116,5<\/td>\n\n\n<\/tr>\n\n\n\n\n<tr>\n\n\n<td bgcolor=\"#3B4D86\"> STROBEL Audrey<\/td>\n\n\n\n\n<td bgcolor=\"#3B4D86\"> BENETTON Des Floralies du Winckelhof<\/td>\n\n\n\n\n<td bgcolor=\"#3B4D86\"> AC Haguenau<\/td>\n\n\n\n\n<td bgcolor=\"#3B4D86\"> Golden<\/td>\n\n\n\n\n<td bgcolor=\"#3B4D86\"> 107<\/td>\n\n\n<\/tr>\n\n\n\n\n<tr>\n\n\n<td colspan=\"5\" align=\"center\">&nbsp;<\/td>\n\n\n<\/tr>\n\n\n\n\n<tr>\n\n\n<td colspan=\"5\" align=\"center\">&nbsp;OBEISSANCE 2&nbsp;<\/td>\n\n\n<\/tr>\n\n\n\n\n<tr bgcolor=\"D6D6D6\">\n\n\n<td>PROPRIETAIRE<\/td>\n\n\n\n\n<td>CHIEN<\/td>\n\n\n\n\n<td>CLUB<\/td>\n\n\n\n\n<td>RACE<\/td>\n\n\n\n\n<td>POINTAGE<\/td>\n\n\n<\/tr>\n\n\n\n\n<tr>\n\n\n<td bgcolor=\"#F09338\" >VALLET Karine<\/td>\n\n\n\n\n<td bgcolor=\"#F09338\" >DOLCE Lupa du Royaume des crocs blancs<\/td>\n\n\n\n\n<td bgcolor=\"#F09338\" >TCC Vall&eacute;e de la Bruche<\/td>\n\n\n\n\n<td bgcolor=\"#F09338\" >Berger Blanc Suisse<\/td>\n\n\n\n\n<td bgcolor=\"#F09338\" >179<\/td>\n\n\n<\/tr>\n\n\n\n\n<tr>\n\n\n<td bgcolor=\"#3B4D86\"> ROUSSEL Lauriane<\/td>\n\n\n\n\n<td bgcolor=\"#3B4D86\"> DRAGON de la bete des Vosges<\/td>\n\n\n\n\n<td bgcolor=\"#3B4D86\"> TCC Betschdorf<\/td>\n\n\n\n\n<td bgcolor=\"#3B4D86\"> BA<\/td>\n\n\n\n\n<td bgcolor=\"#3B4D86\"> 175<\/td>\n\n\n<\/tr>\n\n\n\n\n<tr>\n\n\n<td bgcolor=\"#F09338\" >KELLER Eric<\/td>\n\n\n\n\n<td bgcolor=\"#F09338\" >BIANCO&nbsp;<\/td>\n\n\n\n\n<td bgcolor=\"#F09338\" >TCC Betschdorf<\/td>\n\n\n\n\n<td bgcolor=\"#F09338\" >Schnauzer<\/td>\n\n\n\n\n<td bgcolor=\"#F09338\" >171,5<\/td>\n\n\n<\/tr>\n\n\n\n\n<tr>\n\n\n<td bgcolor=\"#3B4D86\"> HOLDERITH Doris<\/td>\n\n\n\n\n<td bgcolor=\"#3B4D86\"> BOY Du domaine de la Veyssiere<\/td>\n\n\n\n\n<td bgcolor=\"#3B4D86\"> CC Haguenau<\/td>\n\n\n\n\n<td bgcolor=\"#3B4D86\"> BH<\/td>\n\n\n\n\n<td bgcolor=\"#3B4D86\"> 151,5<\/td>\n\n\n<\/tr>\n\n\n\n\n<tr>\n\n\n<td bgcolor=\"#F09338\" >SAUTHOFF Isabelle<\/td>\n\n\n\n\n<td bgcolor=\"#F09338\" >NEIGE&nbsp;<\/td>\n\n\n\n\n<td bgcolor=\"#F09338\" >CC Haguenau<\/td>\n\n\n\n\n<td bgcolor=\"#F09338\" >Golden<\/td>\n\n\n\n\n<td bgcolor=\"#F09338\" >131<\/td>\n\n\n<\/tr>\n\n\n\n\n<tr>\n\n\n<td colspan=\"5\" align=\"center\">&nbsp;<\/td>\n\n\n<\/tr>\n\n\n\n\n<tr>\n\n\n<td colspan=\"5\" align=\"center\">OBEISSANCE 3<\/td>\n\n\n<\/tr>\n\n\n\n\n<tr bgcolor=\"D6D6D6\">\n\n\n<td>PROPRIETAIRE<\/td>\n\n\n\n\n<td>CHIEN<\/td>\n\n\n\n\n<td>CLUB<\/td>\n\n\n\n\n<td>RACE<\/td>\n\n\n\n\n<td>POINTAGE<\/td>\n\n\n<\/tr>\n\n\n\n\n<tr>\n\n\n<td bgcolor=\"#F09338\" >MOUSSA Laurence<\/td>\n\n\n\n\n<td bgcolor=\"#F09338\" >Geronimo Vom Moldenberg<\/td>\n\n\n\n\n<td bgcolor=\"#F09338\" >TCC Strasbourg<\/td>\n\n\n\n\n<td bgcolor=\"#F09338\" >BA<\/td>\n\n\n\n\n<td bgcolor=\"#F09338\" >226<\/td>\n\n\n<\/tr>\n\n\n<\/table-->\n<p><strong>L&rsquo;amicale du chien de Haguenau<\/strong>, pr\u00e9sid\u00e9 par <strong>Jean-Pierre KOST<\/strong>, tient \u00e0 remercier tous les participants, le juge <strong>M. Michel BOCK<\/strong>, ainsi que les commissaires de terrain Francine KUHN, Sylvie LADENBURGER et Thierry KOLLROS, qui ont offici\u00e9s tout au long de cette journ\u00e9e, et vous donne rendez-vous l&rsquo;ann\u00e9e prochaine.<\/p>\n","protected":false},"excerpt":{"rendered":"<p>L&rsquo;amicale du chien de Haguenau a organis\u00e9, le 28 septembre 2012, son septi\u00e8me concours canin d&rsquo;ob\u00e9issance sur son terrain, route de Marienthal. Les spectateurs ont pu admirer les prestations des 28 concurrents sous le regard avis\u00e9 du juge M. BOCK Michel : L&rsquo;amicale du chien de Haguenau, pr\u00e9sid\u00e9 par Jean-Pierre KOST, tient \u00e0 remercier tous [&hellip;]<\/p>\n","protected":false},"author":1,"featured_media":0,"parent":7,"menu_order":0,"comment_status":"open","ping_status":"open","template":"","meta":{"footnotes":""},"class_list":["post-222","page","type-page","status-publish","hentry"],"_links":{"self":[{"href":"http:\/\/www.amicale-du-chien.com\/index.php?rest_route=\/wp\/v2\/pages\/222","targetHints":{"allow":["GET"]}}],"collection":[{"href":"http:\/\/www.amicale-du-chien.com\/index.php?rest_route=\/wp\/v2\/pages"}],"about":[{"href":"http:\/\/www.amicale-du-chien.com\/index.php?rest_route=\/wp\/v2\/types\/page"}],"author":[{"embeddable":true,"href":"http:\/\/www.amicale-du-chien.com\/index.php?rest_route=\/wp\/v2\/users\/1"}],"replies":[{"embeddable":true,"href":"http:\/\/www.amicale-du-chien.com\/index.php?rest_route=%2Fwp%2Fv2%2Fcomments&post=222"}],"version-history":[{"count":1,"href":"http:\/\/www.amicale-du-chien.com\/index.php?rest_route=\/wp\/v2\/pages\/222\/revisions"}],"predecessor-version":[{"id":223,"href":"http:\/\/www.amicale-du-chien.com\/index.php?rest_route=\/wp\/v2\/pages\/222\/revisions\/223"}],"up":[{"embeddable":true,"href":"http:\/\/www.amicale-du-chien.com\/index.php?rest_route=\/wp\/v2\/pages\/7"}],"wp:attachment":[{"href":"http:\/\/www.amicale-du-chien.com\/index.php?rest_route=%2Fwp%2Fv2%2Fmedia&parent=222"}],"curies":[{"name":"wp","href":"https:\/\/api.w.org\/{rel}","templated":true}]}}