{"id":227,"date":"2013-07-21T09:23:00","date_gmt":"2013-07-21T08:23:00","guid":{"rendered":"http:\/\/www.amicale-du-chien.com\/?page_id=227"},"modified":"2013-07-22T15:23:17","modified_gmt":"2013-07-22T14:23:17","slug":"concours-obeissance-2010","status":"publish","type":"page","link":"http:\/\/www.amicale-du-chien.com\/?page_id=227","title":{"rendered":"Concours Ob\u00e9issance 2010"},"content":{"rendered":"<p>L&rsquo;amicale du chien de Haguenau a organis\u00e9, le <strong>21 novembre 2010<\/strong>, son <b>cinqui\u00e8me concours canin d&rsquo;ob\u00e9issance<\/b> sur son terrain, route de Marienthal.<\/p>\n<p>Les spectateurs ont pu admirer les prestations des 31 concurrents sous le regard avis\u00e9 du juge M. VOLTZ Christian dont voici les r\u00e9sultats :<\/p>\n<p><strong>R\u00e9sultats CSAU<\/strong><\/p>\n<table width=\"620\" border=\"0\" cellspacing=\"0\" cellpadding=\"0\">\n<tbody>\n<tr bgcolor=\"#d6d6d6\">\n<td width=\"13%\">\u00a0Chien<\/td>\n<td width=\"22%\">\u00a0Conducteur<\/td>\n<td width=\"21%\">\u00a0Race<\/td>\n<td width=\"30%\">\u00a0Club<\/td>\n<td width=\"14%\">\u00a0Mention<\/td>\n<\/tr>\n<tr bgcolor=\"#f09338\">\n<td bgcolor=\"#f09338\" width=\"13%\">\u00a0ECLAIRE<\/td>\n<td width=\"22%\">\u00a0JUND Freddy<\/td>\n<td width=\"21%\">\u00a0Berger Blanc Suisse<\/td>\n<td width=\"30%\">\u00a0AC HAGUENAU<\/td>\n<td bgcolor=\"#f09338\" width=\"14%\">\u00a0B.<\/td>\n<\/tr>\n<tr>\n<td>\u00a0ASTUCE<\/td>\n<td>\u00a0KLEIN Jean-Paul<\/td>\n<td>\u00a0Border Collie<\/td>\n<td>\u00a0AC HAGUENAU<\/td>\n<td>\u00a0B.<\/td>\n<\/tr>\n<tr bgcolor=\"#3b4d86\">\n<td bgcolor=\"#f09338\" width=\"13%\">\u00a0ERSA<\/td>\n<td bgcolor=\"#f09338\" width=\"22%\">\u00a0ROMERA Emmanuel<\/td>\n<td bgcolor=\"#f09338\" width=\"21%\">\u00a0Terrier Noir russe<\/td>\n<td bgcolor=\"#f09338\" width=\"30%\">\u00a0AC HAGUENAU<\/td>\n<td bgcolor=\"#f09338\" width=\"14%\">\u00a0T.B.<\/td>\n<\/tr>\n<\/tbody>\n<\/table>\n<p><strong>R\u00e9sultats Brevet<\/strong><\/p>\n<table width=\"620\" border=\"0\" cellspacing=\"0\" cellpadding=\"0\">\n<tbody>\n<tr bgcolor=\"#d6d6d6\">\n<td width=\"13%\">\u00a0Chien<\/td>\n<td width=\"26%\">\u00a0Conducteur<\/td>\n<td width=\"12%\">\u00a0Race<\/td>\n<td width=\"23%\">\u00a0Club<\/td>\n<td width=\"12%\">\u00a0Total<\/td>\n<td width=\"14%\">\u00a0Mention<\/td>\n<\/tr>\n<tr bgcolor=\"#f09338\">\n<td bgcolor=\"#f09338\" width=\"13%\">\u00a0EL-Diablo<\/td>\n<td width=\"26%\">\u00a0SCHUSTER Melinda<\/td>\n<td width=\"12%\">\u00a0BB Suisse<\/td>\n<td width=\"23%\">\u00a0Amis du chien Boxer<\/td>\n<td width=\"12%\">\u00a0 89 PTS<\/td>\n<td width=\"14%\">\u00a0EXC.<\/td>\n<\/tr>\n<\/tbody>\n<\/table>\n<p><strong>R\u00e9sultats Classe 1<\/strong><\/p>\n<table width=\"620\" border=\"0\" cellspacing=\"0\" cellpadding=\"0\">\n<tbody>\n<tr bgcolor=\"#d6d6d6\">\n<td width=\"13%\">\u00a0Chien<\/td>\n<td width=\"24%\">\u00a0Conducteur<\/td>\n<td width=\"10%\">\u00a0Race<\/td>\n<td width=\"31%\">\u00a0Club<\/td>\n<td width=\"12%\">\u00a0Total<\/td>\n<td width=\"10%\">\u00a0Mention<\/td>\n<\/tr>\n<tr bgcolor=\"#f09338\">\n<td bgcolor=\"#f09338\" width=\"13%\">\u00a0Duckinson<\/td>\n<td width=\"24%\">\u00a0HUCK Alain<\/td>\n<td width=\"10%\">\u00a0Labrador<\/td>\n<td width=\"31%\">\u00a0Amis du chien Boxer<\/td>\n<td width=\"12%\">\u00a0190,5 PTS<\/td>\n<td width=\"10%\">\u00a0EXC.<\/td>\n<\/tr>\n<tr>\n<td width=\"13%\">\u00a0Dragon<\/td>\n<td width=\"24%\">\u00a0ROUSSEL Lauriane<\/td>\n<td width=\"10%\">\u00a0BA<\/td>\n<td width=\"31%\">\u00a0AC HAGUENAU<\/td>\n<td width=\"12%\">\u00a0185,5 PTS<\/td>\n<td width=\"10%\">\u00a0EXC.<\/td>\n<\/tr>\n<tr bgcolor=\"#3b4d86\">\n<td bgcolor=\"#f09338\">\u00a0Ivan<\/td>\n<td bgcolor=\"#f09338\">\u00a0GODEFROY Patrice<\/td>\n<td bgcolor=\"#f09338\">\u00a0BA<\/td>\n<td bgcolor=\"#f09338\">\u00a0TCC Strasbourg<\/td>\n<td bgcolor=\"#f09338\">\u00a0183 PTS<\/td>\n<td bgcolor=\"#f09338\">\u00a0EXC.<\/td>\n<\/tr>\n<tr>\n<td width=\"13%\">\u00a0Hudson<\/td>\n<td width=\"24%\">\u00a0MEYER Richard<\/td>\n<td width=\"10%\">\u00a0Beauce<\/td>\n<td width=\"31%\">\u00a0TCC Erstein<\/td>\n<td width=\"12%\">\u00a0172 PTS<\/td>\n<td width=\"10%\">\u00a0EXC.<\/td>\n<\/tr>\n<tr bgcolor=\"#3b4d86\">\n<td bgcolor=\"#f09338\">\u00a0Dixie<\/td>\n<td bgcolor=\"#f09338\">BILLARD Claire<\/td>\n<td bgcolor=\"#f09338\">\u00a0B Australien<\/td>\n<td bgcolor=\"#f09338\">\u00a0CC Bischheim<\/td>\n<td bgcolor=\"#f09338\">\u00a0168 PTS<\/td>\n<td bgcolor=\"#f09338\">\u00a0EXC.<\/td>\n<\/tr>\n<tr>\n<td width=\"13%\">\u00a0Brook<\/td>\n<td width=\"24%\">\u00a0ROESCH Sophie<\/td>\n<td width=\"10%\">\u00a0Rottweiler<\/td>\n<td width=\"31%\">\u00a0TCC Girlenhirsch<\/td>\n<td width=\"12%\">\u00a0163 PTS<\/td>\n<td width=\"10%\">\u00a0EXC.<\/td>\n<\/tr>\n<tr bgcolor=\"#3b4d86\">\n<td bgcolor=\"#f09338\">\u00a0Donovan<\/td>\n<td bgcolor=\"#f09338\">\u00a0OTTMANN Sophie<\/td>\n<td bgcolor=\"#f09338\">\u00a0Dobermann<\/td>\n<td bgcolor=\"#f09338\">\u00a0TCC Betschdorf<\/td>\n<td bgcolor=\"#f09338\">\u00a0160 PTS<\/td>\n<td bgcolor=\"#f09338\">\u00a0EXC.<\/td>\n<\/tr>\n<tr>\n<td width=\"13%\">\u00a0Champion<\/td>\n<td width=\"24%\">\u00a0FOGEL Patrice<\/td>\n<td width=\"10%\">\u00a0BA<\/td>\n<td width=\"31%\">\u00a0TCC Saverne<\/td>\n<td width=\"12%\">\u00a0148 PTS<\/td>\n<td width=\"10%\">\u00a0T.B.<\/td>\n<\/tr>\n<tr bgcolor=\"#3b4d86\">\n<td bgcolor=\"#f09338\">\u00a0Anton<\/td>\n<td bgcolor=\"#f09338\">\u00a0BASTIAN Brigitte<\/td>\n<td bgcolor=\"#f09338\">\u00a0Crois\u00e9<\/td>\n<td bgcolor=\"#f09338\">\u00a0AC HAGUENAU<\/td>\n<td bgcolor=\"#f09338\">\u00a0142 PTS<\/td>\n<td bgcolor=\"#f09338\">\u00a0T.B.<\/td>\n<\/tr>\n<tr>\n<td>\u00a0Edna<\/td>\n<td>\u00a0BUTTNER Bernard<\/td>\n<td>\u00a0BA<\/td>\n<td>\u00a0TCC Betschdorf<\/td>\n<td>\u00a0137 PTS<\/td>\n<td>\u00a0B.<\/td>\n<\/tr>\n<tr bgcolor=\"#3b4d86\">\n<td bgcolor=\"#f09338\">\u00a0Cody<\/td>\n<td bgcolor=\"#f09338\">\u00a0ZIMMER Alain<\/td>\n<td bgcolor=\"#f09338\">\u00a0Labrador<\/td>\n<td bgcolor=\"#f09338\">\u00a0TCC Strasbourg<\/td>\n<td bgcolor=\"#f09338\">\u00a0131 PTS<\/td>\n<td bgcolor=\"#f09338\">\u00a0B.<\/td>\n<\/tr>\n<tr>\n<td>\u00a0Dali-Tif<\/td>\n<td>\u00a0SCHLEMMER C\u00e9line<\/td>\n<td>\u00a0Teckel<\/td>\n<td>\u00a0TCC Strasbourg<\/td>\n<td>\u00a0110 PTS<\/td>\n<td>\u00a0Suf.<\/td>\n<\/tr>\n<tr bgcolor=\"#3b4d86\">\n<td bgcolor=\"#f09338\">\u00a0Kyra<\/td>\n<td bgcolor=\"#f09338\">\u00a0JUNG Aline<\/td>\n<td bgcolor=\"#f09338\">\u00a0Crois\u00e9<\/td>\n<td bgcolor=\"#f09338\">\u00a0TCC Beinheim<\/td>\n<td bgcolor=\"#f09338\">\u00a098 PTS<\/td>\n<td bgcolor=\"#f09338\">\u00a0NC<\/td>\n<\/tr>\n<tr>\n<td>\u00a0Darios<\/td>\n<td>\u00a0WURGES Adolphe<\/td>\n<td>\u00a0BB<\/td>\n<td>\u00a0Entente Cyno Vall\u00e9e de Munster<\/td>\n<td>\u00a094 PTS<\/td>\n<td>\u00a0NC<\/td>\n<\/tr>\n<tr bgcolor=\"#3b4d86\">\n<td bgcolor=\"#f09338\">\u00a0Pepsy<\/td>\n<td bgcolor=\"#f09338\">\u00a0WLODARCSAK Thierry<\/td>\n<td bgcolor=\"#f09338\">\u00a0Crois\u00e9<\/td>\n<td bgcolor=\"#f09338\">\u00a0TCC Beinheim<\/td>\n<td bgcolor=\"#f09338\">\u00a091,5 PTS<\/td>\n<td bgcolor=\"#f09338\">\u00a0NC<\/td>\n<\/tr>\n<\/tbody>\n<\/table>\n<p><strong>R\u00e9sultats Classe 2<\/strong><\/p>\n<table width=\"620\" border=\"0\" cellspacing=\"0\" cellpadding=\"0\">\n<tbody>\n<tr bgcolor=\"#d6d6d6\">\n<td width=\"12%\">\u00a0Chien<\/td>\n<td width=\"29%\">\u00a0Conducteur<\/td>\n<td width=\"13%\">\u00a0Race<\/td>\n<td width=\"23%\">\u00a0Club<\/td>\n<td width=\"12%\">\u00a0Total<\/td>\n<td width=\"11%\">\u00a0Mention<\/td>\n<\/tr>\n<tr bgcolor=\"#f09338\">\n<td bgcolor=\"#f09338\" width=\"12%\">\u00a0Biscotte<\/td>\n<td width=\"29%\">\u00a0ENGER In\u00e8s<\/td>\n<td width=\"13%\">\u00a0Crois\u00e9<\/td>\n<td width=\"23%\">\u00a0Amis du chien BOXER<\/td>\n<td width=\"12%\">\u00a0186 PTS<\/td>\n<td width=\"11%\">\u00a0TB.<\/td>\n<\/tr>\n<tr>\n<td width=\"12%\">\u00a0Hort<\/td>\n<td width=\"29%\">\u00a0HORNECKER Charles<\/td>\n<td width=\"13%\">\u00a0BA<\/td>\n<td width=\"23%\">\u00a0Amis du chien Boxer<\/td>\n<td width=\"12%\">\u00a0178 PTS<\/td>\n<td width=\"11%\">\u00a0T.B.<\/td>\n<\/tr>\n<tr bgcolor=\"#f09338\">\n<td bgcolor=\"#f09338\" width=\"12%\">\u00a0Caya<\/td>\n<td width=\"29%\">\u00a0DEGOIS-LEONARD Kathalyne<\/td>\n<td width=\"13%\">\u00a0Border Collie<\/td>\n<td width=\"23%\">\u00a0TCC Florange<\/td>\n<td width=\"12%\">\u00a0169 PTS<\/td>\n<td width=\"11%\">\u00a0B.<\/td>\n<\/tr>\n<tr>\n<td width=\"12%\">\u00a0Geronimo<\/td>\n<td width=\"29%\">\u00a0MOUSSA Laurence<\/td>\n<td width=\"13%\">\u00a0BA<\/td>\n<td width=\"23%\">\u00a0TCC Strasbourg<\/td>\n<td width=\"12%\">\u00a0161 PTS<\/td>\n<td width=\"11%\">\u00a0B.<\/td>\n<\/tr>\n<tr bgcolor=\"#3b4d86\">\n<td bgcolor=\"#f09338\">\u00a0Chilla<\/td>\n<td bgcolor=\"#f09338\">\u00a0MARTIN Val\u00e9rie<\/td>\n<td bgcolor=\"#f09338\">\u00a0BA<\/td>\n<td bgcolor=\"#f09338\">\u00a0AC HAGUENAU<\/td>\n<td bgcolor=\"#f09338\">\u00a086 PTS<\/td>\n<td bgcolor=\"#f09338\">NC<\/td>\n<\/tr>\n<\/tbody>\n<\/table>\n<p><strong>R\u00e9sultats Classe 3<\/strong><\/p>\n<table width=\"620\" border=\"0\" cellspacing=\"0\" cellpadding=\"0\">\n<tbody>\n<tr bgcolor=\"#d6d6d6\">\n<td width=\"11%\">\u00a0Chien<\/td>\n<td width=\"25%\">\u00a0Conducteur<\/td>\n<td width=\"17%\">\u00a0Race<\/td>\n<td width=\"25%\">\u00a0Club<\/td>\n<td width=\"12%\">\u00a0Total<\/td>\n<td width=\"10%\">\u00a0Mention<\/td>\n<\/tr>\n<tr bgcolor=\"#f09338\">\n<td bgcolor=\"#f09338\" width=\"11%\">\u00a0Kata<\/td>\n<td width=\"25%\">\u00a0SICRE Patrice<\/td>\n<td width=\"17%\">\u00a0Kelpie Australien<\/td>\n<td width=\"25%\">\u00a0TCC Girlenhirsch<\/td>\n<td width=\"12%\">\u00a0280 PTS<\/td>\n<td width=\"10%\">\u00a0EXC.<\/td>\n<\/tr>\n<tr>\n<td width=\"11%\">\u00a0Faust<\/td>\n<td width=\"25%\">\u00a0MEYER Anne<\/td>\n<td width=\"17%\">\u00a0Beauce<\/td>\n<td width=\"25%\">\u00a0TCC Erstein<\/td>\n<td width=\"12%\">\u00a0270,5 PTS<\/td>\n<td width=\"10%\">\u00a0EXC.<\/td>\n<\/tr>\n<tr bgcolor=\"#f09338\">\n<td bgcolor=\"#f09338\" width=\"11%\">\u00a0Tatoo<\/td>\n<td width=\"25%\">\u00a0WALKIEWICZ Bernard<\/td>\n<td width=\"17%\">\u00a0Golden<\/td>\n<td width=\"25%\">\u00a0TCC STIRING-FORBACH<\/td>\n<td width=\"12%\">\u00a0256,5 PTS<\/td>\n<td width=\"10%\">\u00a0EXC.<\/td>\n<\/tr>\n<tr>\n<td width=\"11%\">\u00a0Basko<\/td>\n<td width=\"25%\">\u00a0HERVE Daniel<\/td>\n<td width=\"17%\">\u00a0BA<\/td>\n<td width=\"25%\">\u00a0TCC Beinheim<\/td>\n<td width=\"12%\">\u00a0198 PTS<\/td>\n<td width=\"10%\">\u00a0B.<\/td>\n<\/tr>\n<\/tbody>\n<\/table>\n<p><strong>L&rsquo;amicale du chien de Haguenau<\/strong>, pr\u00e9sid\u00e9 par <strong>Jean-Pierre KOST<\/strong>, tient \u00e0 remercier tous les participants, le juge <strong>M. Christian VOLTZ<\/strong>, ainsi que les commissaires de terrain Cindy JUNG-HENTZ, Sylvie LADENBURGER et Thierry KOLLROS, qui ont offici\u00e9s tout au long de cette journ\u00e9e, et vous donne rendez-vous l&rsquo;ann\u00e9e prochaine.<\/p>\n","protected":false},"excerpt":{"rendered":"<p>L&rsquo;amicale du chien de Haguenau a organis\u00e9, le 21 novembre 2010, son cinqui\u00e8me concours canin d&rsquo;ob\u00e9issance sur son terrain, route de Marienthal. Les spectateurs ont pu admirer les prestations des 31 concurrents sous le regard avis\u00e9 du juge M. VOLTZ Christian dont voici les r\u00e9sultats : R\u00e9sultats CSAU \u00a0Chien \u00a0Conducteur \u00a0Race \u00a0Club \u00a0Mention \u00a0ECLAIRE \u00a0JUND [&hellip;]<\/p>\n","protected":false},"author":1,"featured_media":0,"parent":7,"menu_order":0,"comment_status":"open","ping_status":"open","template":"","meta":{"footnotes":""},"class_list":["post-227","page","type-page","status-publish","hentry"],"_links":{"self":[{"href":"http:\/\/www.amicale-du-chien.com\/index.php?rest_route=\/wp\/v2\/pages\/227","targetHints":{"allow":["GET"]}}],"collection":[{"href":"http:\/\/www.amicale-du-chien.com\/index.php?rest_route=\/wp\/v2\/pages"}],"about":[{"href":"http:\/\/www.amicale-du-chien.com\/index.php?rest_route=\/wp\/v2\/types\/page"}],"author":[{"embeddable":true,"href":"http:\/\/www.amicale-du-chien.com\/index.php?rest_route=\/wp\/v2\/users\/1"}],"replies":[{"embeddable":true,"href":"http:\/\/www.amicale-du-chien.com\/index.php?rest_route=%2Fwp%2Fv2%2Fcomments&post=227"}],"version-history":[{"count":3,"href":"http:\/\/www.amicale-du-chien.com\/index.php?rest_route=\/wp\/v2\/pages\/227\/revisions"}],"predecessor-version":[{"id":311,"href":"http:\/\/www.amicale-du-chien.com\/index.php?rest_route=\/wp\/v2\/pages\/227\/revisions\/311"}],"up":[{"embeddable":true,"href":"http:\/\/www.amicale-du-chien.com\/index.php?rest_route=\/wp\/v2\/pages\/7"}],"wp:attachment":[{"href":"http:\/\/www.amicale-du-chien.com\/index.php?rest_route=%2Fwp%2Fv2%2Fmedia&parent=227"}],"curies":[{"name":"wp","href":"https:\/\/api.w.org\/{rel}","templated":true}]}}