{"id":229,"date":"2013-07-21T09:23:59","date_gmt":"2013-07-21T08:23:59","guid":{"rendered":"http:\/\/www.amicale-du-chien.com\/?page_id=229"},"modified":"2013-07-22T15:20:14","modified_gmt":"2013-07-22T14:20:14","slug":"concours-obeissance-2009","status":"publish","type":"page","link":"http:\/\/www.amicale-du-chien.com\/?page_id=229","title":{"rendered":"Concours Ob\u00e9issance 2009"},"content":{"rendered":"<p>L&rsquo;amicale du chien de Haguenau a organis\u00e9, les <strong>9 et 10 mai 2009<\/strong>, son <b>quatri\u00e8me concours canin d&rsquo;ob\u00e9issance<\/b> sur son terrain, route de Marienthal.<\/p>\n<p>Nombreux ont \u00e9t\u00e9 les spectateurs ravis et int\u00e9ress\u00e9s par les commentaires avis\u00e9s du juge M. ROSER Bernard sur les prestations des 27 concurrents participants aux \u00e9preuves dont voici les r\u00e9sultats :<br \/>\n<strong>R\u00e9sultats CSAU<\/strong><\/p>\n<table width=\"620\" border=\"0\" cellspacing=\"0\" cellpadding=\"0\">\n<tbody>\n<tr bgcolor=\"#d6d6d6\">\n<td width=\"16%\">\u00a0Chien<\/td>\n<td width=\"28%\">\u00a0Conducteur<\/td>\n<td width=\"12%\">\u00a0Race<\/td>\n<td width=\"30%\">\u00a0Club<\/td>\n<td width=\"14%\">\u00a0Mention<\/td>\n<\/tr>\n<tr bgcolor=\"#f09338\">\n<td bgcolor=\"#f09338\" width=\"16%\">\u00a0CALYPSO<\/td>\n<td width=\"28%\">\u00a0KAPP R\u00e9gis<\/td>\n<td width=\"12%\">\u00a0Boxer<\/td>\n<td width=\"30%\">\u00a0CC HAGUENAU<\/td>\n<td width=\"14%\">\u00a0EXC.<\/td>\n<\/tr>\n<tr>\n<td width=\"16%\">\u00a0COSETTE<\/td>\n<td width=\"28%\">\u00a0KIENTZ Christine<\/td>\n<td width=\"12%\">\u00a0Jack Russell<\/td>\n<td width=\"30%\">\u00a0AC HAGUENAU<\/td>\n<td width=\"14%\">\u00a0EXC.<\/td>\n<\/tr>\n<\/tbody>\n<\/table>\n<p><strong>R\u00e9sultats Brevet<\/strong><\/p>\n<table width=\"620\" border=\"0\" cellspacing=\"0\" cellpadding=\"0\">\n<tbody>\n<tr bgcolor=\"#d6d6d6\">\n<td width=\"13%\">\u00a0Chien<\/td>\n<td width=\"26%\">\u00a0Conducteur<\/td>\n<td width=\"12%\">\u00a0Race<\/td>\n<td width=\"23%\">\u00a0Club<\/td>\n<td width=\"12%\">\u00a0Total<\/td>\n<td width=\"14%\">\u00a0Mention<\/td>\n<\/tr>\n<tr bgcolor=\"#f09338\">\n<td bgcolor=\"#f09338\" width=\"13%\">\u00a0CENTAURE<\/td>\n<td width=\"26%\">\u00a0KUHN Francine<\/td>\n<td width=\"12%\">\u00a0Colley<\/td>\n<td width=\"23%\">\u00a0AC HAGUENAU<\/td>\n<td width=\"12%\">\u00a0 80 PTS<\/td>\n<td width=\"14%\">\u00a0EXC.<\/td>\n<\/tr>\n<tr>\n<td width=\"13%\">\u00a0CALYPSO<\/td>\n<td width=\"26%\">\u00a0KAPP R\u00e9gis<\/td>\n<td width=\"12%\">\u00a0Boxer<\/td>\n<td width=\"23%\">\u00a0CC HAGUENAU<\/td>\n<td width=\"12%\">\u00a0 85,5 PTS<\/td>\n<td width=\"14%\">\u00a0EXC.<\/td>\n<\/tr>\n<\/tbody>\n<\/table>\n<p><strong>R\u00e9sultats Classe 1<\/strong><\/p>\n<table width=\"620\" border=\"0\" cellspacing=\"0\" cellpadding=\"0\">\n<tbody>\n<tr bgcolor=\"#d6d6d6\">\n<td width=\"13%\">\u00a0Chien<\/td>\n<td width=\"24%\">\u00a0Conducteur<\/td>\n<td width=\"10%\">\u00a0Race<\/td>\n<td width=\"31%\">\u00a0Club<\/td>\n<td width=\"12%\">\u00a0Total<\/td>\n<td width=\"10%\">\u00a0Mention<\/td>\n<\/tr>\n<tr bgcolor=\"#f09338\">\n<td bgcolor=\"#f09338\" width=\"13%\">\u00a0BENETTON<\/td>\n<td width=\"24%\">\u00a0STROBEL Audrey<\/td>\n<td width=\"10%\">\u00a0Golden<\/td>\n<td width=\"31%\">\u00a0CC SCHIRRHEIN-SCHIRRHOFFEN<\/td>\n<td width=\"12%\">\u00a0142 PTS<\/td>\n<td width=\"10%\">\u00a0T.B.<\/td>\n<\/tr>\n<tr>\n<td width=\"13%\">\u00a0VENUS<\/td>\n<td width=\"24%\">\u00a0LAMOTHE Bernadette<\/td>\n<td width=\"10%\">\u00a0Beauceron<\/td>\n<td width=\"31%\">\u00a0AC HAGUENAU<\/td>\n<td width=\"12%\">\u00a0117 PTS<\/td>\n<td width=\"10%\">\u00a0SUF.<\/td>\n<\/tr>\n<tr bgcolor=\"#3b4d86\">\n<td bgcolor=\"#f09338\">\u00a0BOY<\/td>\n<td bgcolor=\"#f09338\">\u00a0HOLDERITH Doris<\/td>\n<td bgcolor=\"#f09338\">\u00a0BH<\/td>\n<td bgcolor=\"#f09338\">\u00a0CC HAGUENAU<\/td>\n<td bgcolor=\"#f09338\">\u00a0166 PTS<\/td>\n<td bgcolor=\"#f09338\">\u00a0EXC.<\/td>\n<\/tr>\n<tr>\n<td width=\"13%\">\u00a0URSUS<\/td>\n<td width=\"24%\">\u00a0HORNBERGER Kirsten<\/td>\n<td width=\"10%\">\u00a0BA<\/td>\n<td width=\"31%\">\u00a0CC SCHIRRHEIN-SCHIRRHOFFEN<\/td>\n<td width=\"12%\">\u00a0101,5 PTS<\/td>\n<td width=\"10%\">\u00a0SUF.<\/td>\n<\/tr>\n<tr bgcolor=\"#3b4d86\">\n<td bgcolor=\"#f09338\">\u00a0CHILLA<\/td>\n<td bgcolor=\"#f09338\">\u00a0MARTIN Val\u00e9rie<\/td>\n<td bgcolor=\"#f09338\">\u00a0BA<\/td>\n<td bgcolor=\"#f09338\">\u00a0AC HAGUENAU<\/td>\n<td bgcolor=\"#f09338\">\u00a0135 PTS<\/td>\n<td bgcolor=\"#f09338\">\u00a0B.<\/td>\n<\/tr>\n<tr>\n<td width=\"13%\">\u00a0AUXAN<\/td>\n<td width=\"24%\">\u00a0HOFFMANN Emmanuel<\/td>\n<td width=\"10%\">\u00a0BB<\/td>\n<td width=\"31%\">\u00a0CC SARREGUEMINES<\/td>\n<td width=\"12%\">\u00a0161 PTS<\/td>\n<td width=\"10%\">\u00a0EXC.<\/td>\n<\/tr>\n<tr bgcolor=\"#3b4d86\">\n<td bgcolor=\"#f09338\">\u00a0ULYSSE<\/td>\n<td bgcolor=\"#f09338\">\u00a0FUCHS Marcel<\/td>\n<td bgcolor=\"#f09338\">\u00a0Labrador<\/td>\n<td bgcolor=\"#f09338\">\u00a0AC HAGUENAU<\/td>\n<td bgcolor=\"#f09338\">\u00a0134,5 PTS<\/td>\n<td bgcolor=\"#f09338\">\u00a0B.<\/td>\n<\/tr>\n<tr>\n<td width=\"13%\">\u00a0NEIGE<\/td>\n<td width=\"24%\">\u00a0SAUTHOFF Isabelle<\/td>\n<td width=\"10%\">\u00a0Golden<\/td>\n<td width=\"31%\">\u00a0AC HAGUENAU<\/td>\n<td width=\"12%\">\u00a0141,5 PTS<\/td>\n<td width=\"10%\">\u00a0T.B.<\/td>\n<\/tr>\n<tr bgcolor=\"#3b4d86\">\n<td bgcolor=\"#f09338\">\u00a0A&rsquo;BALOO<\/td>\n<td bgcolor=\"#f09338\">\u00a0SCHMITT Josiane<\/td>\n<td bgcolor=\"#f09338\">\u00a0Bulldog<\/td>\n<td bgcolor=\"#f09338\">\u00a0CC SARREGUEMINES<\/td>\n<td bgcolor=\"#f09338\">\u00a0144 PTS<\/td>\n<td bgcolor=\"#f09338\">\u00a0T.B.<\/td>\n<\/tr>\n<tr>\n<td width=\"13%\">\u00a0VENJA<\/td>\n<td width=\"24%\">\u00a0DELDALLE Jean-Pierre<\/td>\n<td width=\"10%\">\u00a0BA<\/td>\n<td width=\"31%\">\u00a0CC BISCHHEIM<\/td>\n<td width=\"12%\">\u00a0161 PTS<\/td>\n<td width=\"10%\">\u00a0EXC.<\/td>\n<\/tr>\n<\/tbody>\n<\/table>\n<p><strong>R\u00e9sultats Classe 2<\/strong><\/p>\n<table width=\"620\" border=\"0\" cellspacing=\"0\" cellpadding=\"0\">\n<tbody>\n<tr bgcolor=\"#d6d6d6\">\n<td width=\"15%\">\u00a0Chien<\/td>\n<td width=\"23%\">\u00a0Conducteur<\/td>\n<td width=\"11%\">\u00a0Race<\/td>\n<td width=\"28%\">\u00a0Club<\/td>\n<td width=\"12%\">\u00a0Total<\/td>\n<td width=\"11%\">\u00a0Mention<\/td>\n<\/tr>\n<tr bgcolor=\"#f09338\">\n<td bgcolor=\"#f09338\" width=\"15%\">\u00a0VAKAIDO<\/td>\n<td width=\"23%\">\u00a0MEYER Robert<\/td>\n<td width=\"11%\">\u00a0BB<\/td>\n<td width=\"28%\">\u00a0TCC ERSTEIN<\/td>\n<td width=\"12%\">\u00a0185,5 PTS<\/td>\n<td width=\"11%\">\u00a0TB.<\/td>\n<\/tr>\n<tr>\n<td width=\"15%\">\u00a0VULKAIN<\/td>\n<td width=\"23%\">\u00a0FREIDIG Vincent<\/td>\n<td width=\"11%\">\u00a0DA<\/td>\n<td width=\"28%\">\u00a0TCC WISSEMBOURG<\/td>\n<td width=\"12%\">\u00a0155 PTS<\/td>\n<td width=\"11%\">\u00a0B.<\/td>\n<\/tr>\n<tr bgcolor=\"#f09338\">\n<td bgcolor=\"#f09338\" width=\"15%\">\u00a0BASKO<\/td>\n<td width=\"23%\">\u00a0HERVE Daniel<\/td>\n<td width=\"11%\">\u00a0BA<\/td>\n<td width=\"28%\">\u00a0TCC BEINHEIM<\/td>\n<td width=\"12%\">\u00a0200,5 PTS<\/td>\n<td width=\"11%\">\u00a0EXC.<\/td>\n<\/tr>\n<tr>\n<td width=\"15%\">\u00a0VIDAL<\/td>\n<td width=\"23%\">\u00a0ROBIN Dominique<\/td>\n<td width=\"11%\">\u00a0BA<\/td>\n<td width=\"28%\">\u00a0TCC STIRING-FORBACH<\/td>\n<td width=\"12%\">\u00a0169 PTS<\/td>\n<td width=\"11%\">\u00a0B.<\/td>\n<\/tr>\n<tr bgcolor=\"#f09338\">\n<td bgcolor=\"#f09338\" width=\"15%\">\u00a0FAUST<\/td>\n<td width=\"23%\">\u00a0MEYER Anne<\/td>\n<td width=\"11%\">\u00a0Beauceron<\/td>\n<td width=\"28%\">\u00a0TCC ERSTEIN<\/td>\n<td width=\"12%\">\u00a0186 PTS<\/td>\n<td width=\"11%\">\u00a0TB.<\/td>\n<\/tr>\n<tr>\n<td width=\"15%\">\u00a0MACHO<\/td>\n<td width=\"23%\">\u00a0SCHNEIDER Ernest<\/td>\n<td width=\"11%\">\u00a0Bouvier<\/td>\n<td width=\"28%\">\u00a0TCC WISSEMBOURG<\/td>\n<td width=\"12%\">\u00a0142 PTS<\/td>\n<td width=\"11%\">\u00a0Suf.<\/td>\n<\/tr>\n<tr bgcolor=\"#f09338\">\n<td bgcolor=\"#f09338\" width=\"15%\">\u00a0LENA<\/td>\n<td width=\"23%\">\u00a0FOUILLOUSE Jean-Marie<\/td>\n<td width=\"11%\">\u00a0Crois\u00e9<\/td>\n<td width=\"28%\">\u00a0TCC WISSEMBOURG<\/td>\n<td width=\"12%\">\u00a0170 PTS<\/td>\n<td width=\"11%\">\u00a0B.<\/td>\n<\/tr>\n<tr>\n<td width=\"15%\">\u00a0SAYA<\/td>\n<td width=\"23%\">\u00a0WIMMER Jean-Paul<\/td>\n<td width=\"11%\">\u00a0Labrador<\/td>\n<td width=\"28%\">\u00a0TCC ERSTEIN<\/td>\n<td width=\"12%\">\u00a0137 PTS<\/td>\n<td width=\"11%\">\u00a0Suf.<\/td>\n<\/tr>\n<tr bgcolor=\"#f09338\">\n<td bgcolor=\"#f09338\" width=\"15%\">\u00a0AAROS<\/td>\n<td width=\"23%\">\u00a0SIEBERING Christian<\/td>\n<td width=\"11%\">\u00a0Boxer<\/td>\n<td width=\"28%\">\u00a0CC SARREGUEMINES<\/td>\n<td width=\"12%\">\u00a071 PTS<\/td>\n<td width=\"11%\">\u00a0NC.<\/td>\n<\/tr>\n<\/tbody>\n<\/table>\n<p><strong>R\u00e9sultats Classe 3<\/strong><\/p>\n<table width=\"620\" border=\"0\" cellspacing=\"0\" cellpadding=\"0\">\n<tbody>\n<tr bgcolor=\"#d6d6d6\">\n<td width=\"15%\">\u00a0Chien<\/td>\n<td width=\"23%\">\u00a0Conducteur<\/td>\n<td width=\"11%\">\u00a0Race<\/td>\n<td width=\"29%\">\u00a0Club<\/td>\n<td width=\"12%\">\u00a0Total<\/td>\n<td width=\"10%\">\u00a0Mention<\/td>\n<\/tr>\n<tr bgcolor=\"#f09338\">\n<td bgcolor=\"#f09338\" width=\"15%\">\u00a0RAPSODIE<\/td>\n<td width=\"23%\">\u00a0SOMMER Annick<\/td>\n<td width=\"11%\">\u00a0Golden<\/td>\n<td width=\"29%\">\u00a0TCC STRASBOURG<\/td>\n<td width=\"12%\">\u00a0180 PTS<\/td>\n<td width=\"10%\">\u00a0SUF.<\/td>\n<\/tr>\n<tr>\n<td width=\"15%\">\u00a0STYL<\/td>\n<td width=\"23%\">\u00a0GODEFROY Patrice<\/td>\n<td width=\"11%\">\u00a0BA<\/td>\n<td width=\"29%\">\u00a0TCC STRASBOURG<\/td>\n<td width=\"12%\">\u00a0197,5 PTS<\/td>\n<td width=\"10%\">\u00a0B.<\/td>\n<\/tr>\n<tr bgcolor=\"#f09338\">\n<td bgcolor=\"#f09338\" width=\"15%\">\u00a0TATOO<\/td>\n<td width=\"23%\">\u00a0WALKIEWICZ Bernard<\/td>\n<td width=\"11%\">\u00a0Golden<\/td>\n<td width=\"29%\">\u00a0TCC STIRING-FORBACH<\/td>\n<td width=\"12%\">\u00a0283 PTS<\/td>\n<td width=\"10%\">\u00a0EXC.<\/td>\n<\/tr>\n<tr>\n<td width=\"15%\">\u00a0AKTROS<\/td>\n<td width=\"23%\">\u00a0KNAEBEL Claude<\/td>\n<td width=\"11%\">\u00a0Labrador<\/td>\n<td width=\"29%\">\u00a0TCC WISSEMBOURG<\/td>\n<td width=\"12%\">\u00a0202,5 PTS<\/td>\n<td width=\"10%\">\u00a0B.<\/td>\n<\/tr>\n<tr bgcolor=\"#f09338\">\n<td bgcolor=\"#f09338\" width=\"15%\">\u00a0VOLGA<\/td>\n<td width=\"23%\">\u00a0HUTTER Marc<\/td>\n<td width=\"11%\">\u00a0BB<\/td>\n<td width=\"29%\">\u00a0CC HAGUENAU<\/td>\n<td width=\"12%\">\u00a0233 PTS<\/td>\n<td width=\"10%\">\u00a0T.B.<\/td>\n<\/tr>\n<\/tbody>\n<\/table>\n<p><strong>L&rsquo;amicale du chien de Haguenau<\/strong>, pr\u00e9sid\u00e9 par <strong>Jean-Pierre KOST<\/strong>, tient \u00e0 remercier tous les participants, le juge <strong>M. Bernard ROSER<\/strong> et son \u00e9l\u00e8ve Ingrid BEGUE, ainsi que les commissaires de terrain Cindy JUNG-HENTZ, Sylvie LADENBURGER et Daniel HERVE, qui ont offici\u00e9s tout au long de ces deux journ\u00e9es, et vous donne rendez-vous l&rsquo;ann\u00e9e prochaine.<\/p>\n","protected":false},"excerpt":{"rendered":"<p>L&rsquo;amicale du chien de Haguenau a organis\u00e9, les 9 et 10 mai 2009, son quatri\u00e8me concours canin d&rsquo;ob\u00e9issance sur son terrain, route de Marienthal. Nombreux ont \u00e9t\u00e9 les spectateurs ravis et int\u00e9ress\u00e9s par les commentaires avis\u00e9s du juge M. ROSER Bernard sur les prestations des 27 concurrents participants aux \u00e9preuves dont voici les r\u00e9sultats : [&hellip;]<\/p>\n","protected":false},"author":1,"featured_media":0,"parent":7,"menu_order":0,"comment_status":"open","ping_status":"open","template":"","meta":{"footnotes":""},"class_list":["post-229","page","type-page","status-publish","hentry"],"_links":{"self":[{"href":"http:\/\/www.amicale-du-chien.com\/index.php?rest_route=\/wp\/v2\/pages\/229","targetHints":{"allow":["GET"]}}],"collection":[{"href":"http:\/\/www.amicale-du-chien.com\/index.php?rest_route=\/wp\/v2\/pages"}],"about":[{"href":"http:\/\/www.amicale-du-chien.com\/index.php?rest_route=\/wp\/v2\/types\/page"}],"author":[{"embeddable":true,"href":"http:\/\/www.amicale-du-chien.com\/index.php?rest_route=\/wp\/v2\/users\/1"}],"replies":[{"embeddable":true,"href":"http:\/\/www.amicale-du-chien.com\/index.php?rest_route=%2Fwp%2Fv2%2Fcomments&post=229"}],"version-history":[{"count":3,"href":"http:\/\/www.amicale-du-chien.com\/index.php?rest_route=\/wp\/v2\/pages\/229\/revisions"}],"predecessor-version":[{"id":309,"href":"http:\/\/www.amicale-du-chien.com\/index.php?rest_route=\/wp\/v2\/pages\/229\/revisions\/309"}],"up":[{"embeddable":true,"href":"http:\/\/www.amicale-du-chien.com\/index.php?rest_route=\/wp\/v2\/pages\/7"}],"wp:attachment":[{"href":"http:\/\/www.amicale-du-chien.com\/index.php?rest_route=%2Fwp%2Fv2%2Fmedia&parent=229"}],"curies":[{"name":"wp","href":"https:\/\/api.w.org\/{rel}","templated":true}]}}