{"id":235,"date":"2013-07-21T09:26:53","date_gmt":"2013-07-21T08:26:53","guid":{"rendered":"http:\/\/www.amicale-du-chien.com\/?page_id=235"},"modified":"2013-07-21T09:26:53","modified_gmt":"2013-07-21T08:26:53","slug":"concours-obeissance-2006","status":"publish","type":"page","link":"http:\/\/www.amicale-du-chien.com\/?page_id=235","title":{"rendered":"Concours Ob\u00e9issance 2006"},"content":{"rendered":"<p>L&rsquo;amicale du chien de Haguenau a organis\u00e9, ce week-end 20 et 21 mai 2006, son <b>premier concours canin d&rsquo;ob\u00e9issance<\/b> sur son terrain, route de Marienthal.<\/p>\n<p>Il y avait foule autour du terrain de l&rsquo;<strong>Amicale du chien de Haguenau<\/strong> ce dimanche et ce malgr\u00e9 la m\u00e9t\u00e9o venteuse. Nombreux on \u00e9t\u00e9 les spectateurs ravis et int\u00e9ress\u00e9s par les prestations des 15 concurrents participants aux \u00e9preuves.<\/p>\n<table width=\"99%\" border=\"0\" cellspacing=\"0\" cellpadding=\"0\">\n<tbody>\n<tr>\n<td align=\"center\">\n<div align=\"center\"><img decoding=\"async\" alt=\"\" src=\"http:\/\/www.caroweb.fr\/amicalechien1\/Pages\/img\/concours\/obe\/mai2006\/concurrents.jpg\" \/><br \/>\n<i>Photo de groupe de tous les concurrents suite \u00e0 la remise des prix<\/i><\/div>\n<div align=\"right\">\u00a0<\/div>\n<\/td>\n<\/tr>\n<\/tbody>\n<\/table>\n<p><strong>CSAU<\/strong><\/p>\n<table width=\"99%\" border=\"0\" cellspacing=\"2\" cellpadding=\"2\">\n<tbody>\n<tr>\n<td width=\"67%\">Le CSAU (Certificat de Sociabilit\u00e9 et d&rsquo;Aptitude \u00e0 l&rsquo;Utilisation) est une \u00e9preuve qui permet de d\u00e9terminer la sociabilit\u00e9 du chien. Un chien non sociable ne pourra pas pr\u00e9tendre passer aux \u00e9tapes sup\u00e9rieures (Brevet, puis Classe 1, 2 et 3).<br \/>\nLe chien et son conducteur doivent effectuer devant un juge plusieurs exercices : une absence du ma\u00eetre, une suite en laisse, un rappel et un saut.<\/p>\n<p>Lors de notre concours un chien a pass\u00e9 cette \u00e9preuve avec succ\u00e8s d&rsquo;ailleurs (mention T.B).<br \/>\nNous lui donnons donc rendez-vous l&rsquo;ann\u00e9e prochaine pour obtenir cette fois son Brevet d&rsquo;ob\u00e9issance.<\/td>\n<td width=\"33%\">\n<div align=\"center\"><img loading=\"lazy\" decoding=\"async\" alt=\"\" src=\"http:\/\/www.caroweb.fr\/amicalechien1\/Pages\/img\/concours\/obe\/mai2006\/Ali.jpg\" width=\"121\" height=\"200\" \/><\/div>\n<\/td>\n<\/tr>\n<\/tbody>\n<\/table>\n<p><strong>Brevet d&rsquo;Ob\u00e9issance<\/strong><\/p>\n<table width=\"99%\" border=\"0\" cellspacing=\"2\" cellpadding=\"2\">\n<tbody>\n<tr>\n<td width=\"60%\">Le Brevet d&rsquo;ob\u00e9issance est donc r\u00e9serv\u00e9 aux chiens ayant d\u00e9j\u00e0 eu le CSAU. Deux chiens ont r\u00e9alis\u00e9 avec succ\u00e8s (mention Excellent) les diff\u00e9rents exercices qui composent ce Brevet d&rsquo;ob\u00e9issance le dimanche 21 mai. Ils ont d&rsquo;ailleurs tous les deux \u00e9galement pass\u00e9 les \u00e9preuves de la Classe 1 suite \u00e0 leur succ\u00e8s durant le Brevet d&rsquo;ob\u00e9issance.<\/td>\n<td width=\"40%\">\n<div align=\"center\"><img loading=\"lazy\" decoding=\"async\" alt=\"\" src=\"http:\/\/www.caroweb.fr\/amicalechien1\/Pages\/img\/concours\/obe\/mai2006\/brevet.jpg\" width=\"250\" height=\"197\" \/><\/div>\n<\/td>\n<\/tr>\n<\/tbody>\n<\/table>\n<p>&nbsp;<\/p>\n<p><strong>Ob\u00e9issance Classe 1<\/strong><\/p>\n<table width=\"99%\" border=\"0\" cellspacing=\"2\" cellpadding=\"2\">\n<tbody>\n<tr>\n<td width=\"60%\">Les \u00e9preuves d&rsquo;ob\u00e9issance Classe 1 ont rassembl\u00e9 le plus de concurrents lors de ce concours.<\/p>\n<p>En effet, 10 concurrents se sont succ\u00e9d\u00e9s sur les diff\u00e9rentes \u00e9preuves : absence, suite sans laisse, position autour d&rsquo;un carr\u00e9, en avant dans un carr\u00e9, rappel, rapport d&rsquo;objet, saut ainsi que diff\u00e9rentes positions (assis, debout, couch\u00e9).<\/p>\n<p>Le juge<strong> M. Guillou<\/strong> a ainsi d\u00e9cern\u00e9 2 mentions Excellent, ainsi que 4 mentions T.B.<\/td>\n<td width=\"40%\">\n<div align=\"center\"><img loading=\"lazy\" decoding=\"async\" alt=\"\" src=\"http:\/\/www.caroweb.fr\/amicalechien1\/Pages\/img\/concours\/obe\/mai2006\/classe1.jpg\" width=\"250\" height=\"197\" \/><\/div>\n<\/td>\n<\/tr>\n<\/tbody>\n<\/table>\n<p><strong>Ob\u00e9issance Classe 2<\/strong><\/p>\n<table width=\"99%\" border=\"0\" cellspacing=\"2\" cellpadding=\"2\">\n<tbody>\n<tr>\n<td width=\"60%\">Les \u00e9preuves d&rsquo;ob\u00e9issance Classe 2 n&rsquo;ont pas rassembl\u00e9 beaucoup de concurrents lors de ce concours, mais nous esp\u00e9rons que l&rsquo;ann\u00e9e prochaine tous les concurrents ayant pass\u00e9s la Classe 1 pourront se mesurer \u00e0 la Classe 2 (pour cela il faut avoir obtenu au moins 1 Excellent).<\/p>\n<p>En effet, seulement trois concurrents ont particip\u00e9s aux diff\u00e9rentes \u00e9preuves : absence en groupe, suite sans laisse, position autour d&rsquo;un carr\u00e9, en avant dans un carr\u00e9, rappel, rapport d&rsquo;objet, odorat, saut ainsi que diff\u00e9rentes positions (assis, debout, couch\u00e9).<\/p>\n<p>Le juge <strong>M. Guillou<\/strong> a ainsi d\u00e9cern\u00e9 une mention Excellent, une mention T.B., ainsi qu&rsquo;une mention B..<\/td>\n<td width=\"40%\">\n<div align=\"center\"><img loading=\"lazy\" decoding=\"async\" alt=\"\" src=\"http:\/\/www.caroweb.fr\/amicalechien1\/Pages\/img\/concours\/obe\/mai2006\/classe2.jpg\" width=\"250\" height=\"197\" \/><\/div>\n<\/td>\n<\/tr>\n<\/tbody>\n<\/table>\n<p>&nbsp;<\/p>\n<p>L&rsquo;Amicale du chien vous donne donc rendez-vous l&rsquo;ann\u00e9e prochaine pour \u00e9toffer le nombre de concurrents de son <strong>concours annuel d&rsquo;Ob\u00e9issance<\/strong>.<\/p>\n","protected":false},"excerpt":{"rendered":"<p>L&rsquo;amicale du chien de Haguenau a organis\u00e9, ce week-end 20 et 21 mai 2006, son premier concours canin d&rsquo;ob\u00e9issance sur son terrain, route de Marienthal. Il y avait foule autour du terrain de l&rsquo;Amicale du chien de Haguenau ce dimanche et ce malgr\u00e9 la m\u00e9t\u00e9o venteuse. Nombreux on \u00e9t\u00e9 les spectateurs ravis et int\u00e9ress\u00e9s par [&hellip;]<\/p>\n","protected":false},"author":1,"featured_media":0,"parent":7,"menu_order":0,"comment_status":"open","ping_status":"open","template":"","meta":{"footnotes":""},"class_list":["post-235","page","type-page","status-publish","hentry"],"_links":{"self":[{"href":"http:\/\/www.amicale-du-chien.com\/index.php?rest_route=\/wp\/v2\/pages\/235","targetHints":{"allow":["GET"]}}],"collection":[{"href":"http:\/\/www.amicale-du-chien.com\/index.php?rest_route=\/wp\/v2\/pages"}],"about":[{"href":"http:\/\/www.amicale-du-chien.com\/index.php?rest_route=\/wp\/v2\/types\/page"}],"author":[{"embeddable":true,"href":"http:\/\/www.amicale-du-chien.com\/index.php?rest_route=\/wp\/v2\/users\/1"}],"replies":[{"embeddable":true,"href":"http:\/\/www.amicale-du-chien.com\/index.php?rest_route=%2Fwp%2Fv2%2Fcomments&post=235"}],"version-history":[{"count":1,"href":"http:\/\/www.amicale-du-chien.com\/index.php?rest_route=\/wp\/v2\/pages\/235\/revisions"}],"predecessor-version":[{"id":236,"href":"http:\/\/www.amicale-du-chien.com\/index.php?rest_route=\/wp\/v2\/pages\/235\/revisions\/236"}],"up":[{"embeddable":true,"href":"http:\/\/www.amicale-du-chien.com\/index.php?rest_route=\/wp\/v2\/pages\/7"}],"wp:attachment":[{"href":"http:\/\/www.amicale-du-chien.com\/index.php?rest_route=%2Fwp%2Fv2%2Fmedia&parent=235"}],"curies":[{"name":"wp","href":"https:\/\/api.w.org\/{rel}","templated":true}]}}