{"id":431,"date":"2013-12-28T10:54:56","date_gmt":"2013-12-28T09:54:56","guid":{"rendered":"http:\/\/www.amicale-du-chien.com\/?page_id=431"},"modified":"2013-12-28T10:55:33","modified_gmt":"2013-12-28T09:55:33","slug":"concours-obeissance-du-15-septembre-2013","status":"publish","type":"page","link":"http:\/\/www.amicale-du-chien.com\/?page_id=431","title":{"rendered":"Concours Ob\u00e9issance 2013"},"content":{"rendered":"<p>Le concours d&rsquo;Ob\u00e9issance de l&rsquo;Amicale du chien de Haguenau a eu lieu cette ann\u00e9e le 15 septembre 2013. Vous avez \u00e9t\u00e9 nombreux a partager ce moment avec nous. Voici quelques photos de la manifestations avant les r\u00e9sultats.<\/p>\n<p><object width=\"600\" height=\"400\" classid=\"clsid:d27cdb6e-ae6d-11cf-96b8-444553540000\" codebase=\"http:\/\/download.macromedia.com\/pub\/shockwave\/cabs\/flash\/swflash.cab#version=6,0,40,0\"><param name=\"src\" value=\"https:\/\/static.googleusercontent.com\/external_content\/picasaweb.googleusercontent.com\/slideshow.swf\" \/><param name=\"flashvars\" value=\"host=picasaweb.google.com&amp;hl=fr&amp;feat=flashalbum&amp;RGB=0x000000&amp;feed=https%3A%2F%2Fpicasaweb.google.com%2Fdata%2Ffeed%2Fapi%2Fuser%2F106692801449000757257%2Falbumid%2F5923899424357544577%3Falt%3Drss%26kind%3Dphoto%26authkey%3DGv1sRgCN_15r-TiejrlwE%26hl%3Dfr\" \/><param name=\"pluginspage\" value=\"http:\/\/www.macromedia.com\/go\/getflashplayer\" \/><embed width=\"600\" height=\"400\" type=\"application\/x-shockwave-flash\" src=\"https:\/\/static.googleusercontent.com\/external_content\/picasaweb.googleusercontent.com\/slideshow.swf\" flashvars=\"host=picasaweb.google.com&amp;hl=fr&amp;feat=flashalbum&amp;RGB=0x000000&amp;feed=https%3A%2F%2Fpicasaweb.google.com%2Fdata%2Ffeed%2Fapi%2Fuser%2F106692801449000757257%2Falbumid%2F5923899424357544577%3Falt%3Drss%26kind%3Dphoto%26authkey%3DGv1sRgCN_15r-TiejrlwE%26hl%3Dfr\" pluginspage=\"http:\/\/www.macromedia.com\/go\/getflashplayer\" \/><\/object><\/p>\n","protected":false},"excerpt":{"rendered":"<p>Le concours d&rsquo;Ob\u00e9issance de l&rsquo;Amicale du chien de Haguenau a eu lieu cette ann\u00e9e le 15 septembre 2013. Vous avez \u00e9t\u00e9 nombreux a partager ce moment avec nous. Voici quelques photos de la manifestations avant les r\u00e9sultats.<\/p>\n","protected":false},"author":1,"featured_media":0,"parent":7,"menu_order":0,"comment_status":"open","ping_status":"open","template":"","meta":{"footnotes":""},"class_list":["post-431","page","type-page","status-publish","hentry"],"_links":{"self":[{"href":"http:\/\/www.amicale-du-chien.com\/index.php?rest_route=\/wp\/v2\/pages\/431","targetHints":{"allow":["GET"]}}],"collection":[{"href":"http:\/\/www.amicale-du-chien.com\/index.php?rest_route=\/wp\/v2\/pages"}],"about":[{"href":"http:\/\/www.amicale-du-chien.com\/index.php?rest_route=\/wp\/v2\/types\/page"}],"author":[{"embeddable":true,"href":"http:\/\/www.amicale-du-chien.com\/index.php?rest_route=\/wp\/v2\/users\/1"}],"replies":[{"embeddable":true,"href":"http:\/\/www.amicale-du-chien.com\/index.php?rest_route=%2Fwp%2Fv2%2Fcomments&post=431"}],"version-history":[{"count":4,"href":"http:\/\/www.amicale-du-chien.com\/index.php?rest_route=\/wp\/v2\/pages\/431\/revisions"}],"predecessor-version":[{"id":436,"href":"http:\/\/www.amicale-du-chien.com\/index.php?rest_route=\/wp\/v2\/pages\/431\/revisions\/436"}],"up":[{"embeddable":true,"href":"http:\/\/www.amicale-du-chien.com\/index.php?rest_route=\/wp\/v2\/pages\/7"}],"wp:attachment":[{"href":"http:\/\/www.amicale-du-chien.com\/index.php?rest_route=%2Fwp%2Fv2%2Fmedia&parent=431"}],"curies":[{"name":"wp","href":"https:\/\/api.w.org\/{rel}","templated":true}]}}