{"id":44,"date":"2013-07-17T11:15:58","date_gmt":"2013-07-17T10:15:58","guid":{"rendered":"http:\/\/www.amicale-du-chien.com\/?page_id=44"},"modified":"2013-07-17T15:41:21","modified_gmt":"2013-07-17T14:41:21","slug":"concours-rci-et-fci-2013","status":"publish","type":"page","link":"http:\/\/www.amicale-du-chien.com\/?page_id=44","title":{"rendered":"Concours RCI et FCI 2013"},"content":{"rendered":"<p><a href=\"http:\/\/www.amicale-du-chien.com\/wp-content\/uploads\/2013\/07\/logo_amicale.jpg\"><img loading=\"lazy\" decoding=\"async\" class=\"alignleft size-full wp-image-31\" alt=\"Logo de l'amicale du chien de Haguenau\" src=\"http:\/\/www.amicale-du-chien.com\/wp-content\/uploads\/2013\/07\/logo_amicale.jpg\" width=\"125\" height=\"81\" \/><\/a>L&rsquo;amicale du chien de Haguenau a organis\u00e9, le week-end des 12 et 13 janvier 2013, son <strong>neuvi\u00e8me concours canin FCI de pistage et RCI<\/strong> sur son terrain, route de Marienthal.<\/p>\n<p>20 participants se sont finalement oppos\u00e9s dans les \u00e9preuves <strong>FCI de pistage<\/strong> qui se sont d\u00e9roul\u00e9es samedi et dimanche.<\/p>\n<p><!--table width=\"98%\" border=\"0\">\n\n\n<tr>\n\n\n<td>\n\n\n<div align=\"center\"><img loading=\"lazy\" decoding=\"async\" src=\"..\/img\/concours\/rci\/janvier2006\/FCI1.gif\" width=\"250\" height=\"163\"><\/div>\n\n<\/td>\n\n\n\n\n<td>&nbsp;<\/td>\n\n\n\n\n<td>\n\n\n<div align=\"center\"><img loading=\"lazy\" decoding=\"async\" src=\"..\/img\/concours\/rci\/janvier2006\/FCI2.gif\" width=\"250\" height=\"163\"><\/div>\n\n<\/td>\n\n\n<\/tr>\n\n\n<\/table--><strong>R\u00e9sultats de samedi 12 janvier<\/strong><\/p>\n<p><strong>R\u00e9sultats FCI Brevet<\/strong><\/p>\n<table width=\"620\" border=\"0\" cellspacing=\"0\" cellpadding=\"0\">\n<tbody>\n<tr bgcolor=\"#d6d6d6\">\n<td width=\"14%\"><strong><span style=\"color: #000000;\">Chien<\/span><\/strong><\/td>\n<td width=\"28%\"><strong><span style=\"color: #000000;\">Conducteur<\/span><\/strong><\/td>\n<td width=\"10%\"><strong><span style=\"color: #000000;\">Race<\/span><\/strong><\/td>\n<td width=\"23%\"><strong><span style=\"color: #000000;\">Club<\/span><\/strong><\/td>\n<td width=\"12%\"><strong><span style=\"color: #000000;\">Total<\/span><\/strong><\/td>\n<td width=\"13%\"><strong><span style=\"color: #000000;\">Mention<\/span><\/strong><\/td>\n<\/tr>\n<tr bgcolor=\"#3b4d86\">\n<td bgcolor=\"#f09338\"><span style=\"color: #000000;\">GAIA<\/span><\/td>\n<td bgcolor=\"#f09338\"><span style=\"color: #000000;\">MAES Yves<\/span><\/td>\n<td bgcolor=\"#f09338\"><span style=\"color: #000000;\">B.Beauce<\/span><\/td>\n<td bgcolor=\"#f09338\"><span style=\"color: #000000;\">SCBA Westhoffen<\/span><\/td>\n<td bgcolor=\"#f09338\"><span style=\"color: #000000;\">94 PTS<\/span><\/td>\n<td bgcolor=\"#f09338\"><span style=\"color: #000000;\">TB.<\/span><\/td>\n<\/tr>\n<tr bgcolor=\"#3b4d86\">\n<td bgcolor=\"#3b4d86\"><span style=\"color: #000000;\">BARY<\/span><\/td>\n<td bgcolor=\"#3b4d86\"><span style=\"color: #000000;\">ROTT Gilbert<\/span><\/td>\n<td bgcolor=\"#3b4d86\"><span style=\"color: #000000;\">B.A.<\/span><\/td>\n<td bgcolor=\"#3b4d86\"><span style=\"color: #000000;\">ACD Vendenheim<\/span><\/td>\n<td bgcolor=\"#3b4d86\"><span style=\"color: #000000;\">87 PTS<\/span><\/td>\n<td bgcolor=\"#3b4d86\"><span style=\"color: #000000;\">B.<\/span><\/td>\n<\/tr>\n<tr bgcolor=\"#3b4d86\">\n<td bgcolor=\"#f09338\"><span style=\"color: #000000;\">ELFI<\/span><\/td>\n<td bgcolor=\"#f09338\"><span style=\"color: #000000;\">SELUKSY Patrick<\/span><\/td>\n<td bgcolor=\"#f09338\"><span style=\"color: #000000;\">B.A.<\/span><\/td>\n<td bgcolor=\"#f09338\"><span style=\"color: #000000;\">AC Haguenau<\/span><\/td>\n<td bgcolor=\"#f09338\"><span style=\"color: #000000;\">86 PTS<\/span><\/td>\n<td bgcolor=\"#f09338\"><span style=\"color: #000000;\">B.<\/span><\/td>\n<\/tr>\n<\/tbody>\n<\/table>\n<p><strong>R\u00e9sultats FCI 3<\/strong><\/p>\n<table width=\"620\" border=\"0\" cellspacing=\"0\" cellpadding=\"0\">\n<tbody>\n<tr bgcolor=\"#d6d6d6\">\n<td width=\"14%\"><strong><span style=\"color: #000000;\">Chien<\/span><\/strong><\/td>\n<td width=\"28%\"><strong><span style=\"color: #000000;\">Conducteur<\/span><\/strong><\/td>\n<td width=\"10%\"><strong><span style=\"color: #000000;\">Race<\/span><\/strong><\/td>\n<td width=\"23%\"><strong><span style=\"color: #000000;\">Club<\/span><\/strong><\/td>\n<td width=\"12%\"><strong><span style=\"color: #000000;\">Total<\/span><\/strong><\/td>\n<td width=\"13%\"><strong><span style=\"color: #000000;\">Mention<\/span><\/strong><\/td>\n<\/tr>\n<tr bgcolor=\"#3b4d86\">\n<td bgcolor=\"#f09338\"><span style=\"color: #000000;\">TRACY<\/span><\/td>\n<td bgcolor=\"#f09338\"><span style=\"color: #000000;\">KREMER Guy<\/span><\/td>\n<td bgcolor=\"#f09338\"><span style=\"color: #000000;\">Airedale Terrier<\/span><\/td>\n<td bgcolor=\"#f09338\"><span style=\"color: #000000;\">AC Ham Sous Varsberg<\/span><\/td>\n<td bgcolor=\"#f09338\"><span style=\"color: #000000;\">98 PTS<\/span><\/td>\n<td bgcolor=\"#f09338\"><span style=\"color: #000000;\">EXC.<\/span><\/td>\n<\/tr>\n<tr bgcolor=\"#f09338\">\n<td bgcolor=\"#3b4d86\"><span style=\"color: #000000;\">QUELLE<\/span><\/td>\n<td bgcolor=\"#3b4d86\"><span style=\"color: #000000;\">KREMER Guy<\/span><\/td>\n<td bgcolor=\"#3b4d86\"><span style=\"color: #000000;\">Airedale Terrier<\/span><\/td>\n<td bgcolor=\"#3b4d86\"><span style=\"color: #000000;\">AC Ham Sous Varsberg<\/span><\/td>\n<td bgcolor=\"#3b4d86\"><span style=\"color: #000000;\">97 PTS<\/span><\/td>\n<td bgcolor=\"#3b4d86\"><span style=\"color: #000000;\">EXC..<\/span><\/td>\n<\/tr>\n<tr bgcolor=\"#f09338\">\n<td><span style=\"color: #000000;\">BESSIE<\/span><\/td>\n<td><span style=\"color: #000000;\">FIXARIS Alain<\/span><\/td>\n<td><span style=\"color: #000000;\">B.A<\/span><\/td>\n<td><span style=\"color: #000000;\">CC Sundgau<\/span><\/td>\n<td width=\"12%\"><span style=\"color: #000000;\">97 PTS<\/span><\/td>\n<td width=\"13%\"><span style=\"color: #000000;\">EXC.<\/span><\/td>\n<\/tr>\n<tr bgcolor=\"#f09338\">\n<td bgcolor=\"#3b4d86\"><span style=\"color: #000000;\">BASKO<\/span><\/td>\n<td bgcolor=\"#3b4d86\"><span style=\"color: #000000;\">KANZLER Adrien<\/span><\/td>\n<td bgcolor=\"#3b4d86\"><span style=\"color: #000000;\">B.A<\/span><\/td>\n<td bgcolor=\"#3b4d86\"><span style=\"color: #000000;\">CC de Pettite Rosselle<\/span><\/td>\n<td bgcolor=\"#3b4d86\" width=\"12%\"><span style=\"color: #000000;\">96 PTS<\/span><\/td>\n<td bgcolor=\"#3b4d86\" width=\"13%\"><span style=\"color: #000000;\">EXC.<\/span><\/td>\n<\/tr>\n<tr bgcolor=\"#f09338\">\n<td bgcolor=\"#f09338\"><span style=\"color: #000000;\">BETTY<\/span><\/td>\n<td bgcolor=\"#f09338\"><span style=\"color: #000000;\">BAUDRY No\u00ebl<\/span><\/td>\n<td bgcolor=\"#f09338\"><span style=\"color: #000000;\">L<\/span><\/td>\n<td bgcolor=\"#f09338\"><span style=\"color: #000000;\">TCC Dannemarie<\/span><\/td>\n<td bgcolor=\"#f09338\"><span style=\"color: #000000;\">93 PTS<\/span><\/td>\n<td bgcolor=\"#f09338\"><span style=\"color: #000000;\">T.B..<\/span><\/td>\n<\/tr>\n<tr bgcolor=\"#f09338\">\n<td bgcolor=\"#3b4d86\"><span style=\"color: #000000;\">BALTO<\/span><\/td>\n<td bgcolor=\"#3b4d86\"><span style=\"color: #000000;\">SCHWOB Andr\u00e9<\/span><\/td>\n<td bgcolor=\"#3b4d86\"><span style=\"color: #000000;\">B.A<\/span><\/td>\n<td bgcolor=\"#3b4d86\"><span style=\"color: #000000;\">TCC Dannemarie<\/span><\/td>\n<td bgcolor=\"#3b4d86\" width=\"12%\"><span style=\"color: #000000;\">84 PTS<\/span><\/td>\n<td bgcolor=\"#3b4d86\" width=\"13%\"><span style=\"color: #000000;\">B.<\/span><\/td>\n<\/tr>\n<tr bgcolor=\"#f09338\">\n<td bgcolor=\"#f09338\"><span style=\"color: #000000;\">ATHOS II<\/span><\/td>\n<td bgcolor=\"#f09338\"><span style=\"color: #000000;\">BLANDIN Robert<\/span><\/td>\n<td bgcolor=\"#f09338\"><span style=\"color: #000000;\">B.A<\/span><\/td>\n<td bgcolor=\"#f09338\"><span style=\"color: #000000;\">TCC Betschdorf<\/span><\/td>\n<td bgcolor=\"#f09338\"><span style=\"color: #000000;\">84 PTS<\/span><\/td>\n<td bgcolor=\"#f09338\"><span style=\"color: #000000;\">B.<\/span><\/td>\n<\/tr>\n<tr bgcolor=\"#3b4d86\">\n<td><span style=\"color: #000000;\">ALLO<\/span><\/td>\n<td><span style=\"color: #000000;\">CARRERE Marc<\/span><\/td>\n<td><span style=\"color: #000000;\">B.A<\/span><\/td>\n<td><span style=\"color: #000000;\">AC Haguenau<\/span><\/td>\n<td><span style=\"color: #000000;\">NC<\/span><\/td>\n<td><span style=\"color: #000000;\">NC.<\/span><\/td>\n<\/tr>\n<tr bgcolor=\"#f09338\">\n<td><span style=\"color: #000000;\">T&rsquo;PLATIN<\/span><\/td>\n<td><span style=\"color: #000000;\">NAWURTSCH Jutta<\/span><\/td>\n<td><span style=\"color: #000000;\">BB S<\/span><\/td>\n<td><span style=\"color: #000000;\">TCC Betschdorf<\/span><\/td>\n<td><span style=\"color: #000000;\">NC<\/span><\/td>\n<td><span style=\"color: #000000;\">NC<\/span><\/td>\n<\/tr>\n<\/tbody>\n<\/table>\n<p><strong>R\u00e9sultats de dimanche 15 janvier<\/strong><\/p>\n<p><strong>R\u00e9sultats FCI 2<\/strong><\/p>\n<table width=\"620\" border=\"0\" cellspacing=\"0\" cellpadding=\"0\">\n<tbody>\n<tr bgcolor=\"#d6d6d6\">\n<td width=\"14%\"><strong><span style=\"color: #000000;\">Chien<\/span><\/strong><\/td>\n<td width=\"28%\"><strong><span style=\"color: #000000;\">Conducteur<\/span><\/strong><\/td>\n<td width=\"10%\"><strong><span style=\"color: #000000;\">Race<\/span><\/strong><\/td>\n<td width=\"23%\"><strong><span style=\"color: #000000;\">Club<\/span><\/strong><\/td>\n<td width=\"12%\"><strong><span style=\"color: #000000;\">Total<\/span><\/strong><\/td>\n<td width=\"13%\"><strong><span style=\"color: #000000;\">Mention<\/span><\/strong><\/td>\n<\/tr>\n<tr bgcolor=\"#3b4d86\">\n<td bgcolor=\"#f09338\"><span style=\"color: #000000;\">TARA<\/span><\/td>\n<td bgcolor=\"#f09338\"><span style=\"color: #000000;\">ROTH Jacqui<\/span><\/td>\n<td bgcolor=\"#f09338\"><span style=\"color: #000000;\">B.A<\/span><\/td>\n<td bgcolor=\"#f09338\"><span style=\"color: #000000;\">A.B.A.G.<\/span><\/td>\n<td bgcolor=\"#f09338\"><span style=\"color: #000000;\">99 PTS<\/span><\/td>\n<td bgcolor=\"#f09338\"><span style=\"color: #000000;\">EXC.<\/span><\/td>\n<\/tr>\n<tr bgcolor=\"#f09338\">\n<td bgcolor=\"#3b4d86\"><span style=\"color: #000000;\">WHITE<\/span><\/td>\n<td bgcolor=\"#3b4d86\"><span style=\"color: #000000;\">SCHNEIDER Hermann<\/span><\/td>\n<td bgcolor=\"#3b4d86\"><span style=\"color: #000000;\">B.Blanc<\/span><\/td>\n<td bgcolor=\"#3b4d86\"><span style=\"color: #000000;\">TCC Betschdorf<\/span><\/td>\n<td bgcolor=\"#3b4d86\"><span style=\"color: #000000;\">92 PTS<\/span><\/td>\n<td bgcolor=\"#3b4d86\"><span style=\"color: #000000;\">T.B.<\/span><\/td>\n<\/tr>\n<tr bgcolor=\"#f09338\">\n<td bgcolor=\"#f09338\"><span style=\"color: #000000;\">DJINN-BLACK-SPIRIT<\/span><\/td>\n<td bgcolor=\"#f09338\"><span style=\"color: #000000;\">SPAUEL Huguette<\/span><\/td>\n<td bgcolor=\"#f09338\"><span style=\"color: #000000;\">Border Collie<\/span><\/td>\n<td bgcolor=\"#f09338\"><span style=\"color: #000000;\">A.B.A.G.<\/span><\/td>\n<td bgcolor=\"#f09338\"><span style=\"color: #000000;\">83 PTS<\/span><\/td>\n<td bgcolor=\"#f09338\"><span style=\"color: #000000;\">B<\/span>.<\/td>\n<\/tr>\n<\/tbody>\n<\/table>\n<p><strong>R\u00e9sultats FCI 3<\/strong><\/p>\n<table width=\"620\" border=\"0\" cellspacing=\"0\" cellpadding=\"0\">\n<tbody>\n<tr bgcolor=\"#d6d6d6\">\n<td width=\"14%\"><strong><span style=\"color: #000000;\">Chien<\/span><\/strong><\/td>\n<td width=\"28%\"><strong><span style=\"color: #000000;\">Conducteur<\/span><\/strong><\/td>\n<td width=\"10%\"><strong><span style=\"color: #000000;\">Race<\/span><\/strong><\/td>\n<td width=\"23%\"><strong><span style=\"color: #000000;\">Club<\/span><\/strong><\/td>\n<td width=\"12%\"><strong><span style=\"color: #000000;\">Total<\/span><\/strong><\/td>\n<td width=\"13%\"><strong><span style=\"color: #000000;\">Mention<\/span><\/strong><\/td>\n<\/tr>\n<tr bgcolor=\"#3b4d86\">\n<td bgcolor=\"#f09338\"><span style=\"color: #000000;\">DIVX<\/span><\/td>\n<td bgcolor=\"#f09338\"><span style=\"color: #000000;\">BOUR Val\u00e9rie<\/span><\/td>\n<td bgcolor=\"#f09338\"><span style=\"color: #000000;\">B.A<\/span><\/td>\n<td bgcolor=\"#f09338\"><span style=\"color: #000000;\">TCC Sarrewerden<\/span><\/td>\n<td bgcolor=\"#f09338\"><span style=\"color: #000000;\">98 PTS<\/span><\/td>\n<td bgcolor=\"#f09338\"><span style=\"color: #000000;\">EXC.<\/span><\/td>\n<\/tr>\n<tr bgcolor=\"#f09338\">\n<td bgcolor=\"#3b4d86\"><span style=\"color: #000000;\">YASSO<\/span><\/td>\n<td bgcolor=\"#3b4d86\"><span style=\"color: #000000;\">BRICKA Ren\u00e9<\/span><\/td>\n<td bgcolor=\"#3b4d86\"><span style=\"color: #000000;\">B.A<\/span><\/td>\n<td bgcolor=\"#3b4d86\"><span style=\"color: #000000;\">A.B.A.G.<\/span><\/td>\n<td bgcolor=\"#3b4d86\"><span style=\"color: #000000;\">98 PTS<\/span><\/td>\n<td bgcolor=\"#3b4d86\"><span style=\"color: #000000;\">EXC.<\/span><\/td>\n<\/tr>\n<tr bgcolor=\"#f09338\">\n<td bgcolor=\"#f09338\"><span style=\"color: #000000;\">UCO<\/span><\/td>\n<td bgcolor=\"#f09338\"><span style=\"color: #000000;\">TAGLANG Jean-Ren\u00e9<\/span><\/td>\n<td bgcolor=\"#f09338\"><span style=\"color: #000000;\">B.A<\/span><\/td>\n<td bgcolor=\"#f09338\"><span style=\"color: #000000;\">TCC Stiring-Forbach<\/span><\/td>\n<td bgcolor=\"#f09338\"><span style=\"color: #000000;\">97 PTS<\/span><\/td>\n<td bgcolor=\"#f09338\"><span style=\"color: #000000;\">EXC..<\/span><\/td>\n<\/tr>\n<tr bgcolor=\"#f09338\">\n<td bgcolor=\"#3b4d86\" width=\"14%\"><span style=\"color: #000000;\">BASKO<\/span><\/td>\n<td bgcolor=\"#3b4d86\" width=\"28%\"><span style=\"color: #000000;\">HERVE Daniel<\/span><\/td>\n<td bgcolor=\"#3b4d86\" width=\"10%\"><span style=\"color: #000000;\">B.A<\/span><\/td>\n<td bgcolor=\"#3b4d86\" width=\"23%\"><span style=\"color: #000000;\">TCC Beinheim<\/span><\/td>\n<td bgcolor=\"#3b4d86\" width=\"12%\"><span style=\"color: #000000;\">94 PTS<\/span><\/td>\n<td bgcolor=\"#3b4d86\" width=\"13%\"><span style=\"color: #000000;\">T.B.<\/span><\/td>\n<\/tr>\n<tr bgcolor=\"#f09338\">\n<td bgcolor=\"#f09338\"><span style=\"color: #000000;\">DAYKA<\/span><\/td>\n<td bgcolor=\"#f09338\"><span style=\"color: #000000;\">FRITZ Sylvie<\/span><\/td>\n<td bgcolor=\"#f09338\"><span style=\"color: #000000;\">B.A<\/span><\/td>\n<td bgcolor=\"#f09338\"><span style=\"color: #000000;\">ACD Vendenheim<\/span><\/td>\n<td bgcolor=\"#f09338\"><span style=\"color: #000000;\">83 PTS<\/span><\/td>\n<td bgcolor=\"#f09338\"><span style=\"color: #000000;\">B.<\/span><\/td>\n<\/tr>\n<\/tbody>\n<\/table>\n<p>Dimanche, se sont 8 concurrents qui ont particip\u00e9s aux \u00e9preuves <strong>RCI<\/strong>. Dans le cadre de cette comp\u00e9tition en trois manches, les concurrents doivent effectuer une \u00e9preuve de pistage, d&rsquo;ob\u00e9issance et de d\u00e9fense encore appel\u00e9e mordant.<\/p>\n<p><strong>R\u00e9sultats CSAU<\/strong><\/p>\n<table width=\"620\" border=\"0\" cellspacing=\"0\" cellpadding=\"0\">\n<tbody>\n<tr bgcolor=\"#d6d6d6\">\n<td width=\"14%\"><strong><span style=\"color: #000000;\">Chien<\/span><\/strong><\/td>\n<td width=\"28%\"><strong><span style=\"color: #000000;\">Conducteur<\/span><\/strong><\/td>\n<td width=\"10%\"><strong><span style=\"color: #000000;\">Race<\/span><\/strong><\/td>\n<td width=\"23%\"><strong><span style=\"color: #000000;\">Club<\/span><\/strong><\/td>\n<td width=\"13%\"><strong><span style=\"color: #000000;\">Mention<\/span><\/strong><\/td>\n<\/tr>\n<tr bgcolor=\"#3b4d86\">\n<td bgcolor=\"#f09338\"><span style=\"color: #000000;\">COSAK<\/span><\/td>\n<td bgcolor=\"#f09338\"><span style=\"color: #000000;\">RIEHL Michel<\/span><\/td>\n<td bgcolor=\"#f09338\"><span style=\"color: #000000;\">B.A.<\/span><\/td>\n<td bgcolor=\"#f09338\"><span style=\"color: #000000;\">TCC Erstein<\/span><\/td>\n<td bgcolor=\"#f09338\"><span style=\"color: #000000;\">EXC.<\/span><\/td>\n<\/tr>\n<\/tbody>\n<\/table>\n<p><strong>R\u00e9sultats RCI Certificat<\/strong><\/p>\n<table width=\"620\" border=\"0\" cellspacing=\"0\" cellpadding=\"0\">\n<tbody>\n<tr bgcolor=\"#d6d6d6\">\n<td width=\"14%\"><strong><span style=\"color: #000000;\">Chien<\/span><\/strong><\/td>\n<td width=\"28%\"><strong><span style=\"color: #000000;\">Conducteur<\/span><\/strong><\/td>\n<td width=\"11%\"><strong><span style=\"color: #000000;\">Race<\/span><\/strong><\/td>\n<td width=\"27%\"><strong><span style=\"color: #000000;\">Club<\/span><\/strong><\/td>\n<td width=\"11%\"><strong><span style=\"color: #000000;\">Total<\/span><\/strong><\/td>\n<td width=\"9%\"><strong><span style=\"color: #000000;\">Mention<\/span><\/strong><\/td>\n<\/tr>\n<tr bgcolor=\"#f09338\">\n<td><span style=\"color: #000000;\">COSAK<\/span><\/td>\n<td><span style=\"color: #000000;\">RIEHL Michel<\/span><\/td>\n<td><span style=\"color: #000000;\">B.A.<\/span><\/td>\n<td><span style=\"color: #000000;\">TCC Erstein<\/span><\/td>\n<td><span style=\"color: #000000;\">291 PTS<\/span><\/td>\n<td><span style=\"color: #000000;\">EXC.<\/span><\/td>\n<\/tr>\n<\/tbody>\n<\/table>\n<p><strong>R\u00e9sultats RCI 1<\/strong><\/p>\n<table width=\"620\" border=\"0\" cellspacing=\"0\" cellpadding=\"0\">\n<tbody>\n<tr bgcolor=\"#d6d6d6\">\n<td width=\"24%\"><strong><span style=\"color: #000000;\">Chien<\/span><\/strong><\/td>\n<td width=\"22%\"><strong><span style=\"color: #000000;\">Conducteur<\/span><\/strong><\/td>\n<td width=\"6%\"><strong><span style=\"color: #000000;\">Race<\/span><\/strong><\/td>\n<td width=\"27%\"><strong><span style=\"color: #000000;\">Club<\/span><\/strong><\/td>\n<td width=\"11%\"><strong><span style=\"color: #000000;\">Total<\/span><\/strong><\/td>\n<td width=\"10%\"><strong><span style=\"color: #000000;\">Mention<\/span><\/strong><\/td>\n<\/tr>\n<tr bgcolor=\"#f09338\">\n<td bgcolor=\"#f09338\"><span style=\"color: #000000;\">GACHETTE<\/span><\/td>\n<td><span style=\"color: #000000;\">MEYER Claude<\/span><\/td>\n<td><span style=\"color: #000000;\">B.A<\/span><\/td>\n<td><span style=\"color: #000000;\">AC Haguenau<\/span><\/td>\n<td><span style=\"color: #000000;\">282 PTS<\/span><\/td>\n<td><span style=\"color: #000000;\">T.B.<\/span><\/td>\n<\/tr>\n<tr bgcolor=\"#f09338\">\n<td bgcolor=\"#3b4d86\"><span style=\"color: #000000;\">EOS<\/span><\/td>\n<td bgcolor=\"#3b4d86\"><span style=\"color: #000000;\">SPANGENBERGER Aline<\/span><\/td>\n<td bgcolor=\"#3b4d86\"><span style=\"color: #000000;\">B.A<\/span><\/td>\n<td bgcolor=\"#3b4d86\"><span style=\"color: #000000;\">AC Haguenau<\/span><\/td>\n<td bgcolor=\"#3b4d86\"><span style=\"color: #000000;\">250 PTS<\/span><\/td>\n<td bgcolor=\"#3b4d86\"><span style=\"color: #000000;\">B.<\/span><\/td>\n<\/tr>\n<tr bgcolor=\"#f09338\">\n<td bgcolor=\"#f09338\"><span style=\"color: #000000;\">EROS<\/span><\/td>\n<td><span style=\"color: #000000;\">VOEGELE Pascal<\/span><\/td>\n<td><span style=\"color: #000000;\">B.A<\/span><\/td>\n<td><span style=\"color: #000000;\">TCC Saverne<\/span><\/td>\n<td><span style=\"color: #000000;\">244 PTS<\/span><\/td>\n<td><span style=\"color: #000000;\">B.<\/span><\/td>\n<\/tr>\n<\/tbody>\n<\/table>\n<p><strong>R\u00e9sultats RCI 2<\/strong><\/p>\n<table width=\"620\" border=\"0\" cellspacing=\"0\" cellpadding=\"0\">\n<tbody>\n<tr bgcolor=\"#d6d6d6\">\n<td width=\"14%\"><strong><span style=\"color: #000000;\">Chien<\/span><\/strong><\/td>\n<td width=\"28%\"><strong><span style=\"color: #000000;\">Conducteur<\/span><\/strong><\/td>\n<td width=\"10%\"><strong><span style=\"color: #000000;\">Race<\/span><\/strong><\/td>\n<td width=\"27%\"><strong><span style=\"color: #000000;\">Club<\/span><\/strong><\/td>\n<td width=\"11%\"><strong><span style=\"color: #000000;\">Total<\/span><\/strong><\/td>\n<td width=\"10%\"><strong><span style=\"color: #000000;\">Mention<\/span><\/strong><\/td>\n<\/tr>\n<tr bgcolor=\"#f09338\">\n<td bgcolor=\"#f09338\" width=\"14%\"><span style=\"color: #000000;\">AICKA<\/span><\/td>\n<td width=\"28%\"><span style=\"color: #000000;\">SCHUSTER Jean-Pierre<\/span><\/td>\n<td width=\"10%\"><span style=\"color: #000000;\">B.A<\/span><\/td>\n<td width=\"27%\"><span style=\"color: #000000;\">ACD Vendenheim<\/span><\/td>\n<td bgcolor=\"#f09338\" width=\"11%\"><span style=\"color: #000000;\">274 PTS<\/span><\/td>\n<td width=\"10%\"><span style=\"color: #000000;\">T.B.<\/span><\/td>\n<\/tr>\n<\/tbody>\n<\/table>\n<p><strong>R\u00e9sultats RCI 3<\/strong><\/p>\n<table width=\"620\" border=\"0\" cellspacing=\"0\" cellpadding=\"0\">\n<tbody>\n<tr bgcolor=\"#d6d6d6\">\n<td width=\"24%\"><strong><span style=\"color: #000000;\">Chien<\/span><\/strong><\/td>\n<td width=\"22%\"><strong><span style=\"color: #000000;\">Conducteur<\/span><\/strong><\/td>\n<td width=\"6%\"><strong><span style=\"color: #000000;\">Race<\/span><\/strong><\/td>\n<td width=\"27%\"><strong><span style=\"color: #000000;\">Club<\/span><\/strong><\/td>\n<td width=\"11%\"><strong><span style=\"color: #000000;\">Total<\/span><\/strong><\/td>\n<td width=\"10%\"><strong><span style=\"color: #000000;\">Mention<\/span><\/strong><\/td>\n<\/tr>\n<tr bgcolor=\"#f09338\">\n<td bgcolor=\"#f09338\"><span style=\"color: #000000;\">COBRA<\/span><\/td>\n<td bgcolor=\"#f09338\"><span style=\"color: #000000;\">LEROUX Patrick<\/span><\/td>\n<td bgcolor=\"#f09338\"><span style=\"color: #000000;\">B.A<\/span><\/td>\n<td bgcolor=\"#f09338\"><span style=\"color: #000000;\">TCC Stiring-Forbach<\/span><\/td>\n<td bgcolor=\"#f09338\"><span style=\"color: #000000;\">278 PTS<\/span><\/td>\n<td bgcolor=\"#f09338\"><span style=\"color: #000000;\">T.B.<\/span><\/td>\n<\/tr>\n<tr bgcolor=\"#f09338\">\n<td bgcolor=\"#3b4d86\"><span style=\"color: #000000;\">DAYA<\/span><\/td>\n<td bgcolor=\"#3b4d86\"><span style=\"color: #000000;\">MATHIS Gilles<\/span><\/td>\n<td bgcolor=\"#3b4d86\"><span style=\"color: #000000;\">\u00a0Malinois<\/span><\/td>\n<td bgcolor=\"#3b4d86\"><span style=\"color: #000000;\">TCC Saverne<\/span><\/td>\n<td bgcolor=\"#3b4d86\"><span style=\"color: #000000;\">267 PTS<\/span><\/td>\n<td bgcolor=\"#3b4d86\"><span style=\"color: #000000;\">B.<\/span><\/td>\n<\/tr>\n<\/tbody>\n<\/table>\n<p>&nbsp;<\/p>\n<table width=\"100%\" border=\"0\">\n<tbody>\n<tr>\n<td align=\"center\"><a href=\"http:\/\/www.amicale-du-chien.com\/wp-content\/uploads\/2013\/07\/IMG_5409.jpg\"><img loading=\"lazy\" decoding=\"async\" class=\"alignleft size-medium wp-image-45\" alt=\"IMG_5409\" src=\"http:\/\/www.amicale-du-chien.com\/wp-content\/uploads\/2013\/07\/IMG_5409-300x200.jpg\" width=\"300\" height=\"200\" srcset=\"http:\/\/www.amicale-du-chien.com\/wp-content\/uploads\/2013\/07\/IMG_5409-300x200.jpg 300w, http:\/\/www.amicale-du-chien.com\/wp-content\/uploads\/2013\/07\/IMG_5409-624x416.jpg 624w, http:\/\/www.amicale-du-chien.com\/wp-content\/uploads\/2013\/07\/IMG_5409.jpg 640w\" sizes=\"auto, (max-width: 300px) 100vw, 300px\" \/><\/a><\/td>\n<td align=\"center\"><a href=\"http:\/\/www.amicale-du-chien.com\/wp-content\/uploads\/2013\/07\/IMG_5421.jpg\"><img loading=\"lazy\" decoding=\"async\" class=\"alignleft size-medium wp-image-46\" alt=\"IMG_5421\" src=\"http:\/\/www.amicale-du-chien.com\/wp-content\/uploads\/2013\/07\/IMG_5421-300x200.jpg\" width=\"300\" height=\"200\" srcset=\"http:\/\/www.amicale-du-chien.com\/wp-content\/uploads\/2013\/07\/IMG_5421-300x200.jpg 300w, http:\/\/www.amicale-du-chien.com\/wp-content\/uploads\/2013\/07\/IMG_5421-624x416.jpg 624w, http:\/\/www.amicale-du-chien.com\/wp-content\/uploads\/2013\/07\/IMG_5421.jpg 640w\" sizes=\"auto, (max-width: 300px) 100vw, 300px\" \/><\/a><\/td>\n<\/tr>\n<tr>\n<td align=\"center\"><a href=\"http:\/\/www.amicale-du-chien.com\/wp-content\/uploads\/2013\/07\/IMG_5424.jpg\"><img loading=\"lazy\" decoding=\"async\" class=\"alignleft size-medium wp-image-47\" alt=\"IMG_5424\" src=\"http:\/\/www.amicale-du-chien.com\/wp-content\/uploads\/2013\/07\/IMG_5424-300x200.jpg\" width=\"300\" height=\"200\" srcset=\"http:\/\/www.amicale-du-chien.com\/wp-content\/uploads\/2013\/07\/IMG_5424-300x200.jpg 300w, http:\/\/www.amicale-du-chien.com\/wp-content\/uploads\/2013\/07\/IMG_5424-624x416.jpg 624w, http:\/\/www.amicale-du-chien.com\/wp-content\/uploads\/2013\/07\/IMG_5424.jpg 640w\" sizes=\"auto, (max-width: 300px) 100vw, 300px\" \/><\/a><\/td>\n<td align=\"center\"><a href=\"http:\/\/www.amicale-du-chien.com\/wp-content\/uploads\/2013\/07\/IMG_5432.jpg\"><img loading=\"lazy\" decoding=\"async\" class=\"alignleft size-medium wp-image-48\" alt=\"IMG_5432\" src=\"http:\/\/www.amicale-du-chien.com\/wp-content\/uploads\/2013\/07\/IMG_5432-300x200.jpg\" width=\"300\" height=\"200\" srcset=\"http:\/\/www.amicale-du-chien.com\/wp-content\/uploads\/2013\/07\/IMG_5432-300x200.jpg 300w, http:\/\/www.amicale-du-chien.com\/wp-content\/uploads\/2013\/07\/IMG_5432-624x416.jpg 624w, http:\/\/www.amicale-du-chien.com\/wp-content\/uploads\/2013\/07\/IMG_5432.jpg 640w\" sizes=\"auto, (max-width: 300px) 100vw, 300px\" \/><\/a><\/td>\n<\/tr>\n<\/tbody>\n<\/table>\n<p>L&rsquo;<strong>amicale du chien de Haguenau<\/strong>, pr\u00e9sid\u00e9 par <strong>Jean-Pierre Kost<\/strong>, tient \u00e0 remercier tous les participants, les deux juges <strong>M. Jean-Bernard FLAMENT<\/strong> et <strong>M. R\u00e9my SINGER<\/strong>, les traceurs <strong>M. Jean-Claude ADELHELM<\/strong>, <strong>M. Andr\u00e9 PFLEGER et <strong>M. Yannick KIEFFER<\/strong><\/strong>, ainsi que l&rsquo;homme assistant <strong>M. David KISTLER<\/strong> et vous donne rendez-vous l&rsquo;ann\u00e9e prochaine.<\/p>\n","protected":false},"excerpt":{"rendered":"<p>L&rsquo;amicale du chien de Haguenau a organis\u00e9, le week-end des 12 et 13 janvier 2013, son neuvi\u00e8me concours canin FCI de pistage et RCI sur son terrain, route de Marienthal. 20 participants se sont finalement oppos\u00e9s dans les \u00e9preuves FCI de pistage qui se sont d\u00e9roul\u00e9es samedi et dimanche. R\u00e9sultats de samedi 12 janvier R\u00e9sultats [&hellip;]<\/p>\n","protected":false},"author":1,"featured_media":0,"parent":88,"menu_order":0,"comment_status":"open","ping_status":"open","template":"","meta":{"footnotes":""},"class_list":["post-44","page","type-page","status-publish","hentry"],"_links":{"self":[{"href":"http:\/\/www.amicale-du-chien.com\/index.php?rest_route=\/wp\/v2\/pages\/44","targetHints":{"allow":["GET"]}}],"collection":[{"href":"http:\/\/www.amicale-du-chien.com\/index.php?rest_route=\/wp\/v2\/pages"}],"about":[{"href":"http:\/\/www.amicale-du-chien.com\/index.php?rest_route=\/wp\/v2\/types\/page"}],"author":[{"embeddable":true,"href":"http:\/\/www.amicale-du-chien.com\/index.php?rest_route=\/wp\/v2\/users\/1"}],"replies":[{"embeddable":true,"href":"http:\/\/www.amicale-du-chien.com\/index.php?rest_route=%2Fwp%2Fv2%2Fcomments&post=44"}],"version-history":[{"count":6,"href":"http:\/\/www.amicale-du-chien.com\/index.php?rest_route=\/wp\/v2\/pages\/44\/revisions"}],"predecessor-version":[{"id":92,"href":"http:\/\/www.amicale-du-chien.com\/index.php?rest_route=\/wp\/v2\/pages\/44\/revisions\/92"}],"up":[{"embeddable":true,"href":"http:\/\/www.amicale-du-chien.com\/index.php?rest_route=\/wp\/v2\/pages\/88"}],"wp:attachment":[{"href":"http:\/\/www.amicale-du-chien.com\/index.php?rest_route=%2Fwp%2Fv2%2Fmedia&parent=44"}],"curies":[{"name":"wp","href":"https:\/\/api.w.org\/{rel}","templated":true}]}}