{"id":441,"date":"2013-12-28T11:24:41","date_gmt":"2013-12-28T10:24:41","guid":{"rendered":"http:\/\/www.amicale-du-chien.com\/?page_id=441"},"modified":"2014-03-04T00:03:19","modified_gmt":"2014-03-03T23:03:19","slug":"coupe-et-championnat-de-france-fci-2014","status":"publish","type":"page","link":"http:\/\/www.amicale-du-chien.com\/?page_id=441","title":{"rendered":"Coupe et championnat de France FCI 2014"},"content":{"rendered":"<p><a href=\"http:\/\/www.amicale-du-chien.com\/wp-content\/uploads\/2014\/02\/affiche_ACHcoupe-de-franceFCI2014.jpg\"><img loading=\"lazy\" decoding=\"async\" class=\"size-medium wp-image-495 alignright\" alt=\"affiche_ACHcoupe de franceFCI2014\" src=\"http:\/\/www.amicale-du-chien.com\/wp-content\/uploads\/2014\/02\/affiche_ACHcoupe-de-franceFCI2014-211x300.jpg\" width=\"211\" height=\"300\" srcset=\"http:\/\/www.amicale-du-chien.com\/wp-content\/uploads\/2014\/02\/affiche_ACHcoupe-de-franceFCI2014-211x300.jpg 211w, http:\/\/www.amicale-du-chien.com\/wp-content\/uploads\/2014\/02\/affiche_ACHcoupe-de-franceFCI2014.jpg 595w\" sizes=\"auto, (max-width: 211px) 100vw, 211px\" \/><\/a>L\u2019Amicale du chien, sous le patronage de la F\u00e9d\u00e9ration Canine d\u2019Alsace et de la soci\u00e9t\u00e9 Canine du Bas-Rhin, a\u00a0cette ann\u00e9e l\u2019honneur d\u2019organiser la<strong>\u00a0Coupe et championnat de France\u00a0de Pistage FCI<\/strong>, <strong>les 1er et 2\u00a0mars 2014<\/strong> sur le terrain 110 a route de Marienthal.<\/p>\n<p>Cette coupe rassemblera \u00e0 Haguenau les meilleurs chiens de pistage FCI de toute la France. Les deux premiers de la coupe de France repr\u00e9senteront\u00a0 la France dans les coupes d&rsquo;Europe et du Monde de cette discipline.<\/p>\n<p><a href=\"http:\/\/www.amicale-du-chien.com\/wp-content\/uploads\/2013\/12\/FCI_hiver.jpg\"><img loading=\"lazy\" decoding=\"async\" class=\"alignleft  wp-image-442\" alt=\"FCI_hiver\" src=\"http:\/\/www.amicale-du-chien.com\/wp-content\/uploads\/2013\/12\/FCI_hiver.jpg\" width=\"166\" height=\"250\" srcset=\"http:\/\/www.amicale-du-chien.com\/wp-content\/uploads\/2013\/12\/FCI_hiver.jpg 332w, http:\/\/www.amicale-du-chien.com\/wp-content\/uploads\/2013\/12\/FCI_hiver-199x300.jpg 199w\" sizes=\"auto, (max-width: 166px) 100vw, 166px\" \/><\/a><\/p>\n<p>En pratique retrouvez ici\u00a0:<br \/>\n<a href=\"http:\/\/www.amicale-du-chien.com\/wp-content\/uploads\/2013\/12\/PROGRAMME_CoupeFranceFCI2014.pdf\" target=\"_blank\">Le PROGRAMME<\/a><br \/>\n<a href=\"http:\/\/www.amicale-du-chien.com\/wp-content\/uploads\/2014\/01\/MENUS_CoupeFranceFCI2014.pdf\" target=\"_blank\">Les MENUS<\/a><br \/>\n<a href=\"http:\/\/www.amicale-du-chien.com\/wp-content\/uploads\/2013\/12\/R\u00e9servation-repas.pdf\" target=\"_blank\">La r\u00e9servation des repas<\/a><br \/>\n<a href=\"http:\/\/www.amicale-du-chien.com\/wp-content\/uploads\/2013\/12\/plan-acces_ACH.pdf\" target=\"_blank\">Le plan d&rsquo;acc\u00e8s au Club<\/a><\/p>\n<p>Cette comp\u00e9tition est l&rsquo;occasion de d\u00e9couvrir cette discipline et de pouvoir \u00e9changer entre passionn\u00e9s. Si la comp\u00e9tition se passe sur des terrains ext\u00e9rieurs au club, rendez-vous <strong>dimanche 2\u00a0mars \u00e0 partir de 14 h 30<\/strong> sur le terrain 110a route de Marienthal pour des <strong>animations et d\u00e9monstrations cynophiles diverses<\/strong> suivies de la remise des prix.<\/p>\n<p>&nbsp;<\/p>\n<h3>R\u00e9sultats\u00a0Coupe de France Pistage FCI\/FH 2013\/2014<\/h3>\n<table width=\"845\" border=\"0\" cellspacing=\"0\" cellpadding=\"0\">\n<colgroup>\n<col width=\"58\" \/>\n<col width=\"189\" \/>\n<col width=\"99\" \/>\n<col span=\"3\" width=\"48\" \/>\n<col width=\"51\" \/>\n<col width=\"111\" \/>\n<col width=\"193\" \/><\/colgroup>\n<tbody>\n<tr>\n<td width=\"58\" height=\"34\"><strong>Classt<\/strong><\/td>\n<td width=\"189\"><strong>Chien<\/strong><\/td>\n<td width=\"99\"><strong>Race<\/strong><\/td>\n<td width=\"48\"><strong>Piste 1<\/strong><\/td>\n<td width=\"48\"><strong>Piste 2<\/strong><\/td>\n<td width=\"48\"><strong>Total<\/strong><\/td>\n<td width=\"51\">Qualif.<\/td>\n<td width=\"111\"><strong>Conducteur<\/strong><\/td>\n<td width=\"193\"><strong>Club<\/strong><\/td>\n<\/tr>\n<tr>\n<td height=\"37\">\u00a01 er<\/td>\n<td>EYK de l&rsquo;Erkadyl<\/td>\n<td>BA<\/td>\n<td>98<\/td>\n<td>96<\/td>\n<td>194<\/td>\n<td>EXC.<\/td>\n<td>VACHER Jacques<\/td>\n<td>CC du Perigord Noir<\/td>\n<\/tr>\n<tr>\n<td height=\"37\">\u00a02 \u00e8me<\/td>\n<td>TITAN\u00a0Vom Bockreiter<\/td>\n<td>BOXER<\/td>\n<td>98<\/td>\n<td>95<\/td>\n<td>193<\/td>\n<td>EXC.<\/td>\n<td>ENGLER\u00a0 Roland<\/td>\n<td>Club Canin du SUNDGAU<\/td>\n<\/tr>\n<tr>\n<td height=\"37\">\u00a03 \u00e8me<\/td>\n<td>DESS<\/td>\n<td>BBM<\/td>\n<td>95<\/td>\n<td>93<\/td>\n<td>188<\/td>\n<td>T.B.<\/td>\n<td>ALLERME Brigitte<\/td>\n<td>Club Canin de Voreppe<\/td>\n<\/tr>\n<tr>\n<td height=\"37\">\u00a04 \u00e8me<\/td>\n<td>FANNY Du Val d&rsquo;Esquein<\/td>\n<td>BA<\/td>\n<td>96<\/td>\n<td>88<\/td>\n<td>184<\/td>\n<td>T.B.<\/td>\n<td>MEZZANATTO Jean-Baptiste<\/td>\n<td>CEC du Villeneuvois<\/td>\n<\/tr>\n<tr>\n<td height=\"37\">\u00a05 \u00e8me<\/td>\n<td>ECATE&rsquo;H\u00a0des Crocs de l&rsquo;Olympe<\/td>\n<td>BERGER HOLLANDAIS<\/td>\n<td>85<\/td>\n<td>95<\/td>\n<td>180<\/td>\n<td>T.B.<\/td>\n<td>ANDRE Michel<\/td>\n<td>CEC de la Glacerie<\/td>\n<\/tr>\n<tr>\n<td height=\"37\">\u00a05 \u00e8me<\/td>\n<td>BASKO\u00a0Von Gaenswald<\/td>\n<td>BA<\/td>\n<td>93<\/td>\n<td>87<\/td>\n<td>180<\/td>\n<td>T.B.<\/td>\n<td>HERVE Daniel<\/td>\n<td>TCC de Beinheim<\/td>\n<\/tr>\n<tr>\n<td height=\"37\">\u00a07 \u00e8me<\/td>\n<td>TARA\u00a0Vom Pralatenwald<\/td>\n<td>BA<\/td>\n<td>93<\/td>\n<td>86<\/td>\n<td>179<\/td>\n<td>B.<\/td>\n<td>ROTH Jacqui<\/td>\n<td>ABAG<\/td>\n<\/tr>\n<tr>\n<td height=\"37\">\u00a08 \u00e8me<\/td>\n<td>BETTY\u00a0Des Coteaux des Ceres<\/td>\n<td>LABRADOR<\/td>\n<td>88<\/td>\n<td>80<\/td>\n<td>168<\/td>\n<td>B.<\/td>\n<td>BAUDRY No\u00ebl<\/td>\n<td>TCC de Dannemarie<\/td>\n<\/tr>\n<tr>\n<td height=\"37\">\u00a09 \u00e8me<\/td>\n<td>DIVX De la Source des Bois<\/td>\n<td>BA<\/td>\n<td>72<\/td>\n<td>91<\/td>\n<td>163<\/td>\n<td>B.<\/td>\n<td>BOUR Val\u00e9rie<\/td>\n<td>TCC Sarrewerden<\/td>\n<\/tr>\n<tr>\n<td height=\"37\">NC<\/td>\n<td>BESSIE du Domaine des Etangs<\/td>\n<td>BA<\/td>\n<td>56<\/td>\n<td>98<\/td>\n<td>154<\/td>\n<td>Insuff.<\/td>\n<td>FIXARIS Alain<\/td>\n<td>Club Canin du SUNDGAU<\/td>\n<\/tr>\n<tr>\n<td height=\"37\">NC<\/td>\n<td>BASKO\u00a0Von Der Gestutsecke<\/td>\n<td>BA<\/td>\n<td>26<\/td>\n<td>93<\/td>\n<td>119<\/td>\n<td>Insuff.<\/td>\n<td>KANZLER Adrien<\/td>\n<td>CC de Petite Rosselle<\/td>\n<\/tr>\n<tr>\n<td height=\"37\">NC<\/td>\n<td>CARO\u00a0Du Bois de Boudou<\/td>\n<td>BA<\/td>\n<td>10<\/td>\n<td>96<\/td>\n<td>106<\/td>\n<td>Insuff.<\/td>\n<td>DELRIEU Monique<\/td>\n<td>Ambes Sport Canin<\/td>\n<\/tr>\n<tr>\n<td height=\"37\">Forfait<\/td>\n<td>BALTO Des Terres de Brumes<\/td>\n<td>BA<\/td>\n<td><\/td>\n<td><\/td>\n<td><\/td>\n<td><\/td>\n<td>SCHWOB Andr\u00e9<\/td>\n<td>TCC de Dannemarie<\/td>\n<\/tr>\n<\/tbody>\n<\/table>\n<h3><a href=\"http:\/\/www.amicale-du-chien.com\/wp-content\/uploads\/2013\/12\/podium.jpg\"><img loading=\"lazy\" decoding=\"async\" class=\"aligncenter size-medium wp-image-510\" alt=\"podium Coupe de France FCI\" src=\"http:\/\/www.amicale-du-chien.com\/wp-content\/uploads\/2013\/12\/podium.jpg\" width=\"1\" height=\"1\" \/><\/a><\/h3>\n<h3><a href=\"http:\/\/www.amicale-du-chien.com\/wp-content\/uploads\/2013\/12\/podium_coupedeFrance.jpg\"><img loading=\"lazy\" decoding=\"async\" class=\"aligncenter size-large wp-image-514\" alt=\"podium_coupedeFrance\" src=\"http:\/\/www.amicale-du-chien.com\/wp-content\/uploads\/2013\/12\/podium_coupedeFrance-1024x682.jpg\" width=\"630\" height=\"419\" srcset=\"http:\/\/www.amicale-du-chien.com\/wp-content\/uploads\/2013\/12\/podium_coupedeFrance-1024x682.jpg 1024w, http:\/\/www.amicale-du-chien.com\/wp-content\/uploads\/2013\/12\/podium_coupedeFrance-300x200.jpg 300w, http:\/\/www.amicale-du-chien.com\/wp-content\/uploads\/2013\/12\/podium_coupedeFrance.jpg 1642w\" sizes=\"auto, (max-width: 630px) 100vw, 630px\" \/><\/a><\/h3>\n<h3>R\u00e9sultats\u00a0Championnat de France Pistage FCI\/FH 2013\/2014<\/h3>\n<table width=\"767\" border=\"0\" cellspacing=\"0\" cellpadding=\"0\">\n<colgroup>\n<col width=\"97\" \/>\n<col width=\"176\" \/>\n<col width=\"63\" \/>\n<col width=\"149\" \/>\n<col width=\"110\" \/>\n<col width=\"86\" \/>\n<col width=\"86\" \/><\/colgroup>\n<tbody>\n<tr>\n<td width=\"97\" height=\"23\"><strong>CLASST<\/strong><\/td>\n<td width=\"176\"><strong>Chien<\/strong><\/td>\n<td width=\"63\"><strong>Race\/Sexe<\/strong><\/td>\n<td width=\"149\"><strong>Conducteur<\/strong><\/td>\n<td width=\"110\"><strong>Club<\/strong><\/td>\n<td width=\"86\"><strong>REGIONALE<\/strong><\/td>\n<td width=\"86\"><strong>TOTAL<\/strong><\/td>\n<\/tr>\n<tr>\n<td height=\"25\">1 er<\/td>\n<td>EYK de l&rsquo;Erkadyl<\/td>\n<td>BA M<\/td>\n<td>VACHER JACQUES<\/td>\n<td>CC PERIGORD NOIR<\/td>\n<td>DORDOGNE<\/td>\n<td align=\"right\" width=\"86\">291,45<\/td>\n<\/tr>\n<tr>\n<td height=\"25\">2 \u00e8me<\/td>\n<td>TITAN Vom Bockreiter<\/td>\n<td>BOXER M<\/td>\n<td>ENGLER ROLAND<\/td>\n<td>CC DU SUNDGAU<\/td>\n<td>ALSACE<\/td>\n<td align=\"right\">286,85<\/td>\n<\/tr>\n<tr>\n<td height=\"25\">3 \u00e8me<\/td>\n<td>DESS<\/td>\n<td>BBM F<\/td>\n<td>ALLERME BRIGITTE<\/td>\n<td>CC VOREPPE<\/td>\n<td>RHONE ALPES<\/td>\n<td align=\"right\">281,20<\/td>\n<\/tr>\n<tr>\n<td height=\"25\">4 \u00e8me<\/td>\n<td>FANNY du Val \u00a0 d&rsquo;Esquein<\/td>\n<td>BA F<\/td>\n<td>MEZZANATTO J-BAPTISTE<\/td>\n<td>CEC VILLENEUVOIS<\/td>\n<td>LOT &amp; GARONNE<\/td>\n<td align=\"right\" width=\"86\">278,15<\/td>\n<\/tr>\n<tr>\n<td height=\"23\">5 \u00e8me<\/td>\n<td>TARA Vom Pralatenwald<\/td>\n<td>BA F<\/td>\n<td>ROTH JACQUI<\/td>\n<td>AMI du BA \u00a0 GRAFFESTADEN<\/td>\n<td>ALSACE<\/td>\n<td align=\"right\" width=\"86\">276,70<\/td>\n<\/tr>\n<tr>\n<td height=\"23\">6 \u00e8me<\/td>\n<td>ECATE&rsquo;H des Crocs de \u00a0 l&rsquo;Olympe<\/td>\n<td>BH F<\/td>\n<td>ANDRE MICHEL<\/td>\n<td>CEC GLACERIE<\/td>\n<td>BASSE NORMANDIE<\/td>\n<td align=\"right\">274,90<\/td>\n<\/tr>\n<tr>\n<td height=\"23\">7 \u00e8me<\/td>\n<td>BASKO Von Gaenswald<\/td>\n<td>BA M<\/td>\n<td>HERVE DANIEL<\/td>\n<td>TCC BEINHEIM<\/td>\n<td>ALSACE<\/td>\n<td align=\"right\">272,95<\/td>\n<\/tr>\n<tr>\n<td height=\"23\">8 \u00e8me<\/td>\n<td>DIVX de la Source des \u00a0 Bois<\/td>\n<td>BA M<\/td>\n<td>BOUR VALERIE<\/td>\n<td>TCC SARREWERDEN<\/td>\n<td>ALSACE<\/td>\n<td align=\"right\">257,95<\/td>\n<\/tr>\n<tr>\n<td height=\"24\">9 \u00e8me<\/td>\n<td>BESSIE du Domaine des \u00a0 Etangs<\/td>\n<td>BA F<\/td>\n<td>FIXARIS ALAIN<\/td>\n<td>CC DU SUNDGAU<\/td>\n<td>ALSACE<\/td>\n<td align=\"right\" width=\"86\">252,10<\/td>\n<\/tr>\n<tr>\n<td height=\"25\">10 \u00e8me<\/td>\n<td>BASKO Von Der \u00a0 Gestutsecke<\/td>\n<td>BA M<\/td>\n<td>KANZLER ADRIEN<\/td>\n<td>CC PETITE ROSSELLE<\/td>\n<td>LORRAINE<\/td>\n<td align=\"right\">215,80<\/td>\n<\/tr>\n<tr>\n<td height=\"23\">11 \u00e8me<\/td>\n<td>CARO du Bois de \u00a0 Boudou<\/td>\n<td>BA<\/td>\n<td>DELRIEU MARC<\/td>\n<td>AMBES SC<\/td>\n<td>AQUITAINE<\/td>\n<td align=\"right\" width=\"86\">200,50<\/td>\n<\/tr>\n<tr>\n<td height=\"25\">12 \u00e8me<\/td>\n<td>BETTY des Coteaux de \u00a0 Ceres<\/td>\n<td>RET. LAB. F<\/td>\n<td>BAUDRY NOEL<\/td>\n<td>TCC DANNEMARIE<\/td>\n<td>ALSACE<\/td>\n<td align=\"right\">168<\/td>\n<\/tr>\n<tr>\n<td height=\"23\">Forfait Coupe<\/td>\n<td>BALTO des Terres des \u00a0 Brumes<\/td>\n<td>BA M<\/td>\n<td>SCHWOB ANDRE<\/td>\n<td>TCC DANNEMARIE<\/td>\n<td>ALSACE<\/td>\n<td align=\"right\">96,25<\/td>\n<\/tr>\n<\/tbody>\n<\/table>\n<p><a href=\"http:\/\/www.amicale-du-chien.com\/wp-content\/uploads\/2013\/12\/groupe_Coupe-de-France.jpg\"><img loading=\"lazy\" decoding=\"async\" class=\"aligncenter size-large wp-image-515\" alt=\"groupe_Coupe de France\" src=\"http:\/\/www.amicale-du-chien.com\/wp-content\/uploads\/2013\/12\/groupe_Coupe-de-France-1024x682.jpg\" width=\"630\" height=\"419\" srcset=\"http:\/\/www.amicale-du-chien.com\/wp-content\/uploads\/2013\/12\/groupe_Coupe-de-France-1024x682.jpg 1024w, http:\/\/www.amicale-du-chien.com\/wp-content\/uploads\/2013\/12\/groupe_Coupe-de-France-300x200.jpg 300w, http:\/\/www.amicale-du-chien.com\/wp-content\/uploads\/2013\/12\/groupe_Coupe-de-France.jpg 1642w\" sizes=\"auto, (max-width: 630px) 100vw, 630px\" \/><\/a><\/p>\n<p><strong>Les photos de l&rsquo;\u00e9v\u00e8nement<\/strong><\/p>\n<p><object width=\"600\" height=\"400\" classid=\"clsid:d27cdb6e-ae6d-11cf-96b8-444553540000\" codebase=\"http:\/\/download.macromedia.com\/pub\/shockwave\/cabs\/flash\/swflash.cab#version=6,0,40,0\"><param name=\"src\" value=\"https:\/\/photos.gstatic.com\/media\/slideshow.swf\" \/><param name=\"flashvars\" value=\"host=picasaweb.google.com&amp;hl=fr&amp;feat=flashalbum&amp;RGB=0x000000&amp;feed=https%3A%2F%2Fpicasaweb.google.com%2Fdata%2Ffeed%2Fapi%2Fuser%2F106692801449000757257%2Falbumid%2F5986544458075729393%3Falt%3Drss%26kind%3Dphoto%26authkey%3DGv1sRgCNP9xp2uh5GUiAE%26hl%3Dfr\" \/><param name=\"pluginspage\" value=\"http:\/\/www.macromedia.com\/go\/getflashplayer\" \/><embed width=\"600\" height=\"400\" type=\"application\/x-shockwave-flash\" src=\"https:\/\/photos.gstatic.com\/media\/slideshow.swf\" flashvars=\"host=picasaweb.google.com&amp;hl=fr&amp;feat=flashalbum&amp;RGB=0x000000&amp;feed=https%3A%2F%2Fpicasaweb.google.com%2Fdata%2Ffeed%2Fapi%2Fuser%2F106692801449000757257%2Falbumid%2F5986544458075729393%3Falt%3Drss%26kind%3Dphoto%26authkey%3DGv1sRgCNP9xp2uh5GUiAE%26hl%3Dfr\" pluginspage=\"http:\/\/www.macromedia.com\/go\/getflashplayer\" \/><\/object><br \/>\n<strong>Les objets<\/strong><\/p>\n<p><a href=\"http:\/\/www.amicale-du-chien.com\/wp-content\/uploads\/2013\/12\/objets.jpg\"><img loading=\"lazy\" decoding=\"async\" class=\"size-medium wp-image-486 alignnone\" alt=\"objets\" src=\"http:\/\/www.amicale-du-chien.com\/wp-content\/uploads\/2013\/12\/objets-300x112.jpg\" width=\"300\" height=\"112\" srcset=\"http:\/\/www.amicale-du-chien.com\/wp-content\/uploads\/2013\/12\/objets-300x112.jpg 300w, http:\/\/www.amicale-du-chien.com\/wp-content\/uploads\/2013\/12\/objets-1024x382.jpg 1024w, http:\/\/www.amicale-du-chien.com\/wp-content\/uploads\/2013\/12\/objets.jpg 1395w\" sizes=\"auto, (max-width: 300px) 100vw, 300px\" \/><\/a><\/p>\n<h3>Aper\u00e7u des pistes<\/h3>\n<table>\n<tbody>\n<tr>\n<td><a href=\"http:\/\/www.amicale-du-chien.com\/wp-content\/uploads\/2013\/12\/pisteLabour.jpg\"><img loading=\"lazy\" decoding=\"async\" class=\"size-medium wp-image-488 alignleft\" alt=\"pisteLabour\" src=\"http:\/\/www.amicale-du-chien.com\/wp-content\/uploads\/2013\/12\/pisteLabour-300x225.jpg\" width=\"300\" height=\"225\" srcset=\"http:\/\/www.amicale-du-chien.com\/wp-content\/uploads\/2013\/12\/pisteLabour-300x225.jpg 300w, http:\/\/www.amicale-du-chien.com\/wp-content\/uploads\/2013\/12\/pisteLabour.jpg 1024w\" sizes=\"auto, (max-width: 300px) 100vw, 300px\" \/><\/a><\/td>\n<td><a href=\"http:\/\/www.amicale-du-chien.com\/wp-content\/uploads\/2013\/12\/pisteHerbe.jpg\"><img loading=\"lazy\" decoding=\"async\" class=\"size-medium wp-image-487 alignright\" alt=\"pisteHerbe\" src=\"http:\/\/www.amicale-du-chien.com\/wp-content\/uploads\/2013\/12\/pisteHerbe-300x225.jpg\" width=\"300\" height=\"225\" srcset=\"http:\/\/www.amicale-du-chien.com\/wp-content\/uploads\/2013\/12\/pisteHerbe-300x225.jpg 300w, http:\/\/www.amicale-du-chien.com\/wp-content\/uploads\/2013\/12\/pisteHerbe.jpg 820w\" sizes=\"auto, (max-width: 300px) 100vw, 300px\" \/><br \/>\n<\/a><\/td>\n<\/tr>\n<\/tbody>\n<\/table>\n","protected":false},"excerpt":{"rendered":"<p>L\u2019Amicale du chien, sous le patronage de la F\u00e9d\u00e9ration Canine d\u2019Alsace et de la soci\u00e9t\u00e9 Canine du Bas-Rhin, a\u00a0cette ann\u00e9e l\u2019honneur d\u2019organiser la\u00a0Coupe et championnat de France\u00a0de Pistage FCI, les 1er et 2\u00a0mars 2014 sur le terrain 110 a route de Marienthal. Cette coupe rassemblera \u00e0 Haguenau les meilleurs chiens de pistage FCI de toute [&hellip;]<\/p>\n","protected":false},"author":1,"featured_media":0,"parent":80,"menu_order":0,"comment_status":"open","ping_status":"open","template":"","meta":{"footnotes":""},"class_list":["post-441","page","type-page","status-publish","hentry"],"_links":{"self":[{"href":"http:\/\/www.amicale-du-chien.com\/index.php?rest_route=\/wp\/v2\/pages\/441","targetHints":{"allow":["GET"]}}],"collection":[{"href":"http:\/\/www.amicale-du-chien.com\/index.php?rest_route=\/wp\/v2\/pages"}],"about":[{"href":"http:\/\/www.amicale-du-chien.com\/index.php?rest_route=\/wp\/v2\/types\/page"}],"author":[{"embeddable":true,"href":"http:\/\/www.amicale-du-chien.com\/index.php?rest_route=\/wp\/v2\/users\/1"}],"replies":[{"embeddable":true,"href":"http:\/\/www.amicale-du-chien.com\/index.php?rest_route=%2Fwp%2Fv2%2Fcomments&post=441"}],"version-history":[{"count":28,"href":"http:\/\/www.amicale-du-chien.com\/index.php?rest_route=\/wp\/v2\/pages\/441\/revisions"}],"predecessor-version":[{"id":1172,"href":"http:\/\/www.amicale-du-chien.com\/index.php?rest_route=\/wp\/v2\/pages\/441\/revisions\/1172"}],"up":[{"embeddable":true,"href":"http:\/\/www.amicale-du-chien.com\/index.php?rest_route=\/wp\/v2\/pages\/80"}],"wp:attachment":[{"href":"http:\/\/www.amicale-du-chien.com\/index.php?rest_route=%2Fwp%2Fv2%2Fmedia&parent=441"}],"curies":[{"name":"wp","href":"https:\/\/api.w.org\/{rel}","templated":true}]}}