{"id":453,"date":"2014-01-12T17:08:44","date_gmt":"2014-01-12T16:08:44","guid":{"rendered":"http:\/\/www.amicale-du-chien.com\/?page_id=453"},"modified":"2014-01-12T20:04:23","modified_gmt":"2014-01-12T19:04:23","slug":"concours-rci-et-fci-2014","status":"publish","type":"page","link":"http:\/\/www.amicale-du-chien.com\/?page_id=453","title":{"rendered":"Concours RCI et FCI 2014"},"content":{"rendered":"<p><a href=\"http:\/\/www.amicale-du-chien.com\/wp-content\/uploads\/2013\/07\/logo_amicale.jpg\"><img loading=\"lazy\" decoding=\"async\" class=\"alignleft\" alt=\"Logo de l'amicale du chien de Haguenau\" src=\"http:\/\/www.amicale-du-chien.com\/wp-content\/uploads\/2013\/07\/logo_amicale.jpg\" width=\"125\" height=\"81\" \/><\/a>L&rsquo;amicale du chien de Haguenau a organis\u00e9, le 12\u00a0janvier 2014, son <strong>dixi\u00e8me concours canin FCI de pistage et RCI<\/strong> sur son terrain, route de Marienthal.<\/p>\n<p>Une quinzaine de participants se sont finalement oppos\u00e9s dans les \u00e9preuves <strong>FCI de pistage et RCI le dimanche<\/strong>.<\/p>\n<p>Pour voir les<strong> photos<\/strong> de l&rsquo;\u00e9v\u00e8nement, <a href=\"https:\/\/plus.google.com\/photos\/106692801449000757257\/albums\/5968074653636960481?authkey=CI6YzPjYg7GxngE\" target=\"_blank\">C&rsquo;EST ICI !<\/a><\/p>\n<table width=\"1053\" border=\"0\" cellspacing=\"0\" cellpadding=\"0\">\n<colgroup>\n<col width=\"211\" \/>\n<col width=\"183\" \/>\n<col width=\"181\" \/>\n<col width=\"173\" \/>\n<col width=\"69\" \/>\n<col span=\"2\" width=\"68\" \/>\n<col width=\"100\" \/><\/colgroup>\n<tbody>\n<tr>\n<td colspan=\"8\" width=\"885\" height=\"29\">\u00a0<strong>RCI Certificat\u00a0<\/strong><\/td>\n<\/tr>\n<tr>\n<td height=\"20\"><strong>CONDUCTEUR<\/strong><\/td>\n<td><strong>CHIEN<\/strong><\/td>\n<td><strong>CLUB<\/strong><\/td>\n<td><strong>RACE<\/strong><\/td>\n<td colspan=\"3\"><strong>POINTAGE (ABC)<\/strong><\/td>\n<td><strong>CLASST<\/strong><\/td>\n<\/tr>\n<tr>\n<td height=\"20\">KHOUALDIA Hubert<\/td>\n<td>UWO GENESIS<\/td>\n<td>Les Amis du chien Boxer<\/td>\n<td>Bouvier des Flandres<\/td>\n<td>99<\/td>\n<td>97<\/td>\n<td>96<\/td>\n<td>1<\/td>\n<\/tr>\n<tr>\n<td height=\"20\"><\/td>\n<td><\/td>\n<td><\/td>\n<td><\/td>\n<td><\/td>\n<td><\/td>\n<td><\/td>\n<td><\/td>\n<\/tr>\n<tr>\n<td colspan=\"8\" height=\"28\"><strong>\u00a0RCI 3\u00a0<\/strong><\/td>\n<\/tr>\n<tr>\n<td height=\"21\"><strong>CONDUCTEUR<\/strong><\/td>\n<td><strong>CHIEN<\/strong><\/td>\n<td><strong>CLUB<\/strong><\/td>\n<td><strong>RACE<\/strong><\/td>\n<td colspan=\"3\"><strong>POINTAGE (ABC)<\/strong><\/td>\n<td><strong>CLASST<\/strong><\/td>\n<\/tr>\n<tr>\n<td height=\"20\">LEROUX Patrick<\/td>\n<td>COBRA<\/td>\n<td>TCC Stiring Forbach<\/td>\n<td>BA<\/td>\n<td>96<\/td>\n<td>91<\/td>\n<td>86<\/td>\n<td>1<\/td>\n<\/tr>\n<tr>\n<td height=\"20\">MEYER Claude<\/td>\n<td>GACHETTE<\/td>\n<td>AC Haguenau<\/td>\n<td>BA<\/td>\n<td>98<\/td>\n<td>85<\/td>\n<td>93<\/td>\n<td>2<\/td>\n<\/tr>\n<tr>\n<td height=\"20\">VOGT Freddy<\/td>\n<td>WOLLA<\/td>\n<td>AC Haguenau<\/td>\n<td>BA<\/td>\n<td>94<\/td>\n<td>94<\/td>\n<td>86<\/td>\n<td>3<\/td>\n<\/tr>\n<tr>\n<td height=\"20\">MULLER Marianne<\/td>\n<td>DOSCO<\/td>\n<td>SCD Reichshoffen<\/td>\n<td>BA<\/td>\n<td>90<\/td>\n<td>72<\/td>\n<td>86<\/td>\n<td>NC<\/td>\n<\/tr>\n<tr>\n<td height=\"22\"><\/td>\n<td><\/td>\n<td><\/td>\n<td><\/td>\n<td><\/td>\n<td><\/td>\n<td><\/td>\n<td><\/td>\n<\/tr>\n<tr>\n<td colspan=\"8\" height=\"28\">\u00a0<strong>FCI 1\u00a0<\/strong><\/td>\n<\/tr>\n<tr>\n<td height=\"21\"><strong>CONDUCTEUR<\/strong><\/td>\n<td><strong>CHIEN<\/strong><\/td>\n<td><strong>CLUB<\/strong><\/td>\n<td><strong>RACE<\/strong><\/td>\n<td colspan=\"3\"><strong>POINTAGE<\/strong><\/td>\n<td><strong>CLASST<\/strong><\/td>\n<\/tr>\n<tr>\n<td height=\"21\">ELCHINGER Gibert<\/td>\n<td>GERO<\/td>\n<td>CC Haguenau<\/td>\n<td>Berger Allemand<\/td>\n<td align=\"right\">80<\/td>\n<td><\/td>\n<td><\/td>\n<td>1<\/td>\n<\/tr>\n<tr>\n<td height=\"22\">SELUKSY Patrick<\/td>\n<td>ELFI<\/td>\n<td>AC Haguenau<\/td>\n<td>Berger Allemand<\/td>\n<td align=\"right\">65<\/td>\n<td><\/td>\n<td><\/td>\n<td>2<\/td>\n<\/tr>\n<tr>\n<td colspan=\"8\" height=\"28\">\u00a0<strong>FCI 2\u00a0<\/strong><\/td>\n<\/tr>\n<tr>\n<td height=\"21\"><strong>CONDUCTEUR<\/strong><\/td>\n<td><strong>CHIEN<\/strong><\/td>\n<td><strong>CLUB<\/strong><\/td>\n<td><strong>RACE<\/strong><\/td>\n<td colspan=\"3\"><strong>POINTAGE<\/strong><\/td>\n<td><strong>CLASST<\/strong><\/td>\n<\/tr>\n<tr>\n<td height=\"21\">AMANN Isabelle<\/td>\n<td>EN JY<\/td>\n<td>CC Mommenheim<\/td>\n<td>Berger Blanc Suisse<\/td>\n<td colspan=\"3\">85<\/td>\n<td>1<\/td>\n<\/tr>\n<tr>\n<td height=\"21\"><\/td>\n<td><\/td>\n<td><\/td>\n<td><\/td>\n<td colspan=\"3\"><\/td>\n<td><\/td>\n<\/tr>\n<tr>\n<td colspan=\"8\" height=\"28\"><strong>\u00a0FCI 3\u00a0<\/strong><\/td>\n<\/tr>\n<tr>\n<td height=\"21\"><strong>CONDUCTEUR<\/strong><\/td>\n<td><strong>CHIEN<\/strong><\/td>\n<td><strong>CLUB<\/strong><\/td>\n<td><strong>RACE<\/strong><\/td>\n<td colspan=\"3\"><strong>POINTAGE<\/strong><\/td>\n<td><strong>CLASST<\/strong><\/td>\n<\/tr>\n<tr>\n<td height=\"21\">BOUSCHBACHER Fran\u00e7oise<\/td>\n<td>JUAN AIKO<\/td>\n<td>TCC Stiring-Forbach<\/td>\n<td>BB Suisse<\/td>\n<td align=\"right\">98<\/td>\n<td><\/td>\n<td><\/td>\n<td>1<\/td>\n<\/tr>\n<tr>\n<td height=\"21\">FIXARIS Alain<\/td>\n<td>BESSIE<\/td>\n<td>CC Sundgau<\/td>\n<td>Berger Allemand<\/td>\n<td align=\"right\">97<\/td>\n<td><\/td>\n<td><\/td>\n<td>2<\/td>\n<\/tr>\n<tr>\n<td height=\"21\">BERLING Patrick<\/td>\n<td>BUCK<\/td>\n<td>ACD Mothern<\/td>\n<td>BBM<\/td>\n<td align=\"right\">96<\/td>\n<td><\/td>\n<td><\/td>\n<td>3<\/td>\n<\/tr>\n<tr>\n<td height=\"21\">CARON Christian<\/td>\n<td>EXTRA DRY<\/td>\n<td>TCC Ingwiller<\/td>\n<td>BBM<\/td>\n<td align=\"right\">95<\/td>\n<td><\/td>\n<td><\/td>\n<td>4<\/td>\n<\/tr>\n<tr>\n<td height=\"21\">CARRERE Marc<\/td>\n<td>ALLO<\/td>\n<td>AC Haguenau<\/td>\n<td>Berger Allemand<\/td>\n<td align=\"right\">93<\/td>\n<td><\/td>\n<td><\/td>\n<td>5<\/td>\n<\/tr>\n<tr>\n<td height=\"21\">MAES Yves<\/td>\n<td>GAIA<\/td>\n<td>ACD Vendenheim<\/td>\n<td>Beauceron<\/td>\n<td align=\"right\">80<\/td>\n<td><\/td>\n<td><\/td>\n<td>6<\/td>\n<\/tr>\n<\/tbody>\n<\/table>\n<p>L&rsquo;<strong>amicale du chien de Haguenau<\/strong>, pr\u00e9sid\u00e9 par <strong>Jean-Pierre Kost<\/strong>, tient \u00e0 remercier tous les participants, les deux juges <strong>M. Jean-Bernard FLAMENT<\/strong> et <strong>M. R\u00e9my SINGER<\/strong>, les traceurs <strong>M. Jean-Claude ADELHELM<\/strong>, <strong>M. Andr\u00e9 PFLEGER et <strong>M. Yannick KIEFFER<\/strong><\/strong>, ainsi que l&rsquo;homme assistant <strong>M. Julien\u00a0TERRIER <\/strong>et vous donne rendez-vous l&rsquo;ann\u00e9e prochaine.<\/p>\n","protected":false},"excerpt":{"rendered":"<p>L&rsquo;amicale du chien de Haguenau a organis\u00e9, le 12\u00a0janvier 2014, son dixi\u00e8me concours canin FCI de pistage et RCI sur son terrain, route de Marienthal. Une quinzaine de participants se sont finalement oppos\u00e9s dans les \u00e9preuves FCI de pistage et RCI le dimanche. Pour voir les photos de l&rsquo;\u00e9v\u00e8nement, C&rsquo;EST ICI ! \u00a0RCI Certificat\u00a0 CONDUCTEUR [&hellip;]<\/p>\n","protected":false},"author":1,"featured_media":0,"parent":88,"menu_order":0,"comment_status":"open","ping_status":"open","template":"","meta":{"footnotes":""},"class_list":["post-453","page","type-page","status-publish","hentry"],"_links":{"self":[{"href":"http:\/\/www.amicale-du-chien.com\/index.php?rest_route=\/wp\/v2\/pages\/453","targetHints":{"allow":["GET"]}}],"collection":[{"href":"http:\/\/www.amicale-du-chien.com\/index.php?rest_route=\/wp\/v2\/pages"}],"about":[{"href":"http:\/\/www.amicale-du-chien.com\/index.php?rest_route=\/wp\/v2\/types\/page"}],"author":[{"embeddable":true,"href":"http:\/\/www.amicale-du-chien.com\/index.php?rest_route=\/wp\/v2\/users\/1"}],"replies":[{"embeddable":true,"href":"http:\/\/www.amicale-du-chien.com\/index.php?rest_route=%2Fwp%2Fv2%2Fcomments&post=453"}],"version-history":[{"count":4,"href":"http:\/\/www.amicale-du-chien.com\/index.php?rest_route=\/wp\/v2\/pages\/453\/revisions"}],"predecessor-version":[{"id":461,"href":"http:\/\/www.amicale-du-chien.com\/index.php?rest_route=\/wp\/v2\/pages\/453\/revisions\/461"}],"up":[{"embeddable":true,"href":"http:\/\/www.amicale-du-chien.com\/index.php?rest_route=\/wp\/v2\/pages\/88"}],"wp:attachment":[{"href":"http:\/\/www.amicale-du-chien.com\/index.php?rest_route=%2Fwp%2Fv2%2Fmedia&parent=453"}],"curies":[{"name":"wp","href":"https:\/\/api.w.org\/{rel}","templated":true}]}}