{"id":61,"date":"2013-07-17T14:19:11","date_gmt":"2013-07-17T13:19:11","guid":{"rendered":"http:\/\/www.amicale-du-chien.com\/?page_id=61"},"modified":"2026-02-19T12:33:22","modified_gmt":"2026-02-19T11:33:22","slug":"le-comite","status":"publish","type":"page","link":"http:\/\/www.amicale-du-chien.com\/?page_id=61","title":{"rendered":"Le comit\u00e9"},"content":{"rendered":"<p>Le comit\u00e9 de l&rsquo;Amicale du chien de Haguenau est compos\u00e9 de :<\/p>\n<table border=\"0\" width=\"55%\" cellspacing=\"0\" cellpadding=\"0\">\n<tbody>\n<tr bgcolor=\"#f09338\">\n<td width=\"40%\"><span style=\"color: #000000;\">Jean-Pierre KOST<\/span><\/td>\n<td width=\"60%\"><strong><span style=\"color: #000000;\">Pr\u00e9sident<\/span><\/strong><\/td>\n<\/tr>\n<tr>\n<td width=\"40%\"><span style=\"color: #000000;\">Marc SPANGENBERGER<\/span><\/td>\n<td width=\"60%\"><strong><span style=\"color: #000000;\">Pr\u00e9sident commission IGP et FH<\/span><\/strong><\/td>\n<\/tr>\n<tr bgcolor=\"#f09338\">\n<td width=\"40%\"><span style=\"color: #000000;\">H\u00e9ribert SCHNEIDER<\/span><\/td>\n<td width=\"60%\"><strong><span style=\"color: #000000;\">Pr\u00e9sident commission OB <\/span><\/strong><span style=\"color: #000000;\">&#8211;<\/span><span style=\"color: #000000;\">Responsable accueil nouveaux membres<\/span><\/td>\n<\/tr>\n<tr>\n<td width=\"40%\"><span style=\"color: #000000;\">Sylvie LADENBURGER<\/span><\/td>\n<td width=\"60%\"><span style=\"color: #000000;\"><strong>Vice-Pr\u00e9sidente &#8211; <\/strong><span style=\"color: #000000;\">monitrice OB<\/span><\/span><\/td>\n<\/tr>\n<tr bgcolor=\"#f09338\">\n<td width=\"40%\"><span style=\"color: #000000;\">Fran\u00e7ois WIDUSCHEK<\/span><\/td>\n<td width=\"60%\"><strong><span style=\"color: #000000;\">Secr\u00e9taire<\/span><\/strong><\/td>\n<\/tr>\n<tr>\n<td width=\"40%\"><span style=\"color: #000000;\">Caroline HOFFMANN<\/span><\/td>\n<td width=\"60%\"><span style=\"color: #000000;\">Secr\u00e9taire adjointe<\/span><\/td>\n<\/tr>\n<tr bgcolor=\"#f09338\">\n<td width=\"40%\"><span style=\"color: #000000;\">Denisia BUCQUET\u00a0<\/span><\/td>\n<td width=\"60%\"><span style=\"color: #000000;\">Secr\u00e9taire adjointe &#8211; monitrice OB<\/span><\/td>\n<\/tr>\n<tr>\n<td width=\"40%\"><span style=\"color: #000000;\">D\u00e9sir\u00e9 HERRMANN<\/span><\/td>\n<td width=\"60%\"><strong><span style=\"color: #000000;\">Tr\u00e9sorier<\/span><\/strong><\/td>\n<\/tr>\n<tr bgcolor=\"#f09338\">\n<td width=\"40%\">Alfred VOLTZENLOGEL<\/td>\n<td width=\"60%\"><span style=\"color: #000000;\">Tr\u00e9sorier adjoint<\/span><\/td>\n<\/tr>\n<tr>\n<td width=\"40%\">\n<p><span style=\"color: #000000;\">Hubert ERBS<\/span><\/p>\n<\/td>\n<td width=\"60%\"><span style=\"color: #000000;\">Assesseur &#8211; Responsable alimentation<\/span><\/td>\n<\/tr>\n<tr bgcolor=\"#f09338\">\n<td width=\"40%\">\n<p><span style=\"color: #000000;\">Jean-Luc LACOM<\/span><\/p>\n<\/td>\n<td width=\"60%\">\n<p><span style=\"color: #000000;\">Assesseur &#8211; Responsable pistage FCI<\/span><\/p>\n<\/td>\n<\/tr>\n<tr>\n<td width=\"40%\">Freddy MULLER<\/td>\n<td width=\"60%\"><span style=\"color: #000000;\">Assesseur &#8211; moniteur IGP<\/span><\/td>\n<\/tr>\n<tr bgcolor=\"#f09338\">\n<td width=\"40%\">Philippe BLEICHER<\/td>\n<td width=\"60%\"><span style=\"color: #000000;\">Assesseur<\/span><\/td>\n<\/tr>\n<tr>\n<td width=\"40%\">Fr\u00e9d\u00e9rique BIRGEL<\/td>\n<td width=\"60%\"><span style=\"color: #000000;\">Assesseur<\/span><\/td>\n<\/tr>\n<\/tbody>\n<\/table>\n\n\n<p><\/p>\n","protected":false},"excerpt":{"rendered":"<p>Le comit\u00e9 de l&rsquo;Amicale du chien de Haguenau est compos\u00e9 de : Jean-Pierre KOST Pr\u00e9sident Marc SPANGENBERGER Pr\u00e9sident commission IGP et FH H\u00e9ribert SCHNEIDER Pr\u00e9sident commission OB &#8211;Responsable accueil nouveaux membres Sylvie LADENBURGER Vice-Pr\u00e9sidente &#8211; monitrice OB Fran\u00e7ois WIDUSCHEK Secr\u00e9taire Caroline HOFFMANN Secr\u00e9taire adjointe Denisia BUCQUET\u00a0 Secr\u00e9taire adjointe &#8211; monitrice OB D\u00e9sir\u00e9 HERRMANN Tr\u00e9sorier Alfred [&hellip;]<\/p>\n","protected":false},"author":1,"featured_media":0,"parent":12,"menu_order":0,"comment_status":"closed","ping_status":"open","template":"","meta":{"footnotes":""},"class_list":["post-61","page","type-page","status-publish","hentry"],"_links":{"self":[{"href":"http:\/\/www.amicale-du-chien.com\/index.php?rest_route=\/wp\/v2\/pages\/61","targetHints":{"allow":["GET"]}}],"collection":[{"href":"http:\/\/www.amicale-du-chien.com\/index.php?rest_route=\/wp\/v2\/pages"}],"about":[{"href":"http:\/\/www.amicale-du-chien.com\/index.php?rest_route=\/wp\/v2\/types\/page"}],"author":[{"embeddable":true,"href":"http:\/\/www.amicale-du-chien.com\/index.php?rest_route=\/wp\/v2\/users\/1"}],"replies":[{"embeddable":true,"href":"http:\/\/www.amicale-du-chien.com\/index.php?rest_route=%2Fwp%2Fv2%2Fcomments&post=61"}],"version-history":[{"count":15,"href":"http:\/\/www.amicale-du-chien.com\/index.php?rest_route=\/wp\/v2\/pages\/61\/revisions"}],"predecessor-version":[{"id":1616,"href":"http:\/\/www.amicale-du-chien.com\/index.php?rest_route=\/wp\/v2\/pages\/61\/revisions\/1616"}],"up":[{"embeddable":true,"href":"http:\/\/www.amicale-du-chien.com\/index.php?rest_route=\/wp\/v2\/pages\/12"}],"wp:attachment":[{"href":"http:\/\/www.amicale-du-chien.com\/index.php?rest_route=%2Fwp%2Fv2%2Fmedia&parent=61"}],"curies":[{"name":"wp","href":"https:\/\/api.w.org\/{rel}","templated":true}]}}