{"id":631,"date":"2015-01-25T11:57:22","date_gmt":"2015-01-25T10:57:22","guid":{"rendered":"http:\/\/www.amicale-du-chien.com\/?page_id=631"},"modified":"2015-01-26T10:03:13","modified_gmt":"2015-01-26T09:03:13","slug":"concours-rcifci-2015","status":"publish","type":"page","link":"http:\/\/www.amicale-du-chien.com\/?page_id=631","title":{"rendered":"Concours RCI et FCI 2015"},"content":{"rendered":"<p><a href=\"http:\/\/www.amicale-du-chien.com\/wp-content\/uploads\/2013\/07\/logo_amicale.jpg\"><img loading=\"lazy\" decoding=\"async\" class=\"alignleft\" src=\"http:\/\/www.amicale-du-chien.com\/wp-content\/uploads\/2013\/07\/logo_amicale.jpg\" alt=\"Logo de l'amicale du chien de Haguenau\" width=\"125\" height=\"81\" \/><\/a>L&rsquo;amicale du chien de Haguenau a organis\u00e9, le 24 et 25 janvier\u00a02015, son <strong>onzi\u00e8me concours canin FCI de pistage et RCI<\/strong> sur son terrain, route de Marienthal.<\/p>\n<p>32 concurrents se sont finalement oppos\u00e9s dans les \u00e9preuves <strong>FCI de pistage et RCI tout au long du week-end<\/strong>.<\/p>\n<p>Un grand merci \u00e0 notre partenaire Volkswagen Oblinger pour sa participation \u00e0 notre concours cette ann\u00e9e.<\/p>\n<p><a href=\"http:\/\/www.amicale-du-chien.com\/wp-content\/uploads\/2015\/01\/20150125_085941.jpg\"><img loading=\"lazy\" decoding=\"async\" class=\"alignleft wp-image-644 size-medium\" src=\"http:\/\/www.amicale-du-chien.com\/wp-content\/uploads\/2015\/01\/20150125_085941-300x169.jpg\" alt=\"20150125_085941\" width=\"300\" height=\"169\" srcset=\"http:\/\/www.amicale-du-chien.com\/wp-content\/uploads\/2015\/01\/20150125_085941-300x169.jpg 300w, http:\/\/www.amicale-du-chien.com\/wp-content\/uploads\/2015\/01\/20150125_085941-1024x576.jpg 1024w, http:\/\/www.amicale-du-chien.com\/wp-content\/uploads\/2015\/01\/20150125_085941.jpg 1280w\" sizes=\"auto, (max-width: 300px) 100vw, 300px\" \/><\/a> <a href=\"http:\/\/www.amicale-du-chien.com\/wp-content\/uploads\/2015\/01\/20150125_090840.jpg\"><img loading=\"lazy\" decoding=\"async\" class=\" wp-image-645 size-medium alignnone\" src=\"http:\/\/www.amicale-du-chien.com\/wp-content\/uploads\/2015\/01\/20150125_090840-300x169.jpg\" alt=\"20150125_090840\" width=\"300\" height=\"169\" srcset=\"http:\/\/www.amicale-du-chien.com\/wp-content\/uploads\/2015\/01\/20150125_090840-300x169.jpg 300w, http:\/\/www.amicale-du-chien.com\/wp-content\/uploads\/2015\/01\/20150125_090840-1024x576.jpg 1024w, http:\/\/www.amicale-du-chien.com\/wp-content\/uploads\/2015\/01\/20150125_090840.jpg 1280w\" sizes=\"auto, (max-width: 300px) 100vw, 300px\" \/><\/a> <a href=\"http:\/\/www.amicale-du-chien.com\/wp-content\/uploads\/2015\/01\/20150125_094024.jpg\"><img loading=\"lazy\" decoding=\"async\" class=\"alignleft wp-image-646 size-medium\" src=\"http:\/\/www.amicale-du-chien.com\/wp-content\/uploads\/2015\/01\/20150125_094024-300x169.jpg\" alt=\"20150125_094024\" width=\"300\" height=\"169\" srcset=\"http:\/\/www.amicale-du-chien.com\/wp-content\/uploads\/2015\/01\/20150125_094024-300x169.jpg 300w, http:\/\/www.amicale-du-chien.com\/wp-content\/uploads\/2015\/01\/20150125_094024-1024x576.jpg 1024w, http:\/\/www.amicale-du-chien.com\/wp-content\/uploads\/2015\/01\/20150125_094024.jpg 1280w\" sizes=\"auto, (max-width: 300px) 100vw, 300px\" \/><\/a> <a href=\"http:\/\/www.amicale-du-chien.com\/wp-content\/uploads\/2015\/01\/20150125_094221.jpg\"><img loading=\"lazy\" decoding=\"async\" class=\" wp-image-647 size-medium alignnone\" src=\"http:\/\/www.amicale-du-chien.com\/wp-content\/uploads\/2015\/01\/20150125_094221-300x169.jpg\" alt=\"20150125_094221\" width=\"300\" height=\"169\" srcset=\"http:\/\/www.amicale-du-chien.com\/wp-content\/uploads\/2015\/01\/20150125_094221-300x169.jpg 300w, http:\/\/www.amicale-du-chien.com\/wp-content\/uploads\/2015\/01\/20150125_094221-1024x576.jpg 1024w, http:\/\/www.amicale-du-chien.com\/wp-content\/uploads\/2015\/01\/20150125_094221.jpg 1280w\" sizes=\"auto, (max-width: 300px) 100vw, 300px\" \/><\/a> <a href=\"http:\/\/www.amicale-du-chien.com\/wp-content\/uploads\/2015\/01\/20150125_110840.jpg\"><img loading=\"lazy\" decoding=\"async\" class=\" wp-image-648 size-medium alignleft\" src=\"http:\/\/www.amicale-du-chien.com\/wp-content\/uploads\/2015\/01\/20150125_110840-300x169.jpg\" alt=\"20150125_110840\" width=\"300\" height=\"169\" srcset=\"http:\/\/www.amicale-du-chien.com\/wp-content\/uploads\/2015\/01\/20150125_110840-300x169.jpg 300w, http:\/\/www.amicale-du-chien.com\/wp-content\/uploads\/2015\/01\/20150125_110840-1024x576.jpg 1024w, http:\/\/www.amicale-du-chien.com\/wp-content\/uploads\/2015\/01\/20150125_110840.jpg 1280w\" sizes=\"auto, (max-width: 300px) 100vw, 300px\" \/><\/a> <a href=\"http:\/\/www.amicale-du-chien.com\/wp-content\/uploads\/2015\/01\/20150125_170429.jpg\"><img loading=\"lazy\" decoding=\"async\" class=\" wp-image-649 size-medium alignnone\" src=\"http:\/\/www.amicale-du-chien.com\/wp-content\/uploads\/2015\/01\/20150125_170429-300x169.jpg\" alt=\"20150125_170429\" width=\"300\" height=\"169\" srcset=\"http:\/\/www.amicale-du-chien.com\/wp-content\/uploads\/2015\/01\/20150125_170429-300x169.jpg 300w, http:\/\/www.amicale-du-chien.com\/wp-content\/uploads\/2015\/01\/20150125_170429-1024x576.jpg 1024w, http:\/\/www.amicale-du-chien.com\/wp-content\/uploads\/2015\/01\/20150125_170429.jpg 1280w\" sizes=\"auto, (max-width: 300px) 100vw, 300px\" \/><\/a> <a href=\"http:\/\/www.amicale-du-chien.com\/wp-content\/uploads\/2015\/01\/20150125_174504.jpg\"><img loading=\"lazy\" decoding=\"async\" class=\"aligncenter wp-image-650\" src=\"http:\/\/www.amicale-du-chien.com\/wp-content\/uploads\/2015\/01\/20150125_174504-300x169.jpg\" alt=\"20150125_174504\" width=\"400\" height=\"225\" srcset=\"http:\/\/www.amicale-du-chien.com\/wp-content\/uploads\/2015\/01\/20150125_174504-300x169.jpg 300w, http:\/\/www.amicale-du-chien.com\/wp-content\/uploads\/2015\/01\/20150125_174504-1024x576.jpg 1024w, http:\/\/www.amicale-du-chien.com\/wp-content\/uploads\/2015\/01\/20150125_174504.jpg 1280w\" sizes=\"auto, (max-width: 400px) 100vw, 400px\" \/><\/a><\/p>\n<table width=\"966\">\n<tbody>\n<tr>\n<td colspan=\"8\" width=\"846\"><strong>CSAU <\/strong><\/td>\n<\/tr>\n<tr>\n<td><strong>PROPRIETAIRE<\/strong><\/td>\n<td><strong>CHIEN<\/strong><\/td>\n<td><strong>CLUB<\/strong><\/td>\n<td><strong>RACE<\/strong><\/td>\n<td colspan=\"3\"><strong>POINTAGE <\/strong><\/td>\n<td><strong>\u00a0<\/strong><\/td>\n<\/tr>\n<tr>\n<td>MARY Fabien<\/td>\n<td>IKO<\/td>\n<td>TCC Betschdorf<\/td>\n<td>Berger Belge M\u00e2linois<\/td>\n<td colspan=\"3\">TB<\/td>\n<td><\/td>\n<\/tr>\n<tr>\n<td>WIDUSCHEK Fran\u00e7ois<\/td>\n<td>ISSO<\/td>\n<td>AC Haguenau<\/td>\n<td>Berger Allemand<\/td>\n<td colspan=\"3\">EXC<\/td>\n<td><\/td>\n<\/tr>\n<tr>\n<td>ERBS Hubert<\/td>\n<td>HOTCH<\/td>\n<td>AC Haguenau<\/td>\n<td>Berger de Beauce<\/td>\n<td colspan=\"3\">EXC<\/td>\n<td><\/td>\n<\/tr>\n<tr>\n<td><\/td>\n<td><\/td>\n<td><\/td>\n<td><\/td>\n<td><\/td>\n<td><\/td>\n<td><\/td>\n<td><\/td>\n<\/tr>\n<tr>\n<td colspan=\"8\"><strong> RCI Certificat <\/strong><\/td>\n<\/tr>\n<tr>\n<td><strong>CONDUCTEUR<\/strong><\/td>\n<td><strong>CHIEN<\/strong><\/td>\n<td><strong>CLUB<\/strong><\/td>\n<td><strong>RACE<\/strong><\/td>\n<td colspan=\"3\"><strong>POINTAGE (ABC)<\/strong><\/td>\n<td><strong>CLASST<\/strong><\/td>\n<\/tr>\n<tr>\n<td>LAUBACHER Patrick<\/td>\n<td>IRON<\/td>\n<td>AC Haguenau<\/td>\n<td>BA<\/td>\n<td>99<\/td>\n<td>98<\/td>\n<td>97<\/td>\n<td>1<\/td>\n<\/tr>\n<tr>\n<td>VOGT Freddy<\/td>\n<td>IOSCHY<\/td>\n<td>AC Haguenau<\/td>\n<td>BA<\/td>\n<td>98<\/td>\n<td>97<\/td>\n<td>96<\/td>\n<td>2<\/td>\n<\/tr>\n<tr>\n<td>VOLTZENLOGEL Alfred<\/td>\n<td>ELTON<\/td>\n<td>AC Haguenau<\/td>\n<td>BA<\/td>\n<td>96<\/td>\n<td>90<\/td>\n<td>96<\/td>\n<td>3<\/td>\n<\/tr>\n<tr>\n<td>WIEDEMANN Christophe<\/td>\n<td>IOKO<\/td>\n<td>CD Westhoffen<\/td>\n<td>BA<\/td>\n<td>95<\/td>\n<td>88<\/td>\n<td>93<\/td>\n<td>4<\/td>\n<\/tr>\n<tr>\n<td><\/td>\n<td><\/td>\n<td><\/td>\n<td><\/td>\n<td><\/td>\n<td><\/td>\n<td><\/td>\n<td><\/td>\n<\/tr>\n<tr>\n<td colspan=\"8\"><strong> RCI 1 <\/strong><\/td>\n<\/tr>\n<tr>\n<td><strong>CONDUCTEUR<\/strong><\/td>\n<td><strong>CHIEN<\/strong><\/td>\n<td><strong>CLUB<\/strong><\/td>\n<td><strong>RACE<\/strong><\/td>\n<td colspan=\"3\"><strong>POINTAGE (ABC)<\/strong><\/td>\n<td><strong>CLASST<\/strong><\/td>\n<\/tr>\n<tr>\n<td>WENDLING Georges<\/td>\n<td>HEXE<\/td>\n<td>SCD Reichshoffen<\/td>\n<td>BA<\/td>\n<td>98<\/td>\n<td>88<\/td>\n<td>92<\/td>\n<td>1<\/td>\n<\/tr>\n<tr>\n<td>KLEINMANN Charles<\/td>\n<td>URBO<\/td>\n<td>ACD Vendenheim<\/td>\n<td>BA<\/td>\n<td>95<\/td>\n<td>87<\/td>\n<td>91<\/td>\n<td>2<\/td>\n<\/tr>\n<tr>\n<td>NOPPER Michel<\/td>\n<td>HANGUS<\/td>\n<td>ACD Vendenheim<\/td>\n<td>BB M<\/td>\n<td>86<\/td>\n<td>85<\/td>\n<td>90<\/td>\n<td>3<\/td>\n<\/tr>\n<tr>\n<td><\/td>\n<td><\/td>\n<td><\/td>\n<td><\/td>\n<td><\/td>\n<td><\/td>\n<td><\/td>\n<td><\/td>\n<\/tr>\n<tr>\n<td colspan=\"8\"><strong> RCI 2 <\/strong><\/td>\n<\/tr>\n<tr>\n<td><strong>CONDUCTEUR<\/strong><\/td>\n<td><strong>CHIEN<\/strong><\/td>\n<td><strong>CLUB<\/strong><\/td>\n<td><strong>RACE<\/strong><\/td>\n<td colspan=\"3\"><strong>POINTAGE (ABC)<\/strong><\/td>\n<td><strong>CLASST<\/strong><\/td>\n<\/tr>\n<tr>\n<td>KHOUALDIA Hubert<\/td>\n<td>UWO<\/td>\n<td>Amis du Chien Boxer<\/td>\n<td>Bouvier des flandres<\/td>\n<td>87<\/td>\n<td>93<\/td>\n<td>93<\/td>\n<td>1<\/td>\n<\/tr>\n<tr>\n<td>NEUMEYER Yannick<\/td>\n<td>FENG<\/td>\n<td>TCC Betschdorf<\/td>\n<td>BA<\/td>\n<td>97<\/td>\n<td>72<\/td>\n<td>96<\/td>\n<td>2<\/td>\n<\/tr>\n<tr>\n<td>SCHUNCK Jacques<\/td>\n<td>CLOONY<\/td>\n<td>CC Haguenau<\/td>\n<td>BA<\/td>\n<td>0<\/td>\n<td>53<\/td>\n<td>0<\/td>\n<td>NC<\/td>\n<\/tr>\n<tr>\n<td><\/td>\n<td><\/td>\n<td><\/td>\n<td><\/td>\n<td><\/td>\n<td><\/td>\n<td><\/td>\n<td><\/td>\n<\/tr>\n<tr>\n<td colspan=\"8\"><strong> RCI 3 <\/strong><\/td>\n<\/tr>\n<tr>\n<td><strong>CONDUCTEUR<\/strong><\/td>\n<td><strong>CHIEN<\/strong><\/td>\n<td><strong>CLUB<\/strong><\/td>\n<td><strong>RACE<\/strong><\/td>\n<td colspan=\"3\"><strong>POINTAGE (ABC)<\/strong><\/td>\n<td><strong>CLASST<\/strong><\/td>\n<\/tr>\n<tr>\n<td>VOGT Freddy<\/td>\n<td>WOLLA<\/td>\n<td>AC Haguenau<\/td>\n<td>BA<\/td>\n<td>96<\/td>\n<td>92<\/td>\n<td>96<\/td>\n<td>1<\/td>\n<\/tr>\n<tr>\n<td>LEROUX Patrick<\/td>\n<td>COBRA<\/td>\n<td>TCC Stiring-Forbach &amp; Environs<\/td>\n<td>BA<\/td>\n<td>98<\/td>\n<td>86<\/td>\n<td>96<\/td>\n<td>2<\/td>\n<\/tr>\n<tr>\n<td>GUTH Jeannot<\/td>\n<td>HASKO<\/td>\n<td>CC Haguenau<\/td>\n<td>BA<\/td>\n<td>75<\/td>\n<td>82<\/td>\n<td>86<\/td>\n<td>3<\/td>\n<\/tr>\n<tr>\n<td><\/td>\n<td><\/td>\n<td><\/td>\n<td><\/td>\n<td><\/td>\n<td><\/td>\n<td><\/td>\n<td><\/td>\n<\/tr>\n<tr>\n<td><\/td>\n<td><\/td>\n<td><\/td>\n<td><\/td>\n<td><\/td>\n<td><\/td>\n<td><\/td>\n<td><\/td>\n<\/tr>\n<tr>\n<td colspan=\"8\"><strong> FCI Brevet <\/strong><\/td>\n<\/tr>\n<tr>\n<td><strong>CONDUCTEUR<\/strong><\/td>\n<td><strong>CHIEN<\/strong><\/td>\n<td><strong>CLUB<\/strong><\/td>\n<td><strong>RACE<\/strong><\/td>\n<td colspan=\"3\"><strong>POINTAGE<\/strong><\/td>\n<td><strong>CLASST<\/strong><\/td>\n<\/tr>\n<tr>\n<td>MATHERN Simone<\/td>\n<td>HINDRA<\/td>\n<td>AC Haguenau<\/td>\n<td>BA<\/td>\n<td colspan=\"3\">96<\/td>\n<td>1<\/td>\n<\/tr>\n<tr>\n<td>ERBS Hubert<\/td>\n<td>HOTCH<\/td>\n<td>AC Haguenau<\/td>\n<td>Beauce<\/td>\n<td colspan=\"3\">90<\/td>\n<td>2<\/td>\n<\/tr>\n<tr>\n<td><\/td>\n<td><\/td>\n<td><\/td>\n<td><\/td>\n<td><\/td>\n<td><\/td>\n<td><\/td>\n<td><\/td>\n<\/tr>\n<tr>\n<td colspan=\"8\"><strong> FCI 1 <\/strong><\/td>\n<\/tr>\n<tr>\n<td><strong>CONDUCTEUR<\/strong><\/td>\n<td><strong>CHIEN<\/strong><\/td>\n<td><strong>CLUB<\/strong><\/td>\n<td><strong>RACE<\/strong><\/td>\n<td colspan=\"3\"><strong>POINTAGE<\/strong><\/td>\n<td><strong>CLASST<\/strong><\/td>\n<\/tr>\n<tr>\n<td>AEMMER Laurence<\/td>\n<td>GALAXY<\/td>\n<td>ACD Vendenheim<\/td>\n<td>Berger Blanc Suisse<\/td>\n<td colspan=\"3\">78<\/td>\n<td>1<\/td>\n<\/tr>\n<tr>\n<td>SELUKSY Patrick<\/td>\n<td>ELFI<\/td>\n<td>AC Haguenau<\/td>\n<td>Berger Allemand<\/td>\n<td colspan=\"3\">74<\/td>\n<td>2<\/td>\n<\/tr>\n<tr>\n<td><\/td>\n<td><\/td>\n<td><\/td>\n<td><\/td>\n<td><\/td>\n<td><\/td>\n<td><\/td>\n<td><\/td>\n<\/tr>\n<tr>\n<td colspan=\"8\"><strong> FCI 2 <\/strong><\/td>\n<\/tr>\n<tr>\n<td><strong>CONDUCTEUR<\/strong><\/td>\n<td><strong>CHIEN<\/strong><\/td>\n<td><strong>CLUB<\/strong><\/td>\n<td><strong>RACE<\/strong><\/td>\n<td colspan=\"3\"><strong>POINTAGE<\/strong><\/td>\n<td><strong>CLASST<\/strong><\/td>\n<\/tr>\n<tr>\n<td>WENDLING Georges<\/td>\n<td>HEXE<\/td>\n<td>SCD Reichshoffen<\/td>\n<td>BA<\/td>\n<td colspan=\"3\">97<\/td>\n<td>1<\/td>\n<\/tr>\n<tr>\n<td>SITTER Fr\u00e9d\u00e9ric<\/td>\n<td>INDRA<\/td>\n<td>TCC Betschdorf<\/td>\n<td>BA<\/td>\n<td colspan=\"3\">95<\/td>\n<td>2<\/td>\n<\/tr>\n<tr>\n<td>BOSS Andr\u00e9<\/td>\n<td>GHANDI<\/td>\n<td>ACD Vendenheim<\/td>\n<td>BA<\/td>\n<td colspan=\"3\">91<\/td>\n<td>3<\/td>\n<\/tr>\n<tr>\n<td>BLANDIN Robert<\/td>\n<td>HOOPER<\/td>\n<td>TCC Betschdorf<\/td>\n<td>BA<\/td>\n<td colspan=\"3\">73<\/td>\n<td>4<\/td>\n<\/tr>\n<tr>\n<td>MARXER Denis<\/td>\n<td>DROGBA<\/td>\n<td>ACD Vendenheim<\/td>\n<td>BA<\/td>\n<td colspan=\"3\">35<\/td>\n<td>5<\/td>\n<\/tr>\n<tr>\n<td><\/td>\n<td><\/td>\n<td><\/td>\n<td><\/td>\n<td><\/td>\n<td><\/td>\n<td><\/td>\n<td><\/td>\n<\/tr>\n<tr>\n<td colspan=\"8\"><strong> FCI 3 <\/strong><\/td>\n<\/tr>\n<tr>\n<td><strong>CONDUCTEUR<\/strong><\/td>\n<td><strong>CHIEN<\/strong><\/td>\n<td><strong>CLUB<\/strong><\/td>\n<td><strong>RACE<\/strong><\/td>\n<td colspan=\"3\"><strong>POINTAGE<\/strong><\/td>\n<td><strong>CLASST<\/strong><\/td>\n<\/tr>\n<tr>\n<td>ROTH Jacqui<\/td>\n<td>TARA<\/td>\n<td>ABAG<\/td>\n<td>BA<\/td>\n<td colspan=\"3\">98<\/td>\n<td>1<\/td>\n<\/tr>\n<tr>\n<td>BRICKA Ren\u00e9<\/td>\n<td>YASSO<\/td>\n<td>ABAG<\/td>\n<td>BA<\/td>\n<td colspan=\"3\">98<\/td>\n<td>2<\/td>\n<\/tr>\n<tr>\n<td>MEYER Claude<\/td>\n<td>GACHETTE<\/td>\n<td>AC Haguenau<\/td>\n<td>BA<\/td>\n<td colspan=\"3\">97<\/td>\n<td>3<\/td>\n<\/tr>\n<tr>\n<td>HUSELSTEIN Jean-Michel<\/td>\n<td>DAISY<\/td>\n<td>TCC de Sarralbe et environs<\/td>\n<td>BA<\/td>\n<td colspan=\"3\">97<\/td>\n<td>4<\/td>\n<\/tr>\n<tr>\n<td>BOUR Val\u00e9rie<\/td>\n<td>DIVX<\/td>\n<td>TCC Sarrewerden<\/td>\n<td>BA<\/td>\n<td colspan=\"3\">96<\/td>\n<td>5<\/td>\n<\/tr>\n<tr>\n<td>HOLDERITH Doris<\/td>\n<td>BOY<\/td>\n<td>TCC Betschdorf<\/td>\n<td>Berger Hollandais<\/td>\n<td colspan=\"3\">88<\/td>\n<td>6<\/td>\n<\/tr>\n<tr>\n<td>MAES Yves<\/td>\n<td>GAIA<\/td>\n<td>ACD Vendenheim<\/td>\n<td>Beauceron<\/td>\n<td colspan=\"3\">73<\/td>\n<td>7<\/td>\n<\/tr>\n<tr>\n<td><\/td>\n<td><\/td>\n<td><\/td>\n<td><\/td>\n<td colspan=\"3\"><\/td>\n<td><\/td>\n<\/tr>\n<tr>\n<td><\/td>\n<td><\/td>\n<td><\/td>\n<td><\/td>\n<td><\/td>\n<td><\/td>\n<td><\/td>\n<td><\/td>\n<\/tr>\n<\/tbody>\n<\/table>\n<p>L&rsquo;<strong>amicale du chien de Haguenau<\/strong>, pr\u00e9sid\u00e9 par <strong>Jean-Pierre Kost<\/strong>, tient \u00e0 remercier tous les participants, les trois juges\u00a0<strong>M. R\u00e9my SINGER, M. Francis REUTHER et M. Roland MEYER<\/strong>, les traceurs <strong>M. Jean-Claude ADELHELM<\/strong>, <strong>M. Andr\u00e9 PFLEGER, M. Yves AEMMER , M. Denis QUERCY<\/strong>, ainsi que les hommes assistants <strong>M. Guillaume MUNSCH et M. Jean-Marie WURTZ\u00a0<\/strong>et vous donne rendez-vous l&rsquo;ann\u00e9e prochaine.<\/p>\n","protected":false},"excerpt":{"rendered":"<p>L&rsquo;amicale du chien de Haguenau a organis\u00e9, le 24 et 25 janvier\u00a02015, son onzi\u00e8me concours canin FCI de pistage et RCI sur son terrain, route de Marienthal. 32 concurrents se sont finalement oppos\u00e9s dans les \u00e9preuves FCI de pistage et RCI tout au long du week-end. Un grand merci \u00e0 notre partenaire Volkswagen Oblinger pour [&hellip;]<\/p>\n","protected":false},"author":1,"featured_media":0,"parent":88,"menu_order":0,"comment_status":"open","ping_status":"open","template":"","meta":{"footnotes":""},"class_list":["post-631","page","type-page","status-publish","hentry"],"_links":{"self":[{"href":"http:\/\/www.amicale-du-chien.com\/index.php?rest_route=\/wp\/v2\/pages\/631","targetHints":{"allow":["GET"]}}],"collection":[{"href":"http:\/\/www.amicale-du-chien.com\/index.php?rest_route=\/wp\/v2\/pages"}],"about":[{"href":"http:\/\/www.amicale-du-chien.com\/index.php?rest_route=\/wp\/v2\/types\/page"}],"author":[{"embeddable":true,"href":"http:\/\/www.amicale-du-chien.com\/index.php?rest_route=\/wp\/v2\/users\/1"}],"replies":[{"embeddable":true,"href":"http:\/\/www.amicale-du-chien.com\/index.php?rest_route=%2Fwp%2Fv2%2Fcomments&post=631"}],"version-history":[{"count":10,"href":"http:\/\/www.amicale-du-chien.com\/index.php?rest_route=\/wp\/v2\/pages\/631\/revisions"}],"predecessor-version":[{"id":653,"href":"http:\/\/www.amicale-du-chien.com\/index.php?rest_route=\/wp\/v2\/pages\/631\/revisions\/653"}],"up":[{"embeddable":true,"href":"http:\/\/www.amicale-du-chien.com\/index.php?rest_route=\/wp\/v2\/pages\/88"}],"wp:attachment":[{"href":"http:\/\/www.amicale-du-chien.com\/index.php?rest_route=%2Fwp%2Fv2%2Fmedia&parent=631"}],"curies":[{"name":"wp","href":"https:\/\/api.w.org\/{rel}","templated":true}]}}