{"id":7,"date":"2013-07-17T10:23:47","date_gmt":"2013-07-17T09:23:47","guid":{"rendered":"http:\/\/www.amicale-du-chien.com\/?page_id=7"},"modified":"2018-09-07T08:14:38","modified_gmt":"2018-09-07T07:14:38","slug":"concours-obeissance","status":"publish","type":"page","link":"http:\/\/www.amicale-du-chien.com\/?page_id=7","title":{"rendered":"Concours Ob\u00e9issance"},"content":{"rendered":"<p>L&rsquo;amicale du chien de Haguenau organise depuis 2006, sur son terrain de la route de Marienthal, <strong>son concours canin annuel d&rsquo;Ob\u00e9issance<\/strong>.<\/p>\n<p>Ce concours d&rsquo;Ob\u00e9issance est compos\u00e9 de plusieurs \u00e9preuves, le CSAU (Certificat de Sociabilit\u00e9 et d&rsquo;Aptitude \u00e0 l&rsquo;Utilisation, le Brevet, la Classe 1, la Classe 2 et la Classe 3.<\/p>\n<p>Le prochain<strong> concours Ob\u00e9issance &#8211; CSAU, Brevet, classe 1, 2 et 3<\/strong> aura lieu le <strong>9 septembre 2018<\/strong> sur notre terrain 110 a route de Marienthal \u00e0 Haguenau.<\/p>\n<p>Ce concours sera jug\u00e9 par <strong>M. Rudy CATRRYSSE <\/strong>(Belge) et <strong>M. R\u00e9my SINGER <\/strong>(pour les CSAU).<\/p>\n<p>Le concours nocturne du samedi 8 septembre \u00e9tant annul\u00e9 les <strong>CSAU auront \u00e9galement lieu <span style=\"color: #ff0000;\">dimanche 9 septembre 2018<\/span><\/strong>.<\/p>\n<p>Une Buvette et la restauration seront assur\u00e9s sur place. Repas concurrent : <strong>8 \u20ac<\/strong> &#8211; Repas accompagnant : <strong>10 \u20ac<\/strong><\/p>\n<p>Tarifs des engagements : <strong>CSAU 16 \u20ac, Brevet : 16 \u20ac, CSAU + Brevet : 20 \u20ac, Ob\u00e9issance 1 &#8211; 2 &#8211; 3 : 16 \u20ac.<\/strong><\/p>\n<p>Pour tous renseignements compl\u00e9mentaires : t\u00e9l. 03 88 93 07 29 <em>le dimanche entre 11h et 12h<\/em>.<\/p>\n<p><strong>Pour t\u00e9l\u00e9charger la demande d&rsquo;engagement \u00e0 ce concours<\/strong> : <a href=\"http:\/\/www.amicale-du-chien.com\/wp-content\/uploads\/2018\/07\/FORMULAIRE-ENGAT-OBEISS_09-2018.pdf\">Cliquez ici<\/a><\/p>\n<p>Les demandes d&rsquo;engagement accompagn\u00e9es d&rsquo;une photocopie du certificat de vaccination antirabique \u00e0 jour, de 3 \u00e9tiquettes \u00ab\u00a0licence\u00a0\u00bb, de la copie de la d\u00e9claration en Mairie pour les chiens de 2\u00e8me cat\u00e9gorie,<strong> une copie du Pedigree format A4<\/strong> et <strong>une copie de la carte d&rsquo;identification du chien (pour les CSAU)<\/strong> et d&rsquo;un ch\u00e8que pour les droits d&rsquo;inscription libell\u00e9 \u00e0 l&rsquo;ordre de l&rsquo;Amicale du chien seront \u00e0 envoyer \u00e0 :<br \/>\nM. Fran\u00e7ois WIDUSCHEK<br \/>\n95, route de Forstheim<br \/>\n67500 Haguenau<\/p>\n<p><em>Cl\u00f4ture des engagements :\u00a0<strong>2 septembre 2018<\/strong><\/em><\/p>\n<p>&nbsp;<\/p>\n<p>&nbsp;<\/p>\n","protected":false},"excerpt":{"rendered":"<p>L&rsquo;amicale du chien de Haguenau organise depuis 2006, sur son terrain de la route de Marienthal, son concours canin annuel d&rsquo;Ob\u00e9issance. Ce concours d&rsquo;Ob\u00e9issance est compos\u00e9 de plusieurs \u00e9preuves, le CSAU (Certificat de Sociabilit\u00e9 et d&rsquo;Aptitude \u00e0 l&rsquo;Utilisation, le Brevet, la Classe 1, la Classe 2 et la Classe 3. Le prochain concours Ob\u00e9issance &#8211; [&hellip;]<\/p>\n","protected":false},"author":1,"featured_media":0,"parent":80,"menu_order":0,"comment_status":"closed","ping_status":"open","template":"","meta":{"footnotes":""},"class_list":["post-7","page","type-page","status-publish","hentry"],"_links":{"self":[{"href":"http:\/\/www.amicale-du-chien.com\/index.php?rest_route=\/wp\/v2\/pages\/7","targetHints":{"allow":["GET"]}}],"collection":[{"href":"http:\/\/www.amicale-du-chien.com\/index.php?rest_route=\/wp\/v2\/pages"}],"about":[{"href":"http:\/\/www.amicale-du-chien.com\/index.php?rest_route=\/wp\/v2\/types\/page"}],"author":[{"embeddable":true,"href":"http:\/\/www.amicale-du-chien.com\/index.php?rest_route=\/wp\/v2\/users\/1"}],"replies":[{"embeddable":true,"href":"http:\/\/www.amicale-du-chien.com\/index.php?rest_route=%2Fwp%2Fv2%2Fcomments&post=7"}],"version-history":[{"count":15,"href":"http:\/\/www.amicale-du-chien.com\/index.php?rest_route=\/wp\/v2\/pages\/7\/revisions"}],"predecessor-version":[{"id":1072,"href":"http:\/\/www.amicale-du-chien.com\/index.php?rest_route=\/wp\/v2\/pages\/7\/revisions\/1072"}],"up":[{"embeddable":true,"href":"http:\/\/www.amicale-du-chien.com\/index.php?rest_route=\/wp\/v2\/pages\/80"}],"wp:attachment":[{"href":"http:\/\/www.amicale-du-chien.com\/index.php?rest_route=%2Fwp%2Fv2%2Fmedia&parent=7"}],"curies":[{"name":"wp","href":"https:\/\/api.w.org\/{rel}","templated":true}]}}