{"id":71,"date":"2013-07-17T14:34:27","date_gmt":"2013-07-17T13:34:27","guid":{"rendered":"http:\/\/www.amicale-du-chien.com\/?page_id=71"},"modified":"2024-09-20T11:29:52","modified_gmt":"2024-09-20T10:29:52","slug":"71-2","status":"publish","type":"page","link":"http:\/\/www.amicale-du-chien.com\/?page_id=71","title":{"rendered":"Nos coordonn\u00e9es"},"content":{"rendered":"<p align=\"left\"><b> Terrain d&rsquo;entra\u00eenement de l&rsquo;Amicale du chien de Haguenau<\/b><br \/>\n110 A route de Marienthal<br \/>\n67500 HAGUENAU<br \/>\nT\u00e9l. : <b>03 88 93 07 29<\/b><br \/>\nMail : <a href=\"mailto:amicale.chien.haguenau@gmail.com\" target=\"_blank\" rel=\"noopener\">amicale.chien.haguenau@gmail.<wbr \/>com<\/a><\/p>\n<p><strong>Coordonn\u00e9es GPS<\/strong> : Latitude : 48.7907 \/ Longitude : 7.80835<\/p>\n<p><iframe loading=\"lazy\" src=\"https:\/\/maps.google.fr\/maps?f=q&amp;source=s_q&amp;hl=fr&amp;geocode=&amp;q=110+a+Route+de+Marienthal,+Haguenau&amp;aq=0&amp;oq=110+a+route+de+Marienthal,+H&amp;sll=48.599123,7.587081&amp;sspn=1.351414,2.90863&amp;ie=UTF8&amp;hq=&amp;hnear=110+Route+de+Marienthal,+67500+Haguenau,+Bas-Rhin,+Alsace&amp;t=m&amp;ll=48.790128,7.809048&amp;spn=0.039583,0.072956&amp;z=13&amp;iwloc=A&amp;output=embed\" width=\"425\" height=\"350\" frameborder=\"0\" marginwidth=\"0\" marginheight=\"0\" scrolling=\"no\"><\/iframe><br \/>\n<small><a style=\"color: #0000ff; text-align: left;\" href=\"https:\/\/maps.google.fr\/maps?f=q&amp;source=embed&amp;hl=fr&amp;geocode=&amp;q=110+a+Route+de+Marienthal,+Haguenau&amp;aq=0&amp;oq=110+a+route+de+Marienthal,+H&amp;sll=48.599123,7.587081&amp;sspn=1.351414,2.90863&amp;ie=UTF8&amp;hq=&amp;hnear=110+Route+de+Marienthal,+67500+Haguenau,+Bas-Rhin,+Alsace&amp;t=m&amp;ll=48.790128,7.809048&amp;spn=0.039583,0.072956&amp;z=13&amp;iwloc=A\">Agrandir le plan<\/a><\/small><\/p>\n","protected":false},"excerpt":{"rendered":"<p>Terrain d&rsquo;entra\u00eenement de l&rsquo;Amicale du chien de Haguenau 110 A route de Marienthal 67500 HAGUENAU T\u00e9l. : 03 88 93 07 29 Mail : amicale.chien.haguenau@gmail.com Coordonn\u00e9es GPS : Latitude : 48.7907 \/ Longitude : 7.80835 Agrandir le plan<\/p>\n","protected":false},"author":1,"featured_media":0,"parent":12,"menu_order":0,"comment_status":"closed","ping_status":"open","template":"","meta":{"footnotes":""},"class_list":["post-71","page","type-page","status-publish","hentry"],"_links":{"self":[{"href":"http:\/\/www.amicale-du-chien.com\/index.php?rest_route=\/wp\/v2\/pages\/71","targetHints":{"allow":["GET"]}}],"collection":[{"href":"http:\/\/www.amicale-du-chien.com\/index.php?rest_route=\/wp\/v2\/pages"}],"about":[{"href":"http:\/\/www.amicale-du-chien.com\/index.php?rest_route=\/wp\/v2\/types\/page"}],"author":[{"embeddable":true,"href":"http:\/\/www.amicale-du-chien.com\/index.php?rest_route=\/wp\/v2\/users\/1"}],"replies":[{"embeddable":true,"href":"http:\/\/www.amicale-du-chien.com\/index.php?rest_route=%2Fwp%2Fv2%2Fcomments&post=71"}],"version-history":[{"count":4,"href":"http:\/\/www.amicale-du-chien.com\/index.php?rest_route=\/wp\/v2\/pages\/71\/revisions"}],"predecessor-version":[{"id":1577,"href":"http:\/\/www.amicale-du-chien.com\/index.php?rest_route=\/wp\/v2\/pages\/71\/revisions\/1577"}],"up":[{"embeddable":true,"href":"http:\/\/www.amicale-du-chien.com\/index.php?rest_route=\/wp\/v2\/pages\/12"}],"wp:attachment":[{"href":"http:\/\/www.amicale-du-chien.com\/index.php?rest_route=%2Fwp%2Fv2%2Fmedia&parent=71"}],"curies":[{"name":"wp","href":"https:\/\/api.w.org\/{rel}","templated":true}]}}