{"id":748,"date":"2016-01-24T10:20:24","date_gmt":"2016-01-24T09:20:24","guid":{"rendered":"http:\/\/www.amicale-du-chien.com\/?page_id=748"},"modified":"2023-03-24T11:30:24","modified_gmt":"2023-03-24T10:30:24","slug":"ecole-du-chiot","status":"publish","type":"page","link":"http:\/\/www.amicale-du-chien.com\/?page_id=748","title":{"rendered":"Ecole du chiot"},"content":{"rendered":"<p>L&rsquo;\u00e9cole du chiot doit \u00eatre un moment privil\u00e9gi\u00e9 entre le ma\u00eetre et son chiot afin de cr\u00e9er une relation de confiance et de respect mutuel.<\/p>\n<p>Il s&rsquo;agit d&rsquo;\u00e9duquer le chiot en tenant compte de ses besoins en alternant travail et jeu. Les progr\u00e8s du chiot ne peuvent se faire que gr\u00e2ce \u00e0 une complicit\u00e9 du bin\u00f4me ma\u00eetre-chien. Une attitude positive du ma\u00eetre, l&rsquo;intonation de la voix, les caresses ou les friandises sont diff\u00e9rentes mani\u00e8res de motiver le chien. Venez tester notre m\u00e9thode !<\/p>\n<p><strong>Cette \u00e9cole est ouverte \u00e0 toutes les races de chiens \u00e0 partir des 2 mois du chiot et d\u00e8s qu&rsquo;ils ont tous leurs vaccins.<\/strong><\/p>\n<p>Participez \u00e0 une premi\u00e8re s\u00e9ance d&rsquo;essai gratuite avec votre chiot et un moniteur vous expliquera tout sur place (tarif, m\u00e9thode&#8230;).<\/p>\n<blockquote>\n<p style=\"text-align: center;\" align=\"center\"><strong>Horaires d\u2019entra\u00eenement : E<strong>cole du chiot<\/strong> <\/strong><br \/>\nMercredi de 19h30 \u00e0 20h15<br \/>\n<em>Dimanche de 10h00 \u00e0 10h45<\/em><\/p>\n<p align=\"center\">\n<\/blockquote>\n<p><b>Sociabilit\u00e9<\/b><\/p>\n\n\t\t<style type=\"text\/css\">\n\t\t\t#gallery-1 {\n\t\t\t\tmargin: auto;\n\t\t\t}\n\t\t\t#gallery-1 .gallery-item {\n\t\t\t\tfloat: left;\n\t\t\t\tmargin-top: 10px;\n\t\t\t\ttext-align: center;\n\t\t\t\twidth: 33%;\n\t\t\t}\n\t\t\t#gallery-1 img {\n\t\t\t\tborder: 2px solid #cfcfcf;\n\t\t\t}\n\t\t\t#gallery-1 .gallery-caption {\n\t\t\t\tmargin-left: 0;\n\t\t\t}\n\t\t\t\/* see gallery_shortcode() in wp-includes\/media.php *\/\n\t\t<\/style>\n\t\t<div id='gallery-1' class='gallery galleryid-748 gallery-columns-3 gallery-size-thumbnail'><dl class='gallery-item'>\n\t\t\t<dt class='gallery-icon landscape'>\n\t\t\t\t<a href='http:\/\/www.amicale-du-chien.com\/?attachment_id=100'><img loading=\"lazy\" decoding=\"async\" width=\"150\" height=\"150\" src=\"http:\/\/www.amicale-du-chien.com\/wp-content\/uploads\/2013\/07\/entoure-150x150.jpg\" class=\"attachment-thumbnail size-thumbnail\" alt=\"\" \/><\/a>\n\t\t\t<\/dt><\/dl><dl class='gallery-item'>\n\t\t\t<dt class='gallery-icon landscape'>\n\t\t\t\t<a href='http:\/\/www.amicale-du-chien.com\/?attachment_id=107'><img loading=\"lazy\" decoding=\"async\" width=\"150\" height=\"150\" src=\"http:\/\/www.amicale-du-chien.com\/wp-content\/uploads\/2013\/07\/velo-150x150.jpg\" class=\"attachment-thumbnail size-thumbnail\" alt=\"\" \/><\/a>\n\t\t\t<\/dt><\/dl>\n\t\t\t<br style='clear: both' \/>\n\t\t<\/div>\n\n<p><b>Jeux<\/b><\/p>\n\n\t\t<style type=\"text\/css\">\n\t\t\t#gallery-2 {\n\t\t\t\tmargin: auto;\n\t\t\t}\n\t\t\t#gallery-2 .gallery-item {\n\t\t\t\tfloat: left;\n\t\t\t\tmargin-top: 10px;\n\t\t\t\ttext-align: center;\n\t\t\t\twidth: 33%;\n\t\t\t}\n\t\t\t#gallery-2 img {\n\t\t\t\tborder: 2px solid #cfcfcf;\n\t\t\t}\n\t\t\t#gallery-2 .gallery-caption {\n\t\t\t\tmargin-left: 0;\n\t\t\t}\n\t\t\t\/* see gallery_shortcode() in wp-includes\/media.php *\/\n\t\t<\/style>\n\t\t<div id='gallery-2' class='gallery galleryid-748 gallery-columns-3 gallery-size-thumbnail'><dl class='gallery-item'>\n\t\t\t<dt class='gallery-icon landscape'>\n\t\t\t\t<a href='http:\/\/www.amicale-du-chien.com\/?attachment_id=102'><img loading=\"lazy\" decoding=\"async\" width=\"150\" height=\"150\" src=\"http:\/\/www.amicale-du-chien.com\/wp-content\/uploads\/2013\/07\/jeu-150x150.jpg\" class=\"attachment-thumbnail size-thumbnail\" alt=\"\" \/><\/a>\n\t\t\t<\/dt><\/dl><dl class='gallery-item'>\n\t\t\t<dt class='gallery-icon landscape'>\n\t\t\t\t<a href='http:\/\/www.amicale-du-chien.com\/?attachment_id=103'><img loading=\"lazy\" decoding=\"async\" width=\"150\" height=\"150\" src=\"http:\/\/www.amicale-du-chien.com\/wp-content\/uploads\/2013\/07\/jeu_maitres-150x150.jpg\" class=\"attachment-thumbnail size-thumbnail\" alt=\"\" \/><\/a>\n\t\t\t<\/dt><\/dl><dl class='gallery-item'>\n\t\t\t<dt class='gallery-icon landscape'>\n\t\t\t\t<a href='http:\/\/www.amicale-du-chien.com\/?attachment_id=104'><img loading=\"lazy\" decoding=\"async\" width=\"150\" height=\"150\" src=\"http:\/\/www.amicale-du-chien.com\/wp-content\/uploads\/2013\/07\/jeu2-150x150.jpg\" class=\"attachment-thumbnail size-thumbnail\" alt=\"\" \/><\/a>\n\t\t\t<\/dt><\/dl><br style=\"clear: both\" \/>\n\t\t<\/div>\n\n","protected":false},"excerpt":{"rendered":"<p>L&rsquo;\u00e9cole du chiot doit \u00eatre un moment privil\u00e9gi\u00e9 entre le ma\u00eetre et son chiot afin de cr\u00e9er une relation de confiance et de respect mutuel. Il s&rsquo;agit d&rsquo;\u00e9duquer le chiot en tenant compte de ses besoins en alternant travail et jeu. Les progr\u00e8s du chiot ne peuvent se faire que gr\u00e2ce \u00e0 une complicit\u00e9 du [&hellip;]<\/p>\n","protected":false},"author":1,"featured_media":0,"parent":94,"menu_order":0,"comment_status":"closed","ping_status":"closed","template":"","meta":{"footnotes":""},"class_list":["post-748","page","type-page","status-publish","hentry"],"_links":{"self":[{"href":"http:\/\/www.amicale-du-chien.com\/index.php?rest_route=\/wp\/v2\/pages\/748","targetHints":{"allow":["GET"]}}],"collection":[{"href":"http:\/\/www.amicale-du-chien.com\/index.php?rest_route=\/wp\/v2\/pages"}],"about":[{"href":"http:\/\/www.amicale-du-chien.com\/index.php?rest_route=\/wp\/v2\/types\/page"}],"author":[{"embeddable":true,"href":"http:\/\/www.amicale-du-chien.com\/index.php?rest_route=\/wp\/v2\/users\/1"}],"replies":[{"embeddable":true,"href":"http:\/\/www.amicale-du-chien.com\/index.php?rest_route=%2Fwp%2Fv2%2Fcomments&post=748"}],"version-history":[{"count":27,"href":"http:\/\/www.amicale-du-chien.com\/index.php?rest_route=\/wp\/v2\/pages\/748\/revisions"}],"predecessor-version":[{"id":1532,"href":"http:\/\/www.amicale-du-chien.com\/index.php?rest_route=\/wp\/v2\/pages\/748\/revisions\/1532"}],"up":[{"embeddable":true,"href":"http:\/\/www.amicale-du-chien.com\/index.php?rest_route=\/wp\/v2\/pages\/94"}],"wp:attachment":[{"href":"http:\/\/www.amicale-du-chien.com\/index.php?rest_route=%2Fwp%2Fv2%2Fmedia&parent=748"}],"curies":[{"name":"wp","href":"https:\/\/api.w.org\/{rel}","templated":true}]}}