{"id":774,"date":"2016-07-03T19:27:37","date_gmt":"2016-07-03T18:27:37","guid":{"rendered":"http:\/\/www.amicale-du-chien.com\/?page_id=774"},"modified":"2017-06-28T18:01:50","modified_gmt":"2017-06-28T17:01:50","slug":"olympiades","status":"publish","type":"page","link":"http:\/\/www.amicale-du-chien.com\/?page_id=774","title":{"rendered":"Olympiades"},"content":{"rendered":"<p style=\"text-align: center;\"><a href=\"http:\/\/www.amicale-du-chien.com\/wp-content\/uploads\/2017\/05\/Olympiades2017.jpg\"><img loading=\"lazy\" decoding=\"async\" class=\"alignleft size-medium wp-image-884\" src=\"http:\/\/www.amicale-du-chien.com\/wp-content\/uploads\/2017\/05\/Olympiades2017-213x300.jpg\" alt=\"\" width=\"213\" height=\"300\" srcset=\"http:\/\/www.amicale-du-chien.com\/wp-content\/uploads\/2017\/05\/Olympiades2017-213x300.jpg 213w, http:\/\/www.amicale-du-chien.com\/wp-content\/uploads\/2017\/05\/Olympiades2017.jpg 653w\" sizes=\"auto, (max-width: 213px) 100vw, 213px\" \/><\/a>Le <strong>dimanche 25 juin 2017 \u00e0 partir de 9h<\/strong><br \/>\nvenez nombreux participer aux Olympiades canines de l&rsquo;Amicale du Chien (r\u00e9serv\u00e9es aux membres)<\/p>\n<p>Au programme de cette journ\u00e9e : activit\u00e9s ludiques et sportives avec nos compagnons \u00e0 4 pattes ! Ambiance conviviale et parties de rigolade garanties.<br \/>\n<em>\u00c9preuves disput\u00e9es par \u00e9quipe avec remise de r\u00e9compenses \u00e0 la fin de la journ\u00e9e.<\/em><\/p>\n<p>Animations tout au long de la journ\u00e9e, repas servi \u00e0 12h30.<br \/>\nREPAS : SANGLIER \u00c0 LA BROCHE !<\/p>\n<p>Le talon r\u00e9ponse est\u00a0\u00e0 remettre au bar ou \u00e0 vos moniteurs avant le <strong>7 juin 2017.<\/strong><\/p>\n<p>&nbsp;<\/p>\n","protected":false},"excerpt":{"rendered":"<p>Le dimanche 25 juin 2017 \u00e0 partir de 9h venez nombreux participer aux Olympiades canines de l&rsquo;Amicale du Chien (r\u00e9serv\u00e9es aux membres) Au programme de cette journ\u00e9e : activit\u00e9s ludiques et sportives avec nos compagnons \u00e0 4 pattes ! Ambiance conviviale et parties de rigolade garanties. \u00c9preuves disput\u00e9es par \u00e9quipe avec remise de r\u00e9compenses \u00e0 [&hellip;]<\/p>\n","protected":false},"author":1,"featured_media":0,"parent":80,"menu_order":0,"comment_status":"closed","ping_status":"closed","template":"","meta":{"footnotes":""},"class_list":["post-774","page","type-page","status-publish","hentry"],"_links":{"self":[{"href":"http:\/\/www.amicale-du-chien.com\/index.php?rest_route=\/wp\/v2\/pages\/774","targetHints":{"allow":["GET"]}}],"collection":[{"href":"http:\/\/www.amicale-du-chien.com\/index.php?rest_route=\/wp\/v2\/pages"}],"about":[{"href":"http:\/\/www.amicale-du-chien.com\/index.php?rest_route=\/wp\/v2\/types\/page"}],"author":[{"embeddable":true,"href":"http:\/\/www.amicale-du-chien.com\/index.php?rest_route=\/wp\/v2\/users\/1"}],"replies":[{"embeddable":true,"href":"http:\/\/www.amicale-du-chien.com\/index.php?rest_route=%2Fwp%2Fv2%2Fcomments&post=774"}],"version-history":[{"count":5,"href":"http:\/\/www.amicale-du-chien.com\/index.php?rest_route=\/wp\/v2\/pages\/774\/revisions"}],"predecessor-version":[{"id":900,"href":"http:\/\/www.amicale-du-chien.com\/index.php?rest_route=\/wp\/v2\/pages\/774\/revisions\/900"}],"up":[{"embeddable":true,"href":"http:\/\/www.amicale-du-chien.com\/index.php?rest_route=\/wp\/v2\/pages\/80"}],"wp:attachment":[{"href":"http:\/\/www.amicale-du-chien.com\/index.php?rest_route=%2Fwp%2Fv2%2Fmedia&parent=774"}],"curies":[{"name":"wp","href":"https:\/\/api.w.org\/{rel}","templated":true}]}}