{"id":787,"date":"2016-07-18T14:26:47","date_gmt":"2016-07-18T13:26:47","guid":{"rendered":"http:\/\/www.amicale-du-chien.com\/?page_id=787"},"modified":"2016-10-31T16:50:53","modified_gmt":"2016-10-31T15:50:53","slug":"championnat-dalsace-ipo-2016","status":"publish","type":"page","link":"http:\/\/www.amicale-du-chien.com\/?page_id=787","title":{"rendered":"Championnat d&rsquo;Alsace IPO 2016"},"content":{"rendered":"<p><img loading=\"lazy\" decoding=\"async\" class=\"wp-image-808 size-medium alignright\" src=\"http:\/\/www.amicale-du-chien.com\/wp-content\/uploads\/2016\/09\/affiche_championnatAlsace-IPO2016-212x300.jpg\" width=\"212\" height=\"300\" srcset=\"http:\/\/www.amicale-du-chien.com\/wp-content\/uploads\/2016\/09\/affiche_championnatAlsace-IPO2016-212x300.jpg 212w, http:\/\/www.amicale-du-chien.com\/wp-content\/uploads\/2016\/09\/affiche_championnatAlsace-IPO2016.jpg 595w\" sizes=\"auto, (max-width: 212px) 100vw, 212px\" \/>L\u2019Amicale du chien, sous le patronage de la F\u00e9d\u00e9ration Canine d\u2019Alsace et de la Canine du Bas-Rhin, a\u00a0cette ann\u00e9e l\u2019honneur d\u2019organiser le <strong>Championnat d\u2019Alsace IPO et les Grands prix IPO 1 et 2<\/strong>, <strong>le\u00a030\u00a0octobre 2016<\/strong> sur le terrain 110 a route de Marienthal.<\/p>\n<p>Cette \u00e9v\u00e8nement rassemblera \u00e0 Haguenau les meilleurs chiens\u00a0de la discipline\u00a0de toute la r\u00e9gion. A l&rsquo;issue de ce week-end le champion d&rsquo;Alsace IPO sera d\u00e9sign\u00e9.<\/p>\n<p><strong>Au programme d<\/strong><b>imanche 30 octobre :<\/b><\/p>\n<ul>\n<li>Accueil des concurrents, des juges et des officiels \u00e0 partir de 6 h 30 au club house.<\/li>\n<li>Petit d\u00e9jeuner offert par le club.<\/li>\n<li>Tirage au sort \u00e0 7 h.<\/li>\n<li>D\u00e9but du concours \u00e0 8 h.<\/li>\n<li>Epreuves d\u2019ob\u00e9issance sur le terrain \u00e0 partir de 8 h.<\/li>\n<li>D\u00e9part de la navette vers les pistes \u00e0 8 h.<\/li>\n<li>D\u00e9but des \u00e9preuves de pistage \u00e0 9 h.<\/li>\n<li>D\u00e9jeuner \u00e0 partir de 12 h.<\/li>\n<li>Petite restauration sur les pistes.<\/li>\n<li>Proclamation des r\u00e9sultats et remise des prix vers 16 h 30.<\/li>\n<\/ul>\n<blockquote><p><span style=\"color: #ff0000;\"><strong>S\u00e9ances d&rsquo;entra\u00eenement<\/strong><\/span><\/p>\n<p>Pour effectuer des s\u00e9ances d&rsquo;entra\u00eenement sur le terrain<em>110a route de Marienthal \u00e0 Haguenau<\/em>, en vue du championnat d&rsquo;Alsace IPO, merci de prendre contact avec <strong>Jean-Pierre KOST au <u>06 10 32 69 85<\/u><\/strong> pour vos r\u00e9servations.<\/p>\n<p>A partir du <strong>12 octobre<\/strong> le terrain sera <strong><u>accessible tous les jours<\/u><\/strong>.<\/p>\n<p style=\"text-align: center;\"><span style=\"color: #ff0000;\"><strong>Une journ\u00e9e sp\u00e9ciale d&rsquo;entra\u00eenement\u00a0aura lieu avec les hommes assistants<\/strong><\/span><\/p>\n<p style=\"text-align: center;\"><span style=\"color: #ff0000;\"><strong>le samedi 15 octobre \u00e0 partir de 14h<\/strong> <\/span><\/p>\n<p style=\"text-align: center;\"><span style=\"color: #ff0000;\"><strong>le matin le terrain sera ouvert pour l&rsquo;ob\u00e9issance<\/strong><\/span><\/p>\n<p style=\"text-align: center;\"><span style=\"color: #ff0000;\">Pour des raisons d&rsquo;organisation une inscription pour cette journ\u00e9e est <strong>obligatoire avant le 10 octobre<\/strong> au <strong>06 10 32 69 85<\/strong> ou par mail : <strong>contact@amicale-du-chien.com<\/strong>.<br \/>\n<\/span><span style=\"color: #ff0000;\">Si le nombre d&rsquo;inscrit \u00e0 cette journ\u00e9e n&rsquo;est pas suffisant, la journ\u00e9e sera annul\u00e9e.<\/span><\/p>\n<\/blockquote>\n<p><a href=\"http:\/\/www.amicale-du-chien.com\/wp-content\/uploads\/2013\/12\/FCI_hiver.jpg\"><img loading=\"lazy\" decoding=\"async\" class=\"alignleft wp-image-442\" src=\"http:\/\/www.amicale-du-chien.com\/wp-content\/uploads\/2013\/12\/FCI_hiver.jpg\" alt=\"FCI_hiver\" width=\"166\" height=\"250\" srcset=\"http:\/\/www.amicale-du-chien.com\/wp-content\/uploads\/2013\/12\/FCI_hiver.jpg 332w, http:\/\/www.amicale-du-chien.com\/wp-content\/uploads\/2013\/12\/FCI_hiver-199x300.jpg 199w\" sizes=\"auto, (max-width: 166px) 100vw, 166px\" \/><\/a>Les juges de l\u2019\u00e9preuve sont <strong>M. Maurice MERKLE, M. Alain MULLER et M. Roland MEYER<\/strong>.<br \/>\nLes hommes assistants sont M. Guillaume MUNSCH, M. Jacques KUHLMANN et M. Julien TERRIER (rempla\u00e7ant).<\/p>\n<p>Les demandes d\u2019engagement accompagn\u00e9es d\u2019une photocopie du certificat de vaccination antirabique \u00e0 jour, de 3 \u00e9tiquettes \u00ab\u00a0licence\u00a0\u00bb, de la copie de la d\u00e9claration en Mairie pour les chiens de 2\u00e8me cat\u00e9gorie,<strong> une copie du carnet de travail (attestant des concours n\u00e9cessaires), d&rsquo;une copie de la carte de membre de la SCBR ou la SCHR de l&rsquo;ann\u00e9e 2016<\/strong>\u00a0et d\u2019un ch\u00e8que pour les droits d\u2019inscription libell\u00e9 \u00e0 l\u2019ordre de l\u2019Amicale du chien seront \u00e0 envoyer \u00e0 :<br \/>\nM. Fran\u00e7ois WIDUSCHEK<br \/>\n95, route de Forstheim<br \/>\n67500 Haguenau<\/p>\n<p><strong>T\u00e9l\u00e9chargez la demande d\u2019engagement \u00e0 ce concours en <a href=\"http:\/\/www.amicale-du-chien.com\/wp-content\/uploads\/2016\/07\/Formulaire_engagement_IPO-1.pdf\">cliquant ici<\/a>.<\/strong><\/p>\n<p>Merci \u00e9galement du nous faire parvenir par mail \u00e0 contact@amicale-du-chien.com une photo (format .JPG)\u00a0du conducteur avec son chien\u00a0pour int\u00e9grer dans le catalogue de l&rsquo;\u00e9v\u00e8nement.<\/p>\n<p><em>Cl\u00f4ture des engagements :\u00a0<strong>8 octobre 2016<\/strong><\/em><\/p>\n<p><span style=\"text-decoration: underline;\"><strong>Les objets<\/strong> <\/span><\/p>\n<p><img loading=\"lazy\" decoding=\"async\" class=\"wp-image-812 alignleft\" src=\"http:\/\/www.amicale-du-chien.com\/wp-content\/uploads\/2016\/07\/objets.jpeg\" alt=\"objets\" width=\"400\" height=\"300\" srcset=\"http:\/\/www.amicale-du-chien.com\/wp-content\/uploads\/2016\/07\/objets.jpeg 720w, http:\/\/www.amicale-du-chien.com\/wp-content\/uploads\/2016\/07\/objets-300x225.jpeg 300w\" sizes=\"auto, (max-width: 400px) 100vw, 400px\" \/><\/p>\n<p>&nbsp;<\/p>\n<p>&nbsp;<\/p>\n<p>&nbsp;<\/p>\n<p>&nbsp;<\/p>\n<p>&nbsp;<\/p>\n<p>&nbsp;<\/p>\n<p>&nbsp;<\/p>\n<p>&nbsp;<\/p>\n<p><strong><span style=\"text-decoration: underline;\">Les pistes<\/span><\/strong><\/p>\n<p><img loading=\"lazy\" decoding=\"async\" class=\"alignleft size-medium wp-image-487\" src=\"http:\/\/www.amicale-du-chien.com\/wp-content\/uploads\/2013\/12\/pisteHerbe-300x225.jpg\" alt=\"pisteHerbe\" width=\"300\" height=\"225\" srcset=\"http:\/\/www.amicale-du-chien.com\/wp-content\/uploads\/2013\/12\/pisteHerbe-300x225.jpg 300w, http:\/\/www.amicale-du-chien.com\/wp-content\/uploads\/2013\/12\/pisteHerbe.jpg 820w\" sizes=\"auto, (max-width: 300px) 100vw, 300px\" \/><\/p>\n<p>&nbsp;<\/p>\n<p>&nbsp;<\/p>\n<p>&nbsp;<\/p>\n<p>&nbsp;<\/p>\n<p>&nbsp;<\/p>\n<p>&nbsp;<\/p>\n<p><span style=\"text-decoration: underline;\"><strong>Les concurrents<\/strong> <\/span><\/p>\n<table width=\"856\">\n<tbody>\n<tr>\n<td rowspan=\"2\" width=\"158\"><strong>Conducteur<\/strong><\/td>\n<td rowspan=\"2\" width=\"80\"><strong>Chien <\/strong><\/td>\n<td rowspan=\"2\" width=\"193\"><strong>Race<\/strong><\/td>\n<td rowspan=\"2\" width=\"169\"><strong>Club<\/strong><\/td>\n<td rowspan=\"2\" width=\"80\"><strong>R\u00e9gionale<\/strong><\/td>\n<td style=\"text-align: center;\" colspan=\"4\" width=\"176\"><strong>Pointage<\/strong><\/td>\n<\/tr>\n<tr>\n<td><strong>A<\/strong><\/td>\n<td><strong>B<\/strong><\/td>\n<td><strong>C<\/strong><\/td>\n<td><strong>Total<\/strong><\/td>\n<\/tr>\n<tr>\n<td>ACHOUR Mahmoud<\/td>\n<td>URAN<\/td>\n<td>Berger Belge Malinois<\/td>\n<td>ACD MOTHERN<\/td>\n<td>BAS-RHIN<\/td>\n<td>\u00a0100<\/td>\n<td>\u00a080<\/td>\n<td>\u00a097<\/td>\n<td>\u00a0277<\/td>\n<\/tr>\n<tr>\n<td>ALBRECHT Gilbert<\/td>\n<td>FURIO<\/td>\n<td>Berger Allemand<\/td>\n<td>TTC BEINHEIM<\/td>\n<td>BAS-RHIN<\/td>\n<td>\u00a089<\/td>\n<td>\u00a085<\/td>\n<td>\u00a085<\/td>\n<td>\u00a0259<\/td>\n<\/tr>\n<tr>\n<td>BECK Denis<\/td>\n<td>JAX<\/td>\n<td>Berger Allemand<\/td>\n<td>TCC ERSTEIN<\/td>\n<td>BAS-RHIN<\/td>\n<td>\u00a089<\/td>\n<td>\u00a083<\/td>\n<td>\u00a079<\/td>\n<td>\u00a0251<\/td>\n<\/tr>\n<tr>\n<td>BRAUN L\u00e9a<\/td>\n<td>HEAVY<\/td>\n<td>Berger Hollandais \u00e0 Poil Court<\/td>\n<td>ACD VENDENHEIM<\/td>\n<td>BAS-RHIN<\/td>\n<td>\u00a094<\/td>\n<td>\u00a084<\/td>\n<td>\u00a080<\/td>\n<td>\u00a0258<\/td>\n<\/tr>\n<tr>\n<td>FLAMENT Pascale<\/td>\n<td>HONIX<\/td>\n<td>Berger Belge Malinois<\/td>\n<td>TCC BETSCHDORF<\/td>\n<td>BAS-RHIN<\/td>\n<td>\u00a095<\/td>\n<td>\u00a078<\/td>\n<td>\u00a086<\/td>\n<td>\u00a0259<\/td>\n<\/tr>\n<tr>\n<td>GEISS Laura<\/td>\n<td>GRISOU<\/td>\n<td>Berger Allemand<\/td>\n<td>CUC DU COIN FRONTALIER<\/td>\n<td>HAUT-RHIN<\/td>\n<td>\u00a085<\/td>\n<td>\u00a075<\/td>\n<td>\u00a094<\/td>\n<td>\u00a0254<\/td>\n<\/tr>\n<tr>\n<td>GEISS Olivier<\/td>\n<td>GANJA<\/td>\n<td>Berger Allemand<\/td>\n<td>CUC DU COIN FRONTALIER<\/td>\n<td>HAUT-RHIN<\/td>\n<td>\u00a090<\/td>\n<td>\u00a083<\/td>\n<td>\u00a094<\/td>\n<td>\u00a0267<\/td>\n<\/tr>\n<tr>\n<td>GERBER Antoine<\/td>\n<td>EMI<\/td>\n<td>Berger Allemand<\/td>\n<td>ACD MOTHERN<\/td>\n<td>BAS-RHIN<\/td>\n<td>\u00a099<\/td>\n<td>\u00a086<\/td>\n<td>\u00a090<\/td>\n<td>\u00a0275<\/td>\n<\/tr>\n<tr>\n<td>GSOEDL Thierry<\/td>\n<td>ENZA<\/td>\n<td>Berger Allemand<\/td>\n<td>ACD MOTHERN<\/td>\n<td>BAS-RHIN<\/td>\n<td>\u00a070<\/td>\n<td>\u00a081<\/td>\n<td>\u00a080<\/td>\n<td>\u00a0231<\/td>\n<\/tr>\n<tr>\n<td>JOERGER Patrick<\/td>\n<td>FALCO<\/td>\n<td>Berger Belge Malinois<\/td>\n<td>ACD MOTHERN<\/td>\n<td>BAS-RHIN<\/td>\n<td>\u00a098<\/td>\n<td>\u00a086<\/td>\n<td>\u00a096<\/td>\n<td>\u00a0280<\/td>\n<\/tr>\n<tr>\n<td>KLEINMANN Charles<\/td>\n<td>URBO<\/td>\n<td>Berger Allemand<\/td>\n<td>ACD VENDENHEIM<\/td>\n<td>BAS-RHIN<\/td>\n<td>\u00a075<\/td>\n<td>\u00a077<\/td>\n<td>\u00a076<\/td>\n<td>\u00a0228<\/td>\n<\/tr>\n<tr>\n<td>LAUBACHER Patrick<\/td>\n<td>IRON<\/td>\n<td>Berger Allemand<\/td>\n<td>AC HAGUENAU<\/td>\n<td>BAS-RHIN<\/td>\n<td>\u00a088<\/td>\n<td>\u00a087<\/td>\n<td>\u00a092<\/td>\n<td>\u00a0267<\/td>\n<\/tr>\n<tr>\n<td>MARCHAL Daniel<\/td>\n<td>FICO<\/td>\n<td>Berger Belge Malinois<\/td>\n<td>TCC ERSTEIN<\/td>\n<td>BAS-RHIN<\/td>\n<td>\u00a095<\/td>\n<td>\u00a086<\/td>\n<td>\u00a098<\/td>\n<td>\u00a0279<\/td>\n<\/tr>\n<tr>\n<td>NEUMEYER Yannick<\/td>\n<td>FENG<\/td>\n<td>Berger Allemand<\/td>\n<td>TCC BETSCHDORF<\/td>\n<td>BAS-RHIN<\/td>\n<td>\u00a074<\/td>\n<td>\u00a072<\/td>\n<td>\u00a084<\/td>\n<td>\u00a0230<\/td>\n<\/tr>\n<tr>\n<td>RADJA Etienne<\/td>\n<td>HAGRID<\/td>\n<td>Berger Belge Malinois<\/td>\n<td>CUC DU COIN FRONTALIER<\/td>\n<td>HAUT-RHIN<\/td>\n<td>\u00a091<\/td>\n<td>\u00a087<\/td>\n<td>\u00a0100<\/td>\n<td>\u00a0278<\/td>\n<\/tr>\n<tr>\n<td>RISCHMANN Dominique<\/td>\n<td>IRCO<\/td>\n<td>Berger Allemand<\/td>\n<td>SCBA CC HAGUENAU<\/td>\n<td>BAS-RHIN<\/td>\n<td>\u00a012<\/td>\n<td>\u00a085<\/td>\n<td>\u00a094<\/td>\n<td>\u00a0228<\/td>\n<\/tr>\n<tr>\n<td>ROHMER Jean-Marie<\/td>\n<td>DONN<\/td>\n<td>Berger Allemand<\/td>\n<td>TCC ERSTEIN<\/td>\n<td>BAS-RHIN<\/td>\n<td>\u00a097<\/td>\n<td>\u00a081<\/td>\n<td>\u00a077<\/td>\n<td>\u00a0255<\/td>\n<\/tr>\n<tr>\n<td>VOGT Freddy<\/td>\n<td>IOSCHY<\/td>\n<td>Berger Allemand<\/td>\n<td>AC HAGUENAU<\/td>\n<td>BAS-RHIN<\/td>\n<td>\u00a090<\/td>\n<td>\u00a086<\/td>\n<td>\u00a089<\/td>\n<td>\u00a0265<\/td>\n<\/tr>\n<\/tbody>\n<\/table>\n<p>Cette comp\u00e9tition est l&rsquo;occasion de d\u00e9couvrir cette discipline et de pouvoir \u00e9changer entre passionn\u00e9s. Rendez-vous <strong>dimanche\u00a030\u00a0octobre <\/strong>sur le terrain 110a route de Marienthal pour d\u00e9couvrir cette discipline et encourager les concurrents.<\/p>\n<p>Retrouvez toutes les photos du Championnat ici : <a href=\"https:\/\/goo.gl\/photos\/xKTByWtgmg8RnsuP6\">https:\/\/goo.gl\/photos\/xKTByWtgmg8RnsuP6<\/a><\/p>\n<p>&nbsp;<\/p>\n<p>&nbsp;<\/p>\n<p>&nbsp;<\/p>\n","protected":false},"excerpt":{"rendered":"<p>L\u2019Amicale du chien, sous le patronage de la F\u00e9d\u00e9ration Canine d\u2019Alsace et de la Canine du Bas-Rhin, a\u00a0cette ann\u00e9e l\u2019honneur d\u2019organiser le Championnat d\u2019Alsace IPO et les Grands prix IPO 1 et 2, le\u00a030\u00a0octobre 2016 sur le terrain 110 a route de Marienthal. Cette \u00e9v\u00e8nement rassemblera \u00e0 Haguenau les meilleurs chiens\u00a0de la discipline\u00a0de toute la [&hellip;]<\/p>\n","protected":false},"author":1,"featured_media":0,"parent":0,"menu_order":0,"comment_status":"closed","ping_status":"closed","template":"","meta":{"footnotes":""},"class_list":["post-787","page","type-page","status-publish","hentry"],"_links":{"self":[{"href":"http:\/\/www.amicale-du-chien.com\/index.php?rest_route=\/wp\/v2\/pages\/787","targetHints":{"allow":["GET"]}}],"collection":[{"href":"http:\/\/www.amicale-du-chien.com\/index.php?rest_route=\/wp\/v2\/pages"}],"about":[{"href":"http:\/\/www.amicale-du-chien.com\/index.php?rest_route=\/wp\/v2\/types\/page"}],"author":[{"embeddable":true,"href":"http:\/\/www.amicale-du-chien.com\/index.php?rest_route=\/wp\/v2\/users\/1"}],"replies":[{"embeddable":true,"href":"http:\/\/www.amicale-du-chien.com\/index.php?rest_route=%2Fwp%2Fv2%2Fcomments&post=787"}],"version-history":[{"count":24,"href":"http:\/\/www.amicale-du-chien.com\/index.php?rest_route=\/wp\/v2\/pages\/787\/revisions"}],"predecessor-version":[{"id":833,"href":"http:\/\/www.amicale-du-chien.com\/index.php?rest_route=\/wp\/v2\/pages\/787\/revisions\/833"}],"wp:attachment":[{"href":"http:\/\/www.amicale-du-chien.com\/index.php?rest_route=%2Fwp%2Fv2%2Fmedia&parent=787"}],"curies":[{"name":"wp","href":"https:\/\/api.w.org\/{rel}","templated":true}]}}