{"id":80,"date":"2013-07-17T15:36:48","date_gmt":"2013-07-17T14:36:48","guid":{"rendered":"http:\/\/www.amicale-du-chien.com\/?page_id=80"},"modified":"2013-11-13T14:34:55","modified_gmt":"2013-11-13T13:34:55","slug":"evenements","status":"publish","type":"page","link":"http:\/\/www.amicale-du-chien.com\/?page_id=80","title":{"rendered":"Ev\u00e8nements"},"content":{"rendered":"<p>L&rsquo;Amicale du chien de Haguenau organise chaque ann\u00e9e de nombreux \u00e9v\u00e8nements canins et autres.<\/p>\n","protected":false},"excerpt":{"rendered":"<p>L&rsquo;Amicale du chien de Haguenau organise chaque ann\u00e9e de nombreux \u00e9v\u00e8nements canins et autres.<\/p>\n","protected":false},"author":1,"featured_media":0,"parent":0,"menu_order":0,"comment_status":"closed","ping_status":"open","template":"","meta":{"footnotes":""},"class_list":["post-80","page","type-page","status-publish","hentry"],"_links":{"self":[{"href":"http:\/\/www.amicale-du-chien.com\/index.php?rest_route=\/wp\/v2\/pages\/80","targetHints":{"allow":["GET"]}}],"collection":[{"href":"http:\/\/www.amicale-du-chien.com\/index.php?rest_route=\/wp\/v2\/pages"}],"about":[{"href":"http:\/\/www.amicale-du-chien.com\/index.php?rest_route=\/wp\/v2\/types\/page"}],"author":[{"embeddable":true,"href":"http:\/\/www.amicale-du-chien.com\/index.php?rest_route=\/wp\/v2\/users\/1"}],"replies":[{"embeddable":true,"href":"http:\/\/www.amicale-du-chien.com\/index.php?rest_route=%2Fwp%2Fv2%2Fcomments&post=80"}],"version-history":[{"count":2,"href":"http:\/\/www.amicale-du-chien.com\/index.php?rest_route=\/wp\/v2\/pages\/80\/revisions"}],"predecessor-version":[{"id":413,"href":"http:\/\/www.amicale-du-chien.com\/index.php?rest_route=\/wp\/v2\/pages\/80\/revisions\/413"}],"wp:attachment":[{"href":"http:\/\/www.amicale-du-chien.com\/index.php?rest_route=%2Fwp%2Fv2%2Fmedia&parent=80"}],"curies":[{"name":"wp","href":"https:\/\/api.w.org\/{rel}","templated":true}]}}