{"id":867,"date":"2017-01-23T12:08:51","date_gmt":"2017-01-23T11:08:51","guid":{"rendered":"http:\/\/www.amicale-du-chien.com\/?page_id=867"},"modified":"2017-01-23T12:08:51","modified_gmt":"2017-01-23T11:08:51","slug":"concours-ipo-et-fci-2017","status":"publish","type":"page","link":"http:\/\/www.amicale-du-chien.com\/?page_id=867","title":{"rendered":"Concours IPO et FCI 2017"},"content":{"rendered":"<p><a href=\"http:\/\/www.amicale-du-chien.com\/wp-content\/uploads\/2013\/07\/logo_amicale.jpg\"><img loading=\"lazy\" decoding=\"async\" class=\"alignleft\" src=\"http:\/\/www.amicale-du-chien.com\/wp-content\/uploads\/2013\/07\/logo_amicale.jpg\" alt=\"Logo de l'amicale du chien de Haguenau\" width=\"125\" height=\"81\" \/><\/a>L&rsquo;amicale du chien de Haguenau a organis\u00e9, le 22\u00a0janvier\u00a02017, son <strong>treizi\u00e8me concours canin FCI de pistage et RCI<\/strong> sur son terrain, route de Marienthal.<\/p>\n<p>Les concurrents se sont oppos\u00e9s dans les \u00e9preuves <strong>FCI de pistage et RCI <\/strong>tout au long de ce dimanche\u00a0glacial.<\/p>\n<table width=\"1053\">\n<tbody>\n<tr>\n<td colspan=\"8\" width=\"885\"><strong>CSAU<\/strong><\/td>\n<\/tr>\n<tr>\n<td><strong>Propri\u00e9taire<\/strong><\/td>\n<td><strong>CHIEN<\/strong><\/td>\n<td><strong>CLUB<\/strong><\/td>\n<td><strong>RACE<\/strong><\/td>\n<td colspan=\"3\"><strong>POINTAGE (ABC)<\/strong><\/td>\n<td><strong>CLASST<\/strong><\/td>\n<\/tr>\n<tr>\n<td>BREFFA Jean-Paul<\/td>\n<td>LAGO Del GOBBO<\/td>\n<td>CC de Vendenheim<\/td>\n<td>Berger Allemand<\/td>\n<td colspan=\"3\">EXC.<\/td>\n<td><\/td>\n<\/tr>\n<tr>\n<td><\/td>\n<\/tr>\n<tr>\n<td colspan=\"8\"><strong>IPO Certificat<\/strong><\/td>\n<\/tr>\n<tr>\n<td><strong>CONDUCTEUR<\/strong><\/td>\n<td><strong>CHIEN<\/strong><\/td>\n<td><strong>CLUB<\/strong><\/td>\n<td><strong>RACE<\/strong><\/td>\n<td colspan=\"3\"><strong>POINTAGE (ABC)<\/strong><\/td>\n<td><strong>CLASST<\/strong><\/td>\n<\/tr>\n<tr>\n<td>WENDLING Jacky<\/td>\n<td>PITT<\/td>\n<td>CC Haguenau<\/td>\n<td>BA<\/td>\n<td>98<\/td>\n<td>87<\/td>\n<td>93<\/td>\n<td>1<\/td>\n<\/tr>\n<tr>\n<td><\/td>\n<\/tr>\n<tr>\n<td colspan=\"8\"><strong>IPO 2<\/strong><\/td>\n<\/tr>\n<tr>\n<td><strong>CONDUCTEUR<\/strong><\/td>\n<td><strong>CHIEN<\/strong><\/td>\n<td><strong>CLUB<\/strong><\/td>\n<td><strong>RACE<\/strong><\/td>\n<td colspan=\"3\"><strong>POINTAGE (ABC)<\/strong><\/td>\n<td><strong>CLASST<\/strong><\/td>\n<\/tr>\n<tr>\n<td>KILIAN V\u00e9ronique<\/td>\n<td>JAZZ<\/td>\n<td>AC Haguenau<\/td>\n<td>BBM<\/td>\n<td>88<\/td>\n<td>72<\/td>\n<td>80<\/td>\n<td>1<\/td>\n<\/tr>\n<tr>\n<td>BLEICHNER Alain<\/td>\n<td>ZILL<\/td>\n<td>CC de Enchenberg<\/td>\n<td>BA<\/td>\n<td>14<\/td>\n<td>89<\/td>\n<td>0<\/td>\n<td>NC<\/td>\n<\/tr>\n<tr>\n<td><\/td>\n<\/tr>\n<tr>\n<td colspan=\"8\"><strong>IPO 3<\/strong><\/td>\n<\/tr>\n<tr>\n<td><strong>CONDUCTEUR<\/strong><\/td>\n<td><strong>CHIEN<\/strong><\/td>\n<td><strong>CLUB<\/strong><\/td>\n<td><strong>RACE<\/strong><\/td>\n<td colspan=\"3\"><strong>POINTAGE (ABC)<\/strong><\/td>\n<td><strong>CLASST<\/strong><\/td>\n<\/tr>\n<tr>\n<td>VOGT Freddy<\/td>\n<td>IOSCHY<\/td>\n<td>AC Haguenau<\/td>\n<td>BA<\/td>\n<td>99<\/td>\n<td>90<\/td>\n<td>93<\/td>\n<td>1<\/td>\n<\/tr>\n<tr>\n<td>KLEINMANN Charles<\/td>\n<td>URBO<\/td>\n<td>ACD VENDENHEIM<\/td>\n<td>BA<\/td>\n<td>96<\/td>\n<td>81<\/td>\n<td>78<\/td>\n<td>2<\/td>\n<\/tr>\n<tr>\n<td><\/td>\n<\/tr>\n<tr>\n<td colspan=\"8\"><strong>FCI Brevet<\/strong><\/td>\n<\/tr>\n<tr>\n<td><strong>CONDUCTEUR<\/strong><\/td>\n<td><strong>CHIEN<\/strong><\/td>\n<td><strong>CLUB<\/strong><\/td>\n<td><strong>RACE<\/strong><\/td>\n<td colspan=\"3\"><strong>POINTAGE<\/strong><\/td>\n<td><strong>CLASST<\/strong><\/td>\n<\/tr>\n<tr>\n<td>MEYER Claude<\/td>\n<td>LASKO<\/td>\n<td>CC Haguenau<\/td>\n<td>BA<\/td>\n<td>100<\/td>\n<td><\/td>\n<td><\/td>\n<td>1<\/td>\n<\/tr>\n<tr>\n<td>SEEL Jo\u00ebl<\/td>\n<td>JULIUS<\/td>\n<td>CC Haguenau<\/td>\n<td>BA<\/td>\n<td>95<\/td>\n<td><\/td>\n<td><\/td>\n<td>2<\/td>\n<\/tr>\n<tr>\n<td>BREFFA Jean-Paul<\/td>\n<td>LAGO<\/td>\n<td>CC Vendenheim<\/td>\n<td>BA<\/td>\n<td>90<\/td>\n<td><\/td>\n<td><\/td>\n<td>3<\/td>\n<\/tr>\n<tr>\n<td><\/td>\n<\/tr>\n<tr>\n<td colspan=\"8\"><strong>FCI 1<\/strong><\/td>\n<\/tr>\n<tr>\n<td><strong>CONDUCTEUR<\/strong><\/td>\n<td><strong>CHIEN<\/strong><\/td>\n<td><strong>CLUB<\/strong><\/td>\n<td><strong>RACE<\/strong><\/td>\n<td colspan=\"3\"><strong>POINTAGE<\/strong><\/td>\n<td><strong>CLASST<\/strong><\/td>\n<\/tr>\n<tr>\n<td>SCHLEIFER Dominique<\/td>\n<td>JECKO<\/td>\n<td>CC Haguenau<\/td>\n<td>BA<\/td>\n<td>84<\/td>\n<td><\/td>\n<td><\/td>\n<td>1<\/td>\n<\/tr>\n<tr>\n<td><\/td>\n<\/tr>\n<tr>\n<td colspan=\"8\"><strong>FCI 2<\/strong><\/td>\n<\/tr>\n<tr>\n<td><strong>CONDUCTEUR<\/strong><\/td>\n<td><strong>CHIEN<\/strong><\/td>\n<td><strong>CLUB<\/strong><\/td>\n<td><strong>RACE<\/strong><\/td>\n<td colspan=\"3\"><strong>POINTAGE<\/strong><\/td>\n<td><strong>CLASST<\/strong><\/td>\n<\/tr>\n<tr>\n<td>HOLDERITH Doris<\/td>\n<td>PESCHENCATTLES ENYA<\/td>\n<td>TCC Betschdorf<\/td>\n<td>Bouvier Australien<\/td>\n<td>89<\/td>\n<td><\/td>\n<td><\/td>\n<td>1<\/td>\n<\/tr>\n<tr>\n<td>KUGLER Sylvie<\/td>\n<td>ICHIMBAI-RUSSKIY-NICOLAI<\/td>\n<td>TCC Betschdorf<\/td>\n<td>Berger Australien<\/td>\n<td>20<\/td>\n<td><\/td>\n<td><\/td>\n<td>2<\/td>\n<\/tr>\n<tr>\n<td><\/td>\n<\/tr>\n<tr>\n<td colspan=\"8\"><strong>FCI 3<\/strong><\/td>\n<\/tr>\n<tr>\n<td><strong>CONDUCTEUR<\/strong><\/td>\n<td><strong>CHIEN<\/strong><\/td>\n<td><strong>CLUB<\/strong><\/td>\n<td><strong>RACE<\/strong><\/td>\n<td colspan=\"3\"><strong>POINTAGE<\/strong><\/td>\n<td><strong>CLASST<\/strong><\/td>\n<\/tr>\n<tr>\n<td>SITTER Fr\u00e9d\u00e9ric<\/td>\n<td>INDRA<\/td>\n<td>TCC Betschdorf<\/td>\n<td>BA<\/td>\n<td>98<\/td>\n<td><\/td>\n<td><\/td>\n<td>1<\/td>\n<\/tr>\n<tr>\n<td>BOUSCHBACHER Fran\u00e7oise<\/td>\n<td>JUAN AIKO<\/td>\n<td>TCC Stiring Forbach et Environs<\/td>\n<td>Berger Blanc Suisse<\/td>\n<td>97<\/td>\n<td><\/td>\n<td><\/td>\n<td>2<\/td>\n<\/tr>\n<tr>\n<td>ELCHINGER Gilbert<\/td>\n<td>GERO<\/td>\n<td>CC Haguenau<\/td>\n<td>BA<\/td>\n<td>96<\/td>\n<td><\/td>\n<td><\/td>\n<td>3<\/td>\n<\/tr>\n<tr>\n<td>BOUR Val\u00e9rie<\/td>\n<td>DIVX<\/td>\n<td>TCC Sarrewerden<\/td>\n<td>BA<\/td>\n<td>95<\/td>\n<td><\/td>\n<td><\/td>\n<td>4<\/td>\n<\/tr>\n<tr>\n<td>GRAF Roland<\/td>\n<td>DJANGO<\/td>\n<td>Les Amis du Chien de Falck<\/td>\n<td>BBM<\/td>\n<td>92<\/td>\n<td><\/td>\n<td><\/td>\n<td>5<\/td>\n<\/tr>\n<tr>\n<td>GABRIEL Yves<\/td>\n<td>TIGRAY<\/td>\n<td>CC du Sundgau de Blotzheim<\/td>\n<td>Berger des Pyren\u00e9es<\/td>\n<td>90<\/td>\n<td><\/td>\n<td><\/td>\n<td>6<\/td>\n<\/tr>\n<tr>\n<td>MAES Yves<\/td>\n<td>GAIA<\/td>\n<td>ACD Vendenheim<\/td>\n<td>Beauceron<\/td>\n<td>90<\/td>\n<td><\/td>\n<td><\/td>\n<td>7<\/td>\n<\/tr>\n<tr>\n<td>FINK Jean-Luc<\/td>\n<td>DAYKA<\/td>\n<td>Club d&rsquo;Utilisation du Coin Frontalier<\/td>\n<td>BA<\/td>\n<td>87<\/td>\n<td><\/td>\n<td><\/td>\n<td>8<\/td>\n<\/tr>\n<tr>\n<td>SCHNEIDER Hermann<\/td>\n<td>KIARA<\/td>\n<td>TCC Betschdorf<\/td>\n<td>Berger Blanc Suisse<\/td>\n<td>86<\/td>\n<td><\/td>\n<td><\/td>\n<td>9<\/td>\n<\/tr>\n<tr>\n<td>BLANDIN Robert<\/td>\n<td>HOOPER<\/td>\n<td>TCC Betschdorf<\/td>\n<td>BA<\/td>\n<td>10<\/td>\n<td><\/td>\n<td><\/td>\n<td>10<\/td>\n<\/tr>\n<\/tbody>\n<\/table>\n<p>L&rsquo;<strong>amicale du chien de Haguenau<\/strong>, pr\u00e9sid\u00e9 par <strong>Jean-Pierre Kost<\/strong>, tient \u00e0 remercier tous les participants, les deux juges\u00a0<strong>M. R\u00e9my SINGER et M. Jean-Luc BERNARD<\/strong>, les traceurs <strong>M. Jean-Claude ADELHELM<\/strong>, <strong>M. Andr\u00e9 PFLEGER , M. Pierrick LAMENDOUR, M. Marc WERNERT, M. Patrick BERLING et\u00a0M. Yannick KIEFER<\/strong> ainsi que\u00a0la Homme\u00a0assistant <strong>M. Merwan TABEK <\/strong>et vous donne rendez-vous l&rsquo;ann\u00e9e prochaine.<\/p>\n","protected":false},"excerpt":{"rendered":"<p>L&rsquo;amicale du chien de Haguenau a organis\u00e9, le 22\u00a0janvier\u00a02017, son treizi\u00e8me concours canin FCI de pistage et RCI sur son terrain, route de Marienthal. Les concurrents se sont oppos\u00e9s dans les \u00e9preuves FCI de pistage et RCI tout au long de ce dimanche\u00a0glacial. CSAU Propri\u00e9taire CHIEN CLUB RACE POINTAGE (ABC) CLASST BREFFA Jean-Paul LAGO Del [&hellip;]<\/p>\n","protected":false},"author":1,"featured_media":0,"parent":88,"menu_order":0,"comment_status":"closed","ping_status":"closed","template":"","meta":{"footnotes":""},"class_list":["post-867","page","type-page","status-publish","hentry"],"_links":{"self":[{"href":"http:\/\/www.amicale-du-chien.com\/index.php?rest_route=\/wp\/v2\/pages\/867","targetHints":{"allow":["GET"]}}],"collection":[{"href":"http:\/\/www.amicale-du-chien.com\/index.php?rest_route=\/wp\/v2\/pages"}],"about":[{"href":"http:\/\/www.amicale-du-chien.com\/index.php?rest_route=\/wp\/v2\/types\/page"}],"author":[{"embeddable":true,"href":"http:\/\/www.amicale-du-chien.com\/index.php?rest_route=\/wp\/v2\/users\/1"}],"replies":[{"embeddable":true,"href":"http:\/\/www.amicale-du-chien.com\/index.php?rest_route=%2Fwp%2Fv2%2Fcomments&post=867"}],"version-history":[{"count":1,"href":"http:\/\/www.amicale-du-chien.com\/index.php?rest_route=\/wp\/v2\/pages\/867\/revisions"}],"predecessor-version":[{"id":868,"href":"http:\/\/www.amicale-du-chien.com\/index.php?rest_route=\/wp\/v2\/pages\/867\/revisions\/868"}],"up":[{"embeddable":true,"href":"http:\/\/www.amicale-du-chien.com\/index.php?rest_route=\/wp\/v2\/pages\/88"}],"wp:attachment":[{"href":"http:\/\/www.amicale-du-chien.com\/index.php?rest_route=%2Fwp%2Fv2%2Fmedia&parent=867"}],"curies":[{"name":"wp","href":"https:\/\/api.w.org\/{rel}","templated":true}]}}