{"id":88,"date":"2013-07-17T15:40:48","date_gmt":"2013-07-17T14:40:48","guid":{"rendered":"http:\/\/www.amicale-du-chien.com\/?page_id=88"},"modified":"2022-01-14T12:39:03","modified_gmt":"2022-01-14T11:39:03","slug":"concours-rci-et-fci","status":"publish","type":"page","link":"http:\/\/www.amicale-du-chien.com\/?page_id=88","title":{"rendered":"Concours IGP et FH"},"content":{"rendered":"<p>L&rsquo;amicale du chien de Haguenau organise depuis 2005, sur son terrain de la route de Marienthal, <b>son concours canin IGP et FH<\/b>. Ce concours est donc divis\u00e9 en deux disciplines, le IFH et le IGP.<\/p>\n<p>Les \u00e9preuves \u00ab\u00a0<strong>FH<\/strong>\u00a0\u00bb sont des \u00e9preuves de pistage, o\u00f9 le chien doit retrouver, au flair, six objets sur un long parcours. Les \u00e9preuves \u00ab\u00a0<strong>IGP<\/strong>\u00a0\u00bb se d\u00e9roulent en trois \u00ab\u00a0manches\u00a0\u00bb : <strong>pistage<\/strong> (un peu plus court, avec seulement trois objets \u00e0 trouver), <strong>ob\u00e9issance<\/strong> (le chien doit r\u00e9pondre aux ordres de son ma\u00eetre) et <strong>d\u00e9fense<\/strong> (ou \u00ab\u00a0mordant\u00a0\u00bb).<\/p>\n<p>Le prochain concours <strong>IGP <\/strong>aura lieu <strong>le 6 f\u00e9vrier 2022 <\/strong>sur notre terrain 110 a route de Marienthal \u00e0 Haguenau.<\/p>\n<p>Le juge des \u00e9preuves sera M. R\u00e9my SINGER. L&rsquo;homme assistant sera \u00a0M. Herv\u00e9 WEISSER.<\/p>\n<p><span style=\"color: #ff0000;\"><strong>Pass sanitaire obligatoire<\/strong><\/span><\/p>\n<p><strong>Pour t\u00e9l\u00e9charger la demande d&rsquo;<a href=\"http:\/\/www.amicale-du-chien.com\/wp-content\/uploads\/2022\/01\/ENGAGEMENT_IGP_06-02-2022.pdf\">ENGAGEMENT_IGP_06-02-2022<\/a><\/strong><\/p>\n<blockquote><p><span style=\"color: #ff0000;\"><strong>S\u00e9ances d&rsquo;entra\u00eenement<\/strong><\/span><\/p>\n<p>Pour effectuer des s\u00e9ances d&rsquo;entra\u00eenement sur le terrain<em>110a route de Marienthal \u00e0 Haguenau<\/em>, en vue du concours, merci de prendre contact avec <strong>Jean-Pierre KOST au <u>06 10 32 69 85<\/u><\/strong> pour vos r\u00e9servations.<\/p><\/blockquote>\n<p>En raison de la situation sanitaire concernant la Covid-19, l&rsquo;organisation de ce concours sera adapt\u00e9e aux instructions du gouvernement et de la pr\u00e9fecture du Bas-Rhin. Dans ce contexte, la restauration sur place se fera dans le strict respect des consignes sanitaires et de s\u00e9curit\u00e9 en vigueur. Paiement sur place pas de r\u00e9servation \u00e0 l&rsquo;inscription.<\/p>\n<p>Tarifs des engagements : CSAU 16 \u20ac, CSAU + Certificat : 20 \u20ac, IGP : 16 \u20ac.<br \/>\nPour tous renseignements compl\u00e9mentaires : t\u00e9l. 03 88 93 07 29 le dimanche entre 11h et 12h.<\/p>\n<p>Les demandes d&rsquo;engagement accompagn\u00e9es d&rsquo;une photocopie du certificat de vaccination antirabique \u00e0 jour, de 3 \u00e9tiquettes \u00ab\u00a0licence\u00a0\u00bb, de la copie de la d\u00e9claration en Mairie pour les chiens de 2\u00e8me cat\u00e9gorie, et d&rsquo;un ch\u00e8que pour les droits d&rsquo;inscription libell\u00e9 \u00e0 l&rsquo;ordre de l&rsquo;Amicale du chien seront \u00e0 envoyer \u00e0 :<br \/>\nM. Fran\u00e7ois WIDUSCHEK<br \/>\n95, route de Forstheim<br \/>\n67500 Haguenau<\/p>\n<p><em>Cl\u00f4ture des engagements :\u00a0<strong>30 janvier 2022<\/strong><\/em><\/p>\n","protected":false},"excerpt":{"rendered":"<p>L&rsquo;amicale du chien de Haguenau organise depuis 2005, sur son terrain de la route de Marienthal, son concours canin IGP et FH. Ce concours est donc divis\u00e9 en deux disciplines, le IFH et le IGP. Les \u00e9preuves \u00ab\u00a0FH\u00a0\u00bb sont des \u00e9preuves de pistage, o\u00f9 le chien doit retrouver, au flair, six objets sur un long [&hellip;]<\/p>\n","protected":false},"author":1,"featured_media":0,"parent":80,"menu_order":0,"comment_status":"closed","ping_status":"open","template":"","meta":{"footnotes":""},"class_list":["post-88","page","type-page","status-publish","hentry"],"_links":{"self":[{"href":"http:\/\/www.amicale-du-chien.com\/index.php?rest_route=\/wp\/v2\/pages\/88","targetHints":{"allow":["GET"]}}],"collection":[{"href":"http:\/\/www.amicale-du-chien.com\/index.php?rest_route=\/wp\/v2\/pages"}],"about":[{"href":"http:\/\/www.amicale-du-chien.com\/index.php?rest_route=\/wp\/v2\/types\/page"}],"author":[{"embeddable":true,"href":"http:\/\/www.amicale-du-chien.com\/index.php?rest_route=\/wp\/v2\/users\/1"}],"replies":[{"embeddable":true,"href":"http:\/\/www.amicale-du-chien.com\/index.php?rest_route=%2Fwp%2Fv2%2Fcomments&post=88"}],"version-history":[{"count":21,"href":"http:\/\/www.amicale-du-chien.com\/index.php?rest_route=\/wp\/v2\/pages\/88\/revisions"}],"predecessor-version":[{"id":1500,"href":"http:\/\/www.amicale-du-chien.com\/index.php?rest_route=\/wp\/v2\/pages\/88\/revisions\/1500"}],"up":[{"embeddable":true,"href":"http:\/\/www.amicale-du-chien.com\/index.php?rest_route=\/wp\/v2\/pages\/80"}],"wp:attachment":[{"href":"http:\/\/www.amicale-du-chien.com\/index.php?rest_route=%2Fwp%2Fv2%2Fmedia&parent=88"}],"curies":[{"name":"wp","href":"https:\/\/api.w.org\/{rel}","templated":true}]}}