{"id":898,"date":"2017-06-28T18:01:02","date_gmt":"2017-06-28T17:01:02","guid":{"rendered":"http:\/\/www.amicale-du-chien.com\/?page_id=898"},"modified":"2017-06-28T18:01:02","modified_gmt":"2017-06-28T17:01:02","slug":"olympiades-2016","status":"publish","type":"page","link":"http:\/\/www.amicale-du-chien.com\/?page_id=898","title":{"rendered":"Olympiades 2016"},"content":{"rendered":"<p>Le 3 juillet 2016, 30 concurrents se sont affront\u00e9s dans la bonne humeur et l&rsquo;esprit sportif ! Les 5 \u00e9quipes \u00e9taient tr\u00e8s motiv\u00e9es et combatives ! Bravo \u00e0 tous !!<\/p>\n<p>Voici les photos :<br \/>\n<a href=\"https:\/\/photos.google.com\/share\/AF1QipMVDQcycJACPvSJxC4JQI_TVoQrIHXb_zi_k6PGJZcKobUgfHmnHxVazkhdStMA6Q?key=MC1lTFJ0cTRYTlg1LWVHbi1neGlObDlaa2lIYTlR\">https:\/\/photos.google.com\/share\/AF1QipMVDQcycJACPvSJxC4JQI_TVoQrIHXb_zi_k6PGJZcKobUgfHmnHxVazkhdStMA6Q?key=MC1lTFJ0cTRYTlg1LWVHbi1neGlObDlaa2lIYTlR<\/a><\/p>\n","protected":false},"excerpt":{"rendered":"<p>Le 3 juillet 2016, 30 concurrents se sont affront\u00e9s dans la bonne humeur et l&rsquo;esprit sportif ! Les 5 \u00e9quipes \u00e9taient tr\u00e8s motiv\u00e9es et combatives ! Bravo \u00e0 tous !! Voici les photos : https:\/\/photos.google.com\/share\/AF1QipMVDQcycJACPvSJxC4JQI_TVoQrIHXb_zi_k6PGJZcKobUgfHmnHxVazkhdStMA6Q?key=MC1lTFJ0cTRYTlg1LWVHbi1neGlObDlaa2lIYTlR<\/p>\n","protected":false},"author":1,"featured_media":0,"parent":774,"menu_order":0,"comment_status":"closed","ping_status":"closed","template":"","meta":{"footnotes":""},"class_list":["post-898","page","type-page","status-publish","hentry"],"_links":{"self":[{"href":"http:\/\/www.amicale-du-chien.com\/index.php?rest_route=\/wp\/v2\/pages\/898","targetHints":{"allow":["GET"]}}],"collection":[{"href":"http:\/\/www.amicale-du-chien.com\/index.php?rest_route=\/wp\/v2\/pages"}],"about":[{"href":"http:\/\/www.amicale-du-chien.com\/index.php?rest_route=\/wp\/v2\/types\/page"}],"author":[{"embeddable":true,"href":"http:\/\/www.amicale-du-chien.com\/index.php?rest_route=\/wp\/v2\/users\/1"}],"replies":[{"embeddable":true,"href":"http:\/\/www.amicale-du-chien.com\/index.php?rest_route=%2Fwp%2Fv2%2Fcomments&post=898"}],"version-history":[{"count":1,"href":"http:\/\/www.amicale-du-chien.com\/index.php?rest_route=\/wp\/v2\/pages\/898\/revisions"}],"predecessor-version":[{"id":899,"href":"http:\/\/www.amicale-du-chien.com\/index.php?rest_route=\/wp\/v2\/pages\/898\/revisions\/899"}],"up":[{"embeddable":true,"href":"http:\/\/www.amicale-du-chien.com\/index.php?rest_route=\/wp\/v2\/pages\/774"}],"wp:attachment":[{"href":"http:\/\/www.amicale-du-chien.com\/index.php?rest_route=%2Fwp%2Fv2%2Fmedia&parent=898"}],"curies":[{"name":"wp","href":"https:\/\/api.w.org\/{rel}","templated":true}]}}