{"id":901,"date":"2017-06-28T18:20:42","date_gmt":"2017-06-28T17:20:42","guid":{"rendered":"http:\/\/www.amicale-du-chien.com\/?page_id=901"},"modified":"2017-07-14T13:50:08","modified_gmt":"2017-07-14T12:50:08","slug":"olympiades-2017","status":"publish","type":"page","link":"http:\/\/www.amicale-du-chien.com\/?page_id=901","title":{"rendered":"Olympiades 2017"},"content":{"rendered":"<p><strong>Les Olympiades canines, une journ\u00e9e r\u00e9cr\u00e9ative qui a du chien<\/strong><\/p>\n<p>Il est 9h45 ce dimanche 25 juin et il y a d\u00e9j\u00e0 foule au Club canin de l\u2019Amicale du chien de Haguenau. Les membres du club ont \u00e9t\u00e9 invit\u00e9s \u00e0 participer aux 2\u00e8mes Olympiades canines organis\u00e9es sur le terrain d&rsquo;entra\u00eenement. Les b\u00e9n\u00e9voles, sous la houlette de leur Pr\u00e9sident M. Jean-Pierre KOST, avaient tout pr\u00e9par\u00e9 la veille pour que cette journ\u00e9e soit un moment de d\u00e9tente, d&rsquo;amusement et d&rsquo;\u00e9changes pour tous, chiens comme ma\u00eetres.<\/p>\n<p><a href=\"http:\/\/www.amicale-du-chien.com\/wp-content\/uploads\/2017\/06\/IMG_2397.jpg\"><img loading=\"lazy\" decoding=\"async\" class=\"alignleft size-large wp-image-903\" src=\"http:\/\/www.amicale-du-chien.com\/wp-content\/uploads\/2017\/06\/IMG_2397-1024x683.jpg\" alt=\"\" width=\"630\" height=\"420\" srcset=\"http:\/\/www.amicale-du-chien.com\/wp-content\/uploads\/2017\/06\/IMG_2397-1024x683.jpg 1024w, http:\/\/www.amicale-du-chien.com\/wp-content\/uploads\/2017\/06\/IMG_2397-300x200.jpg 300w, http:\/\/www.amicale-du-chien.com\/wp-content\/uploads\/2017\/06\/IMG_2397-768x512.jpg 768w, http:\/\/www.amicale-du-chien.com\/wp-content\/uploads\/2017\/06\/IMG_2397.jpg 1824w\" sizes=\"auto, (max-width: 630px) 100vw, 630px\" \/><br \/>\n<\/a><\/p>\n<p><u><\/u>A 10h le coup d&rsquo;envoi de ces Olympiades a \u00e9t\u00e9 donn\u00e9 par les ma\u00eetres de c\u00e9r\u00e9monie Cindy et Jean-Pierre. Apr\u00e8s quelques consignes et la formation des \u00e9quipes, 6 au total compos\u00e9es chacune de 5 duos ma\u00eetre-chien, la \u00ab\u00a0comp\u00e9tition\u00a0\u00bb pouvait commencer. Cindy et Adrien avaient en effet concoct\u00e9 10 jeux diff\u00e9rents pour \u00e9gayer cette journ\u00e9e : course de trottinette, cani-cross, cherche la balle, parcours chiots en relais, la brouette, le cache-cache, les chercheurs d&rsquo;eau, le cerceau musical, le labyrinthe aveugle et le 1, 2, 3 soleil.<\/p>\n<p><a href=\"http:\/\/www.amicale-du-chien.com\/wp-content\/uploads\/2017\/06\/IMG_2394.jpg\"><img loading=\"lazy\" decoding=\"async\" class=\"alignleft size-large wp-image-902\" src=\"http:\/\/www.amicale-du-chien.com\/wp-content\/uploads\/2017\/06\/IMG_2394-1024x683.jpg\" alt=\"\" width=\"630\" height=\"420\" srcset=\"http:\/\/www.amicale-du-chien.com\/wp-content\/uploads\/2017\/06\/IMG_2394-1024x683.jpg 1024w, http:\/\/www.amicale-du-chien.com\/wp-content\/uploads\/2017\/06\/IMG_2394-300x200.jpg 300w, http:\/\/www.amicale-du-chien.com\/wp-content\/uploads\/2017\/06\/IMG_2394-768x512.jpg 768w, http:\/\/www.amicale-du-chien.com\/wp-content\/uploads\/2017\/06\/IMG_2394.jpg 1824w\" sizes=\"auto, (max-width: 630px) 100vw, 630px\" \/><br \/>\n<\/a><\/p>\n<p>Les \u00e9preuves se sont enchain\u00e9es toute la matin\u00e9e dans une ambiance joyeuse et conviviale. Patrick au micro ne manquait pas une occasion pour titiller les participants et rendre les jeux encore plus ludiques. Lors de la pause d\u00e9jeuner les participants ont pu d\u00e9guster un sanglier \u00e0 la broche pr\u00e9par\u00e9 par les cuisiniers du club, Pierre, Jean-Pierre et Fran\u00e7ois.<\/p>\n<p><strong><a href=\"http:\/\/www.amicale-du-chien.com\/wp-content\/uploads\/2017\/06\/IMG_3432.jpg\"><img loading=\"lazy\" decoding=\"async\" class=\"alignleft size-large wp-image-909\" src=\"http:\/\/www.amicale-du-chien.com\/wp-content\/uploads\/2017\/06\/IMG_3432-1024x683.jpg\" alt=\"\" width=\"630\" height=\"420\" srcset=\"http:\/\/www.amicale-du-chien.com\/wp-content\/uploads\/2017\/06\/IMG_3432-1024x683.jpg 1024w, http:\/\/www.amicale-du-chien.com\/wp-content\/uploads\/2017\/06\/IMG_3432-300x200.jpg 300w, http:\/\/www.amicale-du-chien.com\/wp-content\/uploads\/2017\/06\/IMG_3432-768x512.jpg 768w, http:\/\/www.amicale-du-chien.com\/wp-content\/uploads\/2017\/06\/IMG_3432.jpg 1824w\" sizes=\"auto, (max-width: 630px) 100vw, 630px\" \/><br \/>\n<\/a><\/strong><\/p>\n<p>L&rsquo;apr\u00e8s-midi les jeux ont repris de plus belle. Le cerceau musical a donn\u00e9 lieu \u00e0 une haute lutte qui d&rsquo;ailleurs s&rsquo;est termin\u00e9e par 2 ex aequo. Les gagnants ont du \u00eatre d\u00e9partag\u00e9s par le public et le jeu 1, 2, 3 soleil a \u00e9t\u00e9 un moment de rigolade extr\u00eame puisque les maitres et les chiens devaient effectuer les m\u00eames positions lors de l&rsquo;arr\u00eat (assis, couch\u00e9 ou debout).<\/p>\n<p><a href=\"http:\/\/www.amicale-du-chien.com\/wp-content\/uploads\/2017\/06\/IMG_3531.jpg\"><img loading=\"lazy\" decoding=\"async\" class=\"alignleft size-large wp-image-911\" src=\"http:\/\/www.amicale-du-chien.com\/wp-content\/uploads\/2017\/06\/IMG_3531-1024x683.jpg\" alt=\"\" width=\"630\" height=\"420\" srcset=\"http:\/\/www.amicale-du-chien.com\/wp-content\/uploads\/2017\/06\/IMG_3531-1024x683.jpg 1024w, http:\/\/www.amicale-du-chien.com\/wp-content\/uploads\/2017\/06\/IMG_3531-300x200.jpg 300w, http:\/\/www.amicale-du-chien.com\/wp-content\/uploads\/2017\/06\/IMG_3531-768x512.jpg 768w, http:\/\/www.amicale-du-chien.com\/wp-content\/uploads\/2017\/06\/IMG_3531.jpg 1824w\" sizes=\"auto, (max-width: 630px) 100vw, 630px\" \/><\/a><\/p>\n<p>Pour terminer cette journ\u00e9e une remise de prix a \u00e9t\u00e9 organis\u00e9e pour r\u00e9compenser les \u00e9quipes qui ont bien entendu toutes gagn\u00e9 et pu profiter d&rsquo;une journ\u00e9e pleine de rires et de partages.<\/p>\n<p><a href=\"http:\/\/www.amicale-du-chien.com\/wp-content\/uploads\/2017\/06\/IMG_3600.jpg\"><img loading=\"lazy\" decoding=\"async\" class=\"alignleft size-large wp-image-913\" src=\"http:\/\/www.amicale-du-chien.com\/wp-content\/uploads\/2017\/06\/IMG_3600-1024x683.jpg\" alt=\"\" width=\"630\" height=\"420\" srcset=\"http:\/\/www.amicale-du-chien.com\/wp-content\/uploads\/2017\/06\/IMG_3600-1024x683.jpg 1024w, http:\/\/www.amicale-du-chien.com\/wp-content\/uploads\/2017\/06\/IMG_3600-300x200.jpg 300w, http:\/\/www.amicale-du-chien.com\/wp-content\/uploads\/2017\/06\/IMG_3600-768x512.jpg 768w, http:\/\/www.amicale-du-chien.com\/wp-content\/uploads\/2017\/06\/IMG_3600.jpg 1824w\" sizes=\"auto, (max-width: 630px) 100vw, 630px\" \/><\/a><\/p>\n<p>A l&rsquo;ann\u00e9e prochaine !<\/p>\n<p>Retrouvez toutes les photos de cette journ\u00e9e ici :<\/p>\n<ul>\n<li>Olympiades 25-06-2017 matin : <a href=\"https:\/\/goo.gl\/photos\/bXjfjJTGJq9g8s1n6\" target=\"_blank\" rel=\"noopener\">https:\/\/goo.gl\/photos\/bXjfjJTGJq9g8s1n6<\/a><\/li>\n<li>Olympiades 25-06-2017 apr\u00e8s-midi : <a href=\"https:\/\/goo.gl\/photos\/DrT4ro8s8B8icxJB7\" target=\"_blank\" rel=\"noopener\">https:\/\/goo.gl\/photos\/DrT4ro8s8B8icxJB7<\/a><\/li>\n<\/ul>\n","protected":false},"excerpt":{"rendered":"<p>Les Olympiades canines, une journ\u00e9e r\u00e9cr\u00e9ative qui a du chien Il est 9h45 ce dimanche 25 juin et il y a d\u00e9j\u00e0 foule au Club canin de l\u2019Amicale du chien de Haguenau. Les membres du club ont \u00e9t\u00e9 invit\u00e9s \u00e0 participer aux 2\u00e8mes Olympiades canines organis\u00e9es sur le terrain d&rsquo;entra\u00eenement. Les b\u00e9n\u00e9voles, sous la houlette [&hellip;]<\/p>\n","protected":false},"author":1,"featured_media":0,"parent":774,"menu_order":0,"comment_status":"closed","ping_status":"closed","template":"","meta":{"footnotes":""},"class_list":["post-901","page","type-page","status-publish","hentry"],"_links":{"self":[{"href":"http:\/\/www.amicale-du-chien.com\/index.php?rest_route=\/wp\/v2\/pages\/901","targetHints":{"allow":["GET"]}}],"collection":[{"href":"http:\/\/www.amicale-du-chien.com\/index.php?rest_route=\/wp\/v2\/pages"}],"about":[{"href":"http:\/\/www.amicale-du-chien.com\/index.php?rest_route=\/wp\/v2\/types\/page"}],"author":[{"embeddable":true,"href":"http:\/\/www.amicale-du-chien.com\/index.php?rest_route=\/wp\/v2\/users\/1"}],"replies":[{"embeddable":true,"href":"http:\/\/www.amicale-du-chien.com\/index.php?rest_route=%2Fwp%2Fv2%2Fcomments&post=901"}],"version-history":[{"count":12,"href":"http:\/\/www.amicale-du-chien.com\/index.php?rest_route=\/wp\/v2\/pages\/901\/revisions"}],"predecessor-version":[{"id":921,"href":"http:\/\/www.amicale-du-chien.com\/index.php?rest_route=\/wp\/v2\/pages\/901\/revisions\/921"}],"up":[{"embeddable":true,"href":"http:\/\/www.amicale-du-chien.com\/index.php?rest_route=\/wp\/v2\/pages\/774"}],"wp:attachment":[{"href":"http:\/\/www.amicale-du-chien.com\/index.php?rest_route=%2Fwp%2Fv2%2Fmedia&parent=901"}],"curies":[{"name":"wp","href":"https:\/\/api.w.org\/{rel}","templated":true}]}}