{"id":937,"date":"2017-07-14T13:56:09","date_gmt":"2017-07-14T12:56:09","guid":{"rendered":"http:\/\/www.amicale-du-chien.com\/?page_id=937"},"modified":"2017-09-11T19:49:01","modified_gmt":"2017-09-11T18:49:01","slug":"concours-dobeissance-2016","status":"publish","type":"page","link":"http:\/\/www.amicale-du-chien.com\/?page_id=937","title":{"rendered":"Concours Ob\u00e9issance 2016"},"content":{"rendered":"<p>L&rsquo;Amicale du chien de Haguenau a organis\u00e9 son concours annuel d&rsquo;Ob\u00e9issance les 10 et 11 septembre 2016 avec le juge BOISSEAU Michel. 35 chiens y ont particip\u00e9 dans une ambiance festive et conviviale.<\/p>\n<h4><strong>Les r\u00e9sultats<\/strong><\/h4>\n<p><strong>CSAU<\/strong><\/p>\n<table width=\"527\">\n<tbody>\n<tr>\n<td width=\"143\"><strong>Nom du chien<\/strong><\/td>\n<td width=\"124\"><strong>Race<\/strong><\/td>\n<td width=\"124\"><strong>Conducteur<\/strong><\/td>\n<td width=\"136\"><strong>Club<\/strong><\/td>\n<\/tr>\n<tr>\n<td width=\"143\">LUTECE DU DOMAINE DES HAUTS SAPINS<\/td>\n<td width=\"124\">BERGER ALLEMAND F<\/td>\n<td width=\"124\">GRUTTER H\u00c9L\u00c8NE<\/td>\n<td width=\"136\">AC Haguenau<\/td>\n<\/tr>\n<tr>\n<td width=\"143\">LOVE TO LOVE LUNA DE LIOUBOV SABAKA<\/td>\n<td width=\"124\">SAMOYEDE F<\/td>\n<td width=\"124\">\u00a0KLIMPEL MARINE<\/td>\n<td width=\"136\">AC Haguenau<\/td>\n<\/tr>\n<tr>\n<td width=\"143\">LUNGO<\/td>\n<td width=\"124\">Berger Belge Groenendael<\/td>\n<td width=\"124\">Aymeric BLEICHER<\/td>\n<td width=\"136\">AC Haguenau<\/td>\n<\/tr>\n<tr>\n<td width=\"143\">LET ME DANCE<\/td>\n<td width=\"124\">Golden Retriever<\/td>\n<td width=\"124\">Andr\u00e9 RUBERT<\/td>\n<td width=\"136\">AC Haguenau<\/td>\n<\/tr>\n<tr>\n<td width=\"143\">LITCHI<\/td>\n<td width=\"124\">Berger Belge Groenendael<\/td>\n<td width=\"124\">Emmanuelle S\u00d6HNE<\/td>\n<td width=\"136\">AC Haguenau<\/td>\n<\/tr>\n<tr>\n<td width=\"143\">LINDA<\/td>\n<td width=\"124\">Berger Belge Malinois<\/td>\n<td width=\"124\">Marie STEPHAN<\/td>\n<td width=\"136\">AC Haguenau<\/td>\n<\/tr>\n<tr>\n<td width=\"143\">MUFFIN<\/td>\n<td width=\"124\">Crois\u00e9<\/td>\n<td width=\"124\">Agn\u00e8s MEYER<\/td>\n<td width=\"136\">AC Haguenau<\/td>\n<\/tr>\n<tr>\n<td width=\"143\">LOUSTIC<\/td>\n<td width=\"124\">Berger Belge Malinois<\/td>\n<td width=\"124\">Valentin KREMER<\/td>\n<td width=\"136\">AC Haguenau<\/td>\n<\/tr>\n<tr>\n<td width=\"143\">GRIOTTE<\/td>\n<td width=\"124\">Terrier Jack Russell<\/td>\n<td width=\"124\">Fran\u00e7oise HASSELMANN<\/td>\n<td width=\"136\">EC Geispolsheim<\/td>\n<\/tr>\n<tr>\n<td width=\"143\">RACHEL<\/td>\n<td width=\"124\">Spitz<\/td>\n<td width=\"124\">Christian KAUFF<\/td>\n<td width=\"136\">EC Geispolsheim<\/td>\n<\/tr>\n<tr>\n<td width=\"143\">LEXI<\/td>\n<td width=\"124\">Shih Tzu<\/td>\n<td width=\"124\">Aur\u00e9lie DIETRICH<\/td>\n<td width=\"136\">AC Haguenau<\/td>\n<\/tr>\n<tr>\n<td width=\"143\">JECKO<\/td>\n<td width=\"124\">Staffordshire Terrier Americain<\/td>\n<td width=\"124\">Marco Fischer<\/td>\n<td width=\"136\">TCC Beinheim<\/td>\n<\/tr>\n<\/tbody>\n<\/table>\n<p><strong>Brevets<\/strong><\/p>\n<table width=\"936\">\n<tbody>\n<tr>\n<td width=\"26\"><strong>Clt<\/strong><\/td>\n<td colspan=\"2\" width=\"60\"><strong>Points<\/strong><\/td>\n<td width=\"26\"><strong>Qualif.<\/strong><\/td>\n<td colspan=\"8\" width=\"208\"><strong>Nom du chien<\/strong><\/td>\n<td colspan=\"8\" width=\"208\"><strong>Conducteur<\/strong><\/td>\n<td colspan=\"13\" width=\"338\"><strong>Club\/R\u00e9gionale<\/strong><\/td>\n<\/tr>\n<tr>\n<td rowspan=\"2\">1<\/td>\n<td colspan=\"2\" rowspan=\"2\">83,00<\/td>\n<td rowspan=\"2\">Exc<\/td>\n<td colspan=\"8\" rowspan=\"2\" width=\"208\">LUTECE DU DOMAINE DES HAUTS SAPINS<\/td>\n<td colspan=\"8\" rowspan=\"2\" width=\"208\">Mme GRUTTER H\u00c9L\u00c8NE<\/td>\n<td colspan=\"13\">AMICALE DU CHIEN DE HAGUENAU<\/td>\n<\/tr>\n<tr>\n<td colspan=\"13\">SOCIETE CANINE DU BAS-RHIN<\/td>\n<\/tr>\n<tr>\n<td rowspan=\"2\">2<\/td>\n<td colspan=\"2\" rowspan=\"2\">81,00<\/td>\n<td rowspan=\"2\">Exc<\/td>\n<td colspan=\"8\" rowspan=\"2\" width=\"208\">IALA DE LA TRIBU DE HEEP<\/td>\n<td colspan=\"8\" rowspan=\"2\" width=\"208\">M. LAUBACHER PATRICK<\/td>\n<td colspan=\"13\">AMICALE DU CHIEN DE HAGUENAU<\/td>\n<\/tr>\n<tr>\n<td colspan=\"13\">SOCIETE CANINE DU BAS-RHIN<\/td>\n<\/tr>\n<tr>\n<td rowspan=\"2\">3<\/td>\n<td colspan=\"2\" rowspan=\"2\">72,5<\/td>\n<td rowspan=\"2\">T-B<\/td>\n<td colspan=\"8\" rowspan=\"2\" width=\"208\">JUSTY DE L&rsquo;AMOUR DE L&rsquo;ARC EN CIEL<\/td>\n<td colspan=\"8\" rowspan=\"2\" width=\"208\">M. SCHUHLER ADRIEN<\/td>\n<td colspan=\"13\">AMICALE DU CHIEN DE HAGUENAU<\/td>\n<\/tr>\n<tr>\n<td colspan=\"13\">SOCIETE CANINE DU BAS-RHIN<\/td>\n<\/tr>\n<tr>\n<td rowspan=\"2\">4<\/td>\n<td colspan=\"2\" rowspan=\"2\">67,00<\/td>\n<td rowspan=\"2\">Bon<\/td>\n<td colspan=\"8\" rowspan=\"2\" width=\"208\">JULES-CESAR<\/td>\n<td colspan=\"8\" rowspan=\"2\" width=\"208\">Mme KNOLL CHANTAL<\/td>\n<td colspan=\"13\">TRAINING CLUB CANIN DE BEINHEIM<\/td>\n<\/tr>\n<tr>\n<td colspan=\"13\">SOCIETE CANINE DU BAS-RHIN<\/td>\n<\/tr>\n<tr>\n<td rowspan=\"2\">5<\/td>\n<td colspan=\"2\" rowspan=\"2\">63,00<\/td>\n<td rowspan=\"2\">Bon<\/td>\n<td colspan=\"8\" rowspan=\"2\" width=\"208\">HOT STAFF&rsquo;S KILLING ME SOFTLY<\/td>\n<td colspan=\"8\" rowspan=\"2\" width=\"208\">M. RIGAL CINDY<\/td>\n<td colspan=\"13\">AMICALE CANINE WESTHOFFEN ET ENVIRONS<\/td>\n<\/tr>\n<tr>\n<td colspan=\"13\">SOCIETE CANINE DU BAS-RHIN<\/td>\n<\/tr>\n<tr>\n<td rowspan=\"2\">6<\/td>\n<td colspan=\"2\" rowspan=\"2\">62,00<\/td>\n<td rowspan=\"2\">Bon<\/td>\n<td colspan=\"8\" rowspan=\"2\" width=\"208\">IOUKIE DES ELMITI<\/td>\n<td colspan=\"8\" rowspan=\"2\" width=\"208\">M. SCHNEIDER H\u00c9RIBERT<\/td>\n<td colspan=\"13\">AMICALE DU CHIEN DE HAGUENAU<\/td>\n<\/tr>\n<tr>\n<td colspan=\"13\">SOCIETE CANINE DU BAS-RHIN<\/td>\n<\/tr>\n<tr>\n<td rowspan=\"2\">NC<\/td>\n<td colspan=\"2\" rowspan=\"2\">53,00<\/td>\n<td rowspan=\"2\">N C<\/td>\n<td colspan=\"8\" rowspan=\"2\" width=\"208\">LOVE TO LOVE LUNA DE LIOUBOV SABAKA<\/td>\n<td colspan=\"8\" rowspan=\"2\" width=\"208\">Mme KLIMPEL MARINE<\/td>\n<td colspan=\"13\">AMICALE DU CHIEN DE HAGUENAU<\/td>\n<\/tr>\n<tr>\n<td colspan=\"13\">SOCIETE CANINE DU BAS-RHIN<\/td>\n<\/tr>\n<tr>\n<td rowspan=\"2\">NC<\/td>\n<td colspan=\"2\" rowspan=\"2\">51,5<\/td>\n<td rowspan=\"2\">N C<\/td>\n<td colspan=\"8\" rowspan=\"2\" width=\"208\">I&rsquo;CHANEL DES GORGES D&rsquo;HERIC<\/td>\n<td colspan=\"8\" rowspan=\"2\" width=\"208\">M. LAUBACHER PATRICK<\/td>\n<td colspan=\"13\">AMICALE DU CHIEN DE HAGUENAU<\/td>\n<\/tr>\n<tr>\n<td colspan=\"13\">SOCIETE CANINE DU BAS-RHIN<\/td>\n<\/tr>\n<tr>\n<td rowspan=\"2\">NC<\/td>\n<td colspan=\"2\" rowspan=\"2\">49,5<\/td>\n<td rowspan=\"2\">N C<\/td>\n<td colspan=\"8\" rowspan=\"2\" width=\"208\">IAKO DIT IAGO DES T&rsquo;CHIOTS PICARDS<\/td>\n<td colspan=\"8\" rowspan=\"2\" width=\"208\">M. NAGEL EUG\u00c8NE<\/td>\n<td colspan=\"13\">AMICALE DU CHIEN DE HAGUENAU<\/td>\n<\/tr>\n<tr>\n<td colspan=\"13\">SOCIETE CANINE DU BAS-RHIN<\/td>\n<\/tr>\n<\/tbody>\n<\/table>\n<p><strong>Classe 1<\/strong><\/p>\n<table width=\"936\">\n<tbody>\n<tr>\n<td width=\"26\"><strong>Clt<\/strong><\/td>\n<td colspan=\"2\" width=\"60\"><strong>Points<\/strong><\/td>\n<td width=\"26\"><strong>Qualif.<\/strong><\/td>\n<td colspan=\"8\" width=\"208\"><strong>Nom du chien<\/strong><\/td>\n<td colspan=\"8\" width=\"208\"><strong>Conducteur<\/strong><\/td>\n<td colspan=\"13\" width=\"338\"><strong>Club\/R\u00e9gionale<\/strong><\/td>\n<\/tr>\n<tr>\n<td rowspan=\"2\">1<\/td>\n<td colspan=\"2\" rowspan=\"2\">278,5<\/td>\n<td rowspan=\"2\">Exc<\/td>\n<td colspan=\"8\" rowspan=\"2\" width=\"208\">MOON<\/td>\n<td colspan=\"8\" rowspan=\"2\" width=\"208\">Mme GOUPILLEAU FABIENNE<\/td>\n<td colspan=\"13\">TRAINING CLUB CANIN DE SAVERNE<\/td>\n<\/tr>\n<tr>\n<td colspan=\"13\">SOCIETE CANINE DU BAS-RHIN<\/td>\n<\/tr>\n<tr>\n<td rowspan=\"2\">2<\/td>\n<td colspan=\"2\" rowspan=\"2\">271,00<\/td>\n<td rowspan=\"2\">Exc<\/td>\n<td colspan=\"8\" rowspan=\"2\" width=\"208\">HAKIRA<\/td>\n<td colspan=\"8\" rowspan=\"2\" width=\"208\">M. WLODARCSAK THIERRY<\/td>\n<td colspan=\"13\">TRAINING CLUB CANIN DE BEINHEIM<\/td>\n<\/tr>\n<tr>\n<td colspan=\"13\">SOCIETE CANINE DU BAS-RHIN<\/td>\n<\/tr>\n<tr>\n<td rowspan=\"2\">3<\/td>\n<td colspan=\"2\" rowspan=\"2\">240,00<\/td>\n<td rowspan=\"2\">T-B<\/td>\n<td colspan=\"8\" rowspan=\"2\" width=\"208\">HI SHADOW DU VALLON DE LA LICORNE<\/td>\n<td colspan=\"8\" rowspan=\"2\" width=\"208\">Mme PENNER LAETITIA<\/td>\n<td colspan=\"13\">TRAINING CLUB CANIN DE STRASBOURG<\/td>\n<\/tr>\n<tr>\n<td colspan=\"13\">SOCIETE CANINE DU BAS-RHIN<\/td>\n<\/tr>\n<tr>\n<td rowspan=\"2\">4<\/td>\n<td colspan=\"2\" rowspan=\"2\">239,5<\/td>\n<td rowspan=\"2\">T-B<\/td>\n<td colspan=\"8\" rowspan=\"2\" width=\"208\">GAMIN<\/td>\n<td colspan=\"8\" rowspan=\"2\" width=\"208\">M. MANDEL GERMAIN<\/td>\n<td colspan=\"13\">TRAINING CLUB CANIN D&rsquo;OETING<\/td>\n<\/tr>\n<tr>\n<td colspan=\"13\">SOCIETE CANINE REGIONALE DE LORRAINE<\/td>\n<\/tr>\n<tr>\n<td rowspan=\"2\">5<\/td>\n<td colspan=\"2\" rowspan=\"2\">204,5<\/td>\n<td rowspan=\"2\">Bon<\/td>\n<td colspan=\"8\" rowspan=\"2\" width=\"208\">FASCKO DE LA TOUR DES ROMAINS<\/td>\n<td colspan=\"8\" rowspan=\"2\" width=\"208\">Mme JAEHNEL CHRISTIANE<\/td>\n<td colspan=\"13\">AMICALE DU CHIEN DE HAGUENAU<\/td>\n<\/tr>\n<tr>\n<td colspan=\"13\">SOCIETE CANINE DU BAS-RHIN<\/td>\n<\/tr>\n<tr>\n<td rowspan=\"2\">N C<\/td>\n<td colspan=\"2\" rowspan=\"2\">189,00<\/td>\n<td rowspan=\"2\">N C<\/td>\n<td colspan=\"8\" rowspan=\"2\" width=\"208\">RUBY<\/td>\n<td colspan=\"8\" rowspan=\"2\" width=\"208\">Mme LANG HELGA<\/td>\n<td colspan=\"13\">TRAINING CLUB CANIN DE BEINHEIM<\/td>\n<\/tr>\n<tr>\n<td colspan=\"13\">SOCIETE CANINE DU BAS-RHIN<\/td>\n<\/tr>\n<tr>\n<td rowspan=\"2\">N C<\/td>\n<td colspan=\"2\" rowspan=\"2\">186,5<\/td>\n<td rowspan=\"2\">N C<\/td>\n<td colspan=\"8\" rowspan=\"2\" width=\"208\">FLAMME<\/td>\n<td colspan=\"8\" rowspan=\"2\" width=\"208\">Mme JUNG MARIE-PAULE<\/td>\n<td colspan=\"13\">AMICALE DU CHIEN DE HAGUENAU<\/td>\n<\/tr>\n<tr>\n<td colspan=\"13\">SOCIETE CANINE DU BAS-RHIN<\/td>\n<\/tr>\n<tr>\n<td rowspan=\"2\">N C<\/td>\n<td colspan=\"2\" rowspan=\"2\">179,00<\/td>\n<td rowspan=\"2\">N C<\/td>\n<td colspan=\"8\" rowspan=\"2\" width=\"208\">BEETHOVEN<\/td>\n<td colspan=\"8\" rowspan=\"2\" width=\"208\">M. DEUBEL JEROME<\/td>\n<td colspan=\"13\">TRAINING CLUB CANIN DE BEINHEIM<\/td>\n<\/tr>\n<tr>\n<td colspan=\"13\">SOCIETE CANINE DU BAS-RHIN<\/td>\n<\/tr>\n<tr>\n<td rowspan=\"2\">N C<\/td>\n<td colspan=\"2\" rowspan=\"2\">157,5<\/td>\n<td rowspan=\"2\">N C<\/td>\n<td colspan=\"8\" rowspan=\"2\" width=\"208\">JESSIE<\/td>\n<td colspan=\"8\" rowspan=\"2\" width=\"208\">M. MULLER LAURENT<\/td>\n<td colspan=\"13\">TRAINING CLUB CANIN SARREWERDEN<\/td>\n<\/tr>\n<tr>\n<td colspan=\"13\">SOCIETE CANINE DU BAS-RHIN<\/td>\n<\/tr>\n<tr>\n<td rowspan=\"2\">N C<\/td>\n<td colspan=\"2\" rowspan=\"2\">48,00<\/td>\n<td rowspan=\"2\">N C<\/td>\n<td colspan=\"8\" rowspan=\"2\" width=\"208\">JOCKER DE L&rsquo;OMBRA DEL GIGANTE<\/td>\n<td colspan=\"8\" rowspan=\"2\" width=\"208\">Mme UTTER MELANIE<\/td>\n<td colspan=\"13\">TRAINING CLUB CANIN SARREWERDEN<\/td>\n<\/tr>\n<tr>\n<td colspan=\"13\">SOCIETE CANINE DU BAS-RHIN<\/td>\n<\/tr>\n<\/tbody>\n<\/table>\n<p><strong>Classe 2<\/strong><\/p>\n<table width=\"936\">\n<tbody>\n<tr>\n<td width=\"26\"><strong>Clt<\/strong><\/td>\n<td colspan=\"2\" width=\"60\"><strong>Points<\/strong><\/td>\n<td width=\"26\"><strong>Qualif.<\/strong><\/td>\n<td colspan=\"8\" width=\"208\"><strong>Nom du chien<\/strong><\/td>\n<td colspan=\"8\" width=\"208\"><strong>Conducteur<\/strong><\/td>\n<td colspan=\"13\" width=\"338\"><strong>Club\/R\u00e9gionale<\/strong><\/td>\n<\/tr>\n<tr>\n<td rowspan=\"2\">1<\/td>\n<td colspan=\"2\" rowspan=\"2\">223,00<\/td>\n<td rowspan=\"2\">Bon<\/td>\n<td colspan=\"8\" rowspan=\"2\" width=\"208\">GAROU<\/td>\n<td colspan=\"8\" rowspan=\"2\" width=\"208\">M. GERBER STEPHANE<\/td>\n<td colspan=\"13\">TRAINING CLUB CANIN SARREWERDEN<\/td>\n<\/tr>\n<tr>\n<td colspan=\"13\">SOCIETE CANINE DU BAS-RHIN<\/td>\n<\/tr>\n<tr>\n<td rowspan=\"2\">N C<\/td>\n<td colspan=\"2\" rowspan=\"2\">186,00<\/td>\n<td rowspan=\"2\">N C<\/td>\n<td colspan=\"8\" rowspan=\"2\" width=\"208\">EBER DE LA PASSERELLE DES AGNEAUX NOIRS<\/td>\n<td colspan=\"8\" rowspan=\"2\" width=\"208\">Mme WISSON VAL\u00c9RIE<\/td>\n<td colspan=\"13\">AMICALE DU CHIEN DE HAGUENAU<\/td>\n<\/tr>\n<tr>\n<td colspan=\"13\">SOCIETE CANINE DU BAS-RHIN<\/td>\n<\/tr>\n<tr>\n<td rowspan=\"2\">N C<\/td>\n<td colspan=\"2\" rowspan=\"2\">143,00<\/td>\n<td rowspan=\"2\">N C<\/td>\n<td colspan=\"8\" rowspan=\"2\" width=\"208\">GRANIE DES TERRES DU HAINAUT<\/td>\n<td colspan=\"8\" rowspan=\"2\" width=\"208\">Mme VANREKOM CAROLINE<\/td>\n<td colspan=\"13\">TRAINING CLUB CANIN DE STRASBOURG<\/td>\n<\/tr>\n<tr>\n<td colspan=\"13\">SOCIETE CANINE DU BAS-RHIN<\/td>\n<\/tr>\n<tr>\n<td rowspan=\"2\">N C<\/td>\n<td colspan=\"2\" rowspan=\"2\">121,5<\/td>\n<td rowspan=\"2\">N C<\/td>\n<td colspan=\"8\" rowspan=\"2\" width=\"208\">GET HIGH AND HIGHER GIVEMEHOPE<\/td>\n<td colspan=\"8\" rowspan=\"2\" width=\"208\">Mme FUCHS VERONIQUE<\/td>\n<td colspan=\"13\">TRAINING CLUB CANIN DE STRASBOURG<\/td>\n<\/tr>\n<tr>\n<td colspan=\"13\">SOCIETE CANINE DU BAS-RHIN<\/td>\n<\/tr>\n<\/tbody>\n<\/table>\n<p><strong>Classe 3<\/strong><\/p>\n<table width=\"936\">\n<tbody>\n<tr>\n<td width=\"26\"><strong>Clt<\/strong><\/td>\n<td colspan=\"2\" width=\"60\"><strong>Points<\/strong><\/td>\n<td width=\"26\"><strong>Qualif.<\/strong><\/td>\n<td colspan=\"8\" width=\"208\"><strong>Nom du chien<\/strong><\/td>\n<td colspan=\"8\" width=\"208\"><strong>Conducteur<\/strong><\/td>\n<td colspan=\"13\" width=\"338\"><strong>Club\/R\u00e9gionale<\/strong><\/td>\n<\/tr>\n<tr>\n<td rowspan=\"2\">1<\/td>\n<td colspan=\"2\" rowspan=\"2\">235,5<\/td>\n<td rowspan=\"2\">T-B<\/td>\n<td colspan=\"8\" rowspan=\"2\" width=\"208\">FARRAH<\/td>\n<td colspan=\"8\" rowspan=\"2\" width=\"208\">M. FISCHER MICHEL<\/td>\n<td colspan=\"13\">TRAINING CLUB CANIN DE BEINHEIM<\/td>\n<\/tr>\n<tr>\n<td colspan=\"13\">SOCIETE CANINE DU BAS-RHIN<\/td>\n<\/tr>\n<\/tbody>\n<\/table>\n<p>Merci \u00e0 tous les concurrents pour leur sportivit\u00e9, au juge, aux commissaires et \u00e0 tous ceux qui ont particip\u00e9 \u00e0 l&rsquo;organisation de\u00a0ce concours. Nous vous donnons rendez-vous l&rsquo;ann\u00e9e prochaine !<\/p>\n","protected":false},"excerpt":{"rendered":"<p>L&rsquo;Amicale du chien de Haguenau a organis\u00e9 son concours annuel d&rsquo;Ob\u00e9issance les 10 et 11 septembre 2016 avec le juge BOISSEAU Michel. 35 chiens y ont particip\u00e9 dans une ambiance festive et conviviale. Les r\u00e9sultats CSAU Nom du chien Race Conducteur Club LUTECE DU DOMAINE DES HAUTS SAPINS BERGER ALLEMAND F GRUTTER H\u00c9L\u00c8NE AC Haguenau [&hellip;]<\/p>\n","protected":false},"author":1,"featured_media":0,"parent":7,"menu_order":0,"comment_status":"closed","ping_status":"closed","template":"","meta":{"footnotes":""},"class_list":["post-937","page","type-page","status-publish","hentry"],"_links":{"self":[{"href":"http:\/\/www.amicale-du-chien.com\/index.php?rest_route=\/wp\/v2\/pages\/937","targetHints":{"allow":["GET"]}}],"collection":[{"href":"http:\/\/www.amicale-du-chien.com\/index.php?rest_route=\/wp\/v2\/pages"}],"about":[{"href":"http:\/\/www.amicale-du-chien.com\/index.php?rest_route=\/wp\/v2\/types\/page"}],"author":[{"embeddable":true,"href":"http:\/\/www.amicale-du-chien.com\/index.php?rest_route=\/wp\/v2\/users\/1"}],"replies":[{"embeddable":true,"href":"http:\/\/www.amicale-du-chien.com\/index.php?rest_route=%2Fwp%2Fv2%2Fcomments&post=937"}],"version-history":[{"count":8,"href":"http:\/\/www.amicale-du-chien.com\/index.php?rest_route=\/wp\/v2\/pages\/937\/revisions"}],"predecessor-version":[{"id":967,"href":"http:\/\/www.amicale-du-chien.com\/index.php?rest_route=\/wp\/v2\/pages\/937\/revisions\/967"}],"up":[{"embeddable":true,"href":"http:\/\/www.amicale-du-chien.com\/index.php?rest_route=\/wp\/v2\/pages\/7"}],"wp:attachment":[{"href":"http:\/\/www.amicale-du-chien.com\/index.php?rest_route=%2Fwp%2Fv2%2Fmedia&parent=937"}],"curies":[{"name":"wp","href":"https:\/\/api.w.org\/{rel}","templated":true}]}}