{"id":1617,"date":"2026-02-19T13:41:22","date_gmt":"2026-02-19T12:41:22","guid":{"rendered":"https:\/\/www.amicale-du-chien.com\/?page_id=1617"},"modified":"2026-02-19T13:41:24","modified_gmt":"2026-02-19T12:41:24","slug":"concours-obeissance-2025","status":"publish","type":"page","link":"https:\/\/www.amicale-du-chien.com\/?page_id=1617","title":{"rendered":"Concours Ob\u00e9issance 2025"},"content":{"rendered":"\n<p>L&rsquo;Amicale du chien de Haguenau a organis\u00e9 son concours annuel d&rsquo;Ob\u00e9issance le 7 septembre 2025 avec la juge <strong>CLERQUIN Brigitte<\/strong>. 25 chiens y ont particip\u00e9 dans une ambiance festive et conviviale.<\/p>\n\n\n\n<p>Voici les r\u00e9sultats ce concours<\/p>\n\n\n\n<h2 class=\"wp-block-heading\"><strong>CSAU<\/strong><\/h2>\n\n\n\n<figure class=\"wp-block-table\"><table class=\"has-fixed-layout\"><tbody><tr><td><strong>Propri\u00e9taire<\/strong><\/td><td><strong>Race<\/strong><\/td><td><strong>Nom du chien<\/strong><\/td><td><strong>Club<\/strong><\/td><td><strong>R\u00e9sultat<\/strong><\/td><\/tr><tr><td>ZATOUT IDIR<\/td><td>BERGER BLANC<br>SUISSE<\/td><td>ULKO GAIA&rsquo;S<br>SPIRIT DES<br>HAUTS DE<br>MENAURUPT<\/td><td>SAINT DIE DES VOSGES<\/td><td>EXCELLENT<\/td><\/tr><tr><td>MERCK MELANIE<\/td><td>BERGER<br>ALLEMAND<\/td><td>UNELLY DES<br>BRISEUX<\/td><td><\/td><td>EXCELLENT<\/td><\/tr><tr><td>BIRGEL<br>FREDERIQUE<\/td><td>CROISE<\/td><td>TARA<\/td><td>AMICALE DU CHIEN DE HAGUENAU<\/td><td>EXCELLENT<\/td><\/tr><tr><td>GALVAIRE<br>MARION<\/td><td>BORDER COLLIE<\/td><td>VVHY NOT DU<br>DOMAINE DU<br>BASCHBERRI<\/td><td>TRAINING CLUB CANIN SARREWERDEN<\/td><td>EXCELLENT<\/td><\/tr><tr><td>BLEICHER<br>SABINE<\/td><td>CHIEN DE<br>BERGER BELGE GROENENDAEL<\/td><td>VOLT-HOPE DES<br>JARDINS<br>D&rsquo;EBENE<\/td><td>AMICALE DU CHIEN DE HAGUENAU<\/td><td>EXCELLENT<\/td><\/tr><tr><td>KOST JEAN<br>PIERRE<\/td><td>FOX TERRIER<br>POIL LISSE<\/td><td>UGO DES RIVES<br>DE LA THUR<\/td><td>AMICALE DU CHIEN DE HAGUENAU<\/td><td>BON<\/td><\/tr><tr><td>DANNENMULLER<br>MARIE<\/td><td>STAFFORDSHIRE<br>TERRIER<br>AMERICAIN<\/td><td>UGUETTE LES<br>PTITS VIKINGS<br>DODIN<\/td><td>AMICALE DU CHIEN DE HAGUENAU<\/td><td>EXCELLENT<\/td><\/tr><\/tbody><\/table><\/figure>\n\n\n\n<h2 class=\"wp-block-heading\"><strong>Brevet<\/strong><\/h2>\n\n\n\n<figure class=\"wp-block-table\"><table class=\"has-fixed-layout\"><tbody><tr><td><strong>Clt<\/strong><\/td><td><strong>Points<\/strong><\/td><td><strong>Qualificatif<\/strong><\/td><td><strong>Nom du chien<\/strong><\/td><td><strong>Conducteur<\/strong><\/td><td><strong>Club<\/strong><\/td><\/tr><tr><td>1<\/td><td>280,5<\/td><td>Exc<\/td><td>RAYBAN DU DOMAINE DU MALISTIFF<\/td><td>M. KERN THIERRY<\/td><td>TRAINING CLUB CANIN D&rsquo;ERSTEIN<\/td><\/tr><tr><td>2<\/td><td>256,5<\/td><td>Exc<\/td><td>TINA SUNSHINE AUSSIE DE L&rsquo;EST<\/td><td>Mme MAHLER EVA<\/td><td>TRAINING CLUB CANIN DE BEINHEIM<\/td><\/tr><tr><td>3<\/td><td>248<\/td><td>T.B<\/td><td>TIKA DES FOLIEPETS<\/td><td>Mme SCHNEIDER PERRINE<\/td><td>AMICALE DU CHIEN DE HAGUENAU<\/td><\/tr><tr><td>4<\/td><td>233<\/td><td>T.B<\/td><td>SUZY<\/td><td>Mme KOBER-WEISE NATHALIE<\/td><td>TRAINING CLUB CANIN DE BEINHEIM<\/td><\/tr><\/tbody><\/table><\/figure>\n\n\n\n<h2 class=\"wp-block-heading\">Classe 1<\/h2>\n\n\n\n<figure class=\"wp-block-table\"><table class=\"has-fixed-layout\"><tbody><tr><td><strong>Clt<\/strong><\/td><td><strong>Points<\/strong><\/td><td><strong>Qualificatif<\/strong><\/td><td><strong>Nom du chien<\/strong><\/td><td><strong>Conducteur<\/strong><\/td><td><strong>Club<\/strong><\/td><\/tr><tr><td>1<\/td><td>258,5<\/td><td>Exc<\/td><td>TINA DES PIRATES DE MATRA<\/td><td>Mme SCHMITT &#8211; CIROU NATHALIE<\/td><td>TRAINING CLUB CANIN DE WISSEMBOURG<\/td><\/tr><tr><td>2<\/td><td>256,5<\/td><td>Exc<\/td><td>PREYJA DE LA CITE D&rsquo;ASGARD<\/td><td>M. CARNIEL CEDRIC<\/td><td>TRAINING CLUB CANIN DE BEINHEIM<\/td><\/tr><tr><td>3<\/td><td>244<\/td><td>T.B<\/td><td>TOUNDRA THE HORDE OF ANGELS<\/td><td>Mme SCHNEIDER CLAIRE<\/td><td>TRAINING CLUB CANIN SARREWERDEN<\/td><\/tr><tr><td>4<\/td><td>235<\/td><td>T.B<\/td><td>PERCEVAL DE LA CARRIERE DOREE<\/td><td>M. PAILLE CEDRIC<\/td><td>CLUB CANIN DE BISCHHEIM<\/td><\/tr><tr><td>5<\/td><td>222<\/td><td>Bon<\/td><td>SINCE YOU LOVE DUCKINSON<\/td><td>Mme MERCK ELSA<\/td><td>TRAINING CLUB CANIN DE WISSEMBOURG<\/td><\/tr><tr><td>NC<\/td><td>132<\/td><td>NC<\/td><td>SNOW<\/td><td>Mme HOPP FABIENNE<\/td><td>AMICALE DU CHIEN DE HAGUENAU<\/td><\/tr><tr><td>NC<\/td><td>96,5<\/td><td>NC<\/td><td>OSIS DE LA PORTE DU HAUT BARR<\/td><td>M. SCHNEIDER H\u00c9RIBERT<\/td><td>AMICALE DU CHIEN DE HAGUENAU<\/td><\/tr><tr><td>NC<\/td><td>43<\/td><td>NC<\/td><td>ORANE VOM JAGERHOHLE<\/td><td>M. ROTH NATHALIE<\/td><td>TRAINING CLUB CANIN D&rsquo;ERSTEIN<\/td><\/tr><\/tbody><\/table><\/figure>\n\n\n\n<h2 class=\"wp-block-heading\">Classe 2<\/h2>\n\n\n\n<figure class=\"wp-block-table\"><table class=\"has-fixed-layout\"><tbody><tr><td><strong>Clt<\/strong><\/td><td><strong>Points<\/strong><\/td><td><strong>Qualificatif<\/strong><\/td><td><strong>Nom du chien<\/strong><\/td><td><strong>Conducteur<\/strong><\/td><td><strong>Club<\/strong><\/td><\/tr><tr><td>1<\/td><td>232,5<\/td><td>T.B<\/td><td>OKEE DES VIGNES DU ROUSSILLON<\/td><td>M. KOLLROS THIERRY<\/td><td>TRAINING CLUB CANIN D&rsquo;ERSTEIN<\/td><\/tr><tr><td>2<\/td><td>228,5<\/td><td>T.B<\/td><td>SAMSARA DES JARDINS D&rsquo;EBENE<\/td><td>M. BLEICHER PHILIPPE<\/td><td>AMICALE DU CHIEN DE HAGUENAU<\/td><\/tr><tr><td>3<\/td><td>224<\/td><td>T.B<\/td><td>NEXO DU CLOS DU MOOSCHBACH<\/td><td>M. HERVE DANIEL<\/td><td>TRAINING CLUB CANIN DE BEINHE<\/td><\/tr><tr><td>NC<\/td><td>121,5<\/td><td>NC<\/td><td>MEY LY DES JOYAUX D&rsquo;ALESIA<\/td><td>Mme MATTERN CATHERINE<\/td><td>CLUB CANIN DE HAGUENAU<\/td><\/tr><\/tbody><\/table><\/figure>\n\n\n\n<h2 class=\"wp-block-heading\">Classe 3<\/h2>\n\n\n\n<figure class=\"wp-block-table\"><table class=\"has-fixed-layout\"><tbody><tr><td><strong>Clt<\/strong><\/td><td><strong>Points<\/strong><\/td><td><strong>Qualificatif<\/strong><\/td><td><strong>Nom du chien<\/strong><\/td><td><strong>Conducteur<\/strong><\/td><td><strong>Club<\/strong><\/td><\/tr><tr><td>1<\/td><td>271,5<\/td><td>Exc<\/td><td>ROSE-MAY DES ABIMES ARDENTS<\/td><td>Mme LIBS CHRISTINE<\/td><td>LES AMIS DES CHIENS DE LA ROBERTSAU<\/td><\/tr><tr><td>2<\/td><td>218,5<\/td><td>Bon<\/td><td>NOVA VON DER GOETTERBRUCKE<\/td><td>Mme WISSON VAL\u00c9RIE<\/td><td>AMICALE DU CHIEN DE HAGUENAU<\/td><\/tr><\/tbody><\/table><\/figure>\n","protected":false},"excerpt":{"rendered":"<p>L&rsquo;Amicale du chien de Haguenau a organis\u00e9 son concours annuel d&rsquo;Ob\u00e9issance le 7 septembre 2025 avec la juge CLERQUIN Brigitte. 25 chiens y ont particip\u00e9 dans une ambiance festive et conviviale. Voici les r\u00e9sultats ce concours CSAU Propri\u00e9taire Race Nom du chien Club R\u00e9sultat ZATOUT IDIR BERGER BLANCSUISSE ULKO GAIA&rsquo;SSPIRIT DESHAUTS DEMENAURUPT SAINT DIE DES [&hellip;]<\/p>\n","protected":false},"author":1,"featured_media":0,"parent":0,"menu_order":0,"comment_status":"closed","ping_status":"closed","template":"","meta":{"footnotes":""},"class_list":["post-1617","page","type-page","status-publish","hentry"],"_links":{"self":[{"href":"https:\/\/www.amicale-du-chien.com\/index.php?rest_route=\/wp\/v2\/pages\/1617","targetHints":{"allow":["GET"]}}],"collection":[{"href":"https:\/\/www.amicale-du-chien.com\/index.php?rest_route=\/wp\/v2\/pages"}],"about":[{"href":"https:\/\/www.amicale-du-chien.com\/index.php?rest_route=\/wp\/v2\/types\/page"}],"author":[{"embeddable":true,"href":"https:\/\/www.amicale-du-chien.com\/index.php?rest_route=\/wp\/v2\/users\/1"}],"replies":[{"embeddable":true,"href":"https:\/\/www.amicale-du-chien.com\/index.php?rest_route=%2Fwp%2Fv2%2Fcomments&post=1617"}],"version-history":[{"count":1,"href":"https:\/\/www.amicale-du-chien.com\/index.php?rest_route=\/wp\/v2\/pages\/1617\/revisions"}],"predecessor-version":[{"id":1619,"href":"https:\/\/www.amicale-du-chien.com\/index.php?rest_route=\/wp\/v2\/pages\/1617\/revisions\/1619"}],"wp:attachment":[{"href":"https:\/\/www.amicale-du-chien.com\/index.php?rest_route=%2Fwp%2Fv2%2Fmedia&parent=1617"}],"curies":[{"name":"wp","href":"https:\/\/api.w.org\/{rel}","templated":true}]}}