{"id":231,"date":"2013-07-21T09:24:42","date_gmt":"2013-07-21T08:24:42","guid":{"rendered":"http:\/\/www.amicale-du-chien.com\/?page_id=231"},"modified":"2013-07-22T15:17:34","modified_gmt":"2013-07-22T14:17:34","slug":"concours-obeissance-2008","status":"publish","type":"page","link":"https:\/\/www.amicale-du-chien.com\/?page_id=231","title":{"rendered":"Concours Ob\u00e9issance 2008"},"content":{"rendered":"<p>L&rsquo;amicale du chien de Haguenau a organis\u00e9, le <strong>27 avril 2008<\/strong>, son <b>troisi\u00e8me concours canin d&rsquo;ob\u00e9issance<\/b> sur son terrain, route de Marienthal.<\/p>\n<p>Il y avait foule autour du terrain de l&rsquo;<strong>Amicale du chien de Haguenau<\/strong> ce dimanche et ce malgr\u00e9 la chaleur. Nombreux ont \u00e9t\u00e9 les spectateurs ravis et int\u00e9ress\u00e9s par les prestations des 27 concurrents participants aux \u00e9preuves dont voici les r\u00e9sultats :<br \/>\n<strong>R\u00e9sultats CSAU<\/strong><\/p>\n<table width=\"620\" border=\"0\" cellspacing=\"0\" cellpadding=\"0\">\n<tbody>\n<tr bgcolor=\"#d6d6d6\">\n<td width=\"16%\">\u00a0Chien<\/td>\n<td width=\"28%\">\u00a0Conducteur<\/td>\n<td width=\"12%\">\u00a0Race<\/td>\n<td width=\"30%\">\u00a0Club<\/td>\n<td width=\"14%\">\u00a0Mention<\/td>\n<\/tr>\n<tr bgcolor=\"#f09338\">\n<td bgcolor=\"#f09338\" width=\"16%\">\u00a0ANTON<\/td>\n<td width=\"28%\">\u00a0BASTIAN Brigitte<\/td>\n<td width=\"12%\">\u00a0Crois\u00e9<\/td>\n<td width=\"30%\">\u00a0AC HAGUENAU<\/td>\n<td width=\"14%\">\u00a0BON<\/td>\n<\/tr>\n<tr>\n<td width=\"16%\">\u00a0BARON<\/td>\n<td width=\"28%\">\u00a0ROUSSEL Lauriane<\/td>\n<td width=\"12%\">\u00a0B.A<\/td>\n<td width=\"30%\">\u00a0AC HAGUENAU<\/td>\n<td width=\"14%\">\u00a0EXC.<\/td>\n<\/tr>\n<tr bgcolor=\"#3b4d86\">\n<td bgcolor=\"#f09338\">\u00a0CANNELLE<\/td>\n<td bgcolor=\"#f09338\">\u00a0LEYDINGER Nicolas<\/td>\n<td bgcolor=\"#f09338\">\u00a0Labrador<\/td>\n<td bgcolor=\"#f09338\">\u00a0AC HAGUENAU<\/td>\n<td bgcolor=\"#f09338\">\u00a0EXC.<\/td>\n<\/tr>\n<tr>\n<td width=\"16%\">\u00a0CENTAURE<\/td>\n<td width=\"28%\">\u00a0KUHN Francine<\/td>\n<td width=\"12%\">\u00a0Colley<\/td>\n<td width=\"30%\">\u00a0AC HAGUENAU<\/td>\n<td width=\"14%\">\u00a0BON<\/td>\n<\/tr>\n<\/tbody>\n<\/table>\n<p><strong>R\u00e9sultats Brevet<\/strong><\/p>\n<table width=\"620\" border=\"0\" cellspacing=\"0\" cellpadding=\"0\">\n<tbody>\n<tr bgcolor=\"#d6d6d6\">\n<td width=\"13%\">\u00a0Chien<\/td>\n<td width=\"26%\">\u00a0Conducteur<\/td>\n<td width=\"12%\">\u00a0Race<\/td>\n<td width=\"23%\">\u00a0Club<\/td>\n<td width=\"12%\">\u00a0Total<\/td>\n<td width=\"14%\">\u00a0Mention<\/td>\n<\/tr>\n<tr bgcolor=\"#f09338\">\n<td bgcolor=\"#f09338\" width=\"13%\">\u00a0GERONIMO<\/td>\n<td width=\"26%\">\u00a0MOUSSA Laurence<\/td>\n<td width=\"12%\">\u00a0B.A.<\/td>\n<td width=\"23%\">\u00a0TCC STRASBOURG<\/td>\n<td width=\"12%\">\u00a0 96 PTS<\/td>\n<td width=\"14%\">\u00a0EXC.<\/td>\n<\/tr>\n<tr>\n<td width=\"13%\">\u00a0BIANCO<\/td>\n<td width=\"26%\">\u00a0KELLER Eric<\/td>\n<td width=\"12%\">\u00a0Schnauzer<\/td>\n<td width=\"23%\">\u00a0TCC BETSCHDORF<\/td>\n<td width=\"12%\">\u00a0 90 PTS<\/td>\n<td width=\"14%\">\u00a0EXC.<\/td>\n<\/tr>\n<tr bgcolor=\"#3b4d86\">\n<td bgcolor=\"#f09338\">\u00a0ALISCOE<\/td>\n<td bgcolor=\"#f09338\">\u00a0BILDSTEIN Gr\u00e9gory<\/td>\n<td bgcolor=\"#f09338\">\u00a0Dalmatien<\/td>\n<td bgcolor=\"#f09338\">\u00a0TCC BETSCHDORF<\/td>\n<td bgcolor=\"#f09338\">\u00a0 89 PTS<\/td>\n<td bgcolor=\"#f09338\">\u00a0EXC.<\/td>\n<\/tr>\n<tr>\n<td width=\"13%\">\u00a0TOCCADE<\/td>\n<td width=\"26%\">\u00a0HOFFMANN Caroline<\/td>\n<td width=\"12%\">\u00a0Labrador<\/td>\n<td width=\"23%\">\u00a0AC HAGUENAU<\/td>\n<td width=\"12%\">\u00a0 75 PTS<\/td>\n<td width=\"14%\">\u00a0TB.<\/td>\n<\/tr>\n<\/tbody>\n<\/table>\n<p><strong>R\u00e9sultats Classe 1<\/strong><\/p>\n<table width=\"620\" border=\"0\" cellspacing=\"0\" cellpadding=\"0\">\n<tbody>\n<tr bgcolor=\"#d6d6d6\">\n<td width=\"13%\">\u00a0Chien<\/td>\n<td width=\"24%\">\u00a0Conducteur<\/td>\n<td width=\"10%\">\u00a0Race<\/td>\n<td width=\"31%\">\u00a0Club<\/td>\n<td width=\"12%\">\u00a0Total<\/td>\n<td width=\"10%\">\u00a0Mention<\/td>\n<\/tr>\n<tr bgcolor=\"#f09338\">\n<td bgcolor=\"#f09338\" width=\"13%\">\u00a0LENA<\/td>\n<td width=\"24%\">\u00a0FOUILLOUSE Jean-Marie<\/td>\n<td width=\"10%\">\u00a0Crois\u00e9<\/td>\n<td width=\"31%\">\u00a0TCC WISSEMBOURG<\/td>\n<td width=\"12%\">\u00a0171 PTS<\/td>\n<td width=\"10%\">\u00a0EXC.<\/td>\n<\/tr>\n<tr>\n<td width=\"13%\">\u00a0VIDAL<\/td>\n<td width=\"24%\">\u00a0ROBIN Dominique<\/td>\n<td width=\"10%\">\u00a0BA<\/td>\n<td width=\"31%\">\u00a0TCC D&rsquo;OETING<\/td>\n<td width=\"12%\">\u00a0167,5 PTS<\/td>\n<td width=\"10%\">\u00a0EXC.<\/td>\n<\/tr>\n<tr bgcolor=\"#3b4d86\">\n<td bgcolor=\"#f09338\">\u00a0VAKAIDO<\/td>\n<td bgcolor=\"#f09338\">\u00a0MEYER Robert<\/td>\n<td bgcolor=\"#f09338\">\u00a0BB<\/td>\n<td bgcolor=\"#f09338\">\u00a0TCC ERSTEIN<\/td>\n<td bgcolor=\"#f09338\">\u00a0164,5 PTS<\/td>\n<td bgcolor=\"#f09338\">\u00a0EXC.<\/td>\n<\/tr>\n<tr>\n<td width=\"13%\">\u00a0VASKO<\/td>\n<td width=\"24%\">\u00a0SCHIMMER Thierry<\/td>\n<td width=\"10%\">\u00a0R<\/td>\n<td width=\"31%\">\u00a0CC SCHIRRHEIN-SCHIRRHOFFEN<\/td>\n<td width=\"12%\">\u00a0146,5 PTS<\/td>\n<td width=\"10%\">\u00a0T.B.<\/td>\n<\/tr>\n<tr bgcolor=\"#3b4d86\">\n<td bgcolor=\"#f09338\">\u00a0AKEN<\/td>\n<td bgcolor=\"#f09338\">\u00a0HESS Erika<\/td>\n<td bgcolor=\"#f09338\">\u00a0BH<\/td>\n<td bgcolor=\"#f09338\">\u00a0CC STE-MARIE-AUX-CHENES<\/td>\n<td bgcolor=\"#f09338\">\u00a0145,5 PTS<\/td>\n<td bgcolor=\"#f09338\">\u00a0T.B.<\/td>\n<\/tr>\n<tr>\n<td width=\"13%\">\u00a0CHIPIE<\/td>\n<td width=\"24%\">\u00a0KIEFFER Delphine<\/td>\n<td width=\"10%\">\u00a0Y<\/td>\n<td width=\"31%\">\u00a0CC STE-MARIE-AUX-CHENES<\/td>\n<td width=\"12%\">\u00a0128 PTS<\/td>\n<td width=\"10%\">\u00a0B.<\/td>\n<\/tr>\n<tr bgcolor=\"#3b4d86\">\n<td bgcolor=\"#f09338\">\u00a0TIM<\/td>\n<td bgcolor=\"#f09338\">\u00a0LADENBURGER Sylvie<\/td>\n<td bgcolor=\"#f09338\">\u00a0Setter<\/td>\n<td bgcolor=\"#f09338\">\u00a0AC HAGUENAU<\/td>\n<td bgcolor=\"#f09338\">\u00a0127,5 PTS<\/td>\n<td bgcolor=\"#f09338\">\u00a0B.<\/td>\n<\/tr>\n<tr>\n<td width=\"13%\">\u00a0ARKO<\/td>\n<td width=\"24%\">\u00a0HORNBERGER Kirsten<\/td>\n<td width=\"10%\">\u00a0Crois\u00e9<\/td>\n<td width=\"31%\">\u00a0CC SCHIRRHEIN-SCHIRRHOFFEN<\/td>\n<td width=\"12%\">\u00a0126 PTS<\/td>\n<td width=\"10%\">\u00a0B.<\/td>\n<\/tr>\n<tr bgcolor=\"#3b4d86\">\n<td bgcolor=\"#f09338\">\u00a0VULKAIN<\/td>\n<td bgcolor=\"#f09338\">\u00a0FREIDIG Vincent<\/td>\n<td bgcolor=\"#f09338\">\u00a0DA<\/td>\n<td bgcolor=\"#f09338\">\u00a0TCC Wissembourg<\/td>\n<td bgcolor=\"#f09338\">\u00a0124 PTS<\/td>\n<td bgcolor=\"#f09338\">\u00a0B.<\/td>\n<\/tr>\n<tr>\n<td width=\"13%\">\u00a0BUCKY<\/td>\n<td width=\"24%\">\u00a0SCHAEFFER Magali<\/td>\n<td width=\"10%\">\u00a0L<\/td>\n<td width=\"31%\">\u00a0CC HAGUENAU<\/td>\n<td width=\"12%\">\u00a0120 PTS<\/td>\n<td width=\"10%\">\u00a0B.<\/td>\n<\/tr>\n<tr bgcolor=\"#3b4d86\">\n<td bgcolor=\"#f09338\">\u00a0JOY<\/td>\n<td bgcolor=\"#f09338\">\u00a0HENRY Ashviny<\/td>\n<td bgcolor=\"#f09338\">\u00a0B Suisse<\/td>\n<td bgcolor=\"#f09338\">\u00a0AC HAGUENAU<\/td>\n<td bgcolor=\"#f09338\">\u00a0117 PTS<\/td>\n<td bgcolor=\"#f09338\">\u00a0Suf.<\/td>\n<\/tr>\n<tr>\n<td width=\"13%\">\u00a0REGLYSSE<\/td>\n<td width=\"24%\">\u00a0HASSENFRATZ Marc<\/td>\n<td width=\"10%\">\u00a0R<\/td>\n<td width=\"31%\">\u00a0SCD REICHSHOFFEN<\/td>\n<td width=\"12%\">\u00a093,5 PTS<\/td>\n<td width=\"10%\">\u00a0NC.<\/td>\n<\/tr>\n<tr bgcolor=\"#3b4d86\">\n<td bgcolor=\"#f09338\">\u00a0SAFRAN<\/td>\n<td bgcolor=\"#f09338\">\u00a0JUNG-HENTZ Cindy<\/td>\n<td bgcolor=\"#f09338\">\u00a0Colley<\/td>\n<td bgcolor=\"#f09338\">\u00a0AC HAGUENAU<\/td>\n<td bgcolor=\"#f09338\">\u00a073 PTS<\/td>\n<td bgcolor=\"#f09338\">\u00a0NC.<\/td>\n<\/tr>\n<tr>\n<td width=\"13%\">\u00a0ANISSA<\/td>\n<td width=\"24%\">\u00a0OBERNESSER Alain<\/td>\n<td width=\"10%\">\u00a0BB<\/td>\n<td width=\"31%\">\u00a0TCC Wissembourg<\/td>\n<td width=\"12%\">\u00a025 PTS<\/td>\n<td width=\"10%\">\u00a0NC.<\/td>\n<\/tr>\n<\/tbody>\n<\/table>\n<p><strong>R\u00e9sultats Classe 2<\/strong><\/p>\n<table width=\"620\" border=\"0\" cellspacing=\"0\" cellpadding=\"0\">\n<tbody>\n<tr bgcolor=\"#d6d6d6\">\n<td width=\"15%\">\u00a0Chien<\/td>\n<td width=\"23%\">\u00a0Conducteur<\/td>\n<td width=\"11%\">\u00a0Race<\/td>\n<td width=\"28%\">\u00a0Club<\/td>\n<td width=\"12%\">\u00a0Total<\/td>\n<td width=\"11%\">\u00a0Mention<\/td>\n<\/tr>\n<tr bgcolor=\"#f09338\">\n<td bgcolor=\"#f09338\" width=\"15%\">\u00a0A&rsquo;BROUK<\/td>\n<td width=\"23%\">\u00a0BRIGEL Bertrand<\/td>\n<td width=\"11%\">\u00a0BB<\/td>\n<td width=\"28%\">\u00a0TCC ERSTEIN<\/td>\n<td width=\"12%\">\u00a0231,5 PTS<\/td>\n<td width=\"11%\">\u00a0EXC.<\/td>\n<\/tr>\n<tr>\n<td width=\"15%\">\u00a0MACHO<\/td>\n<td width=\"23%\">\u00a0SCHNEIDER Ernest<\/td>\n<td width=\"11%\">\u00a0Bouvier<\/td>\n<td width=\"28%\">\u00a0TCC WISSEMBOURG<\/td>\n<td width=\"12%\">\u00a0139,5 PTS<\/td>\n<td width=\"11%\">\u00a0Suf.<\/td>\n<\/tr>\n<tr bgcolor=\"#f09338\">\n<td bgcolor=\"#f09338\" width=\"15%\">\u00a0REINE<\/td>\n<td width=\"23%\">\u00a0KIEFFER Sylvie<\/td>\n<td width=\"11%\">\u00a0L<\/td>\n<td width=\"28%\">\u00a0CC STE-MARIE-AUX-CHENES<\/td>\n<td width=\"12%\">\u00a018,5 PTS<\/td>\n<td width=\"11%\">\u00a0NC.<\/td>\n<\/tr>\n<\/tbody>\n<\/table>\n<p><strong>R\u00e9sultats Classe 3<\/strong><\/p>\n<table width=\"620\" border=\"0\" cellspacing=\"0\" cellpadding=\"0\">\n<tbody>\n<tr bgcolor=\"#d6d6d6\">\n<td width=\"15%\">\u00a0Chien<\/td>\n<td width=\"23%\">\u00a0Conducteur<\/td>\n<td width=\"11%\">\u00a0Race<\/td>\n<td width=\"29%\">\u00a0Club<\/td>\n<td width=\"12%\">\u00a0Total<\/td>\n<td width=\"10%\">\u00a0Mention<\/td>\n<\/tr>\n<tr bgcolor=\"#f09338\">\n<td bgcolor=\"#f09338\" width=\"15%\">\u00a0PERSANE<\/td>\n<td width=\"23%\">\u00a0HOLDERITH Doris<\/td>\n<td width=\"11%\">\u00a0BH<\/td>\n<td width=\"29%\">\u00a0CC HAGUENAU<\/td>\n<td width=\"12%\">\u00a0250,5 PTS<\/td>\n<td width=\"10%\">\u00a0T.B.<\/td>\n<\/tr>\n<tr>\n<td width=\"15%\">\u00a0S&rsquo;TWISTER<\/td>\n<td width=\"23%\">\u00a0HUSSON Florence<\/td>\n<td width=\"11%\">\u00a0B Aust.<\/td>\n<td width=\"29%\">\u00a0CC STE-MARIE-AUX-CHENES<\/td>\n<td width=\"12%\">\u00a0176 PTS<\/td>\n<td width=\"10%\">\u00a0Suf.<\/td>\n<\/tr>\n<\/tbody>\n<\/table>\n<p>&nbsp;<\/p>\n<p>L&rsquo;Amicale du chien vous donne donc rendez-vous l&rsquo;ann\u00e9e prochaine pour \u00e9toffer le nombre de concurrents de son <strong>concours annuel d&rsquo;Ob\u00e9issance<\/strong>.<\/p>\n","protected":false},"excerpt":{"rendered":"<p>L&rsquo;amicale du chien de Haguenau a organis\u00e9, le 27 avril 2008, son troisi\u00e8me concours canin d&rsquo;ob\u00e9issance sur son terrain, route de Marienthal. Il y avait foule autour du terrain de l&rsquo;Amicale du chien de Haguenau ce dimanche et ce malgr\u00e9 la chaleur. Nombreux ont \u00e9t\u00e9 les spectateurs ravis et int\u00e9ress\u00e9s par les prestations des 27 [&hellip;]<\/p>\n","protected":false},"author":1,"featured_media":0,"parent":7,"menu_order":0,"comment_status":"open","ping_status":"open","template":"","meta":{"footnotes":""},"class_list":["post-231","page","type-page","status-publish","hentry"],"_links":{"self":[{"href":"https:\/\/www.amicale-du-chien.com\/index.php?rest_route=\/wp\/v2\/pages\/231","targetHints":{"allow":["GET"]}}],"collection":[{"href":"https:\/\/www.amicale-du-chien.com\/index.php?rest_route=\/wp\/v2\/pages"}],"about":[{"href":"https:\/\/www.amicale-du-chien.com\/index.php?rest_route=\/wp\/v2\/types\/page"}],"author":[{"embeddable":true,"href":"https:\/\/www.amicale-du-chien.com\/index.php?rest_route=\/wp\/v2\/users\/1"}],"replies":[{"embeddable":true,"href":"https:\/\/www.amicale-du-chien.com\/index.php?rest_route=%2Fwp%2Fv2%2Fcomments&post=231"}],"version-history":[{"count":3,"href":"https:\/\/www.amicale-du-chien.com\/index.php?rest_route=\/wp\/v2\/pages\/231\/revisions"}],"predecessor-version":[{"id":307,"href":"https:\/\/www.amicale-du-chien.com\/index.php?rest_route=\/wp\/v2\/pages\/231\/revisions\/307"}],"up":[{"embeddable":true,"href":"https:\/\/www.amicale-du-chien.com\/index.php?rest_route=\/wp\/v2\/pages\/7"}],"wp:attachment":[{"href":"https:\/\/www.amicale-du-chien.com\/index.php?rest_route=%2Fwp%2Fv2%2Fmedia&parent=231"}],"curies":[{"name":"wp","href":"https:\/\/api.w.org\/{rel}","templated":true}]}}