{"id":340,"date":"2013-08-26T11:56:33","date_gmt":"2013-08-26T10:56:33","guid":{"rendered":"http:\/\/www.amicale-du-chien.com\/?page_id=340"},"modified":"2013-11-13T14:34:55","modified_gmt":"2013-11-13T13:34:55","slug":"festival-du-houblon","status":"publish","type":"page","link":"https:\/\/www.amicale-du-chien.com\/?page_id=340","title":{"rendered":"Festival du Houblon"},"content":{"rendered":"<p><a href=\"http:\/\/www.amicale-du-chien.com\/wp-content\/uploads\/2013\/08\/fete_houblon20122.jpg\"><img loading=\"lazy\" decoding=\"async\" class=\"alignleft\" style=\"margin-left: 10px; margin-right: 10px;\" alt=\"fete_houblon2012(2)\" src=\"http:\/\/www.amicale-du-chien.com\/wp-content\/uploads\/2013\/08\/fete_houblon20122.jpg\" width=\"250\" height=\"180\" \/><\/a><\/p>\n<p>L&rsquo;Amicale du chien de Haguenau a particip\u00e9 du <strong>20 au 25 ao\u00fbt 2013<\/strong>\u00a0au festival du Houblon de Haguenau. Elle a fait d\u00e9gustez ses succulentes <strong>Tartes flamb\u00e9es<\/strong> servies en ext\u00e9rieur sous le chapiteau sur le parvis de la salle des Corporations.<\/p>\n<p>Ambiance musicale (avec un groupe par soir)\u00a0et d\u00e9contract\u00e9e assur\u00e9e.<\/p>\n<p><a href=\"http:\/\/www.amicale-du-chien.com\/wp-content\/uploads\/2013\/08\/festival_houblon2013.jpg\"><img loading=\"lazy\" decoding=\"async\" class=\"size-medium wp-image-345 alignright\" style=\"margin-right: 10px; margin-left: 10px;\" alt=\"festival_houblon2013\" src=\"http:\/\/www.amicale-du-chien.com\/wp-content\/uploads\/2013\/08\/festival_houblon2013-300x224.jpg\" width=\"300\" height=\"224\" srcset=\"https:\/\/www.amicale-du-chien.com\/wp-content\/uploads\/2013\/08\/festival_houblon2013-300x224.jpg 300w, https:\/\/www.amicale-du-chien.com\/wp-content\/uploads\/2013\/08\/festival_houblon2013.jpg 960w\" sizes=\"auto, (max-width: 300px) 100vw, 300px\" \/><\/a><\/p>\n<p>&nbsp;<\/p>\n<p><span style=\"color: #ff0000;\"><strong>Bravo et merci \u00e0\u00a0tous les b\u00e9n\u00e9voles ayant contribu\u00e9 au succ\u00e8s de notre stand de tartes flamb\u00e9es !<\/strong><\/span><\/p>\n<p>&nbsp;<\/p>\n<p><span style=\"color: #008000;\"><em><strong>Rendez-vous l&rsquo;ann\u00e9e prochaine, avec le sourire, comme toujours.<\/strong><\/em>\u00a0<\/span><\/p>\n<p>&nbsp;<\/p>\n<p><strong>Salle des Corporations, bar du Monde<\/strong><\/p>\n<p>D\u00e9couvrez<strong> 10 bi\u00e8res et coktails du monde.<\/strong> Dans une ambiance d\u00e9contract\u00e9e, profitez d&rsquo;un ap\u00e9ro ou d&rsquo;un after au Bar du Monde.<\/p>\n<p>Plus de renseignements sur : <a href=\"http:\/\/www.festivalduhoublon.eu\/fr\/\">http:\/\/www.festivalduhoublon.eu\/fr\/<\/a><\/p>\n","protected":false},"excerpt":{"rendered":"<p>L&rsquo;Amicale du chien de Haguenau a particip\u00e9 du 20 au 25 ao\u00fbt 2013\u00a0au festival du Houblon de Haguenau. Elle a fait d\u00e9gustez ses succulentes Tartes flamb\u00e9es servies en ext\u00e9rieur sous le chapiteau sur le parvis de la salle des Corporations. Ambiance musicale (avec un groupe par soir)\u00a0et d\u00e9contract\u00e9e assur\u00e9e. &nbsp; Bravo et merci \u00e0\u00a0tous les [&hellip;]<\/p>\n","protected":false},"author":1,"featured_media":0,"parent":80,"menu_order":0,"comment_status":"closed","ping_status":"open","template":"","meta":{"footnotes":""},"class_list":["post-340","page","type-page","status-publish","hentry"],"_links":{"self":[{"href":"https:\/\/www.amicale-du-chien.com\/index.php?rest_route=\/wp\/v2\/pages\/340","targetHints":{"allow":["GET"]}}],"collection":[{"href":"https:\/\/www.amicale-du-chien.com\/index.php?rest_route=\/wp\/v2\/pages"}],"about":[{"href":"https:\/\/www.amicale-du-chien.com\/index.php?rest_route=\/wp\/v2\/types\/page"}],"author":[{"embeddable":true,"href":"https:\/\/www.amicale-du-chien.com\/index.php?rest_route=\/wp\/v2\/users\/1"}],"replies":[{"embeddable":true,"href":"https:\/\/www.amicale-du-chien.com\/index.php?rest_route=%2Fwp%2Fv2%2Fcomments&post=340"}],"version-history":[{"count":5,"href":"https:\/\/www.amicale-du-chien.com\/index.php?rest_route=\/wp\/v2\/pages\/340\/revisions"}],"predecessor-version":[{"id":347,"href":"https:\/\/www.amicale-du-chien.com\/index.php?rest_route=\/wp\/v2\/pages\/340\/revisions\/347"}],"up":[{"embeddable":true,"href":"https:\/\/www.amicale-du-chien.com\/index.php?rest_route=\/wp\/v2\/pages\/80"}],"wp:attachment":[{"href":"https:\/\/www.amicale-du-chien.com\/index.php?rest_route=%2Fwp%2Fv2%2Fmedia&parent=340"}],"curies":[{"name":"wp","href":"https:\/\/api.w.org\/{rel}","templated":true}]}}