{"id":700,"date":"2015-09-13T17:18:09","date_gmt":"2015-09-13T16:18:09","guid":{"rendered":"http:\/\/www.amicale-du-chien.com\/?page_id=700"},"modified":"2015-09-16T19:45:54","modified_gmt":"2015-09-16T18:45:54","slug":"concours-obeissance-2015","status":"publish","type":"page","link":"https:\/\/www.amicale-du-chien.com\/?page_id=700","title":{"rendered":"Concours Ob\u00e9issance 2015"},"content":{"rendered":"<p>L&rsquo;Amicale du chien de Haguenau a organis\u00e9 son concours annuel d&rsquo;Ob\u00e9issance les 12 et 13 septembre 2015 avec le juge Claude Dopp. 37 chiens y ont particip\u00e9 dans une ambiance festive et conviviale.<\/p>\n<p>Quelques photos souvenirs du WE !<\/p>\n<p><embed type=\"application\/x-shockwave-flash\" src=\"https:\/\/photos.gstatic.com\/media\/slideshow.swf\" width=\"600\" height=\"400\" flashvars=\"host=picasaweb.google.com&#038;hl=fr&#038;feat=flashalbum&#038;RGB=0x000000&#038;feed=https%3A%2F%2Fpicasaweb.google.com%2Fdata%2Ffeed%2Fapi%2Fuser%2F106692801449000757257%2Falbumid%2F6194714716038926033%3Falt%3Drss%26kind%3Dphoto%26hl%3Dfr\" pluginspage=\"http:\/\/www.macromedia.com\/go\/getflashplayer\"><\/embed><\/p>\n<p>Les r\u00e9sultats<\/p>\n<table width=\"898\">\n<tbody>\n<tr>\n<td style=\"text-align: center;\" colspan=\"7\" width=\"822\"><strong> CSAU<\/strong><\/td>\n<\/tr>\n<tr>\n<td><strong>PROPRIETAIRE<\/strong><\/td>\n<td><strong>CHIEN<\/strong><\/td>\n<td><strong>RACE<\/strong><\/td>\n<td><strong>CLUB<\/strong><\/td>\n<td colspan=\"2\"><strong>Qualificatif<\/strong><\/td>\n<td><strong>\u00a0<\/strong><\/td>\n<\/tr>\n<tr>\n<td>Valentin KREMER<\/td>\n<td>JOYCE du s\u00e9jour de la petite Saule<\/td>\n<td>Berger Belge<\/td>\n<td>AC Haguenau<\/td>\n<td colspan=\"2\">EXC<\/td>\n<td><\/td>\n<\/tr>\n<tr>\n<td>H\u00e9ribert SCHNEIDER<\/td>\n<td>IOUKIE des Elmiti<\/td>\n<td>Bouvier de l&rsquo;Entlebuch<\/td>\n<td>AC Haguenau<\/td>\n<td colspan=\"2\">EXC<\/td>\n<td><\/td>\n<\/tr>\n<tr>\n<td>Eug\u00e8ne NAGEL<\/td>\n<td>IAKO \u00a0 des T&rsquo;Chiots Picards<\/td>\n<td>Epagneul Breton<\/td>\n<td>AC Haguenau<\/td>\n<td colspan=\"2\">EXC<\/td>\n<td><\/td>\n<\/tr>\n<tr>\n<td>Simone MATHERN<\/td>\n<td>JOYCE de la Maison de Tyson<\/td>\n<td>Berger Allemand<\/td>\n<td>AC Haguenau<\/td>\n<td colspan=\"2\">EXC<\/td>\n<td><\/td>\n<\/tr>\n<tr>\n<td>V\u00e9ronique KILIAN<\/td>\n<td>JAZZ du Clos de l&rsquo;Airain<\/td>\n<td>Berger Belge Malinois<\/td>\n<td>AC Haguenau<\/td>\n<td colspan=\"2\">EXC<\/td>\n<td><\/td>\n<\/tr>\n<tr>\n<td>Jeannine RUSENBERG<\/td>\n<td>I&rsquo;CHANEL des Gorges d&rsquo;Heric<\/td>\n<td>Boxer<\/td>\n<td>AC Haguenau<\/td>\n<td colspan=\"2\">EXC<\/td>\n<td><\/td>\n<\/tr>\n<tr>\n<td>Delphine MERCIER<\/td>\n<td>JULIETH de la cit\u00e9 des loups gris<\/td>\n<td>Berger Allemand<\/td>\n<td>CC Chalonnais<\/td>\n<td colspan=\"2\">EXC<\/td>\n<td><\/td>\n<\/tr>\n<tr>\n<td>Eve REIFMAN<\/td>\n<td>DRU From the Stone of scone<\/td>\n<td>Border Collie<\/td>\n<td>CC Schirrhein-Shirrhoffen<\/td>\n<td colspan=\"2\">EXC<\/td>\n<td><\/td>\n<\/tr>\n<tr>\n<td><\/td>\n<td><\/td>\n<td><\/td>\n<td><\/td>\n<td><\/td>\n<td><\/td>\n<td><\/td>\n<\/tr>\n<tr>\n<td style=\"text-align: center;\" colspan=\"7\"><strong> BREVETS<\/strong><\/td>\n<\/tr>\n<tr>\n<td><strong>Conducteur<\/strong><\/td>\n<td><strong>CHIEN<\/strong><\/td>\n<td><strong>RACE<\/strong><\/td>\n<td><strong>CLUB<\/strong><\/td>\n<td><strong>Total<\/strong><\/td>\n<td><strong>Qual.<\/strong><\/td>\n<td><strong>Clas.<\/strong><\/td>\n<\/tr>\n<tr>\n<td>Christiane KOPPITZ<\/td>\n<td>IOUL<\/td>\n<td>Type Crois\u00e9<\/td>\n<td>AC Haguenau<\/td>\n<td>90,0<\/td>\n<td>EXC<\/td>\n<td>1<\/td>\n<\/tr>\n<tr>\n<td>Delphine MERCIER<\/td>\n<td>JULIETH de la cit\u00e9 des loups gris<\/td>\n<td>Berger Allemand<\/td>\n<td>CC Chalonnais<\/td>\n<td>82,0<\/td>\n<td>EXC<\/td>\n<td>2<\/td>\n<\/tr>\n<tr>\n<td>Eug\u00e8ne NAGEL<\/td>\n<td>IAKO \u00a0 des T&rsquo;Chiots Picards<\/td>\n<td>Epagneul Breton<\/td>\n<td>AC Haguenau<\/td>\n<td>69,0<\/td>\n<td>B<\/td>\n<td>3<\/td>\n<\/tr>\n<tr>\n<td>Patrick LAUBACHER<\/td>\n<td>IALA de la Tribu de heep<\/td>\n<td>Boxer<\/td>\n<td>AC Haguenau<\/td>\n<td>63,0<\/td>\n<td>B<\/td>\n<td>4<\/td>\n<\/tr>\n<tr>\n<td><\/td>\n<td><\/td>\n<td><\/td>\n<td><\/td>\n<td><\/td>\n<td><\/td>\n<td><\/td>\n<\/tr>\n<tr>\n<td style=\"text-align: center;\" colspan=\"7\"><strong> OBEISSANCE 1<\/strong><\/td>\n<\/tr>\n<tr>\n<td><strong>Conducteur<\/strong><\/td>\n<td><strong>CHIEN<\/strong><\/td>\n<td><strong>RACE<\/strong><\/td>\n<td><strong>CLUB<\/strong><\/td>\n<td><strong>Total<\/strong><\/td>\n<td><strong>Qual.<\/strong><\/td>\n<td><strong>Clas.<\/strong><\/td>\n<\/tr>\n<tr>\n<td>Didier ZUNINO<\/td>\n<td>FUNKY<\/td>\n<td>Type Bichon<\/td>\n<td>AC Haguenau<\/td>\n<td>227,5<\/td>\n<td>EXC<\/td>\n<td>1<\/td>\n<\/tr>\n<tr>\n<td>Laetitia CARNIEL<\/td>\n<td>FANTASIA<\/td>\n<td>Golden Retriever<\/td>\n<td>TCC d&rsquo;Oeting<\/td>\n<td>219,0<\/td>\n<td>T.B<\/td>\n<td>2<\/td>\n<\/tr>\n<tr>\n<td>Mireille WALTER<\/td>\n<td>ISIS<\/td>\n<td>Type Berger de beauce<\/td>\n<td>TCC Sarre Rouge<\/td>\n<td>188,5<\/td>\n<td>B<\/td>\n<td>3<\/td>\n<\/tr>\n<tr>\n<td>Franck SENO<\/td>\n<td>IKKY<\/td>\n<td>Berger Belge Tervueren<\/td>\n<td>TCC Wissembourg<\/td>\n<td>172,5<\/td>\n<td>B<\/td>\n<td>4<\/td>\n<\/tr>\n<tr>\n<td>Marie-Paule JUNG<\/td>\n<td>FLAMME<\/td>\n<td>Retriever \u00e0 poil plat<\/td>\n<td>AC Haguenau<\/td>\n<td>118,0<\/td>\n<td>NC<\/td>\n<td>NC<\/td>\n<\/tr>\n<tr>\n<td><\/td>\n<td><\/td>\n<td><\/td>\n<td><\/td>\n<td><\/td>\n<td><\/td>\n<td><\/td>\n<\/tr>\n<tr>\n<td style=\"text-align: center;\" colspan=\"7\"><strong> OBEISSANCE 2<\/strong><\/td>\n<\/tr>\n<tr>\n<td><strong>Conducteur<\/strong><\/td>\n<td><strong>CHIEN<\/strong><\/td>\n<td><strong>RACE<\/strong><\/td>\n<td><strong>CLUB<\/strong><\/td>\n<td><strong>Total<\/strong><\/td>\n<td><strong>Qual.<\/strong><\/td>\n<td><strong>Clas.<\/strong><\/td>\n<\/tr>\n<tr>\n<td>Roland DRUI<\/td>\n<td>FISCHERMAN&rsquo;S Curly Sue<\/td>\n<td>Airedale Terrier<\/td>\n<td>TCC Francaltroff<\/td>\n<td>292,0<\/td>\n<td>EXC<\/td>\n<td>1<\/td>\n<\/tr>\n<tr>\n<td>Fran\u00e7oise BIACHE<\/td>\n<td>ENOX du Jardin d&rsquo;Avril<\/td>\n<td>Berger de Beauce<\/td>\n<td>TCC d&rsquo;Oeting<\/td>\n<td>251,5<\/td>\n<td>T.B<\/td>\n<td>2<\/td>\n<\/tr>\n<tr>\n<td>Patrice FOGEL<\/td>\n<td>HERCULE du Domaine du Baschberri<\/td>\n<td>Border Collie<\/td>\n<td>TCC Saverne<\/td>\n<td>244,5<\/td>\n<td>T.B<\/td>\n<td>3<\/td>\n<\/tr>\n<tr>\n<td>Ernest SCHNEIDER<\/td>\n<td>SIMBA<\/td>\n<td>Type Berger Belge<\/td>\n<td>TCC Wissembourg<\/td>\n<td>239,5<\/td>\n<td>T.B<\/td>\n<td>4<\/td>\n<\/tr>\n<tr>\n<td>Gilles LENUZZA<\/td>\n<td>ELZA Vom Jagerhohle<\/td>\n<td>Dobermann<\/td>\n<td>TCC d&rsquo;Oeting<\/td>\n<td>237,5<\/td>\n<td>T.B<\/td>\n<td>5<\/td>\n<\/tr>\n<tr>\n<td>Jonathan LAGAS<\/td>\n<td>HAYKO des Orckis de l&rsquo;Adret<\/td>\n<td>Berger Allemand<\/td>\n<td>TCC Wissembourg<\/td>\n<td>233,5<\/td>\n<td>T.B<\/td>\n<td>6<\/td>\n<\/tr>\n<tr>\n<td>Martine QUATRESOLS<\/td>\n<td>FLICKA Amber Oaks&rsquo;<\/td>\n<td>Berger Australien<\/td>\n<td>CELC d&rsquo;Aumenancourt<\/td>\n<td>232,5<\/td>\n<td>T.B<\/td>\n<td>7<\/td>\n<\/tr>\n<tr>\n<td>Val\u00e9rie WISSON-MARTIN<\/td>\n<td>EBER de la Passerelle des Agneaux Noirs<\/td>\n<td>Berger Allemand<\/td>\n<td>AC Haguenau<\/td>\n<td>224,5<\/td>\n<td>T.B<\/td>\n<td>8<\/td>\n<\/tr>\n<tr>\n<td>Jean-Georges KOELLER<\/td>\n<td>FARAON du Jardin d&rsquo;Unak<\/td>\n<td>Bouvier Bernois<\/td>\n<td>TCC Wissembourg<\/td>\n<td>224,5<\/td>\n<td>T.B<\/td>\n<td>8<\/td>\n<\/tr>\n<tr>\n<td>Ars\u00e8ne VOGEL<\/td>\n<td>FROST du Jardin d&rsquo;Avril<\/td>\n<td>Berger de Beauce<\/td>\n<td>TCC d&rsquo;Oeting<\/td>\n<td>224,0<\/td>\n<td>T.B<\/td>\n<td>10<\/td>\n<\/tr>\n<tr>\n<td>Ren\u00e9 HOPFNER<\/td>\n<td>DAIKA<\/td>\n<td>Type Labrador<\/td>\n<td>TCC d&rsquo;Oeting<\/td>\n<td>203,5<\/td>\n<td>B<\/td>\n<td>11<\/td>\n<\/tr>\n<tr>\n<td>Fabienne SCHNEIDER<\/td>\n<td>HERCULE du vol des Alouettes<\/td>\n<td>Bouvier Bernois<\/td>\n<td>TCC Saint-Avold<\/td>\n<td>199,0<\/td>\n<td>B<\/td>\n<td>12<\/td>\n<\/tr>\n<tr>\n<td>Sandrine ROUSTIT<\/td>\n<td>GEENY<\/td>\n<td>Type Bouviers Suisses<\/td>\n<td>TCC Saint-Avold<\/td>\n<td>193,5<\/td>\n<td>B<\/td>\n<td>13<\/td>\n<\/tr>\n<tr>\n<td>Germain MANDEL<\/td>\n<td>DEUDEL de la Vall\u00e9e de Goliath<\/td>\n<td>Dogue de Bordeaux<\/td>\n<td>TCC d&rsquo;Oeting<\/td>\n<td>116,5<\/td>\n<td>NC<\/td>\n<td>NC<\/td>\n<\/tr>\n<tr>\n<td><\/td>\n<td><\/td>\n<td><\/td>\n<td><\/td>\n<td><\/td>\n<td><\/td>\n<td><\/td>\n<\/tr>\n<tr>\n<td style=\"text-align: center;\" colspan=\"7\"><strong> OBEISSANCE 3<\/strong><\/td>\n<\/tr>\n<tr>\n<td><strong>Conducteur<\/strong><\/td>\n<td><strong>CHIEN<\/strong><\/td>\n<td><strong>RACE<\/strong><\/td>\n<td><strong>CLUB<\/strong><\/td>\n<td><strong>Total<\/strong><\/td>\n<td><strong>Qual.<\/strong><\/td>\n<td><strong>Clas.<\/strong><\/td>\n<\/tr>\n<tr>\n<td>Thierry KOLLROS<\/td>\n<td>BADGEE de la montagne unique<\/td>\n<td>Berger Belge Malinois<\/td>\n<td>AC Boxer<\/td>\n<td>271,5<\/td>\n<td>EXC<\/td>\n<td>1<\/td>\n<\/tr>\n<tr>\n<td>Monika KURTZ<\/td>\n<td>DAYA du clos de l&rsquo;Airan<\/td>\n<td>Berger Belge Malinois<\/td>\n<td>TCC Wissembourg<\/td>\n<td>211,0<\/td>\n<td>B<\/td>\n<td>2<\/td>\n<\/tr>\n<tr>\n<td>Michel FISCHER<\/td>\n<td>FARRAH<\/td>\n<td>Type Border Collie<\/td>\n<td>TCC Beinheim<\/td>\n<td>202,0<\/td>\n<td>B<\/td>\n<td>3<\/td>\n<\/tr>\n<tr>\n<td>Patricia BURLETT<\/td>\n<td>EBONY PARKER de l&rsquo;ile aux Genets<\/td>\n<td>Golden Retriever<\/td>\n<td>CC Schirrhein-Schirrhoffen<\/td>\n<td>184,5<\/td>\n<td>NC<\/td>\n<td>NC<\/td>\n<\/tr>\n<tr>\n<td>Pascal FENNINGER<\/td>\n<td>YOUKI<\/td>\n<td>Type Crois\u00e9<\/td>\n<td>TCC Sarre Rouge<\/td>\n<td>178,0<\/td>\n<td>NC<\/td>\n<td>NC<\/td>\n<\/tr>\n<tr>\n<td>Ars\u00e8ne VOGEL<\/td>\n<td>ELIOTT des Joyeuses Gambades<\/td>\n<td>Bouvier de l&rsquo;Entlebuch<\/td>\n<td>TCC d&rsquo;Oeting<\/td>\n<td>134,5<\/td>\n<td>NC<\/td>\n<td>NC<\/td>\n<\/tr>\n<\/tbody>\n<\/table>\n<p>Merci \u00e0 tous les concurrents pour leur sportivit\u00e9, au juge, aux commissaires et \u00e0 tous ceux qui ont particip\u00e9 \u00e0 l&rsquo;organisation de\u00a0ce concours. Nous vous donnons rendez-vous l&rsquo;ann\u00e9e prochaine !<\/p>\n<p>F\u00e9licitations au Club TCC d&rsquo;Oeting qui remporte le challenge KOST du classement par \u00e9quipe.<\/p>\n","protected":false},"excerpt":{"rendered":"<p>L&rsquo;Amicale du chien de Haguenau a organis\u00e9 son concours annuel d&rsquo;Ob\u00e9issance les 12 et 13 septembre 2015 avec le juge Claude Dopp. 37 chiens y ont particip\u00e9 dans une ambiance festive et conviviale. Quelques photos souvenirs du WE ! Les r\u00e9sultats CSAU PROPRIETAIRE CHIEN RACE CLUB Qualificatif \u00a0 Valentin KREMER JOYCE du s\u00e9jour de la [&hellip;]<\/p>\n","protected":false},"author":1,"featured_media":0,"parent":7,"menu_order":0,"comment_status":"open","ping_status":"open","template":"","meta":{"footnotes":""},"class_list":["post-700","page","type-page","status-publish","hentry"],"_links":{"self":[{"href":"https:\/\/www.amicale-du-chien.com\/index.php?rest_route=\/wp\/v2\/pages\/700","targetHints":{"allow":["GET"]}}],"collection":[{"href":"https:\/\/www.amicale-du-chien.com\/index.php?rest_route=\/wp\/v2\/pages"}],"about":[{"href":"https:\/\/www.amicale-du-chien.com\/index.php?rest_route=\/wp\/v2\/types\/page"}],"author":[{"embeddable":true,"href":"https:\/\/www.amicale-du-chien.com\/index.php?rest_route=\/wp\/v2\/users\/1"}],"replies":[{"embeddable":true,"href":"https:\/\/www.amicale-du-chien.com\/index.php?rest_route=%2Fwp%2Fv2%2Fcomments&post=700"}],"version-history":[{"count":4,"href":"https:\/\/www.amicale-du-chien.com\/index.php?rest_route=\/wp\/v2\/pages\/700\/revisions"}],"predecessor-version":[{"id":706,"href":"https:\/\/www.amicale-du-chien.com\/index.php?rest_route=\/wp\/v2\/pages\/700\/revisions\/706"}],"up":[{"embeddable":true,"href":"https:\/\/www.amicale-du-chien.com\/index.php?rest_route=\/wp\/v2\/pages\/7"}],"wp:attachment":[{"href":"https:\/\/www.amicale-du-chien.com\/index.php?rest_route=%2Fwp%2Fv2%2Fmedia&parent=700"}],"curies":[{"name":"wp","href":"https:\/\/api.w.org\/{rel}","templated":true}]}}